{"id":9660,"date":"2021-06-26T11:53:40","date_gmt":"2021-06-26T14:53:40","guid":{"rendered":"http:\/\/filmambiente.com\/?page_id=9660"},"modified":"2022-02-15T10:29:28","modified_gmt":"2022-02-15T13:29:28","slug":"baia-urbana-nas-escolas","status":"publish","type":"page","link":"https:\/\/filmambiente.com\/en\/baia-urbana-nas-escolas\/","title":{"rendered":"Ba\u00eda Urbana for Schools"},"content":{"rendered":"<div data-elementor-type=\"wp-page\" data-elementor-id=\"9660\" class=\"elementor elementor-9660\" data-elementor-post-type=\"page\">\n\t\t\t\t\t\t<section class=\"elementor-section elementor-top-section elementor-element elementor-element-fedc8f9 elementor-section-boxed elementor-section-height-default elementor-section-height-default\" data-id=\"fedc8f9\" data-element_type=\"section\" data-settings=\"{&quot;background_background&quot;:&quot;classic&quot;,&quot;_ha_eqh_enable&quot;:false}\">\n\t\t\t\t\t\t\t<div class=\"elementor-background-overlay\"><\/div>\n\t\t\t\t\t\t\t<div class=\"elementor-container elementor-column-gap-default\">\n\t\t\t\t\t<div class=\"elementor-column elementor-col-100 elementor-top-column elementor-element elementor-element-b503da9\" data-id=\"b503da9\" data-element_type=\"column\" data-settings=\"{&quot;background_background&quot;:&quot;classic&quot;,&quot;animation&quot;:&quot;none&quot;}\">\n\t\t\t<div class=\"elementor-widget-wrap elementor-element-populated\">\n\t\t\t\t\t\t<div class=\"elementor-element elementor-element-7e66f02 animated-slow elementor-invisible elementor-widget elementor-widget-heading\" data-id=\"7e66f02\" data-element_type=\"widget\" data-settings=\"{&quot;_animation&quot;:&quot;fadeInLeft&quot;,&quot;_animation_delay&quot;:0}\" data-widget_type=\"heading.default\">\n\t\t\t\t\t<h2 class=\"elementor-heading-title elementor-size-default\">Ba\u00eda Urbana for Schools<\/h2>\t\t\t\t<\/div>\n\t\t\t\t<section class=\"elementor-section elementor-inner-section elementor-element elementor-element-b887098 animated-slow elementor-section-boxed elementor-section-height-default elementor-section-height-default elementor-invisible\" data-id=\"b887098\" data-element_type=\"section\" data-settings=\"{&quot;background_background&quot;:&quot;classic&quot;,&quot;animation&quot;:&quot;fadeInRight&quot;,&quot;animation_delay&quot;:300,&quot;_ha_eqh_enable&quot;:false}\">\n\t\t\t\t\t\t<div class=\"elementor-container elementor-column-gap-default\">\n\t\t\t\t\t<div class=\"elementor-column elementor-col-100 elementor-inner-column elementor-element elementor-element-362f2a0 animated-slow\" data-id=\"362f2a0\" data-element_type=\"column\" data-settings=\"{&quot;animation&quot;:&quot;none&quot;,&quot;animation_delay&quot;:600}\">\n\t\t\t<div class=\"elementor-widget-wrap elementor-element-populated\">\n\t\t\t\t\t\t<div class=\"elementor-element elementor-element-35da237 elementor-widget elementor-widget-heading\" data-id=\"35da237\" data-element_type=\"widget\" data-widget_type=\"heading.default\">\n\t\t\t\t\t<h2 class=\"elementor-heading-title elementor-size-default\">ONLINE SCREENINGS for teachers and students<\/h2>\t\t\t\t<\/div>\n\t\t\t\t<div class=\"elementor-element elementor-element-c9f5682 elementor-widget elementor-widget-text-editor\" data-id=\"c9f5682\" data-element_type=\"widget\" data-widget_type=\"text-editor.default\">\n\t\t\t\t\t\t\t\t\tBetween April 15 and 30, 2021, the access to the film Ba\u00eda Urbana (Urban Bay), by Ricardo Gomes, was open for registered schools and teachers.<br><\/br>\n\nIn March 2021, we opened applications for professors, students and interested groups, and we received replies from professors who work in Rio de Janeiro.<br><\/br>\n\nThe film Ba\u00eda Urbana, by photographer and marine biologist Ricardo Gomes, shows the marine life of Guanabara Bay and was shot over two years. The director dived in different points of the bay, in Urca, Rio-Niteroi bridge, inland of the Bay, and registered the presence of the most diverse marine specimens that still survive in its waters, even extremely polluted. This event was held in conjunction with the Instituto Mar Urbano, under the Aldyr Blanc Law, Inciso (item) II.\t\t\t\t\t\t\t\t<\/div>\n\t\t\t\t\t<\/div>\n\t\t<\/div>\n\t\t\t\t\t<\/div>\n\t\t<\/section>\n\t\t\t\t<section class=\"elementor-section elementor-inner-section elementor-element elementor-element-c825fdb animated-slow elementor-section-boxed elementor-section-height-default elementor-section-height-default elementor-invisible\" data-id=\"c825fdb\" data-element_type=\"section\" data-settings=\"{&quot;background_background&quot;:&quot;classic&quot;,&quot;animation&quot;:&quot;fadeInLeft&quot;,&quot;animation_delay&quot;:600,&quot;_ha_eqh_enable&quot;:false}\">\n\t\t\t\t\t\t<div class=\"elementor-container elementor-column-gap-default\">\n\t\t\t\t\t<div class=\"elementor-column elementor-col-100 elementor-inner-column elementor-element elementor-element-19de047\" data-id=\"19de047\" data-element_type=\"column\">\n\t\t\t<div class=\"elementor-widget-wrap elementor-element-populated\">\n\t\t\t\t\t\t<div class=\"elementor-element elementor-element-bf71575 elementor-widget elementor-widget-heading\" data-id=\"bf71575\" data-element_type=\"widget\" data-widget_type=\"heading.default\">\n\t\t\t\t\t<h2 class=\"elementor-heading-title elementor-size-default\">Participant comments<\/h2>\t\t\t\t<\/div>\n\t\t\t\t<div class=\"elementor-element elementor-element-1c70b45 elementor-widget elementor-widget-text-editor\" data-id=\"1c70b45\" data-element_type=\"widget\" data-widget_type=\"text-editor.default\">\n\t\t\t\t\t\t\t\t\t<em>The session was very well organized. Registration was simple and emails were always answered quickly. I thought the choice of the film was great, as it is a current and relevant content, in addition to being accessible, in the sense of being easy to understand. This online viewing also makes it easier because each student can watch the movie at the time that is best for them.<\/em>.<br>\n\n<em>(Professor Isabel Wilmer - Bio Extension Project - On the Beach course) <\/em>\t\t\t\t\t\t\t\t<\/div>\n\t\t\t\t<div class=\"elementor-element elementor-element-019ccec elementor-widget elementor-widget-text-editor\" data-id=\"019ccec\" data-element_type=\"widget\" data-widget_type=\"text-editor.default\">\n\t\t\t\t\t\t\t\t\t<em>I thought the film was very good, it presents the real Guanabara Bay, without being too sensational and showing the existence of a still great diversity of living beings, which is not known by the entire population. I also found it quite interesting that the importance of the Bay to the surrounding community was shown through both fishing and leisure. The government's neglect and lack of interest in restoring and protecting this place of such cultural and environmental value was shown with responsibility and the hope that this situation is not irreversible was presented in a brilliant way.<\/em><br>\n\n<em>(Samuel - student - Bio Extension Project On the Beach - teacher Isabel Wilmer)<\/em>\t\t\t\t\t\t\t\t<\/div>\n\t\t\t\t<div class=\"elementor-element elementor-element-1b9c499 elementor-widget elementor-widget-text-editor\" data-id=\"1b9c499\" data-element_type=\"widget\" data-widget_type=\"text-editor.default\">\n\t\t\t\t\t\t\t\t\t<em>The Documentary was very important for the group's research, which is developing a project around the socio-environmental impacts in Guanabara Bay, focusing mainly on ESEC Guanabara. The film allowed us to access several sources and situations that we had not yet encountered during the research, such as all the diversity of marine life and all the main causes of the Bay's pollution. The images are very powerful and we started to fall in love with this natural heritage that we have in our city and which is daily damaged by human intervention. The documentary, in addition to presenting different situations involving the Bay, presented several professionals and people who are involved with the protection of the environment, in different ways. Whether with direct security, or with studies, or through communication itself, this was also very important, presenting different perspectives, and all very important. In the same way that we were delighted with the film, we want to bring this feeling to our project, making people recognize the importance of the Bay and relate to it in a healthier way.<\/em><br>\n\n<em>( B\u00e1rbara Castro - student PUC-Rio - subject DSG1006 - ADVANCED PROJECT - SOCIAL AND ENVIRONMENTAL USE AND IMPACT - professor Aron Moraes)<\/em>\t\t\t\t\t\t\t\t<\/div>\n\t\t\t\t<div class=\"elementor-element elementor-element-18c5e33 elementor-widget elementor-widget-text-editor\" data-id=\"18c5e33\" data-element_type=\"widget\" data-widget_type=\"text-editor.default\">\n\t\t\t\t\t\t\t\t\t<em>Each student watched at home and I collected feedback from students and parents the next day. They loved seeing the animals and the reports, but it was a little tiring for them because of the length of the doc. <\/em><br>\n\n<em>( Professor \u00c1tilas Melo, E.M. School Professor Dulcinda Jotta Mendes (S\u00e3o Pedro da Aldeia, RJ) - Science discipline - 7th grade students)<\/em>\t\t\t\t\t\t\t\t<\/div>\n\t\t\t\t<div class=\"elementor-element elementor-element-351fe82 elementor-widget elementor-widget-text-editor\" data-id=\"351fe82\" data-element_type=\"widget\" data-widget_type=\"text-editor.default\">\n\t\t\t\t\t\t\t\t\t<em>The film brings an approach from an environmentalist perspective with researchers and people who live and survive from the waters of the Guanabara Bay and its multiple uses. The photography of corral fishing and dolphins was beautiful!<\/em><br>\n\n<em>(Professor Monica do Nascimento Brito, from the State University of Norte Fluminense in Campos dos Goytacazes, discipline Special Topics in Urban Studies: Cinema and the City, the City in Cinema)<\/em>\t\t\t\t\t\t\t\t<\/div>\n\t\t\t\t\t<\/div>\n\t\t<\/div>\n\t\t\t\t\t<\/div>\n\t\t<\/section>\n\t\t\t\t<div class=\"elementor-element elementor-element-d163ab0 animated-slow elementor-invisible elementor-widget elementor-widget-heading\" data-id=\"d163ab0\" data-element_type=\"widget\" data-settings=\"{&quot;motion_fx_motion_fx_scrolling&quot;:&quot;yes&quot;,&quot;_animation&quot;:&quot;bounce&quot;,&quot;_animation_delay&quot;:300,&quot;motion_fx_devices&quot;:[&quot;desktop&quot;,&quot;tablet&quot;,&quot;mobile&quot;]}\" data-widget_type=\"heading.default\">\n\t\t\t\t\t<h2 class=\"elementor-heading-title elementor-size-default\">A Amado Arte e Produ\u00e7\u00e3o, o Instituto Mar Urbano e o Filmambiente convidam professores, alunos da rede municipal e jovens de todas as idades.<\/h2>\t\t\t\t<\/div>\n\t\t\t\t<div class=\"elementor-element elementor-element-d6c6943 animated-slow elementor-invisible elementor-widget elementor-widget-heading\" data-id=\"d6c6943\" data-element_type=\"widget\" data-settings=\"{&quot;motion_fx_motion_fx_scrolling&quot;:&quot;yes&quot;,&quot;_animation&quot;:&quot;bounce&quot;,&quot;_animation_delay&quot;:600,&quot;motion_fx_devices&quot;:[&quot;desktop&quot;,&quot;tablet&quot;,&quot;mobile&quot;]}\" data-widget_type=\"heading.default\">\n\t\t\t\t\t<h2 class=\"elementor-heading-title elementor-size-default\">Inscreva sua escola, sua sala de aula, seu grupo enviando uma mensagem para:\n<br><br>\ninfo@filmambiente.com<\/h2>\t\t\t\t<\/div>\n\t\t\t\t<div class=\"elementor-element elementor-element-21af528 animated-slow elementor-invisible elementor-widget elementor-widget-heading\" data-id=\"21af528\" data-element_type=\"widget\" data-settings=\"{&quot;motion_fx_motion_fx_scrolling&quot;:&quot;yes&quot;,&quot;_animation&quot;:&quot;bounce&quot;,&quot;_animation_delay&quot;:600,&quot;motion_fx_devices&quot;:[&quot;desktop&quot;,&quot;tablet&quot;,&quot;mobile&quot;]}\" data-widget_type=\"heading.default\">\n\t\t\t\t\t<h2 class=\"elementor-heading-title elementor-size-default\">E voc\u00ea e seu grupo receber\u00e3o um sinal para assistir de gra\u00e7a o filme BAIA URBANA de Ricardo Gomes, que mostra as belezas da vida da Ba\u00eda de Guanabara.<\/h2>\t\t\t\t<\/div>\n\t\t\t\t<div class=\"elementor-element elementor-element-08870d2 animated-slow elementor-invisible elementor-widget elementor-widget-heading\" data-id=\"08870d2\" data-element_type=\"widget\" data-settings=\"{&quot;motion_fx_motion_fx_scrolling&quot;:&quot;yes&quot;,&quot;_animation&quot;:&quot;bounce&quot;,&quot;_animation_delay&quot;:600,&quot;motion_fx_devices&quot;:[&quot;desktop&quot;,&quot;tablet&quot;,&quot;mobile&quot;]}\" data-widget_type=\"heading.default\">\n\t\t\t\t\t<h2 class=\"elementor-heading-title elementor-size-default\">Sinal aberto para as escolas e grupos inscritos!<\/h2>\t\t\t\t<\/div>\n\t\t\t\t<section class=\"elementor-section elementor-inner-section elementor-element elementor-element-26cf414 animated-slow elementor-section-boxed elementor-section-height-default elementor-section-height-default elementor-invisible\" data-id=\"26cf414\" data-element_type=\"section\" data-settings=\"{&quot;background_background&quot;:&quot;classic&quot;,&quot;animation&quot;:&quot;fadeInUp&quot;,&quot;animation_delay&quot;:600,&quot;_ha_eqh_enable&quot;:false}\">\n\t\t\t\t\t\t<div class=\"elementor-container elementor-column-gap-default\">\n\t\t\t\t\t<div class=\"elementor-column elementor-col-100 elementor-inner-column elementor-element elementor-element-67ff5fc\" data-id=\"67ff5fc\" data-element_type=\"column\">\n\t\t\t<div class=\"elementor-widget-wrap elementor-element-populated\">\n\t\t\t\t\t\t<div class=\"elementor-element elementor-element-396a0f1 elementor-widget elementor-widget-heading\" data-id=\"396a0f1\" data-element_type=\"widget\" data-widget_type=\"heading.default\">\n\t\t\t\t\t<h2 class=\"elementor-heading-title elementor-size-default\">Schools and Public reached<\/h2>\t\t\t\t<\/div>\n\t\t\t\t<div class=\"elementor-element elementor-element-6a29291 elementor-widget elementor-widget-text-editor\" data-id=\"6a29291\" data-element_type=\"widget\" data-widget_type=\"text-editor.default\">\n\t\t\t\t\t\t\t\t\tJuscelino Kubitschek State Technical School,<br> teacher Caroline Porto de Oliveira,<br> class: Environment,<br> number of students 20\t\t\t\t\t\t\t\t<\/div>\n\t\t\t\t<div class=\"elementor-element elementor-element-e965ad1 elementor-widget elementor-widget-text-editor\" data-id=\"e965ad1\" data-element_type=\"widget\" data-widget_type=\"text-editor.default\">\n\t\t\t\t\t\t\t\t\tNorth Fluminense State University in Campos dos Goytacazes<br> teacher Monica do Nascimento Brito<br> class: Special topics in urban studies: Cinema and the City, the City in Cinema<br>number of students 10\t\t\t\t\t\t\t\t<\/div>\n\t\t\t\t<div class=\"elementor-element elementor-element-60a8422 elementor-widget elementor-widget-text-editor\" data-id=\"60a8422\" data-element_type=\"widget\" data-widget_type=\"text-editor.default\">\n\t\t\t\t\t\t\t\t\tE.M. Professor Dulcinda Jotta Mendes (S\u00e3o Pedro da Aldeia, RJ)<br> teacher Attilas Melo<br> class: science<br> number of students 40\t\t\t\t\t\t\t\t<\/div>\n\t\t\t\t<div class=\"elementor-element elementor-element-6fba647 elementor-widget elementor-widget-text-editor\" data-id=\"6fba647\" data-element_type=\"widget\" data-widget_type=\"text-editor.default\">\n\t\t\t\t\t\t\t\t\tAremac  Extractivism Ass of Arraial do Cabo<br>teacher Ivana Moura<br> class: Environment<br> number of students 15\t\t\t\t\t\t\t\t<\/div>\n\t\t\t\t<div class=\"elementor-element elementor-element-652648b elementor-widget elementor-widget-text-editor\" data-id=\"652648b\" data-element_type=\"widget\" data-widget_type=\"text-editor.default\">\n\t\t\t\t\t\t\t\t\tAcademic Center of Biology at UFRJ<br> teacher Isabel Wilmer<br> class: Bio na Praia extension program <br>number of students 25\t\t\t\t\t\t\t\t<\/div>\n\t\t\t\t<div class=\"elementor-element elementor-element-fe4a1e8 elementor-widget elementor-widget-text-editor\" data-id=\"fe4a1e8\" data-element_type=\"widget\" data-widget_type=\"text-editor.default\">\n\t\t\t\t\t\t\t\t\tPUC Rio<br> teacher Aron Moraes<br> class: DSG1006 - ADVANCED DESIGN - SOCIAL AND ENVIRONMENTAL USE AND IMPACT<br> number of students 22\t\t\t\t\t\t\t\t<\/div>\n\t\t\t\t\t<\/div>\n\t\t<\/div>\n\t\t\t\t\t<\/div>\n\t\t<\/section>\n\t\t\t\t\t<\/div>\n\t\t<\/div>\n\t\t\t\t\t<\/div>\n\t\t<\/section>\n\t\t\t\t<\/div>","protected":false},"excerpt":{"rendered":"<p>Ba\u00eda Urbana nas Escolas Sess\u00f5es online para professores e alunos Entre os dias 15 e 30 de abril de 2021, o sinal para acessar o filme Ba\u00eda Urbana, de Ricardo Gomes, ficou aberto para acesso a escolas e professores inscritos. Em mar\u00e7o de 2021, abrimos inscri\u00e7\u00f5es para professores, alunos e grupos interessados, e recebemos inscri\u00e7\u00f5es [&hellip;]<\/p>","protected":false},"author":2,"featured_media":0,"parent":0,"menu_order":0,"comment_status":"closed","ping_status":"closed","template":"elementor_header_footer","meta":{"_acf_changed":false,"footnotes":""},"class_list":["post-9660","page","type-page","status-publish","hentry"],"acf":[],"_links":{"self":[{"href":"https:\/\/filmambiente.com\/en\/wp-json\/wp\/v2\/pages\/9660","targetHints":{"allow":["GET"]}}],"collection":[{"href":"https:\/\/filmambiente.com\/en\/wp-json\/wp\/v2\/pages"}],"about":[{"href":"https:\/\/filmambiente.com\/en\/wp-json\/wp\/v2\/types\/page"}],"author":[{"embeddable":true,"href":"https:\/\/filmambiente.com\/en\/wp-json\/wp\/v2\/users\/2"}],"replies":[{"embeddable":true,"href":"https:\/\/filmambiente.com\/en\/wp-json\/wp\/v2\/comments?post=9660"}],"version-history":[{"count":94,"href":"https:\/\/filmambiente.com\/en\/wp-json\/wp\/v2\/pages\/9660\/revisions"}],"predecessor-version":[{"id":15109,"href":"https:\/\/filmambiente.com\/en\/wp-json\/wp\/v2\/pages\/9660\/revisions\/15109"}],"wp:attachment":[{"href":"https:\/\/filmambiente.com\/en\/wp-json\/wp\/v2\/media?parent=9660"}],"curies":[{"name":"wp","href":"https:\/\/api.w.org\/{rel}","templated":true}]}}