{"id":8779,"date":"2021-06-22T09:28:01","date_gmt":"2021-06-22T12:28:01","guid":{"rendered":"http:\/\/filmambiente.com\/?page_id=8779"},"modified":"2023-09-01T09:07:04","modified_gmt":"2023-09-01T12:07:04","slug":"filmambiente-5","status":"publish","type":"page","link":"https:\/\/filmambiente.com\/en\/filmambiente-5\/","title":{"rendered":"Filmambiente 5"},"content":{"rendered":"<div data-elementor-type=\"wp-page\" data-elementor-id=\"8779\" class=\"elementor elementor-8779\" data-elementor-post-type=\"page\">\n\t\t\t\t\t\t<section class=\"elementor-section elementor-top-section elementor-element elementor-element-afa2448 elementor-section-boxed elementor-section-height-default elementor-section-height-default\" data-id=\"afa2448\" data-element_type=\"section\" data-settings=\"{&quot;_ha_eqh_enable&quot;:false}\">\n\t\t\t\t\t\t<div class=\"elementor-container elementor-column-gap-default\">\n\t\t\t\t\t<div class=\"elementor-column elementor-col-100 elementor-top-column elementor-element elementor-element-2be6bdc\" data-id=\"2be6bdc\" data-element_type=\"column\">\n\t\t\t<div class=\"elementor-widget-wrap elementor-element-populated\">\n\t\t\t\t\t\t<div class=\"elementor-element elementor-element-a200be4 elementor-widget elementor-widget-heading\" data-id=\"a200be4\" data-element_type=\"widget\" data-widget_type=\"heading.default\">\n\t\t\t\t\t<h2 class=\"elementor-heading-title elementor-size-default\">Filmambiente 2015 | August 27 - September 3 | Rio de Janeiro\n\n\n<\/h2>\t\t\t\t<\/div>\n\t\t\t\t\t<\/div>\n\t\t<\/div>\n\t\t\t\t\t<\/div>\n\t\t<\/section>\n\t\t\t\t<section class=\"elementor-section elementor-top-section elementor-element elementor-element-70895b3 elementor-section-boxed elementor-section-height-default elementor-section-height-default\" data-id=\"70895b3\" data-element_type=\"section\" data-settings=\"{&quot;_ha_eqh_enable&quot;:false}\">\n\t\t\t\t\t\t<div class=\"elementor-container elementor-column-gap-default\">\n\t\t\t\t\t<div class=\"elementor-column elementor-col-100 elementor-top-column elementor-element elementor-element-fa24c98\" data-id=\"fa24c98\" data-element_type=\"column\">\n\t\t\t<div class=\"elementor-widget-wrap elementor-element-populated\">\n\t\t\t\t\t\t<div class=\"elementor-element elementor-element-6def7d4 elementor-widget elementor-widget-video\" data-id=\"6def7d4\" data-element_type=\"widget\" data-settings=\"{&quot;youtube_url&quot;:&quot;https:\\\/\\\/www.youtube.com\\\/watch?v=7AOsjfTBvzE&quot;,&quot;autoplay&quot;:&quot;yes&quot;,&quot;play_on_mobile&quot;:&quot;yes&quot;,&quot;loop&quot;:&quot;yes&quot;,&quot;yt_privacy&quot;:&quot;yes&quot;,&quot;video_type&quot;:&quot;youtube&quot;}\" data-widget_type=\"video.default\">\n\t\t\t\t\t\t\t<div class=\"elementor-wrapper elementor-open-inline\">\n\t\t\t<div class=\"elementor-video\"><\/div>\t\t<\/div>\n\t\t\t\t\t\t<\/div>\n\t\t\t\t\t<\/div>\n\t\t<\/div>\n\t\t\t\t\t<\/div>\n\t\t<\/section>\n\t\t\t\t<section class=\"elementor-section elementor-top-section elementor-element elementor-element-7e48554 elementor-section-boxed elementor-section-height-default elementor-section-height-default\" data-id=\"7e48554\" data-element_type=\"section\" data-settings=\"{&quot;_ha_eqh_enable&quot;:false}\">\n\t\t\t\t\t\t<div class=\"elementor-container elementor-column-gap-default\">\n\t\t\t\t\t<div class=\"elementor-column elementor-col-100 elementor-top-column elementor-element elementor-element-605702f\" data-id=\"605702f\" data-element_type=\"column\" data-settings=\"{&quot;background_background&quot;:&quot;classic&quot;}\">\n\t\t\t<div class=\"elementor-widget-wrap elementor-element-populated\">\n\t\t\t\t\t\t<div class=\"elementor-element elementor-element-b4fb911 elementor-widget elementor-widget-heading\" data-id=\"b4fb911\" data-element_type=\"widget\" data-widget_type=\"heading.default\">\n\t\t\t\t\t<h2 class=\"elementor-heading-title elementor-size-default\">Awards<\/h2>\t\t\t\t<\/div>\n\t\t\t\t<div class=\"elementor-element elementor-element-fa4851c elementor-widget elementor-widget-text-editor\" data-id=\"fa4851c\" data-element_type=\"widget\" data-widget_type=\"text-editor.default\">\n\t\t\t\t\t\t\t\t\tPEOPLE\u2019S CHOICE AWARD to Garden of Hope (Laurence Guenoun | Brazil, France) with 84,93% of votes. <strong>O Jardim da Esperan\u00e7a <\/strong>(Laurence Guenoun | Brasil, Fran\u00e7a), com 84,93% dos votos.<br><\/br>\n\nBEST FEATURE LENGTH to Big Men, the Movie (Rachel Boynton | USA) for the documentary in its whole. Intriguing, complete, high quality. Perfect in every detail. From the tense meetings with the CEOs of the oil industry to the open conversations with the guerilla men armed head to toes. <strong>Big Men, o Filme<\/strong> (Big Men, the Movie, Rachel Boynton | EUA).<br><\/br>\n\nBEST SHORT FILM to Ants Apartment (Tofiq Amani | Kurdistan, Iraq) because with an uncommon visual approach and captivating dialogs, the film surprises and thrills when backing up the camera it reveals an unthinkable ending <strong>\u00daltima Morada <\/strong>(Ants Apartment, Tofiq Amani | Kurdist\u00e3o, Iraque).\u00a0 Porque com uma linguagem visualmente incomum, mas com di\u00e1logos cativantes, o filme surpreende e emociona ao afastar a c\u00e2mera e num plano mais aberto revelar um final inimagin\u00e1vel.<br><\/br>\n\nSPECIAL AWARD to the short Gerais (Tiago Carvalho &amp; Arthur Fraz\u00e3o | Brazil) because it is a visually beautiful and simple film, with naive characters narrating painful stories but filled with joy and strength to preserve the environment sorrounding them. <strong>Gerais <\/strong>(Tiago Carvalho e Arthur Fraz\u00e3o | Brasil).<br><\/br>\n\nand to Brazil\u2019s Warrior Women (Paul Redman | United Kingdom) because it shows the leading role of women (the Baba\u00e7u breakers) and a movement that, through the struggle of these women, became very important, in addition to presenting us with several uses of baba\u00e7u nut, a precious asset in that region capable of bringing dignity to the lives of those women.<br><\/br>\n\nand to Virunga (Orlando von Einsiedel | United Kingdom) because the film has all the elements of an action film, dramatic, emotional, beautiful. A plot of international intrigue, power play, brutal violence. But it is a true story, which can only be told by the courage of characters who face these forces. We identify with the innocent victims of this conflict - we are the gorillas, we are the Congolese expelled from their land. <strong>As Guerreiras do Brasil <\/strong>(Brazil\u2019s Warrior Women, Paul Redman | Reino Unido). O filme destaca o protagonismo das mulheres (as quebradeiras de Baba\u00e7u) e um movimento que, atrav\u00e9s da luta destas mulheres, se tornou muito importante, al\u00e9m de nos apresentar diversas utilidades do baba\u00e7u, um bem precioso naquela regi\u00e3o capaz de trazer dignidade \u00e0 vida daquelas mulheres.<br><\/br>\n\nSPECIAL AWARD for feature length documentary to The Light Bulb Conspiracy (Cosima Dannoritzer | France, Spain, United Kingdom) where the journey of electronic waste around the world is shown elegantly and firmly. The accuracy of the investigation leaves no doubt of the incoherence of consumerism in modern society. <strong>A Trag\u00e9dia do Lixo Eletr\u00f4nico <\/strong>(The Light Bulb Conspiracy, Cosima Dannoritzer | Fran\u00e7a, Espanha, Reino Unido). Onde a jornada do lixo eletr\u00f4nico atrav\u00e9s do mundo \u00e9 mostrada com eleg\u00e2ncia e firmeza pela diretora. O cuidado na investiga\u00e7\u00e3o n\u00e3o deixa d\u00favidas sobre a enorme incoer\u00eancia do consumismo na sociedade moderna.<br><\/br>\n\nand to Virunga (Orlando von Einsiedel | United Kingdom) because the film has all the elements of an action film, dramatic, emotional, beautiful. A plot of international intrigue, power play, brutal violence. But it is a true story, which can only be told by the courage of characters who face these forces. We identify with the innocent victims of this conflict - we are the gorillas, we are the Congolese expelled from their land. <strong>O Jardim da Esperan\u00e7a (<\/strong>Laurence Guenoun | Brasil, Fran\u00e7a). Pois \u00e9 imposs\u00edvel ficar indiferente \u00e0 sofrida realidade mostrada neste document\u00e1rio. Simplesmente emocionante e belo.\t\t\t\t\t\t\t\t<\/div>\n\t\t\t\t<div class=\"elementor-element elementor-element-fdf0649 elementor-widget elementor-widget-heading\" data-id=\"fdf0649\" data-element_type=\"widget\" data-widget_type=\"heading.default\">\n\t\t\t\t\t<h2 class=\"elementor-heading-title elementor-size-default\">Programme <\/h2>\t\t\t\t<\/div>\n\t\t\t\t<div class=\"elementor-element elementor-element-d9fec3d elementor-widget elementor-widget-text-editor\" data-id=\"d9fec3d\" data-element_type=\"widget\" data-widget_type=\"text-editor.default\">\n\t\t\t\t\t\t\t\t\t62 films, including 8 feature length documentaries and 25 shorts and the showcases:<br>\n\n<strong>Carte Blanche FIFE<\/strong>, 6 films presented by the French environmental film festival that was held in Paris, FR, for many years with great success ;<br>\n\n<strong>Water is Life<\/strong>, with 5 recent films on the subject. including one from Brazil and another from Portugal.<br>\n\n<strong>Panorama<\/strong>, with 6 films, including a documentary from Brazil - Mar Urbano (Urban Sea), by Ricardo Gomes - and a fiction from the United Kingdom, A Dark Reflection, by Tristan Lorraine. <strong>Mar Urbano<\/strong>, de Ricardo Gomes, que mostra a vida no fundo do mar de Copacabana e Ipanema e uma fic\u00e7\u00e3o, do Reino Unido, <strong>Uma Ideia Sombria,<\/strong> de Tristan Lorraine.<br>\n\n<strong>Nature<\/strong>, with 3 films.\t\t\t\t\t\t\t\t<\/div>\n\t\t\t\t<div class=\"elementor-element elementor-element-48dd180 elementor-widget elementor-widget-heading\" data-id=\"48dd180\" data-element_type=\"widget\" data-widget_type=\"heading.default\">\n\t\t\t\t\t<h2 class=\"elementor-heading-title elementor-size-default\">Other Activities<\/h2>\t\t\t\t<\/div>\n\t\t\t\t<div class=\"elementor-element elementor-element-caffac8 elementor-widget elementor-widget-text-editor\" data-id=\"caffac8\" data-element_type=\"widget\" data-widget_type=\"text-editor.default\">\n\t\t\t\t\t\t\t\t\tAt Naves of Penha and of Complexo do Alem\u00e3o directors participated in Q&amp;As.<br><\/br>\n\nExhibitions for students of public schools in the municipality, in partnership with the Department of Education of the municipality program Cineclube nas Escolas (Cineclub at Schools). All exhibitions took place during the week (three sessions per day) at the Museu do Meio Ambiente (Environment Museum). More than 400 children and young people visited the Museum \u2013 and in two of these sessions they were also able to talk with the filmmakers (George Augusto, director of the short film Vai que \u00e9 tua Tafarinha and Ricardo Gomes, director of the feature Mar Urbano).<br><\/br>\n\nPanel From Garden to Table Without Leaving the City, supported by Swissnex. Coordinated by Carol S\u00e1, from SlowFood Rio Zona Norte and with the participation of Roman Gaus, Swiss creator of Urban Farmers and one of the world leaders of the movement, and Renata Souto, agronomist, who works in the Urban Agriculture Program of AS-PTA and in the Articulation of Agroecology of Rio de Janeiro.<br><\/br>\n\nWorkshop Food: Total Use, carried out by the Slow Food Rio Zona Norte group, which showed children and mothers\/grandparents how to avoid waste, held at two Naves do Conhecimento: Triagem and Padre Miguel.\t\t\t\t\t\t\t\t<\/div>\n\t\t\t\t<div class=\"elementor-element elementor-element-5eecc90 elementor-widget elementor-widget-heading\" data-id=\"5eecc90\" data-element_type=\"widget\" data-widget_type=\"heading.default\">\n\t\t\t\t\t<h2 class=\"elementor-heading-title elementor-size-default\">Venues<\/h2>\t\t\t\t<\/div>\n\t\t\t\t<div class=\"elementor-element elementor-element-017d975 elementor-widget elementor-widget-text-editor\" data-id=\"017d975\" data-element_type=\"widget\" data-widget_type=\"text-editor.default\">\n\t\t\t\t\t\t\t\t\tEspa\u00e7o Ita\u00fa de Cinema<br>\nOi Futuro<br>\nEnvironment Museum (at the Botanic Garden)<br>\n8 Naves do Conhecimento existente (Madureira, Iraj\u00e1, Penha e Bangu, Complexo do Alem\u00e3o, Padre Miguel, Triagem e Santa Cruz)\t\t\t\t\t\t\t\t<\/div>\n\t\t\t\t<div class=\"elementor-element elementor-element-a4532fe elementor-widget elementor-widget-heading\" data-id=\"a4532fe\" data-element_type=\"widget\" data-widget_type=\"heading.default\">\n\t\t\t\t\t<h2 class=\"elementor-heading-title elementor-size-default\">Catalog Download<\/h2>\t\t\t\t<\/div>\n\t\t\t\t<div class=\"elementor-element elementor-element-928ca67 elementor-align-left elementor-widget-mobile__width-auto elementor-widget elementor-widget-button\" data-id=\"928ca67\" data-element_type=\"widget\" data-widget_type=\"button.default\">\n\t\t\t\t\t\t\t\t\t\t<a class=\"elementor-button elementor-button-link elementor-size-sm elementor-animation-shrink\" href=\"http:\/\/filmambiente.com\/wp-content\/uploads\/2021\/07\/Catalogo_filmambiente-2015-web.pdf\" target=\"_blank\">\n\t\t\t\t\t\t<span class=\"elementor-button-content-wrapper\">\n\t\t\t\t\t\t\t\t\t<span class=\"elementor-button-text\">Download<\/span>\n\t\t\t\t\t<\/span>\n\t\t\t\t\t<\/a>\n\t\t\t\t\t\t\t\t<\/div>\n\t\t\t\t\t<\/div>\n\t\t<\/div>\n\t\t\t\t\t<\/div>\n\t\t<\/section>\n\t\t\t\t<section class=\"elementor-section elementor-top-section elementor-element elementor-element-d3a1e57 elementor-section-full_width elementor-section-stretched elementor-hidden-desktop elementor-hidden-tablet elementor-section-height-default elementor-section-height-default\" data-id=\"d3a1e57\" data-element_type=\"section\" data-settings=\"{&quot;stretch_section&quot;:&quot;section-stretched&quot;,&quot;_ha_eqh_enable&quot;:false}\">\n\t\t\t\t\t\t<div class=\"elementor-container elementor-column-gap-default\">\n\t\t\t\t\t<div class=\"elementor-column elementor-col-100 elementor-top-column elementor-element elementor-element-789f55e\" data-id=\"789f55e\" data-element_type=\"column\">\n\t\t\t<div class=\"elementor-widget-wrap elementor-element-populated\">\n\t\t\t\t\t\t<div class=\"elementor-element elementor-element-03f2c4f elementor-widget elementor-widget-text-editor\" data-id=\"03f2c4f\" data-element_type=\"widget\" data-widget_type=\"text-editor.default\">\n\t\t\t\t\t\t\t\t\tEnvironment Museum (at the Botanic Garden)<br>\nOi Futuro Ipanema\t\t\t\t\t\t\t\t<\/div>\n\t\t\t\t\t<\/div>\n\t\t<\/div>\n\t\t\t\t\t<\/div>\n\t\t<\/section>\n\t\t\t\t<section class=\"elementor-section elementor-top-section elementor-element elementor-element-9fb0bf6 elementor-section-boxed elementor-section-height-default elementor-section-height-default\" data-id=\"9fb0bf6\" data-element_type=\"section\" data-settings=\"{&quot;_ha_eqh_enable&quot;:false}\">\n\t\t\t\t\t\t<div class=\"elementor-container elementor-column-gap-default\">\n\t\t\t\t\t<div class=\"elementor-column elementor-col-100 elementor-top-column elementor-element elementor-element-ba68461\" data-id=\"ba68461\" data-element_type=\"column\" data-settings=\"{&quot;background_background&quot;:&quot;classic&quot;}\">\n\t\t\t<div class=\"elementor-widget-wrap elementor-element-populated\">\n\t\t\t\t\t\t<div class=\"elementor-element elementor-element-d467c3e elementor-widget elementor-widget-heading\" data-id=\"d467c3e\" data-element_type=\"widget\" data-widget_type=\"heading.default\">\n\t\t\t\t\t<h2 class=\"elementor-heading-title elementor-size-default\">Sponsors and Partners <\/h2>\t\t\t\t<\/div>\n\t\t\t\t<div class=\"elementor-element elementor-element-362e9cb elementor-widget elementor-widget-image\" data-id=\"362e9cb\" data-element_type=\"widget\" data-widget_type=\"image.default\">\n\t\t\t\t\t\t\t\t\t\t\t\t\t\t\t<img fetchpriority=\"high\" decoding=\"async\" width=\"870\" height=\"700\" src=\"https:\/\/filmambiente.com\/wp-content\/uploads\/2021\/07\/2015.jpeg\" class=\"attachment-full size-full wp-image-11569\" alt=\"\" srcset=\"https:\/\/filmambiente.com\/wp-content\/uploads\/2021\/07\/2015.jpeg 870w, https:\/\/filmambiente.com\/wp-content\/uploads\/2021\/07\/2015-300x241.jpeg 300w, https:\/\/filmambiente.com\/wp-content\/uploads\/2021\/07\/2015-768x618.jpeg 768w, https:\/\/filmambiente.com\/wp-content\/uploads\/2021\/07\/2015-16x12.jpeg 16w\" sizes=\"(max-width: 870px) 100vw, 870px\" \/>\t\t\t\t\t\t\t\t\t\t\t\t\t\t\t<\/div>\n\t\t\t\t\t<\/div>\n\t\t<\/div>\n\t\t\t\t\t<\/div>\n\t\t<\/section>\n\t\t\t\t<\/div>","protected":false},"excerpt":{"rendered":"<p>Filmambiente 2015 | 27 Agosto &#8211; 3 Setembro | Rio de Janeiro Filmes Premiados PR\u00caMIO DO P\u00daBLICO: O Jardim da Esperan\u00e7a (Laurence Guenoun | Brasil, Fran\u00e7a), com 84,93% dos votos. MELHOR LONGA-METRAGEM Big Men, o Filme (Big Men, the Movie, Rachel Boynton | EUA). Porque: Um document\u00e1rio na acep\u00e7\u00e3o da palavra. Instigante, completo e de [&hellip;]<\/p>","protected":false},"author":2,"featured_media":0,"parent":0,"menu_order":0,"comment_status":"closed","ping_status":"closed","template":"elementor_header_footer","meta":{"_acf_changed":false,"footnotes":""},"class_list":["post-8779","page","type-page","status-publish","hentry"],"acf":[],"_links":{"self":[{"href":"https:\/\/filmambiente.com\/en\/wp-json\/wp\/v2\/pages\/8779","targetHints":{"allow":["GET"]}}],"collection":[{"href":"https:\/\/filmambiente.com\/en\/wp-json\/wp\/v2\/pages"}],"about":[{"href":"https:\/\/filmambiente.com\/en\/wp-json\/wp\/v2\/types\/page"}],"author":[{"embeddable":true,"href":"https:\/\/filmambiente.com\/en\/wp-json\/wp\/v2\/users\/2"}],"replies":[{"embeddable":true,"href":"https:\/\/filmambiente.com\/en\/wp-json\/wp\/v2\/comments?post=8779"}],"version-history":[{"count":41,"href":"https:\/\/filmambiente.com\/en\/wp-json\/wp\/v2\/pages\/8779\/revisions"}],"predecessor-version":[{"id":17345,"href":"https:\/\/filmambiente.com\/en\/wp-json\/wp\/v2\/pages\/8779\/revisions\/17345"}],"wp:attachment":[{"href":"https:\/\/filmambiente.com\/en\/wp-json\/wp\/v2\/media?parent=8779"}],"curies":[{"name":"wp","href":"https:\/\/api.w.org\/{rel}","templated":true}]}}