{"id":8778,"date":"2021-06-22T09:27:41","date_gmt":"2021-06-22T12:27:41","guid":{"rendered":"http:\/\/filmambiente.com\/?page_id=8778"},"modified":"2023-09-01T09:06:59","modified_gmt":"2023-09-01T12:06:59","slug":"filmambiente-6","status":"publish","type":"page","link":"https:\/\/filmambiente.com\/en\/filmambiente-6\/","title":{"rendered":"Filmambiente 6"},"content":{"rendered":"<div data-elementor-type=\"wp-page\" data-elementor-id=\"8778\" class=\"elementor elementor-8778\" data-elementor-post-type=\"page\">\n\t\t\t\t\t\t<section class=\"elementor-section elementor-top-section elementor-element elementor-element-a2c65fa elementor-section-boxed elementor-section-height-default elementor-section-height-default\" data-id=\"a2c65fa\" data-element_type=\"section\" data-settings=\"{&quot;_ha_eqh_enable&quot;:false}\">\n\t\t\t\t\t\t<div class=\"elementor-container elementor-column-gap-default\">\n\t\t\t\t\t<div class=\"elementor-column elementor-col-100 elementor-top-column elementor-element elementor-element-8a6cdaa\" data-id=\"8a6cdaa\" data-element_type=\"column\">\n\t\t\t<div class=\"elementor-widget-wrap elementor-element-populated\">\n\t\t\t\t\t\t<div class=\"elementor-element elementor-element-aff6370 elementor-widget elementor-widget-heading\" data-id=\"aff6370\" data-element_type=\"widget\" data-widget_type=\"heading.default\">\n\t\t\t\t\t<h2 class=\"elementor-heading-title elementor-size-default\">Filmambiente 2016 | September 15-21 | Rio de Janeiro\n\n<\/h2>\t\t\t\t<\/div>\n\t\t\t\t\t<\/div>\n\t\t<\/div>\n\t\t\t\t\t<\/div>\n\t\t<\/section>\n\t\t\t\t<section class=\"elementor-section elementor-top-section elementor-element elementor-element-b5b4890 elementor-section-boxed elementor-section-height-default elementor-section-height-default\" data-id=\"b5b4890\" data-element_type=\"section\" data-settings=\"{&quot;_ha_eqh_enable&quot;:false}\">\n\t\t\t\t\t\t<div class=\"elementor-container elementor-column-gap-default\">\n\t\t\t\t\t<div class=\"elementor-column elementor-col-100 elementor-top-column elementor-element elementor-element-617c949\" data-id=\"617c949\" data-element_type=\"column\">\n\t\t\t<div class=\"elementor-widget-wrap elementor-element-populated\">\n\t\t\t\t\t\t<div class=\"elementor-element elementor-element-29b836e elementor-widget elementor-widget-video\" data-id=\"29b836e\" data-element_type=\"widget\" data-settings=\"{&quot;youtube_url&quot;:&quot;https:\\\/\\\/www.youtube.com\\\/watch?v=9zXDmYctCPc&quot;,&quot;autoplay&quot;:&quot;yes&quot;,&quot;play_on_mobile&quot;:&quot;yes&quot;,&quot;loop&quot;:&quot;yes&quot;,&quot;yt_privacy&quot;:&quot;yes&quot;,&quot;video_type&quot;:&quot;youtube&quot;}\" data-widget_type=\"video.default\">\n\t\t\t\t\t\t\t<div class=\"elementor-wrapper elementor-open-inline\">\n\t\t\t<div class=\"elementor-video\"><\/div>\t\t<\/div>\n\t\t\t\t\t\t<\/div>\n\t\t\t\t\t<\/div>\n\t\t<\/div>\n\t\t\t\t\t<\/div>\n\t\t<\/section>\n\t\t\t\t<section class=\"elementor-section elementor-top-section elementor-element elementor-element-849ae94 elementor-section-boxed elementor-section-height-default elementor-section-height-default\" data-id=\"849ae94\" data-element_type=\"section\" data-settings=\"{&quot;_ha_eqh_enable&quot;:false}\">\n\t\t\t\t\t\t<div class=\"elementor-container elementor-column-gap-default\">\n\t\t\t\t\t<div class=\"elementor-column elementor-col-100 elementor-top-column elementor-element elementor-element-6495fbb\" data-id=\"6495fbb\" data-element_type=\"column\" data-settings=\"{&quot;background_background&quot;:&quot;classic&quot;}\">\n\t\t\t<div class=\"elementor-widget-wrap elementor-element-populated\">\n\t\t\t\t\t\t<div class=\"elementor-element elementor-element-14aba8c elementor-widget elementor-widget-heading\" data-id=\"14aba8c\" data-element_type=\"widget\" data-widget_type=\"heading.default\">\n\t\t\t\t\t<h2 class=\"elementor-heading-title elementor-size-default\">Programme <\/h2>\t\t\t\t<\/div>\n\t\t\t\t<div class=\"elementor-element elementor-element-09af357 elementor-widget elementor-widget-text-editor\" data-id=\"09af357\" data-element_type=\"widget\" data-widget_type=\"text-editor.default\">\n\t\t\t\t\t\t\t\t\t39 films, including 24 animation shorts.\t\t\t\t\t\t\t\t<\/div>\n\t\t\t\t<div class=\"elementor-element elementor-element-a34470d elementor-widget elementor-widget-heading\" data-id=\"a34470d\" data-element_type=\"widget\" data-widget_type=\"heading.default\">\n\t\t\t\t\t<h2 class=\"elementor-heading-title elementor-size-default\">Other Activities<\/h2>\t\t\t\t<\/div>\n\t\t\t\t<div class=\"elementor-element elementor-element-8527793 elementor-widget elementor-widget-text-editor\" data-id=\"8527793\" data-element_type=\"widget\" data-widget_type=\"text-editor.default\">\n\t\t\t\t\t\t\t\t\tScreening of the film Espelho D'\u00e1gua, Bailarina do Lagomar (Liz Vitt &amp; Rafael Costa | Brazil) to students of the Ecology and Socio-environmental Development Centre of Maca\u00e9 - Rio de Janeiro Federal University (NUPEM - UFRJ). <strong>Espelho D&#8217;\u00e1gua, Bailarina do Lagomar,<\/strong> para alunos do NUPEM da UFRJ \u2013 Nucleo em Ecologia e Desenvolvimento S\u00f3cio-ambiental de Maca\u00e9.<br><\/br>\n\nFilm screenings for municipal schools at the Environment Museum and OiFuturo Ipanema.\t\t\t\t\t\t\t\t<\/div>\n\t\t\t\t<div class=\"elementor-element elementor-element-d7a1ac2 elementor-widget elementor-widget-heading\" data-id=\"d7a1ac2\" data-element_type=\"widget\" data-widget_type=\"heading.default\">\n\t\t\t\t\t<h2 class=\"elementor-heading-title elementor-size-default\">Venues<\/h2>\t\t\t\t<\/div>\n\t\t\t\t<div class=\"elementor-element elementor-element-71ca696 elementor-widget elementor-widget-text-editor\" data-id=\"71ca696\" data-element_type=\"widget\" data-widget_type=\"text-editor.default\">\n\t\t\t\t\t\t\t\t\tEnvironment Museum (at the Botanic Garden)<br>\nOi Futuro Ipanema\t\t\t\t\t\t\t\t<\/div>\n\t\t\t\t<div class=\"elementor-element elementor-element-b56cacf elementor-widget elementor-widget-heading\" data-id=\"b56cacf\" data-element_type=\"widget\" data-widget_type=\"heading.default\">\n\t\t\t\t\t<h2 class=\"elementor-heading-title elementor-size-default\">Catalog Download<\/h2>\t\t\t\t<\/div>\n\t\t\t\t<div class=\"elementor-element elementor-element-6e75438 elementor-align-left elementor-widget-mobile__width-auto elementor-widget elementor-widget-button\" data-id=\"6e75438\" data-element_type=\"widget\" data-widget_type=\"button.default\">\n\t\t\t\t\t\t\t\t\t\t<a class=\"elementor-button elementor-button-link elementor-size-sm elementor-animation-shrink\" href=\"http:\/\/filmambiente.com\/wp-content\/uploads\/2021\/07\/Catalogo_filmambiente-2016-web.pdf\" target=\"_blank\">\n\t\t\t\t\t\t<span class=\"elementor-button-content-wrapper\">\n\t\t\t\t\t\t\t\t\t<span class=\"elementor-button-text\">Download<\/span>\n\t\t\t\t\t<\/span>\n\t\t\t\t\t<\/a>\n\t\t\t\t\t\t\t\t<\/div>\n\t\t\t\t\t<\/div>\n\t\t<\/div>\n\t\t\t\t\t<\/div>\n\t\t<\/section>\n\t\t\t\t<section class=\"elementor-section elementor-top-section elementor-element elementor-element-5084329 elementor-section-full_width elementor-section-stretched elementor-hidden-desktop elementor-hidden-tablet elementor-section-height-default elementor-section-height-default\" data-id=\"5084329\" data-element_type=\"section\" data-settings=\"{&quot;stretch_section&quot;:&quot;section-stretched&quot;,&quot;_ha_eqh_enable&quot;:false}\">\n\t\t\t\t\t\t<div class=\"elementor-container elementor-column-gap-default\">\n\t\t\t\t\t<div class=\"elementor-column elementor-col-100 elementor-top-column elementor-element elementor-element-e026e03\" data-id=\"e026e03\" data-element_type=\"column\">\n\t\t\t<div class=\"elementor-widget-wrap\">\n\t\t\t\t\t\t\t<\/div>\n\t\t<\/div>\n\t\t\t\t\t<\/div>\n\t\t<\/section>\n\t\t\t\t<section class=\"elementor-section elementor-top-section elementor-element elementor-element-de5d4f9 elementor-section-boxed elementor-section-height-default elementor-section-height-default\" data-id=\"de5d4f9\" data-element_type=\"section\" data-settings=\"{&quot;_ha_eqh_enable&quot;:false}\">\n\t\t\t\t\t\t<div class=\"elementor-container elementor-column-gap-default\">\n\t\t\t\t\t<div class=\"elementor-column elementor-col-100 elementor-top-column elementor-element elementor-element-db3970f\" data-id=\"db3970f\" data-element_type=\"column\" data-settings=\"{&quot;background_background&quot;:&quot;classic&quot;}\">\n\t\t\t<div class=\"elementor-widget-wrap elementor-element-populated\">\n\t\t\t\t\t\t<div class=\"elementor-element elementor-element-8abbc51 elementor-widget elementor-widget-heading\" data-id=\"8abbc51\" data-element_type=\"widget\" data-widget_type=\"heading.default\">\n\t\t\t\t\t<h2 class=\"elementor-heading-title elementor-size-default\">Sponsors and Partners <\/h2>\t\t\t\t<\/div>\n\t\t\t\t<div class=\"elementor-element elementor-element-e351296 elementor-widget elementor-widget-image\" data-id=\"e351296\" data-element_type=\"widget\" data-widget_type=\"image.default\">\n\t\t\t\t\t\t\t\t\t\t\t\t\t\t\t<img fetchpriority=\"high\" decoding=\"async\" width=\"870\" height=\"259\" src=\"https:\/\/filmambiente.com\/wp-content\/uploads\/2021\/07\/patrocinios2016-7jul21.jpg\" class=\"attachment-full size-full wp-image-11245\" alt=\"\" srcset=\"https:\/\/filmambiente.com\/wp-content\/uploads\/2021\/07\/patrocinios2016-7jul21.jpg 870w, https:\/\/filmambiente.com\/wp-content\/uploads\/2021\/07\/patrocinios2016-7jul21-300x89.jpg 300w, https:\/\/filmambiente.com\/wp-content\/uploads\/2021\/07\/patrocinios2016-7jul21-768x229.jpg 768w, https:\/\/filmambiente.com\/wp-content\/uploads\/2021\/07\/patrocinios2016-7jul21-16x5.jpg 16w\" sizes=\"(max-width: 870px) 100vw, 870px\" \/>\t\t\t\t\t\t\t\t\t\t\t\t\t\t\t<\/div>\n\t\t\t\t\t<\/div>\n\t\t<\/div>\n\t\t\t\t\t<\/div>\n\t\t<\/section>\n\t\t\t\t<\/div>","protected":false},"excerpt":{"rendered":"<p>Filmambiente 2016 | 15-21 Setembro | Rio de Janeiro Programa\u00e7\u00e3o 39 filmes, sendo 24 curtas em anima\u00e7\u00e3o. Outras Atividades Exibi\u00e7\u00e3o do filme Espelho D&#8217;\u00e1gua, Bailarina do Lagomar, para alunos do NUPEM da UFRJ \u2013 Nucleo em Ecologia e Desenvolvimento S\u00f3cio-ambiental de Maca\u00e9. Exibi\u00e7\u00f5es para escolas municipais no Museu do Meio Ambiente e OiFuturo Ipanema Exibi\u00e7\u00e3o [&hellip;]<\/p>","protected":false},"author":2,"featured_media":0,"parent":0,"menu_order":0,"comment_status":"closed","ping_status":"closed","template":"elementor_header_footer","meta":{"_acf_changed":false,"footnotes":""},"class_list":["post-8778","page","type-page","status-publish","hentry"],"acf":[],"_links":{"self":[{"href":"https:\/\/filmambiente.com\/en\/wp-json\/wp\/v2\/pages\/8778","targetHints":{"allow":["GET"]}}],"collection":[{"href":"https:\/\/filmambiente.com\/en\/wp-json\/wp\/v2\/pages"}],"about":[{"href":"https:\/\/filmambiente.com\/en\/wp-json\/wp\/v2\/types\/page"}],"author":[{"embeddable":true,"href":"https:\/\/filmambiente.com\/en\/wp-json\/wp\/v2\/users\/2"}],"replies":[{"embeddable":true,"href":"https:\/\/filmambiente.com\/en\/wp-json\/wp\/v2\/comments?post=8778"}],"version-history":[{"count":26,"href":"https:\/\/filmambiente.com\/en\/wp-json\/wp\/v2\/pages\/8778\/revisions"}],"predecessor-version":[{"id":17342,"href":"https:\/\/filmambiente.com\/en\/wp-json\/wp\/v2\/pages\/8778\/revisions\/17342"}],"wp:attachment":[{"href":"https:\/\/filmambiente.com\/en\/wp-json\/wp\/v2\/media?parent=8778"}],"curies":[{"name":"wp","href":"https:\/\/api.w.org\/{rel}","templated":true}]}}