{"id":8750,"date":"2021-06-21T19:07:02","date_gmt":"2021-06-21T22:07:02","guid":{"rendered":"http:\/\/filmambiente.com\/?page_id=8750"},"modified":"2023-09-01T09:06:46","modified_gmt":"2023-09-01T12:06:46","slug":"filmambiente-8","status":"publish","type":"page","link":"https:\/\/filmambiente.com\/en\/filmambiente-8\/","title":{"rendered":"Filmambiente 8"},"content":{"rendered":"<div data-elementor-type=\"wp-page\" data-elementor-id=\"8750\" class=\"elementor elementor-8750\" data-elementor-post-type=\"page\">\n\t\t\t\t\t\t<section class=\"elementor-section elementor-top-section elementor-element elementor-element-755a1a8 elementor-section-boxed elementor-section-height-default elementor-section-height-default\" data-id=\"755a1a8\" data-element_type=\"section\" data-settings=\"{&quot;_ha_eqh_enable&quot;:false}\">\n\t\t\t\t\t\t<div class=\"elementor-container elementor-column-gap-default\">\n\t\t\t\t\t<div class=\"elementor-column elementor-col-100 elementor-top-column elementor-element elementor-element-3c1d03d\" data-id=\"3c1d03d\" data-element_type=\"column\">\n\t\t\t<div class=\"elementor-widget-wrap elementor-element-populated\">\n\t\t\t\t\t\t<div class=\"elementor-element elementor-element-b4946df elementor-widget elementor-widget-heading\" data-id=\"b4946df\" data-element_type=\"widget\" data-widget_type=\"heading.default\">\n\t\t\t\t\t<h2 class=\"elementor-heading-title elementor-size-default\">Filmambiente 2018 | March 18-23 | Bras\u00edlia\n\n\n<\/h2>\t\t\t\t<\/div>\n\t\t\t\t\t<\/div>\n\t\t<\/div>\n\t\t\t\t\t<\/div>\n\t\t<\/section>\n\t\t\t\t<section class=\"elementor-section elementor-top-section elementor-element elementor-element-102a506 elementor-section-boxed elementor-section-height-default elementor-section-height-default\" data-id=\"102a506\" data-element_type=\"section\" data-settings=\"{&quot;_ha_eqh_enable&quot;:false}\">\n\t\t\t\t\t\t<div class=\"elementor-container elementor-column-gap-default\">\n\t\t\t\t\t<div class=\"elementor-column elementor-col-100 elementor-top-column elementor-element elementor-element-f2c7c8e\" data-id=\"f2c7c8e\" data-element_type=\"column\">\n\t\t\t<div class=\"elementor-widget-wrap elementor-element-populated\">\n\t\t\t\t\t\t<div class=\"elementor-element elementor-element-19d03f0 elementor-widget elementor-widget-video\" data-id=\"19d03f0\" data-element_type=\"widget\" data-settings=\"{&quot;youtube_url&quot;:&quot;https:\\\/\\\/www.youtube.com\\\/watch?v=4kgZ1ajLXKg&quot;,&quot;autoplay&quot;:&quot;yes&quot;,&quot;play_on_mobile&quot;:&quot;yes&quot;,&quot;loop&quot;:&quot;yes&quot;,&quot;yt_privacy&quot;:&quot;yes&quot;,&quot;video_type&quot;:&quot;youtube&quot;}\" data-widget_type=\"video.default\">\n\t\t\t\t\t\t\t<div class=\"elementor-wrapper elementor-open-inline\">\n\t\t\t<div class=\"elementor-video\"><\/div>\t\t<\/div>\n\t\t\t\t\t\t<\/div>\n\t\t\t\t\t<\/div>\n\t\t<\/div>\n\t\t\t\t\t<\/div>\n\t\t<\/section>\n\t\t\t\t<section class=\"elementor-section elementor-top-section elementor-element elementor-element-da12ec0 elementor-section-boxed elementor-section-height-default elementor-section-height-default\" data-id=\"da12ec0\" data-element_type=\"section\" data-settings=\"{&quot;_ha_eqh_enable&quot;:false}\">\n\t\t\t\t\t\t<div class=\"elementor-container elementor-column-gap-default\">\n\t\t\t\t\t<div class=\"elementor-column elementor-col-100 elementor-top-column elementor-element elementor-element-7a1b7d3\" data-id=\"7a1b7d3\" data-element_type=\"column\" data-settings=\"{&quot;background_background&quot;:&quot;classic&quot;}\">\n\t\t\t<div class=\"elementor-widget-wrap elementor-element-populated\">\n\t\t\t\t\t\t<div class=\"elementor-element elementor-element-734ed44 elementor-widget elementor-widget-heading\" data-id=\"734ed44\" data-element_type=\"widget\" data-widget_type=\"heading.default\">\n\t\t\t\t\t<h2 class=\"elementor-heading-title elementor-size-default\">Awards<\/h2>\t\t\t\t<\/div>\n\t\t\t\t<div class=\"elementor-element elementor-element-a76c8ff elementor-widget elementor-widget-text-editor\" data-id=\"a76c8ff\" data-element_type=\"widget\" data-widget_type=\"text-editor.default\">\n\t\t\t\t\t\t\t\t\tPEOPLE\u2019S CHOICE AWARD | SHORT to Ex\u00edlia (|Renata Claus | Brazil) with 100% of votes \u2018very good\u2019 and \u2018excellent\u2019.\u00a0<strong>Ex\u00edlia<\/strong>\u00a0(Renata Claus | Brasil) com 100% dos votos em muito bom e excelente.<br><br>\n\nPEOPLE\u2019S CHOICE AWARD | VOICE OF CITIZENS PROGRAM \u2013 online voting went to 4 films.<br><br>\n\nPEOPLE\u2019S CHOICE AWARD | FEATURE LENGTH \u2013 tied, between Holly (un)Holly River (Peter McBride and Jake Norton | USA), and Astral (Jordi \u00c9vole | Spain), both with 100% of votes \u2018very good\u2019 and \u2018excellent\u2019.\u00a0<strong>Rio Sagrado (des)Sacralizado<\/strong>\u00a0(de Peter McBride and Jake Norton (USA) e Astral, de de Jordi \u00c9vole (Espanha).<br><br>\n\nBEST FEATURE LENGTH, winner of the GREEN DROP AWARD, offered by the Green Cross International\/Venice Film Festival, River Blue (Roger William &amp; David Mcllvride | Canada).\u00a0<strong>Rio Manchado de Azul<\/strong>\u00a0(River Blue, Roger William e David Mcllvride | Canad\u00e1).<br><br>\n\nAWARD | SHORT to Ex\u00edlia (Renata Claus | Brasil).\u00a0<strong>Ex\u00edlia<\/strong>\u00a0(Renata Claus | Brasil).<br><br>\n\nKOREA MINISTRY OF ENVIRONMENT AWARD, Caminho do Mar (Way to the Sea, by Bebeto Abrantes | Brazil)\u00a0<strong>Caminho do Mar<\/strong>\u00a0(Bebeto Abrantes | Brasil).<br><br>\n\nSPECIAL AWARD for the short Faces (Said Najmi | Jordan) for the sensible way it portrays human choices.\u00a0<strong>O Mergulhador\u00a0<\/strong>(El Buzo, Esteban Arrangoiz | M\u00e9xico).<br><br> SPECIAL AWARD - FEATURE LENGTH to Winding (Avi Belkin &amp; Avi Levi | Israel)\u00a0<strong>Rio de Mem\u00f3rias<\/strong>\u00a0(Winding, Avi Belkin e Avi Levi\u00a0 | Israel).\t\t\t\t\t\t\t\t<\/div>\n\t\t\t\t<div class=\"elementor-element elementor-element-9133768 elementor-widget elementor-widget-heading\" data-id=\"9133768\" data-element_type=\"widget\" data-widget_type=\"heading.default\">\n\t\t\t\t\t<h2 class=\"elementor-heading-title elementor-size-default\">Programme <\/h2>\t\t\t\t<\/div>\n\t\t\t\t<div class=\"elementor-element elementor-element-55ceb0c elementor-widget elementor-widget-text-editor\" data-id=\"55ceb0c\" data-element_type=\"widget\" data-widget_type=\"text-editor.default\">\n\t\t\t\t\t\t\t\t\t156 films, 12 feature length and 25 shorts, and the showcases<br>\n<strong>Panorama<\/strong><br>\n<strong>Voice of Citizens,<\/strong>with 110 short films\t\t\t\t\t\t\t\t<\/div>\n\t\t\t\t<div class=\"elementor-element elementor-element-611348d elementor-widget elementor-widget-heading\" data-id=\"611348d\" data-element_type=\"widget\" data-widget_type=\"heading.default\">\n\t\t\t\t\t<h2 class=\"elementor-heading-title elementor-size-default\">Other Activities<\/h2>\t\t\t\t<\/div>\n\t\t\t\t<div class=\"elementor-element elementor-element-7e9fe12 elementor-widget elementor-widget-text-editor\" data-id=\"7e9fe12\" data-element_type=\"widget\" data-widget_type=\"text-editor.default\">\n\t\t\t\t\t\t\t\t\tScreenings for Public Schools at Cine Bras\u00edlia<br>\nScreenings of Voice of Citizens program at debate rooms at the official World Water Forum venue, always related to the specific theme of each day's discussions.\t\t\t\t\t\t\t\t<\/div>\n\t\t\t\t<div class=\"elementor-element elementor-element-d4b26e2 elementor-widget elementor-widget-heading\" data-id=\"d4b26e2\" data-element_type=\"widget\" data-widget_type=\"heading.default\">\n\t\t\t\t\t<h2 class=\"elementor-heading-title elementor-size-default\">Venues<\/h2>\t\t\t\t<\/div>\n\t\t\t\t<div class=\"elementor-element elementor-element-928e502 elementor-widget elementor-widget-text-editor\" data-id=\"928e502\" data-element_type=\"widget\" data-widget_type=\"text-editor.default\">\n\t\t\t\t\t\t\t\t\tCine Bras\u00edlia<br>\nTenda do Cidad\u00e3o\t\t\t\t\t\t\t\t<\/div>\n\t\t\t\t<div class=\"elementor-element elementor-element-46cb1c0 elementor-widget elementor-widget-heading\" data-id=\"46cb1c0\" data-element_type=\"widget\" data-widget_type=\"heading.default\">\n\t\t\t\t\t<h2 class=\"elementor-heading-title elementor-size-default\">Catalog Download<\/h2>\t\t\t\t<\/div>\n\t\t\t\t<div class=\"elementor-element elementor-element-00058fa elementor-align-left elementor-widget-mobile__width-auto elementor-widget elementor-widget-button\" data-id=\"00058fa\" data-element_type=\"widget\" data-widget_type=\"button.default\">\n\t\t\t\t\t\t\t\t\t\t<a class=\"elementor-button elementor-button-link elementor-size-sm elementor-animation-shrink\" href=\"http:\/\/filmambiente.com\/wp-content\/uploads\/2021\/07\/Catalogo_filmambiente-2018-web.pdf\" target=\"_blank\">\n\t\t\t\t\t\t<span class=\"elementor-button-content-wrapper\">\n\t\t\t\t\t\t\t\t\t<span class=\"elementor-button-text\">Download<\/span>\n\t\t\t\t\t<\/span>\n\t\t\t\t\t<\/a>\n\t\t\t\t\t\t\t\t<\/div>\n\t\t\t\t\t<\/div>\n\t\t<\/div>\n\t\t\t\t\t<\/div>\n\t\t<\/section>\n\t\t\t\t<section class=\"elementor-section elementor-top-section elementor-element elementor-element-c71578a elementor-section-full_width elementor-section-stretched elementor-hidden-desktop elementor-hidden-tablet elementor-section-height-default elementor-section-height-default\" data-id=\"c71578a\" data-element_type=\"section\" data-settings=\"{&quot;stretch_section&quot;:&quot;section-stretched&quot;,&quot;_ha_eqh_enable&quot;:false}\">\n\t\t\t\t\t\t<div class=\"elementor-container elementor-column-gap-default\">\n\t\t\t\t\t<div class=\"elementor-column elementor-col-100 elementor-top-column elementor-element elementor-element-0d27524\" data-id=\"0d27524\" data-element_type=\"column\">\n\t\t\t<div class=\"elementor-widget-wrap elementor-element-populated\">\n\t\t\t\t\t\t<div class=\"elementor-element elementor-element-5d39758 elementor-widget elementor-widget-text-editor\" data-id=\"5d39758\" data-element_type=\"widget\" data-widget_type=\"text-editor.default\">\n\t\t\t\t\t\t\t\t\tEnvironment Museum (at the Botanic Garden)<br>\nOi Futuro Ipanema\t\t\t\t\t\t\t\t<\/div>\n\t\t\t\t\t<\/div>\n\t\t<\/div>\n\t\t\t\t\t<\/div>\n\t\t<\/section>\n\t\t\t\t<section class=\"elementor-section elementor-top-section elementor-element elementor-element-33dbe7f elementor-section-boxed elementor-section-height-default elementor-section-height-default\" data-id=\"33dbe7f\" data-element_type=\"section\" data-settings=\"{&quot;_ha_eqh_enable&quot;:false}\">\n\t\t\t\t\t\t<div class=\"elementor-container elementor-column-gap-default\">\n\t\t\t\t\t<div class=\"elementor-column elementor-col-100 elementor-top-column elementor-element elementor-element-aff87ba\" data-id=\"aff87ba\" data-element_type=\"column\" data-settings=\"{&quot;background_background&quot;:&quot;classic&quot;}\">\n\t\t\t<div class=\"elementor-widget-wrap elementor-element-populated\">\n\t\t\t\t\t\t<div class=\"elementor-element elementor-element-847a143 elementor-widget elementor-widget-heading\" data-id=\"847a143\" data-element_type=\"widget\" data-widget_type=\"heading.default\">\n\t\t\t\t\t<h2 class=\"elementor-heading-title elementor-size-default\">Sponsors and Partners <\/h2>\t\t\t\t<\/div>\n\t\t\t\t<div class=\"elementor-element elementor-element-3009183 elementor-widget elementor-widget-image\" data-id=\"3009183\" data-element_type=\"widget\" data-widget_type=\"image.default\">\n\t\t\t\t\t\t\t\t\t\t\t\t\t\t\t<img fetchpriority=\"high\" decoding=\"async\" width=\"870\" height=\"258\" src=\"https:\/\/filmambiente.com\/wp-content\/uploads\/2021\/07\/2018.jpeg\" class=\"attachment-full size-full wp-image-11570\" alt=\"\" srcset=\"https:\/\/filmambiente.com\/wp-content\/uploads\/2021\/07\/2018.jpeg 870w, https:\/\/filmambiente.com\/wp-content\/uploads\/2021\/07\/2018-300x89.jpeg 300w, https:\/\/filmambiente.com\/wp-content\/uploads\/2021\/07\/2018-768x228.jpeg 768w, https:\/\/filmambiente.com\/wp-content\/uploads\/2021\/07\/2018-16x5.jpeg 16w\" sizes=\"(max-width: 870px) 100vw, 870px\" \/>\t\t\t\t\t\t\t\t\t\t\t\t\t\t\t<\/div>\n\t\t\t\t\t<\/div>\n\t\t<\/div>\n\t\t\t\t\t<\/div>\n\t\t<\/section>\n\t\t\t\t<\/div>","protected":false},"excerpt":{"rendered":"<p>Filmambiente 2018 | 18-23 Mar\u00e7o | Bras\u00edlia Filmes Premiados PR\u00caMIO DO P\u00daBLICO curta-metragem para\u00a0Ex\u00edlia\u00a0(Renata Claus | Brasil) com 100% dos votos em muito bom e excelente. PR\u00caMIO DO P\u00daBLICO Voz do Cidad\u00e3o, em vota\u00e7\u00e3o online foi para 4 filmes. PR\u00caMIO DO P\u00daBLICO, longa-metragem, com 100% dos votos em muito bom e excelente, empate entre\u00a0Rio Sagrado [&hellip;]<\/p>","protected":false},"author":2,"featured_media":0,"parent":0,"menu_order":0,"comment_status":"closed","ping_status":"closed","template":"elementor_header_footer","meta":{"_acf_changed":false,"footnotes":""},"class_list":["post-8750","page","type-page","status-publish","hentry"],"acf":[],"_links":{"self":[{"href":"https:\/\/filmambiente.com\/en\/wp-json\/wp\/v2\/pages\/8750","targetHints":{"allow":["GET"]}}],"collection":[{"href":"https:\/\/filmambiente.com\/en\/wp-json\/wp\/v2\/pages"}],"about":[{"href":"https:\/\/filmambiente.com\/en\/wp-json\/wp\/v2\/types\/page"}],"author":[{"embeddable":true,"href":"https:\/\/filmambiente.com\/en\/wp-json\/wp\/v2\/users\/2"}],"replies":[{"embeddable":true,"href":"https:\/\/filmambiente.com\/en\/wp-json\/wp\/v2\/comments?post=8750"}],"version-history":[{"count":62,"href":"https:\/\/filmambiente.com\/en\/wp-json\/wp\/v2\/pages\/8750\/revisions"}],"predecessor-version":[{"id":17336,"href":"https:\/\/filmambiente.com\/en\/wp-json\/wp\/v2\/pages\/8750\/revisions\/17336"}],"wp:attachment":[{"href":"https:\/\/filmambiente.com\/en\/wp-json\/wp\/v2\/media?parent=8750"}],"curies":[{"name":"wp","href":"https:\/\/api.w.org\/{rel}","templated":true}]}}