{"id":8748,"date":"2021-06-21T19:06:37","date_gmt":"2021-06-21T22:06:37","guid":{"rendered":"http:\/\/filmambiente.com\/?page_id=8748"},"modified":"2023-09-01T09:07:42","modified_gmt":"2023-09-01T12:07:42","slug":"filmambiente-10","status":"publish","type":"page","link":"https:\/\/filmambiente.com\/en\/filmambiente-10\/","title":{"rendered":"Filmambiente 10"},"content":{"rendered":"<div data-elementor-type=\"wp-page\" data-elementor-id=\"8748\" class=\"elementor elementor-8748\" data-elementor-post-type=\"page\">\n\t\t\t\t\t\t<section class=\"elementor-section elementor-top-section elementor-element elementor-element-c078c16 elementor-section-boxed elementor-section-height-default elementor-section-height-default\" data-id=\"c078c16\" data-element_type=\"section\" data-settings=\"{&quot;_ha_eqh_enable&quot;:false}\">\n\t\t\t\t\t\t<div class=\"elementor-container elementor-column-gap-default\">\n\t\t\t\t\t<div class=\"elementor-column elementor-col-100 elementor-top-column elementor-element elementor-element-6a8d7ba\" data-id=\"6a8d7ba\" data-element_type=\"column\">\n\t\t\t<div class=\"elementor-widget-wrap elementor-element-populated\">\n\t\t\t\t\t\t<div class=\"elementor-element elementor-element-2b22410 elementor-widget elementor-widget-heading\" data-id=\"2b22410\" data-element_type=\"widget\" data-widget_type=\"heading.default\">\n\t\t\t\t\t<h2 class=\"elementor-heading-title elementor-size-default\">Filmambiente 2020 | September 24-30 | Online<\/h2>\t\t\t\t<\/div>\n\t\t\t\t\t<\/div>\n\t\t<\/div>\n\t\t\t\t\t<\/div>\n\t\t<\/section>\n\t\t\t\t<section class=\"elementor-section elementor-top-section elementor-element elementor-element-8c40cd2 elementor-section-boxed elementor-section-height-default elementor-section-height-default\" data-id=\"8c40cd2\" data-element_type=\"section\" data-settings=\"{&quot;_ha_eqh_enable&quot;:false}\">\n\t\t\t\t\t\t<div class=\"elementor-container elementor-column-gap-default\">\n\t\t\t\t\t<div class=\"elementor-column elementor-col-100 elementor-top-column elementor-element elementor-element-e07901b\" data-id=\"e07901b\" data-element_type=\"column\">\n\t\t\t<div class=\"elementor-widget-wrap elementor-element-populated\">\n\t\t\t\t\t\t<div class=\"elementor-element elementor-element-d04f35a elementor-widget elementor-widget-video\" data-id=\"d04f35a\" data-element_type=\"widget\" data-settings=\"{&quot;youtube_url&quot;:&quot;https:\\\/\\\/www.youtube.com\\\/watch?v=CE0X8VNTCQU&quot;,&quot;autoplay&quot;:&quot;yes&quot;,&quot;play_on_mobile&quot;:&quot;yes&quot;,&quot;loop&quot;:&quot;yes&quot;,&quot;yt_privacy&quot;:&quot;yes&quot;,&quot;video_type&quot;:&quot;youtube&quot;}\" data-widget_type=\"video.default\">\n\t\t\t\t\t\t\t<div class=\"elementor-wrapper elementor-open-inline\">\n\t\t\t<div class=\"elementor-video\"><\/div>\t\t<\/div>\n\t\t\t\t\t\t<\/div>\n\t\t\t\t\t<\/div>\n\t\t<\/div>\n\t\t\t\t\t<\/div>\n\t\t<\/section>\n\t\t\t\t<section class=\"elementor-section elementor-top-section elementor-element elementor-element-dc339a2 elementor-section-boxed elementor-section-height-default elementor-section-height-default\" data-id=\"dc339a2\" data-element_type=\"section\" data-settings=\"{&quot;_ha_eqh_enable&quot;:false}\">\n\t\t\t\t\t\t<div class=\"elementor-container elementor-column-gap-default\">\n\t\t\t\t\t<div class=\"elementor-column elementor-col-100 elementor-top-column elementor-element elementor-element-0938d71\" data-id=\"0938d71\" data-element_type=\"column\" data-settings=\"{&quot;background_background&quot;:&quot;classic&quot;}\">\n\t\t\t<div class=\"elementor-widget-wrap elementor-element-populated\">\n\t\t\t\t\t\t<div class=\"elementor-element elementor-element-aadf388 elementor-widget elementor-widget-heading\" data-id=\"aadf388\" data-element_type=\"widget\" data-widget_type=\"heading.default\">\n\t\t\t\t\t<h2 class=\"elementor-heading-title elementor-size-default\">Programme <\/h2>\t\t\t\t<\/div>\n\t\t\t\t<div class=\"elementor-element elementor-element-b48462a elementor-widget elementor-widget-text-editor\" data-id=\"b48462a\" data-element_type=\"widget\" data-widget_type=\"text-editor.default\">\n\t\t\t\t\t\t\t\t\t23 films, among shorts and feature length films awarded in previous editions.\t\t\t\t\t\t\t\t<\/div>\n\t\t\t\t<div class=\"elementor-element elementor-element-15de2fa elementor-widget elementor-widget-heading\" data-id=\"15de2fa\" data-element_type=\"widget\" data-widget_type=\"heading.default\">\n\t\t\t\t\t<h2 class=\"elementor-heading-title elementor-size-default\">Other Activities<\/h2>\t\t\t\t<\/div>\n\t\t\t\t<div class=\"elementor-element elementor-element-56cf27e elementor-widget elementor-widget-text-editor\" data-id=\"56cf27e\" data-element_type=\"widget\" data-widget_type=\"text-editor.default\">\n\t\t\t\t\t\t\t\t\tPanel \u2018Unnecessary Consumerism \/ Garbage in Excess\u2019, with Beth Grinberg from Instituto P\u00f3lis &amp;   Zero Waste Alliance Brazil, and Nina Orlow part of the SDG Movement \/ State of S\u00e3o Paulo &amp; of Nossa Rede (Our Web) S\u00e3o Paulo.<br><\/br>\n\nPanel \u2018Seas and Oceans: The New Decade\u2019, with Alexander Turra, coordinator of the UNESCO chair for the Oceans Sustainability (IEA\/IOUSP); Ricardo Gomes, marine biologist and filmmaker; and Juliana Poncioni, director of Parley for the Oceans Brazill.<br><\/br>\n\n\nOpening Live with the awarded DOP Sylvestre Campe, about his experiences overflying the Amazon forest registering the fires seasons in 2019 and 2020, and about his professional path  until becoming a renowned photographer of adventure films.\t\t\t\t\t\t\t\t<\/div>\n\t\t\t\t<div class=\"elementor-element elementor-element-f9b8857 elementor-widget elementor-widget-heading\" data-id=\"f9b8857\" data-element_type=\"widget\" data-widget_type=\"heading.default\">\n\t\t\t\t\t<h2 class=\"elementor-heading-title elementor-size-default\">Venues<\/h2>\t\t\t\t<\/div>\n\t\t\t\t<div class=\"elementor-element elementor-element-fb9e74a elementor-widget elementor-widget-text-editor\" data-id=\"fb9e74a\" data-element_type=\"widget\" data-widget_type=\"text-editor.default\">\n\t\t\t\t\t\t\t\t\tOnline, films open to Brazil territory and panels open to the world.\t\t\t\t\t\t\t\t<\/div>\n\t\t\t\t<div class=\"elementor-element elementor-element-1c7f99d elementor-widget elementor-widget-heading\" data-id=\"1c7f99d\" data-element_type=\"widget\" data-widget_type=\"heading.default\">\n\t\t\t\t\t<h2 class=\"elementor-heading-title elementor-size-default\">Catalog Download<\/h2>\t\t\t\t<\/div>\n\t\t\t\t<div class=\"elementor-element elementor-element-3e62e30 elementor-align-left elementor-widget-mobile__width-auto elementor-widget elementor-widget-button\" data-id=\"3e62e30\" data-element_type=\"widget\" data-widget_type=\"button.default\">\n\t\t\t\t\t\t\t\t\t\t<a class=\"elementor-button elementor-button-link elementor-size-sm elementor-animation-shrink\" href=\"http:\/\/filmambiente.com\/wp-content\/uploads\/2021\/07\/Catalogo_filmambiene-2020-web.pdf\" target=\"_blank\">\n\t\t\t\t\t\t<span class=\"elementor-button-content-wrapper\">\n\t\t\t\t\t\t\t\t\t<span class=\"elementor-button-text\">Download<\/span>\n\t\t\t\t\t<\/span>\n\t\t\t\t\t<\/a>\n\t\t\t\t\t\t\t\t<\/div>\n\t\t\t\t\t<\/div>\n\t\t<\/div>\n\t\t\t\t\t<\/div>\n\t\t<\/section>\n\t\t\t\t<section class=\"elementor-section elementor-top-section elementor-element elementor-element-9e58d85 elementor-section-full_width elementor-section-stretched elementor-hidden-desktop elementor-hidden-tablet elementor-section-height-default elementor-section-height-default\" data-id=\"9e58d85\" data-element_type=\"section\" data-settings=\"{&quot;stretch_section&quot;:&quot;section-stretched&quot;,&quot;_ha_eqh_enable&quot;:false}\">\n\t\t\t\t\t\t<div class=\"elementor-container elementor-column-gap-default\">\n\t\t\t\t\t<div class=\"elementor-column elementor-col-100 elementor-top-column elementor-element elementor-element-349faa7\" data-id=\"349faa7\" data-element_type=\"column\">\n\t\t\t<div class=\"elementor-widget-wrap\">\n\t\t\t\t\t\t\t<\/div>\n\t\t<\/div>\n\t\t\t\t\t<\/div>\n\t\t<\/section>\n\t\t\t\t<section class=\"elementor-section elementor-top-section elementor-element elementor-element-6d45f45 elementor-section-boxed elementor-section-height-default elementor-section-height-default\" data-id=\"6d45f45\" data-element_type=\"section\" data-settings=\"{&quot;_ha_eqh_enable&quot;:false}\">\n\t\t\t\t\t\t<div class=\"elementor-container elementor-column-gap-default\">\n\t\t\t\t\t<div class=\"elementor-column elementor-col-100 elementor-top-column elementor-element elementor-element-df65300\" data-id=\"df65300\" data-element_type=\"column\" data-settings=\"{&quot;background_background&quot;:&quot;classic&quot;}\">\n\t\t\t<div class=\"elementor-widget-wrap elementor-element-populated\">\n\t\t\t\t\t\t<div class=\"elementor-element elementor-element-a67f9aa elementor-widget elementor-widget-heading\" data-id=\"a67f9aa\" data-element_type=\"widget\" data-widget_type=\"heading.default\">\n\t\t\t\t\t<h2 class=\"elementor-heading-title elementor-size-default\">Sponsors and Partners <\/h2>\t\t\t\t<\/div>\n\t\t\t\t<div class=\"elementor-element elementor-element-3d9d1a5 elementor-widget elementor-widget-image\" data-id=\"3d9d1a5\" data-element_type=\"widget\" data-widget_type=\"image.default\">\n\t\t\t\t\t\t\t\t\t\t\t\t\t\t\t<img fetchpriority=\"high\" decoding=\"async\" width=\"869\" height=\"104\" src=\"https:\/\/filmambiente.com\/wp-content\/uploads\/2021\/07\/patrocinios2020-7jul21.jpg\" class=\"attachment-full size-full wp-image-10954\" alt=\"\" srcset=\"https:\/\/filmambiente.com\/wp-content\/uploads\/2021\/07\/patrocinios2020-7jul21.jpg 869w, https:\/\/filmambiente.com\/wp-content\/uploads\/2021\/07\/patrocinios2020-7jul21-300x36.jpg 300w, https:\/\/filmambiente.com\/wp-content\/uploads\/2021\/07\/patrocinios2020-7jul21-768x92.jpg 768w, https:\/\/filmambiente.com\/wp-content\/uploads\/2021\/07\/patrocinios2020-7jul21-16x2.jpg 16w\" sizes=\"(max-width: 869px) 100vw, 869px\" \/>\t\t\t\t\t\t\t\t\t\t\t\t\t\t\t<\/div>\n\t\t\t\t\t<\/div>\n\t\t<\/div>\n\t\t\t\t\t<\/div>\n\t\t<\/section>\n\t\t\t\t<\/div>","protected":false},"excerpt":{"rendered":"<p>Filmambiente 2020 | 24-30 Setembro | Online Programa\u00e7\u00e3o 23 filmes entre longas e curtas premiados em edi\u00e7\u00f5es anteriores. Atividades Paralelas Painel Consumo desnecess\u00e1rio. Lixo excessivo, com a participa\u00e7\u00e3o de Beth Grinberg, do Instituto P\u00f3lis e Alian\u00e7a Res\u00edduo Zero Brasil, e Nina Orlow, Movimento pelos ODS \/ estado S\u00e3o Paulo GT Meio Ambiente \u2013 Nossa Rede [&hellip;]<\/p>","protected":false},"author":2,"featured_media":0,"parent":0,"menu_order":0,"comment_status":"closed","ping_status":"closed","template":"elementor_header_footer","meta":{"_acf_changed":false,"footnotes":""},"class_list":["post-8748","page","type-page","status-publish","hentry"],"acf":[],"_links":{"self":[{"href":"https:\/\/filmambiente.com\/en\/wp-json\/wp\/v2\/pages\/8748","targetHints":{"allow":["GET"]}}],"collection":[{"href":"https:\/\/filmambiente.com\/en\/wp-json\/wp\/v2\/pages"}],"about":[{"href":"https:\/\/filmambiente.com\/en\/wp-json\/wp\/v2\/types\/page"}],"author":[{"embeddable":true,"href":"https:\/\/filmambiente.com\/en\/wp-json\/wp\/v2\/users\/2"}],"replies":[{"embeddable":true,"href":"https:\/\/filmambiente.com\/en\/wp-json\/wp\/v2\/comments?post=8748"}],"version-history":[{"count":353,"href":"https:\/\/filmambiente.com\/en\/wp-json\/wp\/v2\/pages\/8748\/revisions"}],"predecessor-version":[{"id":17360,"href":"https:\/\/filmambiente.com\/en\/wp-json\/wp\/v2\/pages\/8748\/revisions\/17360"}],"wp:attachment":[{"href":"https:\/\/filmambiente.com\/en\/wp-json\/wp\/v2\/media?parent=8748"}],"curies":[{"name":"wp","href":"https:\/\/api.w.org\/{rel}","templated":true}]}}