{"id":8530,"date":"2021-06-21T10:40:32","date_gmt":"2021-06-21T13:40:32","guid":{"rendered":"http:\/\/filmambiente.com\/?page_id=8530"},"modified":"2021-07-15T15:19:46","modified_gmt":"2021-07-15T18:19:46","slug":"termos-de-uso","status":"publish","type":"page","link":"https:\/\/filmambiente.com\/en\/termos-de-uso\/","title":{"rendered":"Terms and Conditions"},"content":{"rendered":"<div data-elementor-type=\"wp-page\" data-elementor-id=\"8530\" class=\"elementor elementor-8530\" data-elementor-post-type=\"page\">\n\t\t\t\t\t\t<section class=\"elementor-section elementor-top-section elementor-element elementor-element-793a570 elementor-section-boxed elementor-section-height-default elementor-section-height-default\" data-id=\"793a570\" data-element_type=\"section\" data-settings=\"{&quot;_ha_eqh_enable&quot;:false}\">\n\t\t\t\t\t\t<div class=\"elementor-container elementor-column-gap-default\">\n\t\t\t\t\t<div class=\"elementor-column elementor-col-100 elementor-top-column elementor-element elementor-element-6138091\" data-id=\"6138091\" data-element_type=\"column\">\n\t\t\t<div class=\"elementor-widget-wrap elementor-element-populated\">\n\t\t\t\t\t\t<div class=\"elementor-element elementor-element-610abef elementor-widget elementor-widget-heading\" data-id=\"610abef\" data-element_type=\"widget\" data-widget_type=\"heading.default\">\n\t\t\t\t\t<h2 class=\"elementor-heading-title elementor-size-default\">Terms and Conditions<\/h2>\t\t\t\t<\/div>\n\t\t\t\t<div class=\"elementor-element elementor-element-2462b44 elementor-widget elementor-widget-text-editor\" data-id=\"2462b44\" data-element_type=\"widget\" data-widget_type=\"text-editor.default\">\n\t\t\t\t\t\t\t\t\t<ol><li><strong> Terms and Conditions <\/strong><\/li><\/ol><p>By accessing the website at Filmambiente you are agreeing to be bound by these terms of service, all applicable laws and regulations, and agree that you are responsible for compliance with any applicable local laws. If you do not agree with any of these terms, you are prohibited from using or accessing this site. The materials contained in this website are protected by applicable copyright and trademark law.<\/p><ol start=\"2\"><li><strong> Use License<\/strong><\/li><\/ol><p>All information contained on the website, including movies and videos, cannot be copied, or downloaded, even temporarily. All films and videos made available on the site are protected by copyright, owned by Filmambiente or by third parties, which cannot be violated. This is the granting of a license, not a transfer of title, and under this license you cannot:<\/p><ol><li>Download, modify or copy the materials.<\/li><li>use the materials for any commercial purpose or for public display (commercial or non-commercial);<\/li><li>attempt to decompile or reverse engineer any software contained on the Filmambiente website;<\/li><li>remove any copyright or other proprietary notations from the materials; or<\/li><li>transfer the materials to another person or 'mirror' the materials on any other server.<\/li><\/ol><p>This license will automatically terminate if you violate any of these restrictions and may be terminated by Filmambiente at any time. Upon termination of viewing these materials or upon termination of this license, you must delete all materials that you may have inadvertently downloaded into your possession<\/p><ol start=\"3\"><li><strong> Disclaimer<\/strong><\/li><\/ol><ol><li>1.\tThe materials on Filmambiente website are provided on an 'as is' basis. Filmambiente makes no warranties, expressed or implied, and hereby disclaims and negates all other warranties including, without limitation, implied warranties or conditions of merchantability, fitness for a particular purpose, or non-infringement of intellectual property or other violation of rights.<\/li><li>Further, Filmambiente does not warrant or make any representations concerning the accuracy, likely results, or reliability of the use of the materials on its website or otherwise relating to such materials or on any sites linked to this site.<\/li><\/ol><ol start=\"4\"><li><strong> Limitations<\/strong><\/li><\/ol><p>In no event shall Filmambiente or its suppliers be liable for any damages (including, without limitation, damages for loss of data or profit, or due to business interruption) arising out of the use or inability to use the materials on Filmambiente website, even if Filmambiente or a Filmambiente authorized representative has been notified orally or in writing of the possibility of such damage. Because some jurisdictions do not allow limitations on implied warranties, or limitations of liability for consequential or incidental damages, these limitations may not apply to you.<\/p><ol start=\"5\"><li><strong> Accuracy of materials<\/strong><\/li><\/ol><p>The materials appearing on Filmambiente website could include technical, typographical, or photographic errors. Filmambiente does not warrant that any of the materials on its website are accurate, complete or current. Filmambiente may make changes to the materials contained on its website at any time without notice. However Filmambiente does not make any commitment to update the materials.<\/p><ol start=\"6\"><li><strong> Links<\/strong><\/li><\/ol><p>Filmambiente has not reviewed all of the sites linked to its website and is not responsible for the contents of any such linked site. The inclusion of any link does not imply endorsement by Filmambiente of the site. Use of any such linked website is at the user's own risk.<\/p><ol start=\"7\"><li><strong> Modifications<\/strong><\/li><\/ol><p>Filmambiente may revise these terms of service for its website at any time without notice. By using this website you are agreeing to be bound by the then current version of these terms of service.<\/p><ol start=\"8\"><li><strong> Governing Law<\/strong><\/li><\/ol><p>These terms and conditions are governed by and construed in accordance with the laws of Filmambiente and you irrevocably submit to the exclusive jurisdiction of the courts in that State or location.<\/p>\t\t\t\t\t\t\t\t<\/div>\n\t\t\t\t\t<\/div>\n\t\t<\/div>\n\t\t\t\t\t<\/div>\n\t\t<\/section>\n\t\t\t\t<\/div>","protected":false},"excerpt":{"rendered":"<p>Termos de Uso Termos de Uso Ao acessar ao site\u00a0Filmambiente, concorda em cumprir estes termos de servi\u00e7o, todas as leis e regulamentos aplic\u00e1veis \u200b\u200be concorda que \u00e9 respons\u00e1vel pelo cumprimento de todas as leis locais aplic\u00e1veis. Se voc\u00ea n\u00e3o concordar com algum desses termos, est\u00e1 proibido de usar ou acessar este site. Os materiais contidos [&hellip;]<\/p>","protected":false},"author":2,"featured_media":0,"parent":0,"menu_order":0,"comment_status":"closed","ping_status":"closed","template":"elementor_header_footer","meta":{"_acf_changed":false,"footnotes":""},"class_list":["post-8530","page","type-page","status-publish","hentry"],"acf":[],"_links":{"self":[{"href":"https:\/\/filmambiente.com\/en\/wp-json\/wp\/v2\/pages\/8530","targetHints":{"allow":["GET"]}}],"collection":[{"href":"https:\/\/filmambiente.com\/en\/wp-json\/wp\/v2\/pages"}],"about":[{"href":"https:\/\/filmambiente.com\/en\/wp-json\/wp\/v2\/types\/page"}],"author":[{"embeddable":true,"href":"https:\/\/filmambiente.com\/en\/wp-json\/wp\/v2\/users\/2"}],"replies":[{"embeddable":true,"href":"https:\/\/filmambiente.com\/en\/wp-json\/wp\/v2\/comments?post=8530"}],"version-history":[{"count":16,"href":"https:\/\/filmambiente.com\/en\/wp-json\/wp\/v2\/pages\/8530\/revisions"}],"predecessor-version":[{"id":11173,"href":"https:\/\/filmambiente.com\/en\/wp-json\/wp\/v2\/pages\/8530\/revisions\/11173"}],"wp:attachment":[{"href":"https:\/\/filmambiente.com\/en\/wp-json\/wp\/v2\/media?parent=8530"}],"curies":[{"name":"wp","href":"https:\/\/api.w.org\/{rel}","templated":true}]}}