{"id":8529,"date":"2021-06-21T10:40:38","date_gmt":"2021-06-21T13:40:38","guid":{"rendered":"http:\/\/filmambiente.com\/?page_id=8529"},"modified":"2021-07-15T15:03:17","modified_gmt":"2021-07-15T18:03:17","slug":"politica-de-cookies","status":"publish","type":"page","link":"https:\/\/filmambiente.com\/en\/politica-de-cookies\/","title":{"rendered":"Cookies Policy"},"content":{"rendered":"<div data-elementor-type=\"wp-page\" data-elementor-id=\"8529\" class=\"elementor elementor-8529\" data-elementor-post-type=\"page\">\n\t\t\t\t\t\t<section class=\"elementor-section elementor-top-section elementor-element elementor-element-2424aa9 elementor-section-boxed elementor-section-height-default elementor-section-height-default\" data-id=\"2424aa9\" data-element_type=\"section\" data-settings=\"{&quot;_ha_eqh_enable&quot;:false}\">\n\t\t\t\t\t\t<div class=\"elementor-container elementor-column-gap-default\">\n\t\t\t\t\t<div class=\"elementor-column elementor-col-100 elementor-top-column elementor-element elementor-element-7259c43\" data-id=\"7259c43\" data-element_type=\"column\">\n\t\t\t<div class=\"elementor-widget-wrap elementor-element-populated\">\n\t\t\t\t\t\t<div class=\"elementor-element elementor-element-2742cee elementor-widget elementor-widget-heading\" data-id=\"2742cee\" data-element_type=\"widget\" data-widget_type=\"heading.default\">\n\t\t\t\t\t<h2 class=\"elementor-heading-title elementor-size-default\">Cookies Policy<\/h2>\t\t\t\t<\/div>\n\t\t\t\t<div class=\"elementor-element elementor-element-2e4de4f elementor-widget elementor-widget-text-editor\" data-id=\"2e4de4f\" data-element_type=\"widget\" data-widget_type=\"text-editor.default\">\n\t\t\t\t\t\t\t\t\t<strong>What Are Cookies<\/strong><br><\/br>\n\nAs is common practice with almost all professional websites this site uses cookies, which are tiny files that are downloaded to your computer, to improve your experience. This page describes what information they gather, how we use it and why we sometimes need to store these cookies. We will also share how you can prevent these cookies from being stored however this may downgrade or 'break' certain elements of the sites functionality.<br><\/br>\n\n<strong>How We Use Cookies<\/strong><br><\/br>\n\nWe use cookies for a variety of reasons detailed below. Unfortunately, in most cases there are no industry standard options for disabling cookies without completely disabling the functionality and features they add to this site. It is recommended that you leave on all cookies if you are not sure whether you need them or not in case they are used to provide a service that you use.<br><\/br>\n\n<strong>Disabling Cookies<\/strong><br><\/br>\n\nYou can prevent the setting of cookies by adjusting the settings on your browser (see your browser Help for how to do this). Be aware that disabling cookies will affect the functionality of this and many other websites that you visit. Disabling cookies will usually result in also disabling certain functionality and features of this site. Therefore, it is recommended that you do not disable cookies.<br><\/br>\n\n<strong>The Cookies We Set<\/strong>\n<ul><br>\n \t<li>Account related cookies - If you create an account with us then we will use cookies for the management of the signup process and general administration. These cookies will usually be deleted when you log out however in some cases they may remain afterwards to remember your site preferences when logged out.<\/li>\n \t<li>Login related cookies - We use cookies when you are logged in so that we can remember this fact. This prevents you from having to log in every single time you visit a new page. These cookies are typically removed or cleared when you log out to ensure that you can only access restricted features and areas when logged in.<\/li>\n \t<li>Forms related cookies - When you submit data to through a form such as those found on contact pages or comment forms cookies may be set to remember your user details for future correspondence.<\/li>\n \t<li>Site preferences cookies - In order to provide you with a great experience on this site we provide the functionality to set your preferences for how this site runs when you use it. In order to remember your preferences, we need to set cookies so that this information can be called whenever you interact with a page is affected by your preferences.<\/li>\n<\/ul>\n<strong>Third Party Cookies<\/strong><br><\/br>\n\nIn some special cases we also use cookies provided by trusted third parties. The following section details which third party cookies you might encounter through this site.<br><\/br>\n<ul>\n \t<li>This site uses Google Analytics which is one of the most widespread and trusted analytics solution on the web for helping us to understand how you use the site and ways that we can improve your experience. These cookies may track things such as how long you spend on the site and the pages that you visit so we can continue to produce engaging content. For more information on Google Analytics cookies, see the official Google Analytics page.<\/li>\n \t<li>We also use social media buttons and\/or plugins on this site that allow you to connect with your social network in various ways..<\/li>\n<\/ul>\nFor more information on Google Analytics cookies, visit the official Google Analytics page.\n\n<br><\/br><strong>User Commitment<\/strong><br><\/br>\n\nThe user undertakes to make proper use of the contents and information that Filmambiente offers on the website and with an enunciative, but non-limiting, character:<br><\/br>\n<ul>\n \t<li>A) Not engage in activities that are illegal or contrary to good faith and public order;<\/li>\n \t<li>B) Not to spread propaganda or content of a racist, xenophobic, or sporting nature (eg: Betano), games of chance, any type of illegal pornography, in defense of terrorism or against human rights;<a href=\"https:\/\/ondeapostar.pt\/review\/betano\/\">\u00a0Betano<\/a>), jogos de sorte e azar, qualquer tipo de pornografia ilegal, de apologia ao terrorismo ou contra os direitos humanos;<\/li>\n \t<li>C) Not to cause damage to the physical (hardware) and logical (software) systems of filmambiente, its suppliers or third parties, to introduce or spread computer viruses or any other hardware or software systems that are capable of causing previous damages caused.<\/li>\n<\/ul>\n<strong>More Information<\/strong><br><\/br>\n\nHopefully, that has clarified things for you and as was previously mentioned if there is something that you aren't sure whether you need or not it's usually safer to leave cookies enabled in case it does interact with one of the features you use on our site.\u00a0<strong>Junho<\/strong>\/<strong>2021<\/strong>.\t\t\t\t\t\t\t\t<\/div>\n\t\t\t\t\t<\/div>\n\t\t<\/div>\n\t\t\t\t\t<\/div>\n\t\t<\/section>\n\t\t\t\t<\/div>","protected":false},"excerpt":{"rendered":"<p>Pol\u00edtica de Cookies O que s\u00e3o cookies? Como \u00e9 pr\u00e1tica comum em quase todos os sites profissionais, este site usa cookies, que s\u00e3o pequenos arquivos baixados no seu computador, para melhorar sua experi\u00eancia. Esta p\u00e1gina descreve quais informa\u00e7\u00f5es eles coletam, como as usamos e por que \u00e0s vezes precisamos armazenar esses cookies. Tamb\u00e9m compartilharemos como [&hellip;]<\/p>","protected":false},"author":2,"featured_media":0,"parent":0,"menu_order":0,"comment_status":"closed","ping_status":"closed","template":"elementor_header_footer","meta":{"_acf_changed":false,"footnotes":""},"class_list":["post-8529","page","type-page","status-publish","hentry"],"acf":[],"_links":{"self":[{"href":"https:\/\/filmambiente.com\/en\/wp-json\/wp\/v2\/pages\/8529","targetHints":{"allow":["GET"]}}],"collection":[{"href":"https:\/\/filmambiente.com\/en\/wp-json\/wp\/v2\/pages"}],"about":[{"href":"https:\/\/filmambiente.com\/en\/wp-json\/wp\/v2\/types\/page"}],"author":[{"embeddable":true,"href":"https:\/\/filmambiente.com\/en\/wp-json\/wp\/v2\/users\/2"}],"replies":[{"embeddable":true,"href":"https:\/\/filmambiente.com\/en\/wp-json\/wp\/v2\/comments?post=8529"}],"version-history":[{"count":13,"href":"https:\/\/filmambiente.com\/en\/wp-json\/wp\/v2\/pages\/8529\/revisions"}],"predecessor-version":[{"id":11170,"href":"https:\/\/filmambiente.com\/en\/wp-json\/wp\/v2\/pages\/8529\/revisions\/11170"}],"wp:attachment":[{"href":"https:\/\/filmambiente.com\/en\/wp-json\/wp\/v2\/media?parent=8529"}],"curies":[{"name":"wp","href":"https:\/\/api.w.org\/{rel}","templated":true}]}}