{"id":8405,"date":"2021-06-19T20:34:51","date_gmt":"2021-06-19T23:34:51","guid":{"rendered":"http:\/\/filmambiente.com\/?page_id=8405"},"modified":"2024-03-25T17:44:54","modified_gmt":"2024-03-25T20:44:54","slug":"outras-atividades","status":"publish","type":"page","link":"https:\/\/filmambiente.com\/en\/outras-atividades\/","title":{"rendered":"Other Activities"},"content":{"rendered":"<div data-elementor-type=\"wp-page\" data-elementor-id=\"8405\" class=\"elementor elementor-8405\" data-elementor-post-type=\"page\">\n\t\t\t\t\t\t<section class=\"elementor-section elementor-top-section elementor-element elementor-element-025b7e8 elementor-section-boxed elementor-section-height-default elementor-section-height-default\" data-id=\"025b7e8\" data-element_type=\"section\" data-settings=\"{&quot;background_background&quot;:&quot;classic&quot;,&quot;_ha_eqh_enable&quot;:false}\">\n\t\t\t\t\t\t\t<div class=\"elementor-background-overlay\"><\/div>\n\t\t\t\t\t\t\t<div class=\"elementor-container elementor-column-gap-default\">\n\t\t\t\t\t<div class=\"elementor-column elementor-col-100 elementor-top-column elementor-element elementor-element-6c5dbd0\" data-id=\"6c5dbd0\" data-element_type=\"column\">\n\t\t\t<div class=\"elementor-widget-wrap elementor-element-populated\">\n\t\t\t\t\t\t<div class=\"elementor-element elementor-element-af0e46d elementor-widget elementor-widget-heading\" data-id=\"af0e46d\" data-element_type=\"widget\" data-widget_type=\"heading.default\">\n\t\t\t\t\t<h2 class=\"elementor-heading-title elementor-size-default\">Other Activities<\/h2>\t\t\t\t<\/div>\n\t\t\t\t<div class=\"elementor-element elementor-element-8f4989c animated-slow elementor-position-left elementor-vertical-align-top elementor-invisible elementor-widget elementor-widget-image-box\" data-id=\"8f4989c\" data-element_type=\"widget\" data-settings=\"{&quot;_animation&quot;:&quot;fadeInLeft&quot;,&quot;_animation_delay&quot;:300}\" data-widget_type=\"image-box.default\">\n\t\t\t\t\t<div class=\"elementor-image-box-wrapper\"><figure class=\"elementor-image-box-img\"><img fetchpriority=\"high\" decoding=\"async\" width=\"546\" height=\"524\" src=\"https:\/\/filmambiente.com\/wp-content\/uploads\/2024\/03\/chamada-p-site-b.jpg\" class=\"attachment-full size-full wp-image-17507\" alt=\"\" srcset=\"https:\/\/filmambiente.com\/wp-content\/uploads\/2024\/03\/chamada-p-site-b.jpg 546w, https:\/\/filmambiente.com\/wp-content\/uploads\/2024\/03\/chamada-p-site-b-300x288.jpg 300w, https:\/\/filmambiente.com\/wp-content\/uploads\/2024\/03\/chamada-p-site-b-13x12.jpg 13w\" sizes=\"(max-width: 546px) 100vw, 546px\" \/><\/figure><div class=\"elementor-image-box-content\"><h3 class=\"elementor-image-box-title\">FILMAMBIENTE | CURATORSHIP IN PORTUGAL<\/h3><p class=\"elementor-image-box-description\">Lau Zanchi, organizer of the event, invited filmambiente to participate in the MONTH OF THE AMAZONIA, Read, Think, Feel the Amazon, in Lisbon, Portugal, at the Pal\u00e1cio Galveias library, from March 21st to April 22nd. <br><\/br>\nWe accepted the challenge and selected films to be shown at the event, which also includes music, gastronomy, fashion, book launches, debates and the photo exhibition \u201cThe jungle that lives in us\u201d.<br><\/br>\nCurated by @Filmambiente, and supported by the filmmakers - who provided their films without a fee - there are 22 titles, a diverse selection of Portuguese, Brazilian and international films, many of them award-winning, including the recently located Amazon, the largest river in the world, by the filmmaker and Portuguese-Brazilian photographer Silvino Santos. The film will open the screenings with the support of @Cinemateca Brasileira. <br><\/br>\nAn opportunity to get to know the forest in all its complexity, beauty and conflicts, with a focus on its people, so diverse - Indigenous people, quilombolas, riverside dwellers, babassu coconut breakers, activists - and so committed to protect nature and their ways of life.\n<\/p><\/div><\/div>\t\t\t\t<\/div>\n\t\t\t\t<div class=\"elementor-element elementor-element-83fe132 elementor-position-left animated-slow elementor-vertical-align-top elementor-invisible elementor-widget elementor-widget-image-box\" data-id=\"83fe132\" data-element_type=\"widget\" data-settings=\"{&quot;_animation&quot;:&quot;fadeInRight&quot;,&quot;_animation_delay&quot;:300}\" data-widget_type=\"image-box.default\">\n\t\t\t\t\t<div class=\"elementor-image-box-wrapper\"><figure class=\"elementor-image-box-img\"><img decoding=\"async\" width=\"546\" height=\"524\" src=\"https:\/\/filmambiente.com\/wp-content\/uploads\/2024\/03\/Design-sem-nome-1.png\" class=\"attachment-full size-full wp-image-17533\" alt=\"\" srcset=\"https:\/\/filmambiente.com\/wp-content\/uploads\/2024\/03\/Design-sem-nome-1.png 546w, https:\/\/filmambiente.com\/wp-content\/uploads\/2024\/03\/Design-sem-nome-1-300x288.png 300w, https:\/\/filmambiente.com\/wp-content\/uploads\/2024\/03\/Design-sem-nome-1-13x12.png 13w\" sizes=\"(max-width: 546px) 100vw, 546px\" \/><\/figure><div class=\"elementor-image-box-content\"><h3 class=\"elementor-image-box-title\">Biodiversity in Audiovisual<\/h3><p class=\"elementor-image-box-description\">In 2023, Filmambiente was invited to curate the films displayed at the Mostra Biodiversidade em Audiovisual (Biodiversity in Audiovisual), promoted by the Casa da Cultura de Paraty, at Cinema da Pra\u00e7a, which has a programme aiming to raise public awareness about environmental issues, promote audiovisual works with such themes, and strengthen the narrative and appropriation of nature conservation. The public participates in debates following the screening of films. The project has the sponsorship of O Globo, the support of the Municipality, the Tourism Council of Paraty, and the Roberto Marinho Foundation, and the selection of the Institute <big><u><b><font size=\"4\"> e<\/font><\/big><\/u><\/b> for the debates and its participants.<\/p><\/div><\/div>\t\t\t\t<\/div>\n\t\t\t\t<div class=\"elementor-element elementor-element-3ca23c7 elementor-position-left animated-slow elementor-vertical-align-top elementor-invisible elementor-widget elementor-widget-image-box\" data-id=\"3ca23c7\" data-element_type=\"widget\" data-settings=\"{&quot;_animation&quot;:&quot;fadeInLeft&quot;,&quot;_animation_delay&quot;:300}\" data-widget_type=\"image-box.default\">\n\t\t\t\t\t<div class=\"elementor-image-box-wrapper\"><figure class=\"elementor-image-box-img\"><img decoding=\"async\" width=\"546\" height=\"524\" src=\"https:\/\/filmambiente.com\/wp-content\/uploads\/2024\/03\/1.png\" class=\"attachment-full size-full wp-image-17511\" alt=\"\" srcset=\"https:\/\/filmambiente.com\/wp-content\/uploads\/2024\/03\/1.png 546w, https:\/\/filmambiente.com\/wp-content\/uploads\/2024\/03\/1-300x288.png 300w, https:\/\/filmambiente.com\/wp-content\/uploads\/2024\/03\/1-13x12.png 13w\" sizes=\"(max-width: 546px) 100vw, 546px\" \/><\/figure><div class=\"elementor-image-box-content\"><h3 class=\"elementor-image-box-title\">Itinerancies<\/h3><p class=\"elementor-image-box-description\">Filmambiente was born and is based in Rio de Janeiro, but it has already happened in other cities, as Bras\u00edlia (2018), Niter\u00f3i (2019), and Porto Alegre (2014). And we are ready to take the Festival on to other municipalities, so that messages from the films and debates \ncan lead more people to reflect on the importance of environmental sustainability and human rights issues. We have some projects on the go, and open to invites!<\/p><\/div><\/div>\t\t\t\t<\/div>\n\t\t\t\t<div class=\"elementor-element elementor-element-d66b5c9 elementor-position-left animated-slow elementor-vertical-align-top elementor-invisible elementor-widget elementor-widget-image-box\" data-id=\"d66b5c9\" data-element_type=\"widget\" data-settings=\"{&quot;_animation&quot;:&quot;fadeInRight&quot;,&quot;_animation_delay&quot;:300}\" data-widget_type=\"image-box.default\">\n\t\t\t\t\t<div class=\"elementor-image-box-wrapper\"><figure class=\"elementor-image-box-img\"><a href=\"http:\/\/filmambiente.com\/en\/vozes-do-filmambiente\/\" tabindex=\"-1\"><img loading=\"lazy\" decoding=\"async\" width=\"546\" height=\"524\" src=\"https:\/\/filmambiente.com\/wp-content\/uploads\/2024\/03\/3.png\" class=\"attachment-full size-full wp-image-17513\" alt=\"\" srcset=\"https:\/\/filmambiente.com\/wp-content\/uploads\/2024\/03\/3.png 546w, https:\/\/filmambiente.com\/wp-content\/uploads\/2024\/03\/3-300x288.png 300w, https:\/\/filmambiente.com\/wp-content\/uploads\/2024\/03\/3-13x12.png 13w\" sizes=\"(max-width: 546px) 100vw, 546px\" \/><\/a><\/figure><div class=\"elementor-image-box-content\"><h3 class=\"elementor-image-box-title\"><a href=\"http:\/\/filmambiente.com\/en\/vozes-do-filmambiente\/\">Filmambiente Voices <\/a><\/h3><p class=\"elementor-image-box-description\">In the midst of this unique period, so full of uncertainties that we are going through, collectively, across the planet, we at Filmambiente proposed a reflection on the experience of social isolation\/quarantine \u2013 and also on what we can expect \/ desire for the future. We know that the world will no longer be exactly the same when this pandemic is over, but how will it be?\n<\/p><\/div><\/div>\t\t\t\t<\/div>\n\t\t\t\t<div class=\"elementor-element elementor-element-1035c7e elementor-position-left animated-slow elementor-vertical-align-top elementor-invisible elementor-widget elementor-widget-image-box\" data-id=\"1035c7e\" data-element_type=\"widget\" data-settings=\"{&quot;_animation&quot;:&quot;fadeInLeft&quot;,&quot;_animation_delay&quot;:300}\" data-widget_type=\"image-box.default\">\n\t\t\t\t\t<div class=\"elementor-image-box-wrapper\"><figure class=\"elementor-image-box-img\"><a href=\"http:\/\/filmambiente.com\/en\/baia-urbana-nas-escolas\/\" tabindex=\"-1\"><img loading=\"lazy\" decoding=\"async\" width=\"546\" height=\"524\" src=\"https:\/\/filmambiente.com\/wp-content\/uploads\/2024\/03\/2.png\" class=\"attachment-full size-full wp-image-17512\" alt=\"\" srcset=\"https:\/\/filmambiente.com\/wp-content\/uploads\/2024\/03\/2.png 546w, https:\/\/filmambiente.com\/wp-content\/uploads\/2024\/03\/2-300x288.png 300w, https:\/\/filmambiente.com\/wp-content\/uploads\/2024\/03\/2-13x12.png 13w\" sizes=\"(max-width: 546px) 100vw, 546px\" \/><\/a><\/figure><div class=\"elementor-image-box-content\"><h3 class=\"elementor-image-box-title\"><a href=\"http:\/\/filmambiente.com\/en\/baia-urbana-nas-escolas\/\">Ba\u00eda Urbana for Schools<\/a><\/h3><p class=\"elementor-image-box-description\">Ba\u00eda Urbana (Urban Bay) the documentary by the photographer and marine biologist Ricardo Gomes, shot over 2 years, depicts the marine life that still exists in the Guanabara Bay (Rio de Janeiro). In March 2021, we opened subscriptions for teachers, students and groups interested in watching the movie; and from April 15th to April 30th, 2021 we opened the online access for schools and teachers subscribed, via our website. This event was offered in partnership with the Instituto Mar Urbano (Urban Sea Institute) within the scope of the Lei Aldir Blanc, inciso II (Law Aldir Blanc, subparagraph II). \n<\/p><\/div><\/div>\t\t\t\t<\/div>\n\t\t\t\t\t<\/div>\n\t\t<\/div>\n\t\t\t\t\t<\/div>\n\t\t<\/section>\n\t\t\t\t<\/div>","protected":false},"excerpt":{"rendered":"<p>Outras Atividades FILMAMBIENTE | CURADORIA EM PORTUGAL Lau Zanchi, organizadora do evento, convidou o Filmambiente, para participar do evento M\u00caS DAS AMAZ\u00d3NIAS, LerPensarSentir a Amaz\u00f4nia, em Lisboa, Portugal, na biblioteca Pal\u00e1cio Galveias, de 21 de mar\u00e7o a 22 de abril. Aceitamos o desafio e selecionamos filmes para serem exibidos no evento, que tem ainda m\u00fasica, [&hellip;]<\/p>","protected":false},"author":2,"featured_media":0,"parent":0,"menu_order":0,"comment_status":"closed","ping_status":"closed","template":"elementor_header_footer","meta":{"_acf_changed":false,"footnotes":""},"class_list":["post-8405","page","type-page","status-publish","hentry"],"acf":[],"_links":{"self":[{"href":"https:\/\/filmambiente.com\/en\/wp-json\/wp\/v2\/pages\/8405","targetHints":{"allow":["GET"]}}],"collection":[{"href":"https:\/\/filmambiente.com\/en\/wp-json\/wp\/v2\/pages"}],"about":[{"href":"https:\/\/filmambiente.com\/en\/wp-json\/wp\/v2\/types\/page"}],"author":[{"embeddable":true,"href":"https:\/\/filmambiente.com\/en\/wp-json\/wp\/v2\/users\/2"}],"replies":[{"embeddable":true,"href":"https:\/\/filmambiente.com\/en\/wp-json\/wp\/v2\/comments?post=8405"}],"version-history":[{"count":151,"href":"https:\/\/filmambiente.com\/en\/wp-json\/wp\/v2\/pages\/8405\/revisions"}],"predecessor-version":[{"id":17548,"href":"https:\/\/filmambiente.com\/en\/wp-json\/wp\/v2\/pages\/8405\/revisions\/17548"}],"wp:attachment":[{"href":"https:\/\/filmambiente.com\/en\/wp-json\/wp\/v2\/media?parent=8405"}],"curies":[{"name":"wp","href":"https:\/\/api.w.org\/{rel}","templated":true}]}}