{"id":3,"date":"2021-06-11T21:25:40","date_gmt":"2021-06-12T00:25:40","guid":{"rendered":"http:\/\/filmambiente.com\/?page_id=3"},"modified":"2021-07-15T14:56:26","modified_gmt":"2021-07-15T17:56:26","slug":"politica-de-privacidade","status":"publish","type":"page","link":"https:\/\/filmambiente.com\/en\/politica-de-privacidade\/","title":{"rendered":"Privacy Policy"},"content":{"rendered":"<div data-elementor-type=\"wp-page\" data-elementor-id=\"3\" class=\"elementor elementor-3\" data-elementor-post-type=\"page\">\n\t\t\t\t\t\t<section class=\"elementor-section elementor-top-section elementor-element elementor-element-45cddf7 elementor-section-boxed elementor-section-height-default elementor-section-height-default\" data-id=\"45cddf7\" data-element_type=\"section\" data-settings=\"{&quot;_ha_eqh_enable&quot;:false}\">\n\t\t\t\t\t\t<div class=\"elementor-container elementor-column-gap-default\">\n\t\t\t\t\t<div class=\"elementor-column elementor-col-100 elementor-top-column elementor-element elementor-element-f72281e\" data-id=\"f72281e\" data-element_type=\"column\">\n\t\t\t<div class=\"elementor-widget-wrap elementor-element-populated\">\n\t\t\t\t\t\t<div class=\"elementor-element elementor-element-42be7de elementor-widget elementor-widget-heading\" data-id=\"42be7de\" data-element_type=\"widget\" data-widget_type=\"heading.default\">\n\t\t\t\t\t<h2 class=\"elementor-heading-title elementor-size-default\">Privacy Policy<\/h2>\t\t\t\t<\/div>\n\t\t\t\t<div class=\"elementor-element elementor-element-b5a4080 elementor-widget elementor-widget-text-editor\" data-id=\"b5a4080\" data-element_type=\"widget\" data-widget_type=\"text-editor.default\">\n\t\t\t\t\t\t\t\t\tYour privacy is important to us. It is Filmambiente policy to respect your privacy regarding any information we may collect from you across our website, Filmambiente, and other sites we own and operate.<br><\/br>\n\nWe only ask for personal information when we truly need it to provide a service to you. We collect it by fair and lawful means, with your knowledge and consent. We also let you know why we\u2019re collecting it and how it will be used.<br><\/br>\n\nWe only retain collected information for as long as necessary to provide you with your requested service. What data we store, we\u2019ll protect within commercially acceptable means to prevent loss and theft, as well as unauthorized access, disclosure, copying, use or modification.<br><\/br>\n\nWe don\u2019t share any personally identifying information publicly or with third parties, except when required to by law.<br><\/br>\n\nOur website may link to external sites that are not operated by us. Please be aware that we have no control over the content and practices of these sites and cannot accept responsibility or liability for their respective privacy policies.<br><\/br>\n\nYou are free to refuse our request for your personal information, with the understanding that we may be unable to provide you with some of your desired services.<br><\/br>\n\nYour continued use of our website will be regarded as acceptance of our practices around privacy and personal information. If you have any questions about how we handle user data and personal information, feel free to contact us.\t\t\t\t\t\t\t\t<\/div>\n\t\t\t\t\t<\/div>\n\t\t<\/div>\n\t\t\t\t\t<\/div>\n\t\t<\/section>\n\t\t\t\t<\/div>","protected":false},"excerpt":{"rendered":"<p>Pol\u00edtica de Privacidade A sua privacidade \u00e9 importante para n\u00f3s. \u00c9 pol\u00edtica do Filmambiente respeitar a sua privacidade em rela\u00e7\u00e3o a qualquer informa\u00e7\u00e3o sua que possamos coletar no site\u00a0Filmambiente, e outros sites que possu\u00edmos e operamos. Solicitamos informa\u00e7\u00f5es pessoais apenas quando realmente precisamos delas para lhe fornecer um servi\u00e7o. Fazemo-lo por meios justos e legais, [&hellip;]<\/p>","protected":false},"author":2,"featured_media":0,"parent":0,"menu_order":0,"comment_status":"closed","ping_status":"closed","template":"elementor_header_footer","meta":{"_acf_changed":false,"footnotes":""},"class_list":["post-3","page","type-page","status-publish","hentry"],"acf":[],"_links":{"self":[{"href":"https:\/\/filmambiente.com\/en\/wp-json\/wp\/v2\/pages\/3","targetHints":{"allow":["GET"]}}],"collection":[{"href":"https:\/\/filmambiente.com\/en\/wp-json\/wp\/v2\/pages"}],"about":[{"href":"https:\/\/filmambiente.com\/en\/wp-json\/wp\/v2\/types\/page"}],"author":[{"embeddable":true,"href":"https:\/\/filmambiente.com\/en\/wp-json\/wp\/v2\/users\/2"}],"replies":[{"embeddable":true,"href":"https:\/\/filmambiente.com\/en\/wp-json\/wp\/v2\/comments?post=3"}],"version-history":[{"count":13,"href":"https:\/\/filmambiente.com\/en\/wp-json\/wp\/v2\/pages\/3\/revisions"}],"predecessor-version":[{"id":11167,"href":"https:\/\/filmambiente.com\/en\/wp-json\/wp\/v2\/pages\/3\/revisions\/11167"}],"wp:attachment":[{"href":"https:\/\/filmambiente.com\/en\/wp-json\/wp\/v2\/media?parent=3"}],"curies":[{"name":"wp","href":"https:\/\/api.w.org\/{rel}","templated":true}]}}