{"id":21251,"date":"2025-12-02T19:09:47","date_gmt":"2025-12-02T22:09:47","guid":{"rendered":"https:\/\/filmambiente.com\/?page_id=21251"},"modified":"2025-12-08T19:17:50","modified_gmt":"2025-12-08T22:17:50","slug":"filmambiente-15","status":"publish","type":"page","link":"https:\/\/filmambiente.com\/en\/","title":{"rendered":"Filmambiente 15"},"content":{"rendered":"<div data-elementor-type=\"wp-page\" data-elementor-id=\"21251\" class=\"elementor elementor-21251\" data-elementor-post-type=\"page\">\n\t\t\t\t\t\t<section class=\"elementor-section elementor-top-section elementor-element elementor-element-3d4c7a0 elementor-section-boxed elementor-section-height-default elementor-section-height-default\" data-id=\"3d4c7a0\" data-element_type=\"section\" data-settings=\"{&quot;background_background&quot;:&quot;classic&quot;,&quot;_ha_eqh_enable&quot;:false}\">\n\t\t\t\t\t\t\t<div class=\"elementor-background-overlay\"><\/div>\n\t\t\t\t\t\t\t<div class=\"elementor-container elementor-column-gap-default\">\n\t\t\t\t\t<div class=\"elementor-column elementor-col-100 elementor-top-column elementor-element elementor-element-32a58be\" data-id=\"32a58be\" data-element_type=\"column\" data-settings=\"{&quot;background_background&quot;:&quot;classic&quot;}\">\n\t\t\t<div class=\"elementor-widget-wrap elementor-element-populated\">\n\t\t\t\t\t\t<section class=\"elementor-section elementor-inner-section elementor-element elementor-element-6f1eb7f elementor-section-boxed elementor-section-height-default elementor-section-height-default\" data-id=\"6f1eb7f\" data-element_type=\"section\" data-settings=\"{&quot;background_background&quot;:&quot;classic&quot;,&quot;_ha_eqh_enable&quot;:false}\">\n\t\t\t\t\t\t<div class=\"elementor-container elementor-column-gap-default\">\n\t\t\t\t\t<div class=\"elementor-column elementor-col-100 elementor-inner-column elementor-element elementor-element-0453054\" data-id=\"0453054\" data-element_type=\"column\">\n\t\t\t<div class=\"elementor-widget-wrap elementor-element-populated\">\n\t\t\t\t\t\t<div class=\"elementor-element elementor-element-d6473bc elementor-widget elementor-widget-video\" data-id=\"d6473bc\" data-element_type=\"widget\" data-settings=\"{&quot;youtube_url&quot;:&quot;https:\\\/\\\/youtu.be\\\/5K3qaYNl1Ak&quot;,&quot;autoplay&quot;:&quot;yes&quot;,&quot;play_on_mobile&quot;:&quot;yes&quot;,&quot;loop&quot;:&quot;yes&quot;,&quot;yt_privacy&quot;:&quot;yes&quot;,&quot;video_type&quot;:&quot;youtube&quot;}\" data-widget_type=\"video.default\">\n\t\t\t\t\t\t\t<div class=\"elementor-wrapper elementor-open-inline\">\n\t\t\t<div class=\"elementor-video\"><\/div>\t\t<\/div>\n\t\t\t\t\t\t<\/div>\n\t\t\t\t\t<\/div>\n\t\t<\/div>\n\t\t\t\t\t<\/div>\n\t\t<\/section>\n\t\t\t\t<section class=\"elementor-section elementor-inner-section elementor-element elementor-element-41c8caa animated-slow elementor-section-boxed elementor-section-height-default elementor-section-height-default elementor-invisible\" data-id=\"41c8caa\" data-element_type=\"section\" data-settings=\"{&quot;background_background&quot;:&quot;classic&quot;,&quot;animation&quot;:&quot;fadeInRight&quot;,&quot;animation_delay&quot;:600,&quot;_ha_eqh_enable&quot;:false}\">\n\t\t\t\t\t\t<div class=\"elementor-container elementor-column-gap-default\">\n\t\t\t\t\t<div class=\"elementor-column elementor-col-100 elementor-inner-column elementor-element elementor-element-8460778\" data-id=\"8460778\" data-element_type=\"column\" data-settings=\"{&quot;background_background&quot;:&quot;classic&quot;}\">\n\t\t\t<div class=\"elementor-widget-wrap elementor-element-populated\">\n\t\t\t\t\t\t<div class=\"elementor-element elementor-element-8e7b240 elementor-widget elementor-widget-text-editor\" data-id=\"8e7b240\" data-element_type=\"widget\" data-widget_type=\"text-editor.default\">\n\t\t\t\t\t\t\t\t\t<p dir=\"ltr\"><span style=\"font-family: Helvetica;\">The 15th edition of Filmambiente is around the corner!!\u00a0<\/span><\/p><p dir=\"ltr\" class=\"translation-block\"><b>From September 23rd to October 2nd, 2026, Rio de Janeiro will host the best and most awarded Brazilian and international films; documentaries, animations, fiction films in live screenings, many with the presence of their filmmakers to Q&amp;As after presentations. There will also be Debates with experts, Master Classes, Special Screenings for children, young people, and people with disabilities and in vulnerable situations. And online screenings (geo-blocked to Brazil).<\/b><\/p><p dir=\"ltr\"><span style=\"font-family: Helvetica;\">On JANUARY 5th, SUBMISSIONS for the 15th edition of Filmambiente will be open for the following categories: Brazilian Documentary Feature film (over 60 min), International Documentary Feature Film (over 60 min), Animation and Fiction Shorts, and Documentary Shorts (up to 20 min).\u00a0<\/span><\/p><p dir=\"ltr\"><span style=\"font-family: Helvetica;\">To participate in the competitive sections, films must have been produced within the last 2 years; for the non-competitive screenings, films can have any duration and production date.\u00a0<\/span><\/p><p dir=\"ltr\"><span style=\"font-family: Helvetica;\">Submissions are open UNTIL MAY 10th, and the selected films will be revealed on our social media starting June 30th.\u00a0<\/span><\/p><p dir=\"ltr\" class=\"translation-block\"><b>Every year the number of excellent films we receive is overwhelming, but unfortunately we cannot program them all.<\/b><\/p><p dir=\"ltr\" class=\"translation-block\"><b>But all submissions will receive a feedback on their status, and the production team will contact only selected films.<\/b><\/p><p dir=\"ltr\" class=\"translation-block\"><b>Please, submit your film through Filmfreeway - we look forward to viewing it there.<\/b><\/p>\t\t\t\t\t\t\t\t<\/div>\n\t\t\t\t<div class=\"elementor-element elementor-element-c850f96 animated-slow elementor-invisible elementor-widget elementor-widget-text-editor\" data-id=\"c850f96\" data-element_type=\"widget\" data-settings=\"{&quot;_animation&quot;:&quot;wobble&quot;}\" data-widget_type=\"text-editor.default\">\n\t\t\t\t\t\t\t\t\t<p><a title=\"Click to submit on FilmFreeway\" href=\"https:\/\/filmfreeway.com\/festivals\/1593?utm_campaign=Filmambiente+International+Film+Festival&amp;utm_medium=External&amp;utm_source=Submission+Button\" target=\"_blank\" rel=\"noopener\"><img decoding=\"async\" title=\"Click to submit on FilmFreeway\" src=\"https:\/\/public-assets.filmfreeway.com\/submission_buttons\/v2\/sm_submission_btn@2x-mint.png\" width=\"263\" height=\"49\" \/><\/a><\/p>\t\t\t\t\t\t\t\t<\/div>\n\t\t\t\t<div class=\"elementor-element elementor-element-facc599 elementor-widget elementor-widget-text-editor\" data-id=\"facc599\" data-element_type=\"widget\" data-widget_type=\"text-editor.default\">\n\t\t\t\t\t\t\t\t\tDon't leave it to the last minute! Remember, you only have until May 10th. See you in September !\t\t\t\t\t\t\t\t<\/div>\n\t\t\t\t\t<\/div>\n\t\t<\/div>\n\t\t\t\t\t<\/div>\n\t\t<\/section>\n\t\t\t\t\t<\/div>\n\t\t<\/div>\n\t\t\t\t\t<\/div>\n\t\t<\/section>\n\t\t\t\t<\/div>","protected":false},"excerpt":{"rendered":"<p>https:\/\/youtu.be\/5K3qaYNl1Ak Vem a\u00ed a 15\u00aa edi\u00e7\u00e3o do Filmambiente !\u00a0 De 23 de setembro a 2 de Outubro, 2026, o Rio de Janeiro vai receber os melhores e mais premiados filmes brasileiros e internacionais; document\u00e1rios, anima\u00e7\u00f5es, fic\u00e7\u00f5es em exibi\u00e7\u00f5es presenciais, muitas com a presen\u00e7a de seus realizadores, para conversar com a plat\u00e9ia. E tamb\u00e9m debates, com [&hellip;]<\/p>","protected":false},"author":2,"featured_media":0,"parent":0,"menu_order":0,"comment_status":"closed","ping_status":"closed","template":"elementor_header_footer","meta":{"_acf_changed":false,"footnotes":""},"class_list":["post-21251","page","type-page","status-publish","hentry"],"acf":[],"_links":{"self":[{"href":"https:\/\/filmambiente.com\/en\/wp-json\/wp\/v2\/pages\/21251","targetHints":{"allow":["GET"]}}],"collection":[{"href":"https:\/\/filmambiente.com\/en\/wp-json\/wp\/v2\/pages"}],"about":[{"href":"https:\/\/filmambiente.com\/en\/wp-json\/wp\/v2\/types\/page"}],"author":[{"embeddable":true,"href":"https:\/\/filmambiente.com\/en\/wp-json\/wp\/v2\/users\/2"}],"replies":[{"embeddable":true,"href":"https:\/\/filmambiente.com\/en\/wp-json\/wp\/v2\/comments?post=21251"}],"version-history":[{"count":50,"href":"https:\/\/filmambiente.com\/en\/wp-json\/wp\/v2\/pages\/21251\/revisions"}],"predecessor-version":[{"id":21315,"href":"https:\/\/filmambiente.com\/en\/wp-json\/wp\/v2\/pages\/21251\/revisions\/21315"}],"wp:attachment":[{"href":"https:\/\/filmambiente.com\/en\/wp-json\/wp\/v2\/media?parent=21251"}],"curies":[{"name":"wp","href":"https:\/\/api.w.org\/{rel}","templated":true}]}}