{"id":11977,"date":"2021-08-05T13:02:17","date_gmt":"2021-08-05T16:02:17","guid":{"rendered":"https:\/\/filmambiente.com\/?page_id=11977"},"modified":"2021-12-13T10:00:24","modified_gmt":"2021-12-13T13:00:24","slug":"palestra-perdas-e-luto-desafios-da-pandemia","status":"publish","type":"page","link":"https:\/\/filmambiente.com\/en\/palestra-perdas-e-luto-desafios-da-pandemia\/","title":{"rendered":"Palestra Perdas e Luto &#8211; Desafios da Pandemia"},"content":{"rendered":"<div data-elementor-type=\"wp-page\" data-elementor-id=\"11977\" class=\"elementor elementor-11977\" data-elementor-post-type=\"page\">\n\t\t\t\t\t\t<section class=\"elementor-section elementor-top-section elementor-element elementor-element-eaf8dcd elementor-section-boxed elementor-section-height-default elementor-section-height-default\" data-id=\"eaf8dcd\" data-element_type=\"section\" data-settings=\"{&quot;_ha_eqh_enable&quot;:false}\">\n\t\t\t\t\t\t<div class=\"elementor-container elementor-column-gap-default\">\n\t\t\t\t\t<div class=\"elementor-column elementor-col-50 elementor-top-column elementor-element elementor-element-59e23bf animated-slow elementor-invisible\" data-id=\"59e23bf\" data-element_type=\"column\" data-settings=\"{&quot;background_background&quot;:&quot;classic&quot;,&quot;animation&quot;:&quot;slideInUp&quot;,&quot;animation_delay&quot;:600}\">\n\t\t\t<div class=\"elementor-widget-wrap elementor-element-populated\">\n\t\t\t\t\t\t<div class=\"elementor-element elementor-element-aadca9f elementor-widget elementor-widget-heading\" data-id=\"aadca9f\" data-element_type=\"widget\" data-widget_type=\"heading.default\">\n\t\t\t\t\t<h2 class=\"elementor-heading-title elementor-size-default\">Lecture<br>Losses and Mourning: reflections of the pandemic\n<\/h2>\t\t\t\t<\/div>\n\t\t\t\t<div class=\"elementor-element elementor-element-135f37b elementor-widget elementor-widget-text-editor\" data-id=\"135f37b\" data-element_type=\"widget\" data-widget_type=\"text-editor.default\">\n\t\t\t\t\t\t\t\t\tIn this second half of 2021, nineteen months after the start of the pandemic caused by SARS-CoV 2, we believe that it is necessary to talk about the collective grief we are experiencing. To open its 11th edition, Filmambiente asked psychologist, specialist in loss and grief, Mariana Clark, to help us understand how to deal with this grief that affects all of us, collectively, and the best way to overcome it.\t\t\t\t\t\t\t\t<\/div>\n\t\t\t\t<div class=\"elementor-element elementor-element-5aed6ef elementor-widget elementor-widget-text-editor\" data-id=\"5aed6ef\" data-element_type=\"widget\" data-widget_type=\"text-editor.default\">\n\t\t\t\t\t\t\t\t\t<p>\u201c<em>\"We have been living for a year and a half a collective mourning that has many implications and consequences for our routine, as well as for our society.<\/em><\/p><p><em>We all live or know someone very close to us who experienced greatest anguish with this pandemic.<\/em><\/p><p><em>Not only because we lost people we love, but because it drastically changed our lives, and above all because it boosted important aspects that have always lived inside us. Our most intimate, deepest and most disorganizing side - when we experience emotions such as anger, fear, guilt, regrets, helplessness, among others.<\/em><\/p><p><em>The context is extremely threatening and mobilizing and is characterized by 3 aspects: Mass deaths \/ Overlapping losses \/ End of the known world.<\/em><\/p><p><em>The scenario is still very disturbing although we have an important breath of hope with mass vaccination.<\/em><\/p><p><em>Talking about death is in fact very distressing but it keeps us away from illness processes. Thinking about losing people we love or thinking about our own death and leaving people we love is very scary.<\/em><\/p><p><em>However, every day it becomes more necessary and essential to talk about the imperatives and threats that this disease has imposed on us.<\/em><\/p><p><em>In order to move away from mental illness processes, it is very important to find safe and affectionate spaces to ventilate our pain. The glass is full, we are all overloaded, but at this moment it is important to look for solutions, within what is possible for each of us, in order to recover the trust and hope in our society, in the coming months and in our future.\u201d Mariana Clark<\/em>\u201d<\/p><p><em>Mariana Clark<\/em><\/p>\t\t\t\t\t\t\t\t<\/div>\n\t\t\t\t\t<\/div>\n\t\t<\/div>\n\t\t\t\t<div class=\"elementor-column elementor-col-50 elementor-top-column elementor-element elementor-element-144bf20 animated-slow elementor-invisible\" data-id=\"144bf20\" data-element_type=\"column\" data-settings=\"{&quot;animation&quot;:&quot;slideInUp&quot;,&quot;animation_delay&quot;:600}\">\n\t\t\t<div class=\"elementor-widget-wrap elementor-element-populated\">\n\t\t\t\t\t\t<div class=\"elementor-element elementor-element-41d4162 elementor-hidden-desktop elementor-hidden-tablet elementor-hidden-mobile elementor-widget elementor-widget-heading\" data-id=\"41d4162\" data-element_type=\"widget\" data-widget_type=\"heading.default\">\n\t\t\t\t\t<h2 class=\"elementor-heading-title elementor-size-default\">October 28th <br> 11am <br>(Brazil time | GMT -3) <\/h2>\t\t\t\t<\/div>\n\t\t\t\t<div class=\"elementor-element elementor-element-64febef elementor-align-center elementor-hidden-desktop elementor-hidden-tablet elementor-hidden-mobile elementor-widget elementor-widget-button\" data-id=\"64febef\" data-element_type=\"widget\" data-widget_type=\"button.default\">\n\t\t\t\t\t\t\t\t\t\t<a class=\"elementor-button elementor-button-link elementor-size-sm elementor-animation-grow\" href=\"https:\/\/us06web.zoom.us\/webinar\/register\/WN_Y9ZJS_69Qxu4FTEVpjAn9Q\" target=\"_blank\">\n\t\t\t\t\t\t<span class=\"elementor-button-content-wrapper\">\n\t\t\t\t\t\t\t\t\t<span class=\"elementor-button-text\">REGISTER<\/span>\n\t\t\t\t\t<\/span>\n\t\t\t\t\t<\/a>\n\t\t\t\t\t\t\t\t<\/div>\n\t\t\t\t<div class=\"elementor-element elementor-element-d24ca6a elementor-hidden-desktop elementor-hidden-tablet elementor-hidden-mobile elementor-widget elementor-widget-heading\" data-id=\"d24ca6a\" data-element_type=\"widget\" data-widget_type=\"heading.default\">\n\t\t\t\t\t<h2 class=\"elementor-heading-title elementor-size-default\">Available Worldwide<\/h2>\t\t\t\t<\/div>\n\t\t\t\t<div class=\"elementor-element elementor-element-a029444 elementor-widget elementor-widget-elementskit-team\" data-id=\"a029444\" data-element_type=\"widget\" data-widget_type=\"elementskit-team.default\">\n\t\t\t\t<div class=\"elementor-widget-container\">\n\t\t\t\t\t<div class=\"ekit-wid-con\">\t\t\t\t\t\t\t\t\n\t\t<div class=\"profile-card elementor-animation- text-center ekit-team-style-default\">\n\t\t\t\t\t\t\t<a aria-label=\"profile\" href=\"javascript:void(0)\" data-mfp-src=\"#ekit_team_modal_a029444_11977\" class=\"ekit-team-popup\">\n\t\t\t\n\t\t\t\t<div class=\"profile-header ekit-team-img ekit-img-overlay ekit-team-img-block\"  data-toggle=\"modal\" data-target=\"ekit_team_modal_#a029444_11977\" >\n\t\t\t\t\t<img decoding=\"async\" src=\"https:\/\/filmambiente.com\/wp-content\/uploads\/elementor\/thumbs\/Mariana-Clark-pdcxyl59c9gpwnwbd6vn2wuz2t3azakthjrbk0tz7s.jpeg\" title=\"Mariana Clark\" alt=\"Mariana Clark\" loading=\"lazy\" \/>\t\t\t\t<\/div><!-- .profile-header END -->\n\t\t\t\t\t\t\t<\/a>\n\t\t\t\n\n\t\t\t\t<div class=\"profile-body\">\n\t\t\t\t\t\n\t\t\t\t\t<h2 class=\"profile-title\">\n\t\t\t\t\t\t\t\t\t\t\t<a aria-label=\"profile\" href=\"javascript:void(0)\" data-mfp-src=\"#ekit_team_modal_a029444_11977\" class=\"ekit-team-popup\">\n\t\t\t\t\t\tMARIANA CLARK\t\t\t\t\t\t<\/a>\n\t\t\t\t\t\t\t\t\t\t\t<\/h2>\n\t\t\t\t\t<p class=\"profile-designation\"><\/p>\n\t\t\t\t\t\t\t\t\t<\/div><!-- .profile-body END -->\n\n\t\t\t\t\t\t\t\t<\/div>\n\t\t\t\t\t\t\t\n\t\t\t\n\t\t\t\t\t<div class=\"zoom-anim-dialog mfp-hide elementskit-team-popup team-popup-id-a029444\" id=\"ekit_team_modal_a029444_11977\" tabindex=\"-1\" role=\"dialog\" aria-hidden=\"true\">\n\t\t\t\t<div class=\"modal-dialog modal-dialog-centered\" role=\"document\">\n\t\t\t\t\t<div class=\"modal-content\">\n\t\t\t\t\t\t<button type=\"button\" class=\"ekit-team-modal-close\">\n\t\t\t\t\t\t\t<svg aria-hidden=\"true\" class=\"e-font-icon-svg e-fas-times\" viewbox=\"0 0 352 512\" xmlns=\"http:\/\/www.w3.org\/2000\/svg\"><path d=\"M242.72 256l100.07-100.07c12.28-12.28 12.28-32.19 0-44.48l-22.24-22.24c-12.28-12.28-32.19-12.28-44.48 0L176 189.28 75.93 89.21c-12.28-12.28-32.19-12.28-44.48 0L9.21 111.45c-12.28 12.28-12.28 32.19 0 44.48L109.28 256 9.21 356.07c-12.28 12.28-12.28 32.19 0 44.48l22.24 22.24c12.28 12.28 32.2 12.28 44.48 0L176 322.72l100.07 100.07c12.28 12.28 32.2 12.28 44.48 0l22.24-22.24c12.28-12.28 12.28-32.19 0-44.48L242.72 256z\"><\/path><\/svg>\t\t\t\t\t\t<\/button>\n\n\t\t\t\t\t\t<div class=\"modal-body\">\n\t\t\t\t\t\t\t\t\t\t\t\t\t\t\t<div class=\"ekit-team-modal-img\">\n\t\t\t\t\t\t\t\t\t<img decoding=\"async\" src=\"https:\/\/filmambiente.com\/wp-content\/uploads\/elementor\/thumbs\/Mariana-Clark-pdcxyl59c9gpwnwbd6vn2wuz2t3azakthjrbk0tz7s.jpeg\" title=\"Mariana Clark\" alt=\"Mariana Clark\" loading=\"lazy\" \/>\t\t\t\t\t\t\t\t<\/div>\n\t\t\t\t\t\t\t\n\t\t\t\t\t\t\t<div class=\"ekit-team-modal-info has-img\">\n\t\t\t\t\t\t\t\t<h2 class=\"ekit-team-modal-title\">MARIANA CLARK<\/h2>\n\t\t\t\t\t\t\t\t<p class=\"ekit-team-modal-position\"><\/p>\n\n\t\t\t\t\t\t\t\t<div class=\"ekit-team-modal-content\">\n\t\t\t\t\t\t\t\t\tPsychologist, with an MBA in People Management, graduated in Positive Psychology and Specialist in Loss and Grief. After 18 years in the corporate world (Oi, Natura and TV Globo) as an HR executive, she increased the challenge and decided to take care of people at the height of their suffering. She specializes in Losses in the organizational and school context, and brings to these environments a dialogue about the expression and validation of our pain, through processes of reception and prevention of mental illnesses.\n\t\t\t\t\t\t\t\t<\/div>\n\n\t\t\t\t\t\t\t\t\n\t\t\t\t\t\t\t\t\t\t\t\t\t\t\t<\/div>\n\t\t\t\t\t\t<\/div>\n\t\t\t\t\t<\/div>\n\t\t\t\t<\/div>\n\t\t\t<\/div>\n\t\t\t\t<\/div>\t\t\t\t<\/div>\n\t\t\t\t<\/div>\n\t\t\t\t\t<\/div>\n\t\t<\/div>\n\t\t\t\t\t<\/div>\n\t\t<\/section>\n\t\t\t\t<\/div>","protected":false},"excerpt":{"rendered":"<p>PalestraPerdas e Luto &#8211; Desafios da Pandemia Neste segundo semestre de 2021, dezenove meses depois do in\u00edcio da pandemia causada pelo SARS-CoV 2, acreditamos que \u00e9 preciso falar sobre o luto coletivo que estamos vivendo. Para abrir sua 11a edi\u00e7\u00e3o, o Filmambiente chamou a psic\u00f3loga, especialista em perdas e luto, Mariana Clark, para nos ajudar [&hellip;]<\/p>","protected":false},"author":2,"featured_media":0,"parent":0,"menu_order":0,"comment_status":"closed","ping_status":"closed","template":"elementor_header_footer","meta":{"_acf_changed":false,"footnotes":""},"class_list":["post-11977","page","type-page","status-publish","hentry"],"acf":[],"_links":{"self":[{"href":"https:\/\/filmambiente.com\/en\/wp-json\/wp\/v2\/pages\/11977","targetHints":{"allow":["GET"]}}],"collection":[{"href":"https:\/\/filmambiente.com\/en\/wp-json\/wp\/v2\/pages"}],"about":[{"href":"https:\/\/filmambiente.com\/en\/wp-json\/wp\/v2\/types\/page"}],"author":[{"embeddable":true,"href":"https:\/\/filmambiente.com\/en\/wp-json\/wp\/v2\/users\/2"}],"replies":[{"embeddable":true,"href":"https:\/\/filmambiente.com\/en\/wp-json\/wp\/v2\/comments?post=11977"}],"version-history":[{"count":99,"href":"https:\/\/filmambiente.com\/en\/wp-json\/wp\/v2\/pages\/11977\/revisions"}],"predecessor-version":[{"id":14801,"href":"https:\/\/filmambiente.com\/en\/wp-json\/wp\/v2\/pages\/11977\/revisions\/14801"}],"wp:attachment":[{"href":"https:\/\/filmambiente.com\/en\/wp-json\/wp\/v2\/media?parent=11977"}],"curies":[{"name":"wp","href":"https:\/\/api.w.org\/{rel}","templated":true}]}}