{"id":11385,"date":"2021-07-16T17:22:02","date_gmt":"2021-07-16T20:22:02","guid":{"rendered":"http:\/\/filmambiente.com\/?page_id=11385"},"modified":"2023-09-01T09:06:24","modified_gmt":"2023-09-01T12:06:24","slug":"filmambiente-1","status":"publish","type":"page","link":"https:\/\/filmambiente.com\/en\/filmambiente-1\/","title":{"rendered":"Filmambiente 1"},"content":{"rendered":"<div data-elementor-type=\"wp-page\" data-elementor-id=\"11385\" class=\"elementor elementor-11385\" data-elementor-post-type=\"page\">\n\t\t\t\t\t\t<section class=\"elementor-section elementor-top-section elementor-element elementor-element-5d1edbb elementor-section-boxed elementor-section-height-default elementor-section-height-default\" data-id=\"5d1edbb\" data-element_type=\"section\" data-settings=\"{&quot;_ha_eqh_enable&quot;:false}\">\n\t\t\t\t\t\t<div class=\"elementor-container elementor-column-gap-default\">\n\t\t\t\t\t<div class=\"elementor-column elementor-col-100 elementor-top-column elementor-element elementor-element-c30feb4\" data-id=\"c30feb4\" data-element_type=\"column\">\n\t\t\t<div class=\"elementor-widget-wrap elementor-element-populated\">\n\t\t\t\t\t\t<div class=\"elementor-element elementor-element-8cd4d02 elementor-widget elementor-widget-heading\" data-id=\"8cd4d02\" data-element_type=\"widget\" data-widget_type=\"heading.default\">\n\t\t\t\t\t<h2 class=\"elementor-heading-title elementor-size-default\">Filmambiente 2011 | November 14-24 | Rio de Janeiro<\/h2>\t\t\t\t<\/div>\n\t\t\t\t\t<\/div>\n\t\t<\/div>\n\t\t\t\t\t<\/div>\n\t\t<\/section>\n\t\t\t\t<section class=\"elementor-section elementor-top-section elementor-element elementor-element-785cd49 elementor-section-boxed elementor-section-height-default elementor-section-height-default\" data-id=\"785cd49\" data-element_type=\"section\" data-settings=\"{&quot;_ha_eqh_enable&quot;:false}\">\n\t\t\t\t\t\t<div class=\"elementor-container elementor-column-gap-default\">\n\t\t\t\t\t<div class=\"elementor-column elementor-col-100 elementor-top-column elementor-element elementor-element-557ef32\" data-id=\"557ef32\" data-element_type=\"column\">\n\t\t\t<div class=\"elementor-widget-wrap elementor-element-populated\">\n\t\t\t\t\t\t<div class=\"elementor-element elementor-element-a1788c2 elementor-widget elementor-widget-video\" data-id=\"a1788c2\" data-element_type=\"widget\" data-settings=\"{&quot;youtube_url&quot;:&quot;https:\\\/\\\/www.youtube.com\\\/watch?v=CzXFJBOTJTA&quot;,&quot;autoplay&quot;:&quot;yes&quot;,&quot;play_on_mobile&quot;:&quot;yes&quot;,&quot;loop&quot;:&quot;yes&quot;,&quot;yt_privacy&quot;:&quot;yes&quot;,&quot;video_type&quot;:&quot;youtube&quot;}\" data-widget_type=\"video.default\">\n\t\t\t\t\t\t\t<div class=\"elementor-wrapper elementor-open-inline\">\n\t\t\t<div class=\"elementor-video\"><\/div>\t\t<\/div>\n\t\t\t\t\t\t<\/div>\n\t\t\t\t\t<\/div>\n\t\t<\/div>\n\t\t\t\t\t<\/div>\n\t\t<\/section>\n\t\t\t\t<section class=\"elementor-section elementor-top-section elementor-element elementor-element-b8bcb6b elementor-section-boxed elementor-section-height-default elementor-section-height-default\" data-id=\"b8bcb6b\" data-element_type=\"section\" data-settings=\"{&quot;_ha_eqh_enable&quot;:false}\">\n\t\t\t\t\t\t<div class=\"elementor-container elementor-column-gap-default\">\n\t\t\t\t\t<div class=\"elementor-column elementor-col-100 elementor-top-column elementor-element elementor-element-036b3b0\" data-id=\"036b3b0\" data-element_type=\"column\" data-settings=\"{&quot;background_background&quot;:&quot;classic&quot;}\">\n\t\t\t<div class=\"elementor-widget-wrap elementor-element-populated\">\n\t\t\t\t\t\t<div class=\"elementor-element elementor-element-a0b24d6 elementor-widget elementor-widget-heading\" data-id=\"a0b24d6\" data-element_type=\"widget\" data-widget_type=\"heading.default\">\n\t\t\t\t\t<h2 class=\"elementor-heading-title elementor-size-default\">Awards<\/h2>\t\t\t\t<\/div>\n\t\t\t\t<div class=\"elementor-element elementor-element-a1cdf5f elementor-widget elementor-widget-text-editor\" data-id=\"a1cdf5f\" data-element_type=\"widget\" data-widget_type=\"text-editor.default\">\n\t\t\t\t\t\t\t\t\tPEOPLE\u2019S CHOICE went to feature length documentary Bag it! (Suzan Beraza | USA) with more than 76% of the votes. <strong>Ensacola!<\/strong> (Bag it!, Suzan Beraza | EUA), filme que recebeu mais de 76% da nota m\u00e1xima do p\u00fablico que o assistiu.<br><\/br>\n\nBEST FEATURE LENGTH was shared between Into Eternity, (Michael Madsen | Denmark)  and The Light Bulb Conspiracy (Cosima Dannoritzer | Spain). <strong>A Caminho da Eternidade<\/strong> (Into Eternity, Michael Madsen | Dinamarca) e <strong>Comprar, Trocar, Comprar<\/strong> (The Light Bulb Conspiracy, (Cosima Dannoritzer | Espanha).<br><\/br>\n\nBEST SHORT FILM went to Tribus (Marcos Pimentel | Brazil). <strong>Taba<\/strong> (Marcos Pimentel | Brasil)<br><\/br>\n\nSPECIAL AWARD to the short Water (Fabian Sarla | Argentina). <strong>\u00c1gua <\/strong>(Water, Fabian Sarla | Argentina).<br><\/br>\n\nSPECIAL AWARD to feature length documentary Play Again (Tonye Schei | Denmark). <strong>Vamos Brincar Novamente<\/strong> (Play Again, Tonye Schei | Dinamarca).\t\t\t\t\t\t\t\t<\/div>\n\t\t\t\t<div class=\"elementor-element elementor-element-845ac2d elementor-widget elementor-widget-heading\" data-id=\"845ac2d\" data-element_type=\"widget\" data-widget_type=\"heading.default\">\n\t\t\t\t\t<h2 class=\"elementor-heading-title elementor-size-default\">Programme <\/h2>\t\t\t\t<\/div>\n\t\t\t\t<div class=\"elementor-element elementor-element-ecba850 elementor-widget elementor-widget-text-editor\" data-id=\"ecba850\" data-element_type=\"widget\" data-widget_type=\"text-editor.default\">\n\t\t\t\t\t\t\t\t\t<strong>59 filmes<\/strong>59 films, including 11 feature length documentaries and 14 shorts in competition and the showcases:<br>\n\n<strong>Instituto Goethe<\/strong><br>\n\n<strong>Films on Forest<\/strong>, with the winners of International Forest Films Festival, organized by UN, in New York, in february 2011, homaging the international year of the Forests<br>\n\n<strong>Films from Instituto Franc\u00eas<\/strong><br>\n\n<strong>Films selected by Ecomove International<\/strong> , partner of the event.\t\t\t\t\t\t\t\t<\/div>\n\t\t\t\t<div class=\"elementor-element elementor-element-721dd4f elementor-widget elementor-widget-heading\" data-id=\"721dd4f\" data-element_type=\"widget\" data-widget_type=\"heading.default\">\n\t\t\t\t\t<h2 class=\"elementor-heading-title elementor-size-default\">Other Activities<\/h2>\t\t\t\t<\/div>\n\t\t\t\t<div class=\"elementor-element elementor-element-56b98e9 elementor-widget elementor-widget-text-editor\" data-id=\"56b98e9\" data-element_type=\"widget\" data-widget_type=\"text-editor.default\">\n\t\t\t\t\t\t\t\t\tWorkshops on Animation Techniques, by producer Elene Dallaire, given to youngsters between 8 and 11years.<br>\n\nAt Instituto Moreira Salles, and Chap\u00e9u Mangueira and Babil\u00f4nia communities.\t\t\t\t\t\t\t\t<\/div>\n\t\t\t\t<div class=\"elementor-element elementor-element-4d02bbe elementor-widget elementor-widget-heading\" data-id=\"4d02bbe\" data-element_type=\"widget\" data-widget_type=\"heading.default\">\n\t\t\t\t\t<h2 class=\"elementor-heading-title elementor-size-default\">Venues<\/h2>\t\t\t\t<\/div>\n\t\t\t\t<div class=\"elementor-element elementor-element-547f075 elementor-widget elementor-widget-text-editor\" data-id=\"547f075\" data-element_type=\"widget\" data-widget_type=\"text-editor.default\">\n\t\t\t\t\t\t\t\t\tEspa\u00e7o Ita\u00fa de Cinemas, Botafogo beach<br>\n\nEspa\u00e7o Museu da Rep\u00fablica; Instituto Moreira Salles, and also at the Espa\u00e7o Multim\u00eddia do Jardim Bot\u00e2nico, Morro do Chap\u00e9u Mangueira and Babil\u00f4nia communities and the cineclub at N\u00f3s do Morro, at Vidigal community.\t\t\t\t\t\t\t\t<\/div>\n\t\t\t\t<div class=\"elementor-element elementor-element-2408751 elementor-widget elementor-widget-heading\" data-id=\"2408751\" data-element_type=\"widget\" data-widget_type=\"heading.default\">\n\t\t\t\t\t<h2 class=\"elementor-heading-title elementor-size-default\">Catalog Download<\/h2>\t\t\t\t<\/div>\n\t\t\t\t<div class=\"elementor-element elementor-element-2b3d4dd elementor-align-left elementor-widget-mobile__width-auto elementor-widget elementor-widget-button\" data-id=\"2b3d4dd\" data-element_type=\"widget\" data-widget_type=\"button.default\">\n\t\t\t\t\t\t\t\t\t\t<a class=\"elementor-button elementor-button-link elementor-size-sm elementor-animation-shrink\" href=\"http:\/\/filmambiente.com\/wp-content\/uploads\/2021\/07\/Catalogo-Filmambiente-2011-web.pdf\" target=\"_blank\">\n\t\t\t\t\t\t<span class=\"elementor-button-content-wrapper\">\n\t\t\t\t\t\t\t\t\t<span class=\"elementor-button-text\">Download<\/span>\n\t\t\t\t\t<\/span>\n\t\t\t\t\t<\/a>\n\t\t\t\t\t\t\t\t<\/div>\n\t\t\t\t\t<\/div>\n\t\t<\/div>\n\t\t\t\t\t<\/div>\n\t\t<\/section>\n\t\t\t\t<section class=\"elementor-section elementor-top-section elementor-element elementor-element-28293d7 elementor-hidden-mobile elementor-hidden-desktop elementor-hidden-tablet elementor-section-boxed elementor-section-height-default elementor-section-height-default\" data-id=\"28293d7\" data-element_type=\"section\" data-settings=\"{&quot;_ha_eqh_enable&quot;:false}\">\n\t\t\t\t\t\t<div class=\"elementor-container elementor-column-gap-default\">\n\t\t\t\t\t<div class=\"elementor-column elementor-col-100 elementor-top-column elementor-element elementor-element-8a48563\" data-id=\"8a48563\" data-element_type=\"column\">\n\t\t\t<div class=\"elementor-widget-wrap\">\n\t\t\t\t\t\t\t<\/div>\n\t\t<\/div>\n\t\t\t\t\t<\/div>\n\t\t<\/section>\n\t\t\t\t<section class=\"elementor-section elementor-top-section elementor-element elementor-element-8659e5d elementor-section-boxed elementor-section-height-default elementor-section-height-default\" data-id=\"8659e5d\" data-element_type=\"section\" data-settings=\"{&quot;_ha_eqh_enable&quot;:false}\">\n\t\t\t\t\t\t<div class=\"elementor-container elementor-column-gap-default\">\n\t\t\t\t\t<div class=\"elementor-column elementor-col-100 elementor-top-column elementor-element elementor-element-4cb7a46\" data-id=\"4cb7a46\" data-element_type=\"column\" data-settings=\"{&quot;background_background&quot;:&quot;classic&quot;}\">\n\t\t\t<div class=\"elementor-widget-wrap elementor-element-populated\">\n\t\t\t\t\t\t<div class=\"elementor-element elementor-element-ab5b7af elementor-widget elementor-widget-heading\" data-id=\"ab5b7af\" data-element_type=\"widget\" data-widget_type=\"heading.default\">\n\t\t\t\t\t<h2 class=\"elementor-heading-title elementor-size-default\">Sponsors and Partners <\/h2>\t\t\t\t<\/div>\n\t\t\t\t<div class=\"elementor-element elementor-element-4996f0d elementor-widget elementor-widget-image\" data-id=\"4996f0d\" data-element_type=\"widget\" data-widget_type=\"image.default\">\n\t\t\t\t\t\t\t\t\t\t\t\t\t\t\t<img fetchpriority=\"high\" decoding=\"async\" width=\"870\" height=\"156\" src=\"https:\/\/filmambiente.com\/wp-content\/uploads\/2021\/07\/patrocinios2011-7jul21.jpg\" class=\"attachment-full size-full wp-image-11388\" alt=\"\" srcset=\"https:\/\/filmambiente.com\/wp-content\/uploads\/2021\/07\/patrocinios2011-7jul21.jpg 870w, https:\/\/filmambiente.com\/wp-content\/uploads\/2021\/07\/patrocinios2011-7jul21-300x54.jpg 300w, https:\/\/filmambiente.com\/wp-content\/uploads\/2021\/07\/patrocinios2011-7jul21-768x138.jpg 768w, https:\/\/filmambiente.com\/wp-content\/uploads\/2021\/07\/patrocinios2011-7jul21-16x3.jpg 16w\" sizes=\"(max-width: 870px) 100vw, 870px\" \/>\t\t\t\t\t\t\t\t\t\t\t\t\t\t\t<\/div>\n\t\t\t\t\t<\/div>\n\t\t<\/div>\n\t\t\t\t\t<\/div>\n\t\t<\/section>\n\t\t\t\t<\/div>","protected":false},"excerpt":{"rendered":"<p>Filmambiente 2011 | 14-24 Novembro | Rio de Janeiro Filmes Premiados PR\u00caMIO DO P\u00daBLICO foi para Ensacola! (Bag it!, Suzan Beraza | EUA), filme que recebeu mais de 76% da nota m\u00e1xima do p\u00fablico que o assistiu. MELHOR LONGA-METRAGEM foi dividido entre A Caminho da Eternidade (Into Eternity, Michael Madsen | Dinamarca) e Comprar, Trocar, [&hellip;]<\/p>","protected":false},"author":2,"featured_media":0,"parent":0,"menu_order":0,"comment_status":"closed","ping_status":"closed","template":"elementor_header_footer","meta":{"_acf_changed":false,"footnotes":""},"class_list":["post-11385","page","type-page","status-publish","hentry"],"acf":[],"_links":{"self":[{"href":"https:\/\/filmambiente.com\/en\/wp-json\/wp\/v2\/pages\/11385","targetHints":{"allow":["GET"]}}],"collection":[{"href":"https:\/\/filmambiente.com\/en\/wp-json\/wp\/v2\/pages"}],"about":[{"href":"https:\/\/filmambiente.com\/en\/wp-json\/wp\/v2\/types\/page"}],"author":[{"embeddable":true,"href":"https:\/\/filmambiente.com\/en\/wp-json\/wp\/v2\/users\/2"}],"replies":[{"embeddable":true,"href":"https:\/\/filmambiente.com\/en\/wp-json\/wp\/v2\/comments?post=11385"}],"version-history":[{"count":35,"href":"https:\/\/filmambiente.com\/en\/wp-json\/wp\/v2\/pages\/11385\/revisions"}],"predecessor-version":[{"id":17330,"href":"https:\/\/filmambiente.com\/en\/wp-json\/wp\/v2\/pages\/11385\/revisions\/17330"}],"wp:attachment":[{"href":"https:\/\/filmambiente.com\/en\/wp-json\/wp\/v2\/media?parent=11385"}],"curies":[{"name":"wp","href":"https:\/\/api.w.org\/{rel}","templated":true}]}}