{"id":11376,"date":"2021-07-16T17:12:11","date_gmt":"2021-07-16T20:12:11","guid":{"rendered":"http:\/\/filmambiente.com\/?page_id=11376"},"modified":"2023-09-01T09:07:23","modified_gmt":"2023-09-01T12:07:23","slug":"filmambiente-2","status":"publish","type":"page","link":"https:\/\/filmambiente.com\/en\/filmambiente-2\/","title":{"rendered":"Filmambiente 2"},"content":{"rendered":"<div data-elementor-type=\"wp-page\" data-elementor-id=\"11376\" class=\"elementor elementor-11376\" data-elementor-post-type=\"page\">\n\t\t\t\t\t\t<section class=\"elementor-section elementor-top-section elementor-element elementor-element-abde346 elementor-section-boxed elementor-section-height-default elementor-section-height-default\" data-id=\"abde346\" data-element_type=\"section\" data-settings=\"{&quot;_ha_eqh_enable&quot;:false}\">\n\t\t\t\t\t\t<div class=\"elementor-container elementor-column-gap-default\">\n\t\t\t\t\t<div class=\"elementor-column elementor-col-100 elementor-top-column elementor-element elementor-element-975160b\" data-id=\"975160b\" data-element_type=\"column\">\n\t\t\t<div class=\"elementor-widget-wrap elementor-element-populated\">\n\t\t\t\t\t\t<div class=\"elementor-element elementor-element-bcbe2b0 elementor-widget elementor-widget-heading\" data-id=\"bcbe2b0\" data-element_type=\"widget\" data-widget_type=\"heading.default\">\n\t\t\t\t\t<h2 class=\"elementor-heading-title elementor-size-default\">Filmambiente 2012 | August 31 - September 06 | Rio de Janeiro<\/h2>\t\t\t\t<\/div>\n\t\t\t\t\t<\/div>\n\t\t<\/div>\n\t\t\t\t\t<\/div>\n\t\t<\/section>\n\t\t\t\t<section class=\"elementor-section elementor-top-section elementor-element elementor-element-45811b9 elementor-section-boxed elementor-section-height-default elementor-section-height-default\" data-id=\"45811b9\" data-element_type=\"section\" data-settings=\"{&quot;_ha_eqh_enable&quot;:false}\">\n\t\t\t\t\t\t<div class=\"elementor-container elementor-column-gap-default\">\n\t\t\t\t\t<div class=\"elementor-column elementor-col-100 elementor-top-column elementor-element elementor-element-5be5c25\" data-id=\"5be5c25\" data-element_type=\"column\">\n\t\t\t<div class=\"elementor-widget-wrap elementor-element-populated\">\n\t\t\t\t\t\t<div class=\"elementor-element elementor-element-e24a2ad elementor-widget elementor-widget-video\" data-id=\"e24a2ad\" data-element_type=\"widget\" data-settings=\"{&quot;youtube_url&quot;:&quot;https:\\\/\\\/www.youtube.com\\\/watch?v=BIEuG8GNcSw&quot;,&quot;autoplay&quot;:&quot;yes&quot;,&quot;play_on_mobile&quot;:&quot;yes&quot;,&quot;loop&quot;:&quot;yes&quot;,&quot;yt_privacy&quot;:&quot;yes&quot;,&quot;video_type&quot;:&quot;youtube&quot;}\" data-widget_type=\"video.default\">\n\t\t\t\t\t\t\t<div class=\"elementor-wrapper elementor-open-inline\">\n\t\t\t<div class=\"elementor-video\"><\/div>\t\t<\/div>\n\t\t\t\t\t\t<\/div>\n\t\t\t\t\t<\/div>\n\t\t<\/div>\n\t\t\t\t\t<\/div>\n\t\t<\/section>\n\t\t\t\t<section class=\"elementor-section elementor-top-section elementor-element elementor-element-e9ea936 elementor-section-boxed elementor-section-height-default elementor-section-height-default\" data-id=\"e9ea936\" data-element_type=\"section\" data-settings=\"{&quot;_ha_eqh_enable&quot;:false}\">\n\t\t\t\t\t\t<div class=\"elementor-container elementor-column-gap-default\">\n\t\t\t\t\t<div class=\"elementor-column elementor-col-100 elementor-top-column elementor-element elementor-element-360492c\" data-id=\"360492c\" data-element_type=\"column\" data-settings=\"{&quot;background_background&quot;:&quot;classic&quot;}\">\n\t\t\t<div class=\"elementor-widget-wrap elementor-element-populated\">\n\t\t\t\t\t\t<div class=\"elementor-element elementor-element-23fbade elementor-widget elementor-widget-heading\" data-id=\"23fbade\" data-element_type=\"widget\" data-widget_type=\"heading.default\">\n\t\t\t\t\t<h2 class=\"elementor-heading-title elementor-size-default\">Awards<\/h2>\t\t\t\t<\/div>\n\t\t\t\t<div class=\"elementor-element elementor-element-01a5bb8 elementor-widget elementor-widget-text-editor\" data-id=\"01a5bb8\" data-element_type=\"widget\" data-widget_type=\"text-editor.default\">\n\t\t\t\t\t\t\t\t\tPEOPLE\u2019S CHOICE went to Oro Impuro (Disturbed Land, Fernando Solanas | Argentina) with 78% of votes on excellent.\u00a0<strong>Ouro Impuro <\/strong>(Oro Impuro, Fernando Solanas | Argentina) com 78% da vota\u00e7\u00e3o em \u00f3timo.<br><\/br>\n\nBEST FEATURE LENGTH to Dust: The Great Asbestos Trial (Niccol\u00f2 Bruna &amp; Andrea Prandstraller | Italy).\u00a0<strong>P\u00f3: O Grande Processo do Amianto <\/strong>(Dust: The Great Asbestos Trial<strong>, <\/strong>Niccol\u00f2 Bruna &amp; Andrea Prandstraller | It\u00e1lia)<strong>. <\/strong><br><\/br>\n\nBEST SHORT FILM went to Tribus (Marcos Pimentel | Brazil).\u00a0<strong>O Tsunami e a Cerejeira em Flor<\/strong> (The Tsunami and the Cherry Blossom, Lucy Walker | EUA) pela habilidade de retratar com sensibilidade a dor que as trag\u00e9dias trazem e nossa capacidade de recome\u00e7ar.<br><\/br>\n\nSPECIAL AWARD to the shorts Tecl\u00f3polis (Anuk Obeid | Argentina) and Morning Stroll (Grant Ochard | USA).\u00a0<strong>Tecl\u00f3polis <\/strong>(Anuk Obeid | Argentina) e <strong>Passeio Matinal <\/strong>(Morning Stroll, Grant Ochard | EUA).<br><\/br>\n\nSPECIAL AWARD to feature documentary Waking the Green Tiger (Gary Marcuse | Canada). <strong>O Despertar do Tigre Verde<\/strong> (Waking the Green Tiger, Gary Marcuse | Canada).<br><\/br>\n\nREDE BRASILEIRA DE JORNALISMO AMBIENTAL AWARD (environmental journalists association) went to Waking the Green Tiger (Gary Marcuse, Canada), as it gives an historical, cultural and economic view of China since the Mao Tse Tung\u2019s Communist Revolution days showing how authoritarianism mixed with lack of scientific knowledge can lead to environmental destruction, misery and natural disasters. It also reveals the power of the environmentalist mobilization that resulted in the creation of the Environment Impact Act in a country that is fully controlled by the State. <strong>O Despertar do Tigre Verde<\/strong> (Waking the Green Tiger, Gary Marcuse | Canad\u00e1) por considerar que o filme d\u00e1 uma vis\u00e3o hist\u00f3rica, cultural e econ\u00f4mica da China desde a \u00e9poca da revolu\u00e7\u00e3o comunista de Mao Ts\u00e9 Tung at\u00e9 os dias de hoje, mostrando como o autoritarismo sem preparo cient\u00edfico pode destruir o meio ambiente, trazendo mis\u00e9ria e cat\u00e1strofes naturais. Tamb\u00e9m revela o poder da mobiliza\u00e7\u00e3o ambientalista organizada com o envolvimento dos povos locais que resultou na lei do impacto ambiental, num pa\u00eds que tem ainda o controle do Estado.\t\t\t\t\t\t\t\t<\/div>\n\t\t\t\t<div class=\"elementor-element elementor-element-fba8c3b elementor-widget elementor-widget-heading\" data-id=\"fba8c3b\" data-element_type=\"widget\" data-widget_type=\"heading.default\">\n\t\t\t\t\t<h2 class=\"elementor-heading-title elementor-size-default\">Programme <\/h2>\t\t\t\t<\/div>\n\t\t\t\t<div class=\"elementor-element elementor-element-2ab4d3a elementor-widget elementor-widget-text-editor\" data-id=\"2ab4d3a\" data-element_type=\"widget\" data-widget_type=\"text-editor.default\">\n\t\t\t\t\t\t\t\t\t<strong>75 filmes<\/strong>75 films, including 14 feature length and 16 shorts in competition and the showcases:\n<strong><br>Panorama <\/strong>\n<strong><br>Water: contamination, shortage and solutions;<\/strong>\n<strong><br>Ridden daily risks<\/strong>\n<strong><br>Native people <\/strong><br>\n<strong>ECO family<\/strong>\t\t\t\t\t\t\t\t<\/div>\n\t\t\t\t<div class=\"elementor-element elementor-element-4dd2953 elementor-widget elementor-widget-heading\" data-id=\"4dd2953\" data-element_type=\"widget\" data-widget_type=\"heading.default\">\n\t\t\t\t\t<h2 class=\"elementor-heading-title elementor-size-default\">Other Activities<\/h2>\t\t\t\t<\/div>\n\t\t\t\t<div class=\"elementor-element elementor-element-3eb892b elementor-widget elementor-widget-text-editor\" data-id=\"3eb892b\" data-element_type=\"widget\" data-widget_type=\"text-editor.default\">\n\t\t\t\t\t\t\t\t\tSpecial screening at N\u00f3s do Morro Cineclub at Vidigal Community, of film Farwest Amaz\u00f4nia, by Carolina Venturelli and Ewan Massiot (Brazil, France). <strong>Farwest Amaz\u00f4nia<\/strong>, de Carolina Venturelli e Ewan Massiot (Brasil, Fran\u00e7a).<br><\/br>\n\nMata Atl\u00e2ntica, a casa de todos n\u00f3s (Mata Atlantica, home of all of us) with NGO Sustentarte \u2013 at Espa\u00e7o Verde do Jardim Bot\u00e2nico (Green Space of the Botanic Garden) - the exhibition identified for visitors specimens and seedlings from mata Atlantica in a space built with bamboos in a sustainable architecture design.\t\t\t\t\t\t\t\t<\/div>\n\t\t\t\t<div class=\"elementor-element elementor-element-407bea6 elementor-widget elementor-widget-heading\" data-id=\"407bea6\" data-element_type=\"widget\" data-widget_type=\"heading.default\">\n\t\t\t\t\t<h2 class=\"elementor-heading-title elementor-size-default\">Venues<\/h2>\t\t\t\t<\/div>\n\t\t\t\t<div class=\"elementor-element elementor-element-600ea03 elementor-widget elementor-widget-text-editor\" data-id=\"600ea03\" data-element_type=\"widget\" data-widget_type=\"text-editor.default\">\n\t\t\t\t\t\t\t\t\tEspa\u00e7o Ita\u00fa de Cinemas, Botafogo beach<br>\nCentro Cultural Justi\u00e7a Federal<br>\nEspa\u00e7o Museu da Rep\u00fablica;<br>\nInstituto Moreira Salles,<br>\nCineclube N\u00f3s do Morro, at Vidigal.\t\t\t\t\t\t\t\t<\/div>\n\t\t\t\t<div class=\"elementor-element elementor-element-da7ce3f elementor-widget elementor-widget-heading\" data-id=\"da7ce3f\" data-element_type=\"widget\" data-widget_type=\"heading.default\">\n\t\t\t\t\t<h2 class=\"elementor-heading-title elementor-size-default\">Catalog Download<\/h2>\t\t\t\t<\/div>\n\t\t\t\t<div class=\"elementor-element elementor-element-2f7d2d2 elementor-align-left elementor-widget-mobile__width-auto elementor-widget elementor-widget-button\" data-id=\"2f7d2d2\" data-element_type=\"widget\" data-widget_type=\"button.default\">\n\t\t\t\t\t\t\t\t\t\t<a class=\"elementor-button elementor-button-link elementor-size-sm elementor-animation-shrink\" href=\"http:\/\/filmambiente.com\/wp-content\/uploads\/2021\/07\/Catalogo_filmambiente_2012-web.pdf\" target=\"_blank\">\n\t\t\t\t\t\t<span class=\"elementor-button-content-wrapper\">\n\t\t\t\t\t\t\t\t\t<span class=\"elementor-button-text\">Download<\/span>\n\t\t\t\t\t<\/span>\n\t\t\t\t\t<\/a>\n\t\t\t\t\t\t\t\t<\/div>\n\t\t\t\t\t<\/div>\n\t\t<\/div>\n\t\t\t\t\t<\/div>\n\t\t<\/section>\n\t\t\t\t<section class=\"elementor-section elementor-top-section elementor-element elementor-element-9955bfd elementor-section-boxed elementor-section-height-default elementor-section-height-default\" data-id=\"9955bfd\" data-element_type=\"section\" data-settings=\"{&quot;_ha_eqh_enable&quot;:false}\">\n\t\t\t\t\t\t<div class=\"elementor-container elementor-column-gap-default\">\n\t\t\t\t\t<div class=\"elementor-column elementor-col-100 elementor-top-column elementor-element elementor-element-e8a1b13\" data-id=\"e8a1b13\" data-element_type=\"column\" data-settings=\"{&quot;background_background&quot;:&quot;classic&quot;}\">\n\t\t\t<div class=\"elementor-widget-wrap elementor-element-populated\">\n\t\t\t\t\t\t<div class=\"elementor-element elementor-element-30a8c08 elementor-widget elementor-widget-heading\" data-id=\"30a8c08\" data-element_type=\"widget\" data-widget_type=\"heading.default\">\n\t\t\t\t\t<h2 class=\"elementor-heading-title elementor-size-default\">Sponsors and Partners <\/h2>\t\t\t\t<\/div>\n\t\t\t\t<div class=\"elementor-element elementor-element-1b60338 elementor-widget elementor-widget-image\" data-id=\"1b60338\" data-element_type=\"widget\" data-widget_type=\"image.default\">\n\t\t\t\t\t\t\t\t\t\t\t\t\t\t\t<img fetchpriority=\"high\" decoding=\"async\" width=\"870\" height=\"526\" src=\"https:\/\/filmambiente.com\/wp-content\/uploads\/2021\/07\/2012.jpeg\" class=\"attachment-full size-full wp-image-11566\" alt=\"\" srcset=\"https:\/\/filmambiente.com\/wp-content\/uploads\/2021\/07\/2012.jpeg 870w, https:\/\/filmambiente.com\/wp-content\/uploads\/2021\/07\/2012-300x181.jpeg 300w, https:\/\/filmambiente.com\/wp-content\/uploads\/2021\/07\/2012-768x464.jpeg 768w, https:\/\/filmambiente.com\/wp-content\/uploads\/2021\/07\/2012-16x10.jpeg 16w\" sizes=\"(max-width: 870px) 100vw, 870px\" \/>\t\t\t\t\t\t\t\t\t\t\t\t\t\t\t<\/div>\n\t\t\t\t\t<\/div>\n\t\t<\/div>\n\t\t\t\t\t<\/div>\n\t\t<\/section>\n\t\t\t\t<\/div>","protected":false},"excerpt":{"rendered":"<p>Filmambiente 2012 | 31 Agosto &#8211; 06 Setembro | Rio de Janeiro Filmes Premiados PR\u00caMIO DO P\u00daBLICO foi para o filme\u00a0Ouro Impuro (Oro Impuro, Fernando Solanas | Argentina) com 78% da vota\u00e7\u00e3o em \u00f3timo. MELHOR LONGA-METRAGEM foi para o filme\u00a0P\u00f3: O Grande Processo do Amianto (Dust: The Great Asbestos Trial, Niccol\u00f2 Bruna &amp; Andrea Prandstraller [&hellip;]<\/p>","protected":false},"author":2,"featured_media":0,"parent":0,"menu_order":0,"comment_status":"closed","ping_status":"closed","template":"elementor_header_footer","meta":{"_acf_changed":false,"footnotes":""},"class_list":["post-11376","page","type-page","status-publish","hentry"],"acf":[],"_links":{"self":[{"href":"https:\/\/filmambiente.com\/en\/wp-json\/wp\/v2\/pages\/11376","targetHints":{"allow":["GET"]}}],"collection":[{"href":"https:\/\/filmambiente.com\/en\/wp-json\/wp\/v2\/pages"}],"about":[{"href":"https:\/\/filmambiente.com\/en\/wp-json\/wp\/v2\/types\/page"}],"author":[{"embeddable":true,"href":"https:\/\/filmambiente.com\/en\/wp-json\/wp\/v2\/users\/2"}],"replies":[{"embeddable":true,"href":"https:\/\/filmambiente.com\/en\/wp-json\/wp\/v2\/comments?post=11376"}],"version-history":[{"count":50,"href":"https:\/\/filmambiente.com\/en\/wp-json\/wp\/v2\/pages\/11376\/revisions"}],"predecessor-version":[{"id":17354,"href":"https:\/\/filmambiente.com\/en\/wp-json\/wp\/v2\/pages\/11376\/revisions\/17354"}],"wp:attachment":[{"href":"https:\/\/filmambiente.com\/en\/wp-json\/wp\/v2\/media?parent=11376"}],"curies":[{"name":"wp","href":"https:\/\/api.w.org\/{rel}","templated":true}]}}