{"id":11313,"date":"2021-07-16T16:01:20","date_gmt":"2021-07-16T19:01:20","guid":{"rendered":"http:\/\/filmambiente.com\/?page_id=11313"},"modified":"2023-09-01T09:07:09","modified_gmt":"2023-09-01T12:07:09","slug":"filmambiente-4","status":"publish","type":"page","link":"https:\/\/filmambiente.com\/en\/filmambiente-4\/","title":{"rendered":"Filmambiente 4"},"content":{"rendered":"<div data-elementor-type=\"wp-page\" data-elementor-id=\"11313\" class=\"elementor elementor-11313\" data-elementor-post-type=\"page\">\n\t\t\t\t\t\t<section class=\"elementor-section elementor-top-section elementor-element elementor-element-72b7493 elementor-section-boxed elementor-section-height-default elementor-section-height-default\" data-id=\"72b7493\" data-element_type=\"section\" data-settings=\"{&quot;_ha_eqh_enable&quot;:false}\">\n\t\t\t\t\t\t<div class=\"elementor-container elementor-column-gap-default\">\n\t\t\t\t\t<div class=\"elementor-column elementor-col-100 elementor-top-column elementor-element elementor-element-68b6be3\" data-id=\"68b6be3\" data-element_type=\"column\">\n\t\t\t<div class=\"elementor-widget-wrap elementor-element-populated\">\n\t\t\t\t\t\t<div class=\"elementor-element elementor-element-1809ae0 elementor-widget elementor-widget-heading\" data-id=\"1809ae0\" data-element_type=\"widget\" data-widget_type=\"heading.default\">\n\t\t\t\t\t<h2 class=\"elementor-heading-title elementor-size-default\">Filmambiente 2014 | 04-10 Setembro | Rio de Janeiro &amp; Porto Alegre<\/h2>\t\t\t\t<\/div>\n\t\t\t\t\t<\/div>\n\t\t<\/div>\n\t\t\t\t\t<\/div>\n\t\t<\/section>\n\t\t\t\t<section class=\"elementor-section elementor-top-section elementor-element elementor-element-7309bbb elementor-section-boxed elementor-section-height-default elementor-section-height-default\" data-id=\"7309bbb\" data-element_type=\"section\" data-settings=\"{&quot;_ha_eqh_enable&quot;:false}\">\n\t\t\t\t\t\t<div class=\"elementor-container elementor-column-gap-default\">\n\t\t\t\t\t<div class=\"elementor-column elementor-col-100 elementor-top-column elementor-element elementor-element-6acb755\" data-id=\"6acb755\" data-element_type=\"column\">\n\t\t\t<div class=\"elementor-widget-wrap elementor-element-populated\">\n\t\t\t\t\t\t<div class=\"elementor-element elementor-element-33a3137 elementor-widget elementor-widget-video\" data-id=\"33a3137\" data-element_type=\"widget\" data-settings=\"{&quot;youtube_url&quot;:&quot;https:\\\/\\\/www.youtube.com\\\/watch?v=CDU4epvUHT0&quot;,&quot;autoplay&quot;:&quot;yes&quot;,&quot;play_on_mobile&quot;:&quot;yes&quot;,&quot;loop&quot;:&quot;yes&quot;,&quot;yt_privacy&quot;:&quot;yes&quot;,&quot;video_type&quot;:&quot;youtube&quot;}\" data-widget_type=\"video.default\">\n\t\t\t\t\t\t\t<div class=\"elementor-wrapper elementor-open-inline\">\n\t\t\t<div class=\"elementor-video\"><\/div>\t\t<\/div>\n\t\t\t\t\t\t<\/div>\n\t\t\t\t\t<\/div>\n\t\t<\/div>\n\t\t\t\t\t<\/div>\n\t\t<\/section>\n\t\t\t\t<section class=\"elementor-section elementor-top-section elementor-element elementor-element-9f42e0b elementor-section-boxed elementor-section-height-default elementor-section-height-default\" data-id=\"9f42e0b\" data-element_type=\"section\" data-settings=\"{&quot;_ha_eqh_enable&quot;:false}\">\n\t\t\t\t\t\t<div class=\"elementor-container elementor-column-gap-default\">\n\t\t\t\t\t<div class=\"elementor-column elementor-col-100 elementor-top-column elementor-element elementor-element-cc2e38d\" data-id=\"cc2e38d\" data-element_type=\"column\" data-settings=\"{&quot;background_background&quot;:&quot;classic&quot;}\">\n\t\t\t<div class=\"elementor-widget-wrap elementor-element-populated\">\n\t\t\t\t\t\t<div class=\"elementor-element elementor-element-2316305 elementor-widget elementor-widget-heading\" data-id=\"2316305\" data-element_type=\"widget\" data-widget_type=\"heading.default\">\n\t\t\t\t\t<h2 class=\"elementor-heading-title elementor-size-default\">Awards<\/h2>\t\t\t\t<\/div>\n\t\t\t\t<div class=\"elementor-element elementor-element-72e0fb2 elementor-widget elementor-widget-text-editor\" data-id=\"72e0fb2\" data-element_type=\"widget\" data-widget_type=\"text-editor.default\">\n\t\t\t\t\t\t\t\t\tPEOPLE\u2019S CHOICE AWARD to Virunga (Orlando von Einsiedel | United Kingdom) with 79.27% of the votes. <strong>Virunga <\/strong>(Virunga, Orlando von Einsiedel | Reino Unido) com 79,27% dos votos.<br><\/br>\n\nBEST FEATURE LENGTH to Bidder (George Gage | USA) because he leads us through the story of a character with all the characteristics of the classic hero: a young man willing to make an immense sacrifice for the common good to defend what is right, against a powerful enemy. Thus, it reveals how the courage of an individual became an example of the right to resistance, to civil disobedience, showing inspiration and hope. <strong>Bidder<\/strong> (Bidder, George Gage | EUA) pois nos conduz pela hist\u00f3ria de um personagem com todas as caracter\u00edsticas do her\u00f3i cl\u00e1ssico: um jovem disposto a fazer um imenso sacrif\u00edcio pelo bem comum para defender o que \u00e9 certo, contra um inimigo poderoso. Assim revela como a coragem de um indiv\u00edduo se tornou exemplo do direito \u00e0 resist\u00eancia, \u00e0 desobedi\u00eancia civil, semeando inspira\u00e7\u00e3o e esperan\u00e7a.<br><\/br>\n\nBEST SHORT FILM went to Tribus (Marcos Pimentel | Brazil). <strong>O Barril<\/strong> (The Barrel, Anabel Rodr\u00edguez | Reino Unido, Venezuela, Rep\u00fablica Dominicana) pela originalidade do roteiro e dire\u00e7\u00e3o primorosa que revela um personagem apaixonante em meio \u00e0s contradi\u00e7\u00f5es de uma Venezuela dividida entre as riquezas do petr\u00f3leo e a pobreza da comunidade ribeirinha.<br><\/br>\n\nSPECIAL AWARD for the short Faces (Said Najmi | Jordan) for the sensible way it portrays human choices. <strong>Sombra da \u00c1rvore<\/strong> (Shadow Tree, Biju Viswanath | Rep\u00fablica da Tanz\u00e2nia), que devolve a esperan\u00e7a ao espectador, mostrando uma amizade improv\u00e1vel.<br><\/br>\n\nand to Virunga (Orlando von Einsiedel | United Kingdom) because the film has all the elements of an action film, dramatic, emotional, beautiful. A plot of international intrigue, power play, brutal violence. But it is a true story, which can only be told by the courage of characters who face these forces. We identify with the innocent victims of this conflict - we are the gorillas, we are the Congolese expelled from their land. <strong>Payada Pa\u2019 Sat\u00e1n (<\/strong>Carlos Balseiro | Argentina), pois com rigor narrativo e cuidado est\u00e9tico interpreta uma grave quest\u00e3o ambiental a partir do imagin\u00e1rio popular.<br><\/br>\n\nSPECIAL AWARD to feature documentary Waking the Green Tiger (Gary Marcuse | Canada). <strong>Deserto Verde<\/strong> (Desierto Verde, Ulisses de La Orden | Argentina), por ser um filme despretensioso e simples, como as m\u00e3es que procuram justi\u00e7a e, como elas, tem a imensa beleza de ser correto, honesto e acreditar na organiza\u00e7\u00e3o das pessoas e do conhecimento para fazer a justi\u00e7a prevalecer.<br><\/br>\nand to Virunga (Orlando von Einsiedel | United Kingdom) because the film has all the elements of an action film, dramatic, emotional, beautiful. A plot of international intrigue, power play, brutal violence. But it is a true story, which can only be told by the courage of characters who face these forces. We identify with the innocent victims of this conflict - we are the gorillas, we are the Congolese expelled from their land. <strong>Virunga <\/strong>(Virunga, Orlando von Einsiedel | Reino Unido), pois o filme tem todos os elementos de um filme de a\u00e7\u00e3o, dram\u00e1tico, emocionante, bonito. Uma trama de intriga internacional, jogo de poder, viol\u00eancia brutal. Mas \u00e9 uma hist\u00f3ria real, que s\u00f3 pode ser contada pela coragem de personagens que enfrentam essas for\u00e7as. Nos identificamos com as v\u00edtimas inocentes desse conflito &#8211; n\u00f3s somos os gorilas, n\u00f3s somos os congoleses expulsos de suas terras.\t\t\t\t\t\t\t\t<\/div>\n\t\t\t\t<div class=\"elementor-element elementor-element-4f1fae3 elementor-widget elementor-widget-heading\" data-id=\"4f1fae3\" data-element_type=\"widget\" data-widget_type=\"heading.default\">\n\t\t\t\t\t<h2 class=\"elementor-heading-title elementor-size-default\">Programme <\/h2>\t\t\t\t<\/div>\n\t\t\t\t<div class=\"elementor-element elementor-element-5320f6d elementor-widget elementor-widget-text-editor\" data-id=\"5320f6d\" data-element_type=\"widget\" data-widget_type=\"text-editor.default\">\n\t\t\t\t\t\t\t\t\t<strong>62 Filmes, <\/strong>62 Films, including 8 feature length documentaries and 25 shorts in competition and the showcases:<br>\n\n<strong>CineEco \u2013 20 years<\/strong>, homage to the 20 editions of this festival that takes place at  Serra da Estrela, Portugal, with the exhibition of 6 films shown in their previous editions;<br>\n\n<strong>Swiss Films<\/strong>, 5 films of Switzerland recent production on the environment, including 2 fiction films;<br>\n\n<strong>The Future is Here<\/strong>, with 5 films showing urgent issues, including a French documentary of Belo Monte (Brazilian dam built on indigenous land) and the much awarded Last Ocean, shown with the support of PEW fund and Last Call, Italian film shown and awarded in more than 20 festivals around the world;<br>\n\n<strong>Masters of their Destiny<\/strong>, with 5 films presenting creative solutions found by persons or communities to solve their problems;<br>\n\n<strong>Brazilian Films<\/strong>, with 6 films shown at Naves do Conhecimento de Madureira, Iraj\u00e1, Penha and Bangu.<br>\t\t\t\t\t\t\t\t<\/div>\n\t\t\t\t<div class=\"elementor-element elementor-element-2076827 elementor-widget elementor-widget-heading\" data-id=\"2076827\" data-element_type=\"widget\" data-widget_type=\"heading.default\">\n\t\t\t\t\t<h2 class=\"elementor-heading-title elementor-size-default\">Other Activities<\/h2>\t\t\t\t<\/div>\n\t\t\t\t<div class=\"elementor-element elementor-element-cae7757 elementor-widget elementor-widget-text-editor\" data-id=\"cae7757\" data-element_type=\"widget\" data-widget_type=\"text-editor.default\">\n\t\t\t\t\t\t\t\t\tThe Environment: Thematic and Approach Evolution Panel was coordinated by O Globo journalist and columnist Agostinho Vieira, and to debate these issues, we brought together people who have been working with the environment and sustainability for over twenty years, whether reporting, organizing events, or producing and directing films and videos, such as Cine'Eco director Mario Branquinho and director and producer Paula Saldanha, or studying the economic and social consequences of climate change, such as professor, consultant and economist Sergio Besserman.<br><\/br>\n\nA tasting event of finger food cooked with remains collected the same day at Cadeg (producers center) held by the Slow Food Brasil group, after answering questions from the audience about the Italian film The Origin of Slow Food, at Espa\u00e7o Ita\u00fa de Cinema,<br><\/br>\n\nMovie Marathon: for the second year, and with the support of partners (a folding bike by Blitz, kits by Farm, 3 eco-friendly Dopper bottles) the movie marathon awarded five persons who were able to watch more movies.<br><\/br>\n\nExhibitions at Naves do Conhecimento de Madureira, Iraj\u00e1, Penha and Bangu. \nAt the Penha Nave, teachers of public schools of the region were able to interact with the director of Then and Now, Luiz Adelmo Manzano.<br><\/br>\n\nAt Madureira Nave, a representative of the film The Poison is on the Table 2, by Silvio Tendler (Brazil) who participated in a Q&amp;A. <strong>O Veneno est\u00e1 na Mesa 2<\/strong> debateu o filme com a plat\u00e9ia.\t\t\t\t\t\t\t\t<\/div>\n\t\t\t\t<div class=\"elementor-element elementor-element-c730dc5 elementor-widget elementor-widget-heading\" data-id=\"c730dc5\" data-element_type=\"widget\" data-widget_type=\"heading.default\">\n\t\t\t\t\t<h2 class=\"elementor-heading-title elementor-size-default\">Venues<\/h2>\t\t\t\t<\/div>\n\t\t\t\t<div class=\"elementor-element elementor-element-59c16ea elementor-widget elementor-widget-text-editor\" data-id=\"59c16ea\" data-element_type=\"widget\" data-widget_type=\"text-editor.default\">\n\t\t\t\t\t\t\t\t\tEspa\u00e7o Ita\u00fa de Cinema<br>\nInstituto Moreira Salles<br>\nNaves do Conhecimento de Madureira, Iraj\u00e1, Penha and Bangu<br>\nCine Santander Cultural, Porto Alegre\t\t\t\t\t\t\t\t<\/div>\n\t\t\t\t<div class=\"elementor-element elementor-element-bed8284 elementor-widget elementor-widget-heading\" data-id=\"bed8284\" data-element_type=\"widget\" data-widget_type=\"heading.default\">\n\t\t\t\t\t<h2 class=\"elementor-heading-title elementor-size-default\">Catalog Download<\/h2>\t\t\t\t<\/div>\n\t\t\t\t<div class=\"elementor-element elementor-element-ef37f61 elementor-align-left elementor-widget-mobile__width-auto elementor-widget elementor-widget-button\" data-id=\"ef37f61\" data-element_type=\"widget\" data-widget_type=\"button.default\">\n\t\t\t\t\t\t\t\t\t\t<a class=\"elementor-button elementor-button-link elementor-size-sm elementor-animation-shrink\" href=\"http:\/\/filmambiente.com\/wp-content\/uploads\/2021\/07\/Catalogo_filmambiente_2014-web.pdf\" target=\"_blank\">\n\t\t\t\t\t\t<span class=\"elementor-button-content-wrapper\">\n\t\t\t\t\t\t\t\t\t<span class=\"elementor-button-text\">Download<\/span>\n\t\t\t\t\t<\/span>\n\t\t\t\t\t<\/a>\n\t\t\t\t\t\t\t\t<\/div>\n\t\t\t\t\t<\/div>\n\t\t<\/div>\n\t\t\t\t\t<\/div>\n\t\t<\/section>\n\t\t\t\t<section class=\"elementor-section elementor-top-section elementor-element elementor-element-6c98423 elementor-section-full_width elementor-section-stretched elementor-hidden-desktop elementor-hidden-tablet elementor-section-height-default elementor-section-height-default\" data-id=\"6c98423\" data-element_type=\"section\" data-settings=\"{&quot;stretch_section&quot;:&quot;section-stretched&quot;,&quot;_ha_eqh_enable&quot;:false}\">\n\t\t\t\t\t\t<div class=\"elementor-container elementor-column-gap-default\">\n\t\t\t\t\t<div class=\"elementor-column elementor-col-100 elementor-top-column elementor-element elementor-element-fa1870c\" data-id=\"fa1870c\" data-element_type=\"column\">\n\t\t\t<div class=\"elementor-widget-wrap\">\n\t\t\t\t\t\t\t<\/div>\n\t\t<\/div>\n\t\t\t\t\t<\/div>\n\t\t<\/section>\n\t\t\t\t<section class=\"elementor-section elementor-top-section elementor-element elementor-element-aeaa5a9 elementor-section-boxed elementor-section-height-default elementor-section-height-default\" data-id=\"aeaa5a9\" data-element_type=\"section\" data-settings=\"{&quot;_ha_eqh_enable&quot;:false}\">\n\t\t\t\t\t\t<div class=\"elementor-container elementor-column-gap-default\">\n\t\t\t\t\t<div class=\"elementor-column elementor-col-100 elementor-top-column elementor-element elementor-element-4d7fe7d\" data-id=\"4d7fe7d\" data-element_type=\"column\" data-settings=\"{&quot;background_background&quot;:&quot;classic&quot;}\">\n\t\t\t<div class=\"elementor-widget-wrap elementor-element-populated\">\n\t\t\t\t\t\t<div class=\"elementor-element elementor-element-95d5e4e elementor-widget elementor-widget-heading\" data-id=\"95d5e4e\" data-element_type=\"widget\" data-widget_type=\"heading.default\">\n\t\t\t\t\t<h2 class=\"elementor-heading-title elementor-size-default\">Sponsors and Partners <\/h2>\t\t\t\t<\/div>\n\t\t\t\t<div class=\"elementor-element elementor-element-a417acf elementor-widget elementor-widget-image\" data-id=\"a417acf\" data-element_type=\"widget\" data-widget_type=\"image.default\">\n\t\t\t\t\t\t\t\t\t\t\t\t\t\t\t<img fetchpriority=\"high\" decoding=\"async\" width=\"870\" height=\"660\" src=\"https:\/\/filmambiente.com\/wp-content\/uploads\/2021\/07\/2014.jpeg\" class=\"attachment-full size-full wp-image-11568\" alt=\"\" srcset=\"https:\/\/filmambiente.com\/wp-content\/uploads\/2021\/07\/2014.jpeg 870w, https:\/\/filmambiente.com\/wp-content\/uploads\/2021\/07\/2014-300x228.jpeg 300w, https:\/\/filmambiente.com\/wp-content\/uploads\/2021\/07\/2014-768x583.jpeg 768w, https:\/\/filmambiente.com\/wp-content\/uploads\/2021\/07\/2014-16x12.jpeg 16w\" sizes=\"(max-width: 870px) 100vw, 870px\" \/>\t\t\t\t\t\t\t\t\t\t\t\t\t\t\t<\/div>\n\t\t\t\t\t<\/div>\n\t\t<\/div>\n\t\t\t\t\t<\/div>\n\t\t<\/section>\n\t\t\t\t<\/div>","protected":false},"excerpt":{"rendered":"<p>Filmambiente 2014 | 04-10 Setembro | Rio de Janeiro &#038; Porto Alegre Filmes Premiados PR\u00caMIO DO P\u00daBLICO para Virunga (Virunga, Orlando von Einsiedel | Reino Unido) com 79,27% dos votos. MELHOR LONGA-METRAGEM foi para Bidder (Bidder, George Gage | EUA) pois nos conduz pela hist\u00f3ria de um personagem com todas as caracter\u00edsticas do her\u00f3i cl\u00e1ssico: [&hellip;]<\/p>","protected":false},"author":2,"featured_media":0,"parent":0,"menu_order":0,"comment_status":"closed","ping_status":"closed","template":"elementor_header_footer","meta":{"_acf_changed":false,"footnotes":""},"class_list":["post-11313","page","type-page","status-publish","hentry"],"acf":[],"_links":{"self":[{"href":"https:\/\/filmambiente.com\/en\/wp-json\/wp\/v2\/pages\/11313","targetHints":{"allow":["GET"]}}],"collection":[{"href":"https:\/\/filmambiente.com\/en\/wp-json\/wp\/v2\/pages"}],"about":[{"href":"https:\/\/filmambiente.com\/en\/wp-json\/wp\/v2\/types\/page"}],"author":[{"embeddable":true,"href":"https:\/\/filmambiente.com\/en\/wp-json\/wp\/v2\/users\/2"}],"replies":[{"embeddable":true,"href":"https:\/\/filmambiente.com\/en\/wp-json\/wp\/v2\/comments?post=11313"}],"version-history":[{"count":27,"href":"https:\/\/filmambiente.com\/en\/wp-json\/wp\/v2\/pages\/11313\/revisions"}],"predecessor-version":[{"id":17348,"href":"https:\/\/filmambiente.com\/en\/wp-json\/wp\/v2\/pages\/11313\/revisions\/17348"}],"wp:attachment":[{"href":"https:\/\/filmambiente.com\/en\/wp-json\/wp\/v2\/media?parent=11313"}],"curies":[{"name":"wp","href":"https:\/\/api.w.org\/{rel}","templated":true}]}}