{"id":9660,"date":"2021-06-26T11:53:40","date_gmt":"2021-06-26T14:53:40","guid":{"rendered":"http:\/\/filmambiente.com\/?page_id=9660"},"modified":"2022-02-15T10:29:28","modified_gmt":"2022-02-15T13:29:28","slug":"baia-urbana-nas-escolas","status":"publish","type":"page","link":"https:\/\/filmambiente.com\/br\/baia-urbana-nas-escolas\/","title":{"rendered":"Ba\u00eda Urbana nas Escolas"},"content":{"rendered":"\t\t<div data-elementor-type=\"wp-page\" data-elementor-id=\"9660\" class=\"elementor elementor-9660\" data-elementor-post-type=\"page\">\n\t\t\t\t\t\t<section class=\"elementor-section elementor-top-section elementor-element elementor-element-fedc8f9 elementor-section-boxed elementor-section-height-default elementor-section-height-default\" data-id=\"fedc8f9\" data-element_type=\"section\" data-settings=\"{&quot;background_background&quot;:&quot;classic&quot;,&quot;_ha_eqh_enable&quot;:false}\">\n\t\t\t\t\t\t\t<div class=\"elementor-background-overlay\"><\/div>\n\t\t\t\t\t\t\t<div class=\"elementor-container elementor-column-gap-default\">\n\t\t\t\t\t<div class=\"elementor-column elementor-col-100 elementor-top-column elementor-element elementor-element-b503da9\" data-id=\"b503da9\" data-element_type=\"column\" data-settings=\"{&quot;background_background&quot;:&quot;classic&quot;,&quot;animation&quot;:&quot;none&quot;}\">\n\t\t\t<div class=\"elementor-widget-wrap elementor-element-populated\">\n\t\t\t\t\t\t<div class=\"elementor-element elementor-element-7e66f02 animated-slow elementor-invisible elementor-widget elementor-widget-heading\" data-id=\"7e66f02\" data-element_type=\"widget\" data-settings=\"{&quot;_animation&quot;:&quot;fadeInLeft&quot;,&quot;_animation_delay&quot;:0}\" data-widget_type=\"heading.default\">\n\t\t\t\t\t<h2 class=\"elementor-heading-title elementor-size-default\">Ba\u00eda Urbana nas Escolas<\/h2>\t\t\t\t<\/div>\n\t\t\t\t<section class=\"elementor-section elementor-inner-section elementor-element elementor-element-b887098 animated-slow elementor-section-boxed elementor-section-height-default elementor-section-height-default elementor-invisible\" data-id=\"b887098\" data-element_type=\"section\" data-settings=\"{&quot;background_background&quot;:&quot;classic&quot;,&quot;animation&quot;:&quot;fadeInRight&quot;,&quot;animation_delay&quot;:300,&quot;_ha_eqh_enable&quot;:false}\">\n\t\t\t\t\t\t<div class=\"elementor-container elementor-column-gap-default\">\n\t\t\t\t\t<div class=\"elementor-column elementor-col-100 elementor-inner-column elementor-element elementor-element-362f2a0 animated-slow\" data-id=\"362f2a0\" data-element_type=\"column\" data-settings=\"{&quot;animation&quot;:&quot;none&quot;,&quot;animation_delay&quot;:600}\">\n\t\t\t<div class=\"elementor-widget-wrap elementor-element-populated\">\n\t\t\t\t\t\t<div class=\"elementor-element elementor-element-35da237 elementor-widget elementor-widget-heading\" data-id=\"35da237\" data-element_type=\"widget\" data-widget_type=\"heading.default\">\n\t\t\t\t\t<h2 class=\"elementor-heading-title elementor-size-default\">Sess\u00f5es online para professores e alunos<\/h2>\t\t\t\t<\/div>\n\t\t\t\t<div class=\"elementor-element elementor-element-c9f5682 elementor-widget elementor-widget-text-editor\" data-id=\"c9f5682\" data-element_type=\"widget\" data-widget_type=\"text-editor.default\">\n\t\t\t\t\t\t\t\t\tEntre os dias 15 e 30 de abril de 2021, o sinal para acessar o filme Ba\u00eda Urbana, de Ricardo Gomes, ficou aberto para acesso a escolas e professores inscritos.<br><\/br>\n\nEm mar\u00e7o de 2021, abrimos inscri\u00e7\u00f5es para professores, alunos e grupos interessados, e recebemos inscri\u00e7\u00f5es de professores que atuam no Rio de Janeiro.<br><\/br>\n\nO Filme Ba\u00eda Urbana, do fot\u00f3grafo e bi\u00f3logo marinho Ricardo Gomes, mostra a vida marinha da ba\u00eda de Guanabara e foi realizado ao longo de dois anos. O diretor mergulhou em diferentes pontos da ba\u00eda, da Urca, ponte Rio-Niter\u00f3i, interior da Ba\u00eda, e registrou a presen\u00e7a dos mais diversos esp\u00e9cimes marinhos que ainda sobrevivem em suas \u00e1guas, mesmo extremamente polu\u00eddas. Este evento foi realizado em conjunto com o Instituto Mar Urbano, no \u00e2mbito da Lei Aldyr Blanc, inciso II.\t\t\t\t\t\t\t\t<\/div>\n\t\t\t\t\t<\/div>\n\t\t<\/div>\n\t\t\t\t\t<\/div>\n\t\t<\/section>\n\t\t\t\t<section class=\"elementor-section elementor-inner-section elementor-element elementor-element-c825fdb animated-slow elementor-section-boxed elementor-section-height-default elementor-section-height-default elementor-invisible\" data-id=\"c825fdb\" data-element_type=\"section\" data-settings=\"{&quot;background_background&quot;:&quot;classic&quot;,&quot;animation&quot;:&quot;fadeInLeft&quot;,&quot;animation_delay&quot;:600,&quot;_ha_eqh_enable&quot;:false}\">\n\t\t\t\t\t\t<div class=\"elementor-container elementor-column-gap-default\">\n\t\t\t\t\t<div class=\"elementor-column elementor-col-100 elementor-inner-column elementor-element elementor-element-19de047\" data-id=\"19de047\" data-element_type=\"column\">\n\t\t\t<div class=\"elementor-widget-wrap elementor-element-populated\">\n\t\t\t\t\t\t<div class=\"elementor-element elementor-element-bf71575 elementor-widget elementor-widget-heading\" data-id=\"bf71575\" data-element_type=\"widget\" data-widget_type=\"heading.default\">\n\t\t\t\t\t<h2 class=\"elementor-heading-title elementor-size-default\">Coment\u00e1rios de participantes<\/h2>\t\t\t\t<\/div>\n\t\t\t\t<div class=\"elementor-element elementor-element-1c70b45 elementor-widget elementor-widget-text-editor\" data-id=\"1c70b45\" data-element_type=\"widget\" data-widget_type=\"text-editor.default\">\n\t\t\t\t\t\t\t\t\t<em>A sess\u00e3o foi muito bem organizada. A inscri\u00e7\u00e3o foi simples e os e-mails foram respondidos sempre com agilidade. Achei que a escolha do filme foi \u00f3tima, pois \u00e9 um conte\u00fado atual e relevante, al\u00e9m de acess\u00edvel, no sentido de ser de f\u00e1cil entendimento. Essa exibi\u00e7\u00e3o online tamb\u00e9m facilita porque cada aluno pode assistir ao filme no hor\u00e1rio que for melhor para ele<\/em>.<br>\n\n<em>(professora Isabel Wilmer &#8211; disciplina Projeto de Extens\u00e3o Bio na Praia) <\/em>\t\t\t\t\t\t\t\t<\/div>\n\t\t\t\t<div class=\"elementor-element elementor-element-019ccec elementor-widget elementor-widget-text-editor\" data-id=\"019ccec\" data-element_type=\"widget\" data-widget_type=\"text-editor.default\">\n\t\t\t\t\t\t\t\t\t<em>Eu achei o filme muito bom, ele apresenta a Ba\u00eda de Guanabara real, sem ser muito sensacionalista e mostrando a exist\u00eancia de uma ainda grande diversidade de seres vivos, o que n\u00e3o \u00e9 de conhecimento de toda a popula\u00e7\u00e3o. Tamb\u00e9m achei bastante interessante que foi mostrado a import\u00e2ncia da Ba\u00eda para a comunidade dos arredores tanto atrav\u00e9s de pescas e lazer. O descaso e a falta de interesse do governo em restaurar e proteger esse lugar de tamanho valor cultural e ambiental, foi mostrado com responsabilidade e a esperan\u00e7a de que essa situa\u00e7\u00e3o n\u00e3o \u00e9 irrevers\u00edvel foi apresentada de maneira genial.<\/em><br>\n\n<em>(aluno Samuel &#8211; disciplina Projeto de Extens\u00e3o Bio na Praia &#8211; professora Isabel Wilmer)<\/em>\t\t\t\t\t\t\t\t<\/div>\n\t\t\t\t<div class=\"elementor-element elementor-element-1b9c499 elementor-widget elementor-widget-text-editor\" data-id=\"1b9c499\" data-element_type=\"widget\" data-widget_type=\"text-editor.default\">\n\t\t\t\t\t\t\t\t\t<em>O Document\u00e1rio foi muito importante para a pesquisa do grupo, que est\u00e1 desenvolvendo um projeto em torno dos impactos socioambientais na Ba\u00eda de Guanabara, focando na ESEC Guanabara, principalmente. O filme nos fez acessar diversas fontes e situa\u00e7\u00f5es que durante a pesquisa ainda n\u00e3o t\u00ednhamos chegado, como toda a diversidade da vida marinha e todas as principais causas da polui\u00e7\u00e3o da Ba\u00eda. As imagens s\u00e3o muito potentes e come\u00e7amos a ficar apaixonados por esse patrim\u00f4nio natural que temos na nossa cidade e que \u00e9 diariamente prejudicada pela interven\u00e7\u00e3o humana. O document\u00e1rio, al\u00e9m de apresentar diversas situa\u00e7\u00f5es que envolvem a Ba\u00eda, apresentou diversos profissionais e pessoas que est\u00e3o envolvidas com a prote\u00e7\u00e3o do meio ambiente, de diferentes formas. Seja com seguran\u00e7a direta, ou com estudos, ou atrav\u00e9s da pr\u00f3pria comunica\u00e7\u00e3o, isso tamb\u00e9m foi muito importante, enxergar por diferentes perspectivas, e todas muito importantes. Da mesma forma que ficamos encantados com o filme, queremos trazer essa sensa\u00e7\u00e3o para o nosso projeto, fazer com que as pessoas reconhe\u00e7am a import\u00e2ncia da Ba\u00eda e se relacionem de uma forma mais saud\u00e1vel com ela.<\/em><br>\n\n<em>(aluna PUC-Rio &#8211; B\u00e1rbara Castro &#8211; disciplina DSG1006 &#8211; PROJETO AVAN\u00c7ADO &#8211; USO E IMPACTO SOCIOAMBIENTAIS &#8211; professor Aron Moraes)<\/em>\t\t\t\t\t\t\t\t<\/div>\n\t\t\t\t<div class=\"elementor-element elementor-element-18c5e33 elementor-widget elementor-widget-text-editor\" data-id=\"18c5e33\" data-element_type=\"widget\" data-widget_type=\"text-editor.default\">\n\t\t\t\t\t\t\t\t\t<em>Cada aluno assistiu em casa e colhi o feed back de alunos e pais no dia seguinte. Eles amaram ver os animais e os relatos, mas ficou um pouco cansativo para eles pelo tamanho do doc. <\/em><br>\n\n<em>(professor \u00c1tilas Melo, escola E.M. Professora Dulcinda Jotta Mendes (S\u00e3o Pedro da Aldeia, RJ) &#8211; disciplina Ci\u00eancias &#8211; alunos de 7a s\u00e9rie)<\/em>\t\t\t\t\t\t\t\t<\/div>\n\t\t\t\t<div class=\"elementor-element elementor-element-351fe82 elementor-widget elementor-widget-text-editor\" data-id=\"351fe82\" data-element_type=\"widget\" data-widget_type=\"text-editor.default\">\n\t\t\t\t\t\t\t\t\t<em>O filme traz uma abordagem da perspectiva ambientalista com pesquisadores epessoas que vivem e sobrevivem do espelho d \u0301\u00e1gua da Ba\u00eda de Guanabara e seusm\u00faltiplos usos. A fotografia da pesca de curral e dos golfinhos foi linda!<\/em><br>\n\n<em>(professora Monica do Nascimento Brito, da Universidade Estadual do Norte Fluminense em Campos dos Goytacazes, disciplina T\u00f3picos especiais em estudos urbanos: Cinema e Cidade, a Cidade no Cinema)<\/em>\t\t\t\t\t\t\t\t<\/div>\n\t\t\t\t\t<\/div>\n\t\t<\/div>\n\t\t\t\t\t<\/div>\n\t\t<\/section>\n\t\t\t\t<div class=\"elementor-element elementor-element-d163ab0 animated-slow elementor-invisible elementor-widget elementor-widget-heading\" data-id=\"d163ab0\" data-element_type=\"widget\" data-settings=\"{&quot;motion_fx_motion_fx_scrolling&quot;:&quot;yes&quot;,&quot;_animation&quot;:&quot;bounce&quot;,&quot;_animation_delay&quot;:300,&quot;motion_fx_devices&quot;:[&quot;desktop&quot;,&quot;tablet&quot;,&quot;mobile&quot;]}\" data-widget_type=\"heading.default\">\n\t\t\t\t\t<h2 class=\"elementor-heading-title elementor-size-default\">A Amado Arte e Produ\u00e7\u00e3o, o Instituto Mar Urbano e o Filmambiente convidam professores, alunos da rede municipal e jovens de todas as idades.<\/h2>\t\t\t\t<\/div>\n\t\t\t\t<div class=\"elementor-element elementor-element-d6c6943 animated-slow elementor-invisible elementor-widget elementor-widget-heading\" data-id=\"d6c6943\" data-element_type=\"widget\" data-settings=\"{&quot;motion_fx_motion_fx_scrolling&quot;:&quot;yes&quot;,&quot;_animation&quot;:&quot;bounce&quot;,&quot;_animation_delay&quot;:600,&quot;motion_fx_devices&quot;:[&quot;desktop&quot;,&quot;tablet&quot;,&quot;mobile&quot;]}\" data-widget_type=\"heading.default\">\n\t\t\t\t\t<h2 class=\"elementor-heading-title elementor-size-default\">Inscreva sua escola, sua sala de aula, seu grupo enviando uma mensagem para:\n<br><br>\ninfo@filmambiente.com<\/h2>\t\t\t\t<\/div>\n\t\t\t\t<div class=\"elementor-element elementor-element-21af528 animated-slow elementor-invisible elementor-widget elementor-widget-heading\" data-id=\"21af528\" data-element_type=\"widget\" data-settings=\"{&quot;motion_fx_motion_fx_scrolling&quot;:&quot;yes&quot;,&quot;_animation&quot;:&quot;bounce&quot;,&quot;_animation_delay&quot;:600,&quot;motion_fx_devices&quot;:[&quot;desktop&quot;,&quot;tablet&quot;,&quot;mobile&quot;]}\" data-widget_type=\"heading.default\">\n\t\t\t\t\t<h2 class=\"elementor-heading-title elementor-size-default\">E voc\u00ea e seu grupo receber\u00e3o um sinal para assistir de gra\u00e7a o filme BAIA URBANA de Ricardo Gomes, que mostra as belezas da vida da Ba\u00eda de Guanabara.<\/h2>\t\t\t\t<\/div>\n\t\t\t\t<div class=\"elementor-element elementor-element-08870d2 animated-slow elementor-invisible elementor-widget elementor-widget-heading\" data-id=\"08870d2\" data-element_type=\"widget\" data-settings=\"{&quot;motion_fx_motion_fx_scrolling&quot;:&quot;yes&quot;,&quot;_animation&quot;:&quot;bounce&quot;,&quot;_animation_delay&quot;:600,&quot;motion_fx_devices&quot;:[&quot;desktop&quot;,&quot;tablet&quot;,&quot;mobile&quot;]}\" data-widget_type=\"heading.default\">\n\t\t\t\t\t<h2 class=\"elementor-heading-title elementor-size-default\">Sinal aberto para as escolas e grupos inscritos!<\/h2>\t\t\t\t<\/div>\n\t\t\t\t<section class=\"elementor-section elementor-inner-section elementor-element elementor-element-26cf414 animated-slow elementor-section-boxed elementor-section-height-default elementor-section-height-default elementor-invisible\" data-id=\"26cf414\" data-element_type=\"section\" data-settings=\"{&quot;background_background&quot;:&quot;classic&quot;,&quot;animation&quot;:&quot;fadeInUp&quot;,&quot;animation_delay&quot;:600,&quot;_ha_eqh_enable&quot;:false}\">\n\t\t\t\t\t\t<div class=\"elementor-container elementor-column-gap-default\">\n\t\t\t\t\t<div class=\"elementor-column elementor-col-100 elementor-inner-column elementor-element elementor-element-67ff5fc\" data-id=\"67ff5fc\" data-element_type=\"column\">\n\t\t\t<div class=\"elementor-widget-wrap elementor-element-populated\">\n\t\t\t\t\t\t<div class=\"elementor-element elementor-element-396a0f1 elementor-widget elementor-widget-heading\" data-id=\"396a0f1\" data-element_type=\"widget\" data-widget_type=\"heading.default\">\n\t\t\t\t\t<h2 class=\"elementor-heading-title elementor-size-default\">Escolas e p\u00fablico<\/h2>\t\t\t\t<\/div>\n\t\t\t\t<div class=\"elementor-element elementor-element-6a29291 elementor-widget elementor-widget-text-editor\" data-id=\"6a29291\" data-element_type=\"widget\" data-widget_type=\"text-editor.default\">\n\t\t\t\t\t\t\t\t\tEscola T\u00e9cnica Estadual Juscelino Kubitschek,<br> professora Caroline Porto de Oliveira,<br> disciplina Meio Ambiente,<br> n\u00famero de alunos 20\t\t\t\t\t\t\t\t<\/div>\n\t\t\t\t<div class=\"elementor-element elementor-element-e965ad1 elementor-widget elementor-widget-text-editor\" data-id=\"e965ad1\" data-element_type=\"widget\" data-widget_type=\"text-editor.default\">\n\t\t\t\t\t\t\t\t\tUniversidade Estadual do Norte Fluminense em Campos dos Goytacazes<br> professora Monica do Nascimento Brito<br> disciplina T\u00f3picos especiais em estudos urbanos: Cinema e Cidade, a Cidade no Cinema<br>n\u00famero de alunos 10\t\t\t\t\t\t\t\t<\/div>\n\t\t\t\t<div class=\"elementor-element elementor-element-60a8422 elementor-widget elementor-widget-text-editor\" data-id=\"60a8422\" data-element_type=\"widget\" data-widget_type=\"text-editor.default\">\n\t\t\t\t\t\t\t\t\tE.M. Professora Dulcinda Jotta Mendes (S\u00e3o Pedro da Aldeia, RJ)<br> professor \u00c1tilas Melo<br> disciplina Ci\u00eancias<br> n\u00famero de alunos 40\t\t\t\t\t\t\t\t<\/div>\n\t\t\t\t<div class=\"elementor-element elementor-element-6fba647 elementor-widget elementor-widget-text-editor\" data-id=\"6fba647\" data-element_type=\"widget\" data-widget_type=\"text-editor.default\">\n\t\t\t\t\t\t\t\t\tAremac Ass extrativista de Arraial do Cabo<br>professora Ivana Moura<br> disciplina Meio Ambiente<br> n\u00famero de alunos 15\t\t\t\t\t\t\t\t<\/div>\n\t\t\t\t<div class=\"elementor-element elementor-element-652648b elementor-widget elementor-widget-text-editor\" data-id=\"652648b\" data-element_type=\"widget\" data-widget_type=\"text-editor.default\">\n\t\t\t\t\t\t\t\t\tCentro Acad\u00eamico de Biologia da UFRJ<br> professora Isabel Wilmer<br> disciplina Programa de extens\u00e3o Bio na Praia <br>n\u00famero de alunos 25\t\t\t\t\t\t\t\t<\/div>\n\t\t\t\t<div class=\"elementor-element elementor-element-fe4a1e8 elementor-widget elementor-widget-text-editor\" data-id=\"fe4a1e8\" data-element_type=\"widget\" data-widget_type=\"text-editor.default\">\n\t\t\t\t\t\t\t\t\tPUC Rio<br> professor Aron Moraes<br> disciplina DSG1006 &#8211; PROJETO AVAN\u00c7ADO &#8211; USO E IMPACTO SOCIOAMBIENTAIS<br> n\u00famero de alunos 22\t\t\t\t\t\t\t\t<\/div>\n\t\t\t\t\t<\/div>\n\t\t<\/div>\n\t\t\t\t\t<\/div>\n\t\t<\/section>\n\t\t\t\t\t<\/div>\n\t\t<\/div>\n\t\t\t\t\t<\/div>\n\t\t<\/section>\n\t\t\t\t<\/div>\n\t\t","protected":false},"excerpt":{"rendered":"<p>Ba\u00eda Urbana nas Escolas Sess\u00f5es online para professores e alunos Entre os dias 15 e 30 de abril de 2021, o sinal para acessar o filme Ba\u00eda Urbana, de Ricardo Gomes, ficou aberto para acesso a escolas e professores inscritos. Em mar\u00e7o de 2021, abrimos inscri\u00e7\u00f5es para professores, alunos e grupos interessados, e recebemos inscri\u00e7\u00f5es [&hellip;]<\/p>\n","protected":false},"author":2,"featured_media":0,"parent":0,"menu_order":0,"comment_status":"closed","ping_status":"closed","template":"elementor_header_footer","meta":{"_acf_changed":false,"footnotes":""},"class_list":["post-9660","page","type-page","status-publish","hentry"],"acf":[],"_links":{"self":[{"href":"https:\/\/filmambiente.com\/br\/wp-json\/wp\/v2\/pages\/9660","targetHints":{"allow":["GET"]}}],"collection":[{"href":"https:\/\/filmambiente.com\/br\/wp-json\/wp\/v2\/pages"}],"about":[{"href":"https:\/\/filmambiente.com\/br\/wp-json\/wp\/v2\/types\/page"}],"author":[{"embeddable":true,"href":"https:\/\/filmambiente.com\/br\/wp-json\/wp\/v2\/users\/2"}],"replies":[{"embeddable":true,"href":"https:\/\/filmambiente.com\/br\/wp-json\/wp\/v2\/comments?post=9660"}],"version-history":[{"count":94,"href":"https:\/\/filmambiente.com\/br\/wp-json\/wp\/v2\/pages\/9660\/revisions"}],"predecessor-version":[{"id":15109,"href":"https:\/\/filmambiente.com\/br\/wp-json\/wp\/v2\/pages\/9660\/revisions\/15109"}],"wp:attachment":[{"href":"https:\/\/filmambiente.com\/br\/wp-json\/wp\/v2\/media?parent=9660"}],"curies":[{"name":"wp","href":"https:\/\/api.w.org\/{rel}","templated":true}]}}