{"id":8779,"date":"2021-06-22T09:28:01","date_gmt":"2021-06-22T12:28:01","guid":{"rendered":"http:\/\/filmambiente.com\/?page_id=8779"},"modified":"2023-09-01T09:07:04","modified_gmt":"2023-09-01T12:07:04","slug":"filmambiente-5","status":"publish","type":"page","link":"https:\/\/filmambiente.com\/br\/filmambiente-5\/","title":{"rendered":"Filmambiente 5"},"content":{"rendered":"\t\t<div data-elementor-type=\"wp-page\" data-elementor-id=\"8779\" class=\"elementor elementor-8779\" data-elementor-post-type=\"page\">\n\t\t\t\t\t\t<section class=\"elementor-section elementor-top-section elementor-element elementor-element-afa2448 elementor-section-boxed elementor-section-height-default elementor-section-height-default\" data-id=\"afa2448\" data-element_type=\"section\" data-settings=\"{&quot;_ha_eqh_enable&quot;:false}\">\n\t\t\t\t\t\t<div class=\"elementor-container elementor-column-gap-default\">\n\t\t\t\t\t<div class=\"elementor-column elementor-col-100 elementor-top-column elementor-element elementor-element-2be6bdc\" data-id=\"2be6bdc\" data-element_type=\"column\">\n\t\t\t<div class=\"elementor-widget-wrap elementor-element-populated\">\n\t\t\t\t\t\t<div class=\"elementor-element elementor-element-a200be4 elementor-widget elementor-widget-heading\" data-id=\"a200be4\" data-element_type=\"widget\" data-widget_type=\"heading.default\">\n\t\t\t\t\t<h2 class=\"elementor-heading-title elementor-size-default\">Filmambiente 2015 | 27 Agosto - 3 Setembro | Rio de Janeiro\n\n\n<\/h2>\t\t\t\t<\/div>\n\t\t\t\t\t<\/div>\n\t\t<\/div>\n\t\t\t\t\t<\/div>\n\t\t<\/section>\n\t\t\t\t<section class=\"elementor-section elementor-top-section elementor-element elementor-element-70895b3 elementor-section-boxed elementor-section-height-default elementor-section-height-default\" data-id=\"70895b3\" data-element_type=\"section\" data-settings=\"{&quot;_ha_eqh_enable&quot;:false}\">\n\t\t\t\t\t\t<div class=\"elementor-container elementor-column-gap-default\">\n\t\t\t\t\t<div class=\"elementor-column elementor-col-100 elementor-top-column elementor-element elementor-element-fa24c98\" data-id=\"fa24c98\" data-element_type=\"column\">\n\t\t\t<div class=\"elementor-widget-wrap elementor-element-populated\">\n\t\t\t\t\t\t<div class=\"elementor-element elementor-element-6def7d4 elementor-widget elementor-widget-video\" data-id=\"6def7d4\" data-element_type=\"widget\" data-settings=\"{&quot;youtube_url&quot;:&quot;https:\\\/\\\/www.youtube.com\\\/watch?v=7AOsjfTBvzE&quot;,&quot;autoplay&quot;:&quot;yes&quot;,&quot;play_on_mobile&quot;:&quot;yes&quot;,&quot;loop&quot;:&quot;yes&quot;,&quot;yt_privacy&quot;:&quot;yes&quot;,&quot;video_type&quot;:&quot;youtube&quot;}\" data-widget_type=\"video.default\">\n\t\t\t\t\t\t\t<div class=\"elementor-wrapper elementor-open-inline\">\n\t\t\t<div class=\"elementor-video\"><\/div>\t\t<\/div>\n\t\t\t\t\t\t<\/div>\n\t\t\t\t\t<\/div>\n\t\t<\/div>\n\t\t\t\t\t<\/div>\n\t\t<\/section>\n\t\t\t\t<section class=\"elementor-section elementor-top-section elementor-element elementor-element-7e48554 elementor-section-boxed elementor-section-height-default elementor-section-height-default\" data-id=\"7e48554\" data-element_type=\"section\" data-settings=\"{&quot;_ha_eqh_enable&quot;:false}\">\n\t\t\t\t\t\t<div class=\"elementor-container elementor-column-gap-default\">\n\t\t\t\t\t<div class=\"elementor-column elementor-col-100 elementor-top-column elementor-element elementor-element-605702f\" data-id=\"605702f\" data-element_type=\"column\" data-settings=\"{&quot;background_background&quot;:&quot;classic&quot;}\">\n\t\t\t<div class=\"elementor-widget-wrap elementor-element-populated\">\n\t\t\t\t\t\t<div class=\"elementor-element elementor-element-b4fb911 elementor-widget elementor-widget-heading\" data-id=\"b4fb911\" data-element_type=\"widget\" data-widget_type=\"heading.default\">\n\t\t\t\t\t<h2 class=\"elementor-heading-title elementor-size-default\">Filmes Premiados<\/h2>\t\t\t\t<\/div>\n\t\t\t\t<div class=\"elementor-element elementor-element-fa4851c elementor-widget elementor-widget-text-editor\" data-id=\"fa4851c\" data-element_type=\"widget\" data-widget_type=\"text-editor.default\">\n\t\t\t\t\t\t\t\t\tPR\u00caMIO DO P\u00daBLICO: <strong>O Jardim da Esperan\u00e7a <\/strong>(Laurence Guenoun | Brasil, Fran\u00e7a), com 84,93% dos votos.<br><\/br>\n\nMELHOR LONGA-METRAGEM <strong>Big Men, o Filme<\/strong> (Big Men, the Movie, Rachel Boynton | EUA).<br><\/br>\n\nPorque: Um document\u00e1rio na acep\u00e7\u00e3o da palavra. Instigante, completo e de alt\u00edssima qualidade. Perfeito em cada detalhe. Das reuni\u00f5es tensas com os executivos do setor de petr\u00f3leo \u00e0s conversas francas com os guerrilheiros fortemente armados.\n\nMELHOR CURTA-METRAGEM <strong>\u00daltima Morada <\/strong>(Ants Apartment, Tofiq Amani | Kurdist\u00e3o, Iraque).\u00a0 Porque com uma linguagem visualmente incomum, mas com di\u00e1logos cativantes, o filme surpreende e emociona ao afastar a c\u00e2mera e num plano mais aberto revelar um final inimagin\u00e1vel.<br><\/br>\n\nPR\u00caMIO ESPECIAL curta-metragem para <strong>Gerais <\/strong>(Tiago Carvalho e Arthur Fraz\u00e3o | Brasil).<br><\/br>\n\nPorque Gerais \u00e9 um filme visualmente belo e calmo, com personagens singelos e de hist\u00f3rias dolorosas, mas que por tr\u00e1s carregam for\u00e7a e alegria ao preservar o ambiente que os cerca.<br><\/br>\n\ne para <strong>As Guerreiras do Brasil <\/strong>(Brazil\u2019s Warrior Women, Paul Redman | Reino Unido). O filme destaca o protagonismo das mulheres (as quebradeiras de Baba\u00e7u) e um movimento que, atrav\u00e9s da luta destas mulheres, se tornou muito importante, al\u00e9m de nos apresentar diversas utilidades do baba\u00e7u, um bem precioso naquela regi\u00e3o capaz de trazer dignidade \u00e0 vida daquelas mulheres.<br><\/br>\n\nPR\u00caMIO ESPECIAL longa-metragem para <strong>A Trag\u00e9dia do Lixo Eletr\u00f4nico <\/strong>(The Light Bulb Conspiracy, Cosima Dannoritzer | Fran\u00e7a, Espanha, Reino Unido). Onde a jornada do lixo eletr\u00f4nico atrav\u00e9s do mundo \u00e9 mostrada com eleg\u00e2ncia e firmeza pela diretora. O cuidado na investiga\u00e7\u00e3o n\u00e3o deixa d\u00favidas sobre a enorme incoer\u00eancia do consumismo na sociedade moderna.<br><\/br>\n\ne para <strong>O Jardim da Esperan\u00e7a (<\/strong>Laurence Guenoun | Brasil, Fran\u00e7a). Pois \u00e9 imposs\u00edvel ficar indiferente \u00e0 sofrida realidade mostrada neste document\u00e1rio. Simplesmente emocionante e belo.\t\t\t\t\t\t\t\t<\/div>\n\t\t\t\t<div class=\"elementor-element elementor-element-fdf0649 elementor-widget elementor-widget-heading\" data-id=\"fdf0649\" data-element_type=\"widget\" data-widget_type=\"heading.default\">\n\t\t\t\t\t<h2 class=\"elementor-heading-title elementor-size-default\">Programa\u00e7\u00e3o <\/h2>\t\t\t\t<\/div>\n\t\t\t\t<div class=\"elementor-element elementor-element-d9fec3d elementor-widget elementor-widget-text-editor\" data-id=\"d9fec3d\" data-element_type=\"widget\" data-widget_type=\"text-editor.default\">\n\t\t\t\t\t\t\t\t\t62 filmes, inclusive 8 longas e 25 curtas, e as Mostras:<br>\n\n<strong>Carte Blanche FIFE<\/strong>, uma sele\u00e7\u00e3o de filmes franceses, realizado pelo FIFE, festival internacional de filmes ambientais que se realiza h\u00e1 mais de 30 anos, em Paris, Fran\u00e7a, com a exibi\u00e7\u00e3o de seis filmes;<br>\n\n<strong>Mostra \u00c1gua \u00e9 Vida<\/strong>, que apresentou cinco filmes com o melhor da produ\u00e7\u00e3o recente sobre o tema, inclusive dois filmes de fala portuguesa \u2013 um brasileiro e um de Portugal;<br>\n\n<strong>Panorama<\/strong>, com seis filmes com tem\u00e1ticas variadas, inclusive um brasileiro, <strong>Mar Urbano<\/strong>, de Ricardo Gomes, que mostra a vida no fundo do mar de Copacabana e Ipanema e uma fic\u00e7\u00e3o, do Reino Unido, <strong>Uma Ideia Sombria,<\/strong> de Tristan Lorraine.<br>\n\n<strong>Natureza<\/strong>, que mostrou tr\u00eas filmes.\t\t\t\t\t\t\t\t<\/div>\n\t\t\t\t<div class=\"elementor-element elementor-element-48dd180 elementor-widget elementor-widget-heading\" data-id=\"48dd180\" data-element_type=\"widget\" data-widget_type=\"heading.default\">\n\t\t\t\t\t<h2 class=\"elementor-heading-title elementor-size-default\">Outras Atividades<\/h2>\t\t\t\t<\/div>\n\t\t\t\t<div class=\"elementor-element elementor-element-caffac8 elementor-widget elementor-widget-text-editor\" data-id=\"caffac8\" data-element_type=\"widget\" data-widget_type=\"text-editor.default\">\n\t\t\t\t\t\t\t\t\tNas Naves da Penha e do Complexo do Alem\u00e3o os diretores acompanharam seus filmes.<br><\/br>\n\nExibi\u00e7\u00f5es direcionadas \u00e0s escolas da rede p\u00fablica municipal, em parceria com a Secretaria de Educa\u00e7\u00e3o e o programa Cineclube nas escolas. Todas as exibi\u00e7\u00f5es aconteceram durante a semana (tr\u00eas sess\u00f5es por dia) no Museu do Meio Ambiente. Mais de 400 crian\u00e7as e jovens passaram pelo Museu \u2013\u00a0 e em duas destas sess\u00f5es puderam ainda conversar com os realizadores (George Augusto, diretor do curta Vai que \u00e9 tua Tafarinha e Ricardo Gomes, diretor do longa Mar Urbano).<br><\/br>\n\nPainel Da horta \u00e0 Mesa sem sair da cidade, que teve o apoio da Swissnex. Coordenado por Carol S\u00e1, do SlowFood Rio Zona Norte e contou com a participa\u00e7\u00e3o de Roman Gaus, sui\u00e7o criador do Urban Farmers e um dos l\u00edderes mundiais do movimento e com Renata Souto, engenheira agr\u00f4noma, que atua no Programa de Agricultura Urbana da AS-PTA e na Articula\u00e7\u00e3o de Agroecologia do Rio de Janeiro.<br><\/br>\n\nWorkshop Alimentos: aproveitamento total, realizado pelo grupo Slow Food Rio Zona Norte, que mostrou a crian\u00e7as e m\u00e3es\/av\u00f3s, como evitar desperd\u00edcios. Realizado em duas Naves do Conhecimento: Triagem e Padre Miguel.\t\t\t\t\t\t\t\t<\/div>\n\t\t\t\t<div class=\"elementor-element elementor-element-5eecc90 elementor-widget elementor-widget-heading\" data-id=\"5eecc90\" data-element_type=\"widget\" data-widget_type=\"heading.default\">\n\t\t\t\t\t<h2 class=\"elementor-heading-title elementor-size-default\">Exibi\u00e7\u00e3o<\/h2>\t\t\t\t<\/div>\n\t\t\t\t<div class=\"elementor-element elementor-element-017d975 elementor-widget elementor-widget-text-editor\" data-id=\"017d975\" data-element_type=\"widget\" data-widget_type=\"text-editor.default\">\n\t\t\t\t\t\t\t\t\tEspa\u00e7o Ita\u00fa de Cinema<br>\nOi Futuro<br>\nMuseu do Meio Ambiente<br>\n8 Naves do Conhecimento existente (Madureira, Iraj\u00e1, Penha e Bangu, Complexo do Alem\u00e3o, Padre Miguel, Triagem e Santa Cruz)\t\t\t\t\t\t\t\t<\/div>\n\t\t\t\t<div class=\"elementor-element elementor-element-a4532fe elementor-widget elementor-widget-heading\" data-id=\"a4532fe\" data-element_type=\"widget\" data-widget_type=\"heading.default\">\n\t\t\t\t\t<h2 class=\"elementor-heading-title elementor-size-default\">Download do Cat\u00e1logo<\/h2>\t\t\t\t<\/div>\n\t\t\t\t<div class=\"elementor-element elementor-element-928ca67 elementor-align-left elementor-widget-mobile__width-auto elementor-widget elementor-widget-button\" data-id=\"928ca67\" data-element_type=\"widget\" data-widget_type=\"button.default\">\n\t\t\t\t\t\t\t\t\t\t<a class=\"elementor-button elementor-button-link elementor-size-sm elementor-animation-shrink\" href=\"http:\/\/filmambiente.com\/wp-content\/uploads\/2021\/07\/Catalogo_filmambiente-2015-web.pdf\" target=\"_blank\">\n\t\t\t\t\t\t<span class=\"elementor-button-content-wrapper\">\n\t\t\t\t\t\t\t\t\t<span class=\"elementor-button-text\">Download<\/span>\n\t\t\t\t\t<\/span>\n\t\t\t\t\t<\/a>\n\t\t\t\t\t\t\t\t<\/div>\n\t\t\t\t\t<\/div>\n\t\t<\/div>\n\t\t\t\t\t<\/div>\n\t\t<\/section>\n\t\t\t\t<section class=\"elementor-section elementor-top-section elementor-element elementor-element-d3a1e57 elementor-section-full_width elementor-section-stretched elementor-hidden-desktop elementor-hidden-tablet elementor-section-height-default elementor-section-height-default\" data-id=\"d3a1e57\" data-element_type=\"section\" data-settings=\"{&quot;stretch_section&quot;:&quot;section-stretched&quot;,&quot;_ha_eqh_enable&quot;:false}\">\n\t\t\t\t\t\t<div class=\"elementor-container elementor-column-gap-default\">\n\t\t\t\t\t<div class=\"elementor-column elementor-col-100 elementor-top-column elementor-element elementor-element-789f55e\" data-id=\"789f55e\" data-element_type=\"column\">\n\t\t\t<div class=\"elementor-widget-wrap elementor-element-populated\">\n\t\t\t\t\t\t<div class=\"elementor-element elementor-element-03f2c4f elementor-widget elementor-widget-text-editor\" data-id=\"03f2c4f\" data-element_type=\"widget\" data-widget_type=\"text-editor.default\">\n\t\t\t\t\t\t\t\t\tMuseu do Meio Ambiente<br>\nOi Futuro Ipanema\t\t\t\t\t\t\t\t<\/div>\n\t\t\t\t\t<\/div>\n\t\t<\/div>\n\t\t\t\t\t<\/div>\n\t\t<\/section>\n\t\t\t\t<section class=\"elementor-section elementor-top-section elementor-element elementor-element-9fb0bf6 elementor-section-boxed elementor-section-height-default elementor-section-height-default\" data-id=\"9fb0bf6\" data-element_type=\"section\" data-settings=\"{&quot;_ha_eqh_enable&quot;:false}\">\n\t\t\t\t\t\t<div class=\"elementor-container elementor-column-gap-default\">\n\t\t\t\t\t<div class=\"elementor-column elementor-col-100 elementor-top-column elementor-element elementor-element-ba68461\" data-id=\"ba68461\" data-element_type=\"column\" data-settings=\"{&quot;background_background&quot;:&quot;classic&quot;}\">\n\t\t\t<div class=\"elementor-widget-wrap elementor-element-populated\">\n\t\t\t\t\t\t<div class=\"elementor-element elementor-element-d467c3e elementor-widget elementor-widget-heading\" data-id=\"d467c3e\" data-element_type=\"widget\" data-widget_type=\"heading.default\">\n\t\t\t\t\t<h2 class=\"elementor-heading-title elementor-size-default\">Patroc\u00ednio  e Apoio <\/h2>\t\t\t\t<\/div>\n\t\t\t\t<div class=\"elementor-element elementor-element-362e9cb elementor-widget elementor-widget-image\" data-id=\"362e9cb\" data-element_type=\"widget\" data-widget_type=\"image.default\">\n\t\t\t\t\t\t\t\t\t\t\t\t\t\t\t<img fetchpriority=\"high\" decoding=\"async\" width=\"870\" height=\"700\" src=\"https:\/\/filmambiente.com\/wp-content\/uploads\/2021\/07\/2015.jpeg\" class=\"attachment-full size-full wp-image-11569\" alt=\"\" srcset=\"https:\/\/filmambiente.com\/wp-content\/uploads\/2021\/07\/2015.jpeg 870w, https:\/\/filmambiente.com\/wp-content\/uploads\/2021\/07\/2015-300x241.jpeg 300w, https:\/\/filmambiente.com\/wp-content\/uploads\/2021\/07\/2015-768x618.jpeg 768w, https:\/\/filmambiente.com\/wp-content\/uploads\/2021\/07\/2015-16x12.jpeg 16w\" sizes=\"(max-width: 870px) 100vw, 870px\" \/>\t\t\t\t\t\t\t\t\t\t\t\t\t\t\t<\/div>\n\t\t\t\t\t<\/div>\n\t\t<\/div>\n\t\t\t\t\t<\/div>\n\t\t<\/section>\n\t\t\t\t<\/div>\n\t\t","protected":false},"excerpt":{"rendered":"<p>Filmambiente 2015 | 27 Agosto &#8211; 3 Setembro | Rio de Janeiro Filmes Premiados PR\u00caMIO DO P\u00daBLICO: O Jardim da Esperan\u00e7a (Laurence Guenoun | Brasil, Fran\u00e7a), com 84,93% dos votos. MELHOR LONGA-METRAGEM Big Men, o Filme (Big Men, the Movie, Rachel Boynton | EUA). Porque: Um document\u00e1rio na acep\u00e7\u00e3o da palavra. Instigante, completo e de [&hellip;]<\/p>\n","protected":false},"author":2,"featured_media":0,"parent":0,"menu_order":0,"comment_status":"closed","ping_status":"closed","template":"elementor_header_footer","meta":{"_acf_changed":false,"footnotes":""},"class_list":["post-8779","page","type-page","status-publish","hentry"],"acf":[],"_links":{"self":[{"href":"https:\/\/filmambiente.com\/br\/wp-json\/wp\/v2\/pages\/8779","targetHints":{"allow":["GET"]}}],"collection":[{"href":"https:\/\/filmambiente.com\/br\/wp-json\/wp\/v2\/pages"}],"about":[{"href":"https:\/\/filmambiente.com\/br\/wp-json\/wp\/v2\/types\/page"}],"author":[{"embeddable":true,"href":"https:\/\/filmambiente.com\/br\/wp-json\/wp\/v2\/users\/2"}],"replies":[{"embeddable":true,"href":"https:\/\/filmambiente.com\/br\/wp-json\/wp\/v2\/comments?post=8779"}],"version-history":[{"count":41,"href":"https:\/\/filmambiente.com\/br\/wp-json\/wp\/v2\/pages\/8779\/revisions"}],"predecessor-version":[{"id":17345,"href":"https:\/\/filmambiente.com\/br\/wp-json\/wp\/v2\/pages\/8779\/revisions\/17345"}],"wp:attachment":[{"href":"https:\/\/filmambiente.com\/br\/wp-json\/wp\/v2\/media?parent=8779"}],"curies":[{"name":"wp","href":"https:\/\/api.w.org\/{rel}","templated":true}]}}