{"id":8777,"date":"2021-06-22T09:27:26","date_gmt":"2021-06-22T12:27:26","guid":{"rendered":"http:\/\/filmambiente.com\/?page_id=8777"},"modified":"2023-09-01T09:06:52","modified_gmt":"2023-09-01T12:06:52","slug":"filmambiente-7","status":"publish","type":"page","link":"https:\/\/filmambiente.com\/br\/filmambiente-7\/","title":{"rendered":"Filmambiente 7"},"content":{"rendered":"\t\t<div data-elementor-type=\"wp-page\" data-elementor-id=\"8777\" class=\"elementor elementor-8777\" data-elementor-post-type=\"page\">\n\t\t\t\t\t\t<section class=\"elementor-section elementor-top-section elementor-element elementor-element-ff61fcc elementor-section-boxed elementor-section-height-default elementor-section-height-default\" data-id=\"ff61fcc\" data-element_type=\"section\" data-settings=\"{&quot;_ha_eqh_enable&quot;:false}\">\n\t\t\t\t\t\t<div class=\"elementor-container elementor-column-gap-default\">\n\t\t\t\t\t<div class=\"elementor-column elementor-col-100 elementor-top-column elementor-element elementor-element-948abf5\" data-id=\"948abf5\" data-element_type=\"column\">\n\t\t\t<div class=\"elementor-widget-wrap elementor-element-populated\">\n\t\t\t\t\t\t<div class=\"elementor-element elementor-element-ef71e50 elementor-widget elementor-widget-heading\" data-id=\"ef71e50\" data-element_type=\"widget\" data-widget_type=\"heading.default\">\n\t\t\t\t\t<h2 class=\"elementor-heading-title elementor-size-default\">Filmambiente 2017- Setembro, Outubro, Novembro - Rio de Janeiro\n<\/h2>\t\t\t\t<\/div>\n\t\t\t\t\t<\/div>\n\t\t<\/div>\n\t\t\t\t\t<\/div>\n\t\t<\/section>\n\t\t\t\t<section class=\"elementor-section elementor-top-section elementor-element elementor-element-f0f5364 elementor-section-boxed elementor-section-height-default elementor-section-height-default\" data-id=\"f0f5364\" data-element_type=\"section\" data-settings=\"{&quot;_ha_eqh_enable&quot;:false}\">\n\t\t\t\t\t\t<div class=\"elementor-container elementor-column-gap-default\">\n\t\t\t\t\t<div class=\"elementor-column elementor-col-100 elementor-top-column elementor-element elementor-element-441824a\" data-id=\"441824a\" data-element_type=\"column\">\n\t\t\t<div class=\"elementor-widget-wrap elementor-element-populated\">\n\t\t\t\t\t\t<div class=\"elementor-element elementor-element-ff2dbc9 elementor-widget elementor-widget-video\" data-id=\"ff2dbc9\" data-element_type=\"widget\" data-settings=\"{&quot;youtube_url&quot;:&quot;https:\\\/\\\/www.youtube.com\\\/watch?v=vUCqv3GdEcY&quot;,&quot;autoplay&quot;:&quot;yes&quot;,&quot;play_on_mobile&quot;:&quot;yes&quot;,&quot;loop&quot;:&quot;yes&quot;,&quot;yt_privacy&quot;:&quot;yes&quot;,&quot;video_type&quot;:&quot;youtube&quot;}\" data-widget_type=\"video.default\">\n\t\t\t\t\t\t\t<div class=\"elementor-wrapper elementor-open-inline\">\n\t\t\t<div class=\"elementor-video\"><\/div>\t\t<\/div>\n\t\t\t\t\t\t<\/div>\n\t\t\t\t\t<\/div>\n\t\t<\/div>\n\t\t\t\t\t<\/div>\n\t\t<\/section>\n\t\t\t\t<section class=\"elementor-section elementor-top-section elementor-element elementor-element-4490f4c elementor-section-boxed elementor-section-height-default elementor-section-height-default\" data-id=\"4490f4c\" data-element_type=\"section\" data-settings=\"{&quot;_ha_eqh_enable&quot;:false}\">\n\t\t\t\t\t\t<div class=\"elementor-container elementor-column-gap-default\">\n\t\t\t\t\t<div class=\"elementor-column elementor-col-100 elementor-top-column elementor-element elementor-element-ad87a16\" data-id=\"ad87a16\" data-element_type=\"column\" data-settings=\"{&quot;background_background&quot;:&quot;classic&quot;}\">\n\t\t\t<div class=\"elementor-widget-wrap elementor-element-populated\">\n\t\t\t\t\t\t<div class=\"elementor-element elementor-element-dfa7ab4 elementor-widget elementor-widget-text-editor\" data-id=\"dfa7ab4\" data-element_type=\"widget\" data-widget_type=\"text-editor.default\">\n\t\t\t\t\t\t\t\t\tDevido a circunst\u00e2ncias excepcionais, o Filmambiente 2017 n\u00e3o aconteceu em seu formato tradicional, com uma mostra competitiva de longa e curta metragem. Ao longo dos meses de setembro, outubro e novembro foram programadas algumas sess\u00f5es especiais, no Espa\u00e7o Ita\u00fa de Cinema, seguidas de debates.\t\t\t\t\t\t\t\t<\/div>\n\t\t\t\t<div class=\"elementor-element elementor-element-5695371 elementor-widget elementor-widget-heading\" data-id=\"5695371\" data-element_type=\"widget\" data-widget_type=\"heading.default\">\n\t\t\t\t\t<h2 class=\"elementor-heading-title elementor-size-default\">dia 27 de Setembro Ba\u00eda Urbana, de Ricardo Gomes (Brasil)<\/h2>\t\t\t\t<\/div>\n\t\t\t\t<div class=\"elementor-element elementor-element-2ba9381 elementor-widget elementor-widget-text-editor\" data-id=\"2ba9381\" data-element_type=\"widget\" data-widget_type=\"text-editor.default\">\n\t\t\t\t\t\t\t\t\tDocument\u00e1rio sobre um dos principais cart\u00f5es de visita do Rio de Janeiro visto de um \u00e2ngulo completamente in\u00e9dito: o fundo das \u00e1guas da Ba\u00eda de Guanabara. Focando em personagens que vivem neste ambiente e conhecem suas esp\u00e9cies e seus problemas.<br><\/br>\n\nEspa\u00e7o Ita\u00fa de Cinema \u2013 Praia de Botafogo 316.\t\t\t\t\t\t\t\t<\/div>\n\t\t\t\t<div class=\"elementor-element elementor-element-f0638a2 elementor-widget elementor-widget-heading\" data-id=\"f0638a2\" data-element_type=\"widget\" data-widget_type=\"heading.default\">\n\t\t\t\t\t<h2 class=\"elementor-heading-title elementor-size-default\">dia 18 de outubro, Astral, de Jordi \u00c9vole (Espanha)<\/h2>\t\t\t\t<\/div>\n\t\t\t\t<div class=\"elementor-element elementor-element-1d1bfc6 elementor-widget elementor-widget-text-editor\" data-id=\"1d1bfc6\" data-element_type=\"widget\" data-widget_type=\"text-editor.default\">\n\t\t\t\t\t\t\t\t\tDocument\u00e1rio dirigido pelo conhecido jornalista e apresentador de televis\u00e3o espanhol Jordi \u00c9vole, conta a emocionante hist\u00f3ria de um veleiro de luxo que foi convertido em um barco de salvamento mar\u00edtimo para os refugiados que tentam cruzar o mar Mediterr\u00e2neo em busca de um futuro melhor no continente europeu, para si e para os seus.<br><\/br>\n\nEspa\u00e7o Ita\u00fa de Cinema \u2013 Praia de Botafogo 316.\t\t\t\t\t\t\t\t<\/div>\n\t\t\t\t<div class=\"elementor-element elementor-element-82f64a0 elementor-widget elementor-widget-heading\" data-id=\"82f64a0\" data-element_type=\"widget\" data-widget_type=\"heading.default\">\n\t\t\t\t\t<h2 class=\"elementor-heading-title elementor-size-default\">dia 14 de novembro, Beyond Fordl\u00e2ndia, de Marcos Col\u00f3n (USA)<\/h2>\t\t\t\t<\/div>\n\t\t\t\t<div class=\"elementor-element elementor-element-85de78b elementor-widget elementor-widget-text-editor\" data-id=\"85de78b\" data-element_type=\"widget\" data-widget_type=\"text-editor.default\">\n\t\t\t\t\t\t\t\t\tUm relato da mal sucedida tentativa de Henry Ford de estabelecer na Amaz\u00f4nia uma planta\u00e7\u00e3o de borracha no rio Tapaj\u00f3s em 1927, a transi\u00e7\u00e3o para a bem sucedida planta\u00e7\u00e3o na regi\u00e3o de soja para exporta\u00e7\u00e3o e seu reflexo na preserva\u00e7\u00e3o da floresta. A sess\u00e3o ser\u00e1 seguida de debate com o diretor e os especialistas em Amaz\u00f4nia, professor Marcus Barros e o jornalista L\u00facio Fl\u00e1vio Pinto.<br><\/br>\n\nEspa\u00e7o Ita\u00fa de Cinema \u2013 Praia de Botafogo 316.\t\t\t\t\t\t\t\t<\/div>\n\t\t\t\t\t<\/div>\n\t\t<\/div>\n\t\t\t\t\t<\/div>\n\t\t<\/section>\n\t\t\t\t<section class=\"elementor-section elementor-top-section elementor-element elementor-element-bb0a3ad elementor-section-full_width elementor-section-stretched elementor-hidden-desktop elementor-hidden-tablet elementor-section-height-default elementor-section-height-default\" data-id=\"bb0a3ad\" data-element_type=\"section\" data-settings=\"{&quot;stretch_section&quot;:&quot;section-stretched&quot;,&quot;_ha_eqh_enable&quot;:false}\">\n\t\t\t\t\t\t<div class=\"elementor-container elementor-column-gap-default\">\n\t\t\t\t\t<div class=\"elementor-column elementor-col-100 elementor-top-column elementor-element elementor-element-69249d1\" data-id=\"69249d1\" data-element_type=\"column\">\n\t\t\t<div class=\"elementor-widget-wrap\">\n\t\t\t\t\t\t\t<\/div>\n\t\t<\/div>\n\t\t\t\t\t<\/div>\n\t\t<\/section>\n\t\t\t\t<\/div>\n\t\t","protected":false},"excerpt":{"rendered":"<p>Filmambiente 2017- Setembro, Outubro, Novembro &#8211; Rio de Janeiro https:\/\/www.youtube.com\/watch?v=vUCqv3GdEcYDevido a circunst\u00e2ncias excepcionais, o Filmambiente 2017 n\u00e3o aconteceu em seu formato tradicional, com uma mostra competitiva de longa e curta metragem. Ao longo dos meses de setembro, outubro e novembro foram programadas algumas sess\u00f5es especiais, no Espa\u00e7o Ita\u00fa de Cinema, seguidas de debates. dia 27 [&hellip;]<\/p>\n","protected":false},"author":2,"featured_media":0,"parent":0,"menu_order":0,"comment_status":"closed","ping_status":"closed","template":"elementor_header_footer","meta":{"_acf_changed":false,"footnotes":""},"class_list":["post-8777","page","type-page","status-publish","hentry"],"acf":[],"_links":{"self":[{"href":"https:\/\/filmambiente.com\/br\/wp-json\/wp\/v2\/pages\/8777","targetHints":{"allow":["GET"]}}],"collection":[{"href":"https:\/\/filmambiente.com\/br\/wp-json\/wp\/v2\/pages"}],"about":[{"href":"https:\/\/filmambiente.com\/br\/wp-json\/wp\/v2\/types\/page"}],"author":[{"embeddable":true,"href":"https:\/\/filmambiente.com\/br\/wp-json\/wp\/v2\/users\/2"}],"replies":[{"embeddable":true,"href":"https:\/\/filmambiente.com\/br\/wp-json\/wp\/v2\/comments?post=8777"}],"version-history":[{"count":47,"href":"https:\/\/filmambiente.com\/br\/wp-json\/wp\/v2\/pages\/8777\/revisions"}],"predecessor-version":[{"id":17339,"href":"https:\/\/filmambiente.com\/br\/wp-json\/wp\/v2\/pages\/8777\/revisions\/17339"}],"wp:attachment":[{"href":"https:\/\/filmambiente.com\/br\/wp-json\/wp\/v2\/media?parent=8777"}],"curies":[{"name":"wp","href":"https:\/\/api.w.org\/{rel}","templated":true}]}}