{"id":8405,"date":"2021-06-19T20:34:51","date_gmt":"2021-06-19T23:34:51","guid":{"rendered":"http:\/\/filmambiente.com\/?page_id=8405"},"modified":"2024-03-25T17:44:54","modified_gmt":"2024-03-25T20:44:54","slug":"outras-atividades","status":"publish","type":"page","link":"https:\/\/filmambiente.com\/br\/outras-atividades\/","title":{"rendered":"Outras Atividades"},"content":{"rendered":"\t\t<div data-elementor-type=\"wp-page\" data-elementor-id=\"8405\" class=\"elementor elementor-8405\" data-elementor-post-type=\"page\">\n\t\t\t\t\t\t<section class=\"elementor-section elementor-top-section elementor-element elementor-element-025b7e8 elementor-section-boxed elementor-section-height-default elementor-section-height-default\" data-id=\"025b7e8\" data-element_type=\"section\" data-settings=\"{&quot;background_background&quot;:&quot;classic&quot;,&quot;_ha_eqh_enable&quot;:false}\">\n\t\t\t\t\t\t\t<div class=\"elementor-background-overlay\"><\/div>\n\t\t\t\t\t\t\t<div class=\"elementor-container elementor-column-gap-default\">\n\t\t\t\t\t<div class=\"elementor-column elementor-col-100 elementor-top-column elementor-element elementor-element-6c5dbd0\" data-id=\"6c5dbd0\" data-element_type=\"column\">\n\t\t\t<div class=\"elementor-widget-wrap elementor-element-populated\">\n\t\t\t\t\t\t<div class=\"elementor-element elementor-element-af0e46d elementor-widget elementor-widget-heading\" data-id=\"af0e46d\" data-element_type=\"widget\" data-widget_type=\"heading.default\">\n\t\t\t\t\t<h2 class=\"elementor-heading-title elementor-size-default\">Outras Atividades<\/h2>\t\t\t\t<\/div>\n\t\t\t\t<div class=\"elementor-element elementor-element-8f4989c animated-slow elementor-position-left elementor-vertical-align-top elementor-invisible elementor-widget elementor-widget-image-box\" data-id=\"8f4989c\" data-element_type=\"widget\" data-settings=\"{&quot;_animation&quot;:&quot;fadeInLeft&quot;,&quot;_animation_delay&quot;:300}\" data-widget_type=\"image-box.default\">\n\t\t\t\t\t<div class=\"elementor-image-box-wrapper\"><figure class=\"elementor-image-box-img\"><img fetchpriority=\"high\" decoding=\"async\" width=\"546\" height=\"524\" src=\"https:\/\/filmambiente.com\/wp-content\/uploads\/2024\/03\/chamada-p-site-b.jpg\" class=\"attachment-full size-full wp-image-17507\" alt=\"\" srcset=\"https:\/\/filmambiente.com\/wp-content\/uploads\/2024\/03\/chamada-p-site-b.jpg 546w, https:\/\/filmambiente.com\/wp-content\/uploads\/2024\/03\/chamada-p-site-b-300x288.jpg 300w, https:\/\/filmambiente.com\/wp-content\/uploads\/2024\/03\/chamada-p-site-b-13x12.jpg 13w\" sizes=\"(max-width: 546px) 100vw, 546px\" \/><\/figure><div class=\"elementor-image-box-content\"><h3 class=\"elementor-image-box-title\">FILMAMBIENTE | CURADORIA EM PORTUGAL<\/h3><p class=\"elementor-image-box-description\">Lau Zanchi, organizadora do evento, convidou o Filmambiente, para participar do evento M\u00caS DAS AMAZ\u00d3NIAS, LerPensarSentir a Amaz\u00f4nia, em Lisboa, Portugal, na biblioteca Pal\u00e1cio Galveias, de 21 de mar\u00e7o a 22 de abril. <br><\/br>\nAceitamos o desafio e selecionamos filmes para serem exibidos no evento, que tem ainda m\u00fasica, gastronomia, moda, lan\u00e7amento de livros, debates e a exposi\u00e7\u00e3o fotogr\u00e1fica \u201cA selva que nos habita\u201d.<br><\/br>\nCom a curadoria do @Filmambiente, e apoio dos realizadores \u2013 que cederam seus filmes -  s\u00e3o 22 t\u00edtulos, uma sele\u00e7\u00e3o diversa de filmes portugueses, brasileiros e internacionais, muitos deles premiados, inclusive o rec\u00e9m localizado Amazonas, o maior rio do mundo, do cineasta e fot\u00f3grafo luso-brasileiro Silvino Santos, que abrir\u00e1 as exibi\u00e7\u00f5es com o apoio da @Cinemateca Brasileira. <br><\/br>\nUma oportunidade para conhecer a floresta em toda a sua complexidade, beleza e conflitos, com foco em sua gente, t\u00e3o diversa e guerreira - Ind\u00edgenas, quilombolas, ribeirinhos, quebradeiras de coco, ativistas - e seus modos de vida.\n<\/p><\/div><\/div>\t\t\t\t<\/div>\n\t\t\t\t<div class=\"elementor-element elementor-element-83fe132 elementor-position-left animated-slow elementor-vertical-align-top elementor-invisible elementor-widget elementor-widget-image-box\" data-id=\"83fe132\" data-element_type=\"widget\" data-settings=\"{&quot;_animation&quot;:&quot;fadeInRight&quot;,&quot;_animation_delay&quot;:300}\" data-widget_type=\"image-box.default\">\n\t\t\t\t\t<div class=\"elementor-image-box-wrapper\"><figure class=\"elementor-image-box-img\"><img decoding=\"async\" width=\"546\" height=\"524\" src=\"https:\/\/filmambiente.com\/wp-content\/uploads\/2024\/03\/Design-sem-nome-1.png\" class=\"attachment-full size-full wp-image-17533\" alt=\"\" srcset=\"https:\/\/filmambiente.com\/wp-content\/uploads\/2024\/03\/Design-sem-nome-1.png 546w, https:\/\/filmambiente.com\/wp-content\/uploads\/2024\/03\/Design-sem-nome-1-300x288.png 300w, https:\/\/filmambiente.com\/wp-content\/uploads\/2024\/03\/Design-sem-nome-1-13x12.png 13w\" sizes=\"(max-width: 546px) 100vw, 546px\" \/><\/figure><div class=\"elementor-image-box-content\"><h3 class=\"elementor-image-box-title\">Mostra Biodiversidade em Audiovisual<\/h3><p class=\"elementor-image-box-description\">Em 2023 o Filmambiente foi convidado para fazer a curadoria dos filmes exibidos na Mostra Biodiversidade em Audiovisual, promovida pela Casa da Cultura de Paraty, no Cinema da Pra\u00e7a,   que tem programa\u00e7\u00e3o com o intuito de sensibilizar o p\u00fablico sobre as quest\u00f5es ambientais, promover obras audiovisuais com tais tem\u00e1ticas e fortalecer a narrativa e apropria\u00e7\u00e3o sobre a conserva\u00e7\u00e3o da natureza.  S\u00e3o exibidos filmes seguidos de debates com o p\u00fablico. O projeto conta com Patroc\u00ednio de O Globo, apoio da Prefeitura e do Conselho de Turismo de Paraty e da Funda\u00e7\u00e3o Roberto Marinho e sele\u00e7\u00e3o do Instituto <big><u><b><font size=\"4\"> e<\/font><\/big><\/u><\/b> para os debates e seus participantes.<\/p><\/div><\/div>\t\t\t\t<\/div>\n\t\t\t\t<div class=\"elementor-element elementor-element-3ca23c7 elementor-position-left animated-slow elementor-vertical-align-top elementor-invisible elementor-widget elementor-widget-image-box\" data-id=\"3ca23c7\" data-element_type=\"widget\" data-settings=\"{&quot;_animation&quot;:&quot;fadeInLeft&quot;,&quot;_animation_delay&quot;:300}\" data-widget_type=\"image-box.default\">\n\t\t\t\t\t<div class=\"elementor-image-box-wrapper\"><figure class=\"elementor-image-box-img\"><img decoding=\"async\" width=\"546\" height=\"524\" src=\"https:\/\/filmambiente.com\/wp-content\/uploads\/2024\/03\/1.png\" class=\"attachment-full size-full wp-image-17511\" alt=\"\" srcset=\"https:\/\/filmambiente.com\/wp-content\/uploads\/2024\/03\/1.png 546w, https:\/\/filmambiente.com\/wp-content\/uploads\/2024\/03\/1-300x288.png 300w, https:\/\/filmambiente.com\/wp-content\/uploads\/2024\/03\/1-13x12.png 13w\" sizes=\"(max-width: 546px) 100vw, 546px\" \/><\/figure><div class=\"elementor-image-box-content\"><h3 class=\"elementor-image-box-title\">Itiner\u00e2ncias<\/h3><p class=\"elementor-image-box-description\">O Filmambiente nasceu e tem sua base no Rio de Janeiro, mas j\u00e1 passou por outras cidades ao longo de sua hist\u00f3ria. \nTeve edi\u00e7\u00f5es em Bras\u00edlia (2018) e Niter\u00f3i (2019), e uma itiner\u00e2ncia especial em Porto Alegre (2014).\nE estamos prontos para levar o Festival a outros munic\u00edpios, para que as mensagens dos filmes e debates da programa\u00e7\u00e3o \npossam levar mais pessoas a refletir sobre a import\u00e2ncia das quest\u00f5es da sustentabilidade ambiental e dos direitos humanos.\nEstamos com projetos mirando algumas cidades, e abert@s a convites!<\/p><\/div><\/div>\t\t\t\t<\/div>\n\t\t\t\t<div class=\"elementor-element elementor-element-d66b5c9 elementor-position-left animated-slow elementor-vertical-align-top elementor-invisible elementor-widget elementor-widget-image-box\" data-id=\"d66b5c9\" data-element_type=\"widget\" data-settings=\"{&quot;_animation&quot;:&quot;fadeInRight&quot;,&quot;_animation_delay&quot;:300}\" data-widget_type=\"image-box.default\">\n\t\t\t\t\t<div class=\"elementor-image-box-wrapper\"><figure class=\"elementor-image-box-img\"><a href=\"http:\/\/filmambiente.com\/vozes-do-filmambiente\" tabindex=\"-1\"><img loading=\"lazy\" decoding=\"async\" width=\"546\" height=\"524\" src=\"https:\/\/filmambiente.com\/wp-content\/uploads\/2024\/03\/3.png\" class=\"attachment-full size-full wp-image-17513\" alt=\"\" srcset=\"https:\/\/filmambiente.com\/wp-content\/uploads\/2024\/03\/3.png 546w, https:\/\/filmambiente.com\/wp-content\/uploads\/2024\/03\/3-300x288.png 300w, https:\/\/filmambiente.com\/wp-content\/uploads\/2024\/03\/3-13x12.png 13w\" sizes=\"(max-width: 546px) 100vw, 546px\" \/><\/a><\/figure><div class=\"elementor-image-box-content\"><h3 class=\"elementor-image-box-title\"><a href=\"http:\/\/filmambiente.com\/vozes-do-filmambiente\">Vozes do Filmambiente <\/a><\/h3><p class=\"elementor-image-box-description\">Em meio a esse per\u00edodo \u00fanico e t\u00e3o cheio de incertezas que estamos atravessando, coletivamente, em todo o planeta, n\u00f3s do Filmambiente nos propusemos uma reflex\u00e3o sobre a experi\u00eancia em si do isolamento social \/ quarentena \u2013 e tamb\u00e9m sobre o que podemos esperar \/ desejar do futuro.\nSabemos que o mundo n\u00e3o ser\u00e1 mais exatamente o mesmo quando a pandemia passar, mas como ser\u00e1?\n<\/p><\/div><\/div>\t\t\t\t<\/div>\n\t\t\t\t<div class=\"elementor-element elementor-element-1035c7e elementor-position-left animated-slow elementor-vertical-align-top elementor-invisible elementor-widget elementor-widget-image-box\" data-id=\"1035c7e\" data-element_type=\"widget\" data-settings=\"{&quot;_animation&quot;:&quot;fadeInLeft&quot;,&quot;_animation_delay&quot;:300}\" data-widget_type=\"image-box.default\">\n\t\t\t\t\t<div class=\"elementor-image-box-wrapper\"><figure class=\"elementor-image-box-img\"><a href=\"http:\/\/filmambiente.com\/baia-urbana-nas-escolas\" tabindex=\"-1\"><img loading=\"lazy\" decoding=\"async\" width=\"546\" height=\"524\" src=\"https:\/\/filmambiente.com\/wp-content\/uploads\/2024\/03\/2.png\" class=\"attachment-full size-full wp-image-17512\" alt=\"\" srcset=\"https:\/\/filmambiente.com\/wp-content\/uploads\/2024\/03\/2.png 546w, https:\/\/filmambiente.com\/wp-content\/uploads\/2024\/03\/2-300x288.png 300w, https:\/\/filmambiente.com\/wp-content\/uploads\/2024\/03\/2-13x12.png 13w\" sizes=\"(max-width: 546px) 100vw, 546px\" \/><\/a><\/figure><div class=\"elementor-image-box-content\"><h3 class=\"elementor-image-box-title\"><a href=\"http:\/\/filmambiente.com\/baia-urbana-nas-escolas\">Ba\u00eda Urbana nas Escolas<\/a><\/h3><p class=\"elementor-image-box-description\">O Filme Ba\u00eda Urbana, do fot\u00f3grafo e bi\u00f3logo marinho Ricardo Gomes, mostra a vida marinha da ba\u00eda de Guanabara e foi realizado ao longo de dois anos.\nEm mar\u00e7o de 2021, abrimos inscri\u00e7\u00f5es para professores, alunos e grupos interessados em assistir o filme, e entre os dias 15 e 30 de abril deste ano, o sinal para acessar o filme ficou aberto para acesso a escolas e professores inscritos, atrav\u00e9s de nosso site. Este evento foi realizado em conjunto com o Instituto Mar Urbano, no \u00e2mbito da Lei Aldir Blanc, inciso II. \n<\/p><\/div><\/div>\t\t\t\t<\/div>\n\t\t\t\t\t<\/div>\n\t\t<\/div>\n\t\t\t\t\t<\/div>\n\t\t<\/section>\n\t\t\t\t<\/div>\n\t\t","protected":false},"excerpt":{"rendered":"<p>Outras Atividades FILMAMBIENTE | CURADORIA EM PORTUGAL Lau Zanchi, organizadora do evento, convidou o Filmambiente, para participar do evento M\u00caS DAS AMAZ\u00d3NIAS, LerPensarSentir a Amaz\u00f4nia, em Lisboa, Portugal, na biblioteca Pal\u00e1cio Galveias, de 21 de mar\u00e7o a 22 de abril. Aceitamos o desafio e selecionamos filmes para serem exibidos no evento, que tem ainda m\u00fasica, [&hellip;]<\/p>\n","protected":false},"author":2,"featured_media":0,"parent":0,"menu_order":0,"comment_status":"closed","ping_status":"closed","template":"elementor_header_footer","meta":{"_acf_changed":false,"footnotes":""},"class_list":["post-8405","page","type-page","status-publish","hentry"],"acf":[],"_links":{"self":[{"href":"https:\/\/filmambiente.com\/br\/wp-json\/wp\/v2\/pages\/8405","targetHints":{"allow":["GET"]}}],"collection":[{"href":"https:\/\/filmambiente.com\/br\/wp-json\/wp\/v2\/pages"}],"about":[{"href":"https:\/\/filmambiente.com\/br\/wp-json\/wp\/v2\/types\/page"}],"author":[{"embeddable":true,"href":"https:\/\/filmambiente.com\/br\/wp-json\/wp\/v2\/users\/2"}],"replies":[{"embeddable":true,"href":"https:\/\/filmambiente.com\/br\/wp-json\/wp\/v2\/comments?post=8405"}],"version-history":[{"count":151,"href":"https:\/\/filmambiente.com\/br\/wp-json\/wp\/v2\/pages\/8405\/revisions"}],"predecessor-version":[{"id":17548,"href":"https:\/\/filmambiente.com\/br\/wp-json\/wp\/v2\/pages\/8405\/revisions\/17548"}],"wp:attachment":[{"href":"https:\/\/filmambiente.com\/br\/wp-json\/wp\/v2\/media?parent=8405"}],"curies":[{"name":"wp","href":"https:\/\/api.w.org\/{rel}","templated":true}]}}