{"id":559,"date":"2021-06-15T20:10:29","date_gmt":"2021-06-15T23:10:29","guid":{"rendered":"http:\/\/filmambiente.com\/register\/"},"modified":"2023-01-05T14:43:21","modified_gmt":"2023-01-05T17:43:21","slug":"cadastro","status":"publish","type":"page","link":"https:\/\/filmambiente.com\/br\/cadastro\/","title":{"rendered":"Cadastro"},"content":{"rendered":"\t\t<div data-elementor-type=\"wp-page\" data-elementor-id=\"559\" class=\"elementor elementor-559\" data-elementor-post-type=\"page\">\n\t\t\t\t\t\t<section class=\"elementor-section elementor-top-section elementor-element elementor-element-51d4195 elementor-section-boxed elementor-section-height-default elementor-section-height-default\" data-id=\"51d4195\" data-element_type=\"section\" data-settings=\"{&quot;background_background&quot;:&quot;classic&quot;,&quot;_ha_eqh_enable&quot;:false}\">\n\t\t\t\t\t\t\t<div class=\"elementor-background-overlay\"><\/div>\n\t\t\t\t\t\t\t<div class=\"elementor-container elementor-column-gap-default\">\n\t\t\t\t\t<div class=\"elementor-column elementor-col-50 elementor-top-column elementor-element elementor-element-90ac66e\" data-id=\"90ac66e\" data-element_type=\"column\">\n\t\t\t<div class=\"elementor-widget-wrap elementor-element-populated\">\n\t\t\t\t\t\t<div class=\"elementor-element elementor-element-4bbaf00 elementor-widget elementor-widget-heading\" data-id=\"4bbaf00\" data-element_type=\"widget\" data-widget_type=\"heading.default\">\n\t\t\t\t\t<h2 class=\"elementor-heading-title elementor-size-default\">Cadastro<\/h2>\t\t\t\t<\/div>\n\t\t\t\t\t<\/div>\n\t\t<\/div>\n\t\t\t\t<div class=\"elementor-column elementor-col-50 elementor-top-column elementor-element elementor-element-6511a7a\" data-id=\"6511a7a\" data-element_type=\"column\">\n\t\t\t<div class=\"elementor-widget-wrap\">\n\t\t\t\t\t\t\t<\/div>\n\t\t<\/div>\n\t\t\t\t\t<\/div>\n\t\t<\/section>\n\t\t\t\t<\/div>\n\t\t","protected":false},"excerpt":{"rendered":"<p>Cadastro Username* Nome* E-mail* Password* Repetir Senha* Cidade* Idade 0-1011-1819-3435-4849-6060+ G\u00eanero * MasculinoFemininoOutroPrefiro n\u00e3o Responder Escolaridade* Ensino FundamentalEnsino M\u00e9dioEnsino SuperiorP\u00f3s Gradua\u00e7\u00e3oMestradoDoutorado Sou Professor Sim N\u00e3o Termos de Uso*Concordo com os Termos de Uso do Filmambiente. *<\/p>\n","protected":false},"author":2,"featured_media":0,"parent":0,"menu_order":0,"comment_status":"closed","ping_status":"closed","template":"elementor_header_footer","meta":{"_acf_changed":false,"footnotes":""},"class_list":["post-559","page","type-page","status-publish","hentry"],"acf":[],"_links":{"self":[{"href":"https:\/\/filmambiente.com\/br\/wp-json\/wp\/v2\/pages\/559","targetHints":{"allow":["GET"]}}],"collection":[{"href":"https:\/\/filmambiente.com\/br\/wp-json\/wp\/v2\/pages"}],"about":[{"href":"https:\/\/filmambiente.com\/br\/wp-json\/wp\/v2\/types\/page"}],"author":[{"embeddable":true,"href":"https:\/\/filmambiente.com\/br\/wp-json\/wp\/v2\/users\/2"}],"replies":[{"embeddable":true,"href":"https:\/\/filmambiente.com\/br\/wp-json\/wp\/v2\/comments?post=559"}],"version-history":[{"count":79,"href":"https:\/\/filmambiente.com\/br\/wp-json\/wp\/v2\/pages\/559\/revisions"}],"predecessor-version":[{"id":16732,"href":"https:\/\/filmambiente.com\/br\/wp-json\/wp\/v2\/pages\/559\/revisions\/16732"}],"wp:attachment":[{"href":"https:\/\/filmambiente.com\/br\/wp-json\/wp\/v2\/media?parent=559"}],"curies":[{"name":"wp","href":"https:\/\/api.w.org\/{rel}","templated":true}]}}