{"id":21251,"date":"2025-12-02T19:09:47","date_gmt":"2025-12-02T22:09:47","guid":{"rendered":"https:\/\/filmambiente.com\/?page_id=21251"},"modified":"2025-12-08T19:17:50","modified_gmt":"2025-12-08T22:17:50","slug":"filmambiente-15","status":"publish","type":"page","link":"https:\/\/filmambiente.com\/br\/","title":{"rendered":"Filmambiente 15"},"content":{"rendered":"\t\t<div data-elementor-type=\"wp-page\" data-elementor-id=\"21251\" class=\"elementor elementor-21251\" data-elementor-post-type=\"page\">\n\t\t\t\t\t\t<section class=\"elementor-section elementor-top-section elementor-element elementor-element-3d4c7a0 elementor-section-boxed elementor-section-height-default elementor-section-height-default\" data-id=\"3d4c7a0\" data-element_type=\"section\" data-settings=\"{&quot;background_background&quot;:&quot;classic&quot;,&quot;_ha_eqh_enable&quot;:false}\">\n\t\t\t\t\t\t\t<div class=\"elementor-background-overlay\"><\/div>\n\t\t\t\t\t\t\t<div class=\"elementor-container elementor-column-gap-default\">\n\t\t\t\t\t<div class=\"elementor-column elementor-col-100 elementor-top-column elementor-element elementor-element-32a58be\" data-id=\"32a58be\" data-element_type=\"column\" data-settings=\"{&quot;background_background&quot;:&quot;classic&quot;}\">\n\t\t\t<div class=\"elementor-widget-wrap elementor-element-populated\">\n\t\t\t\t\t\t<section class=\"elementor-section elementor-inner-section elementor-element elementor-element-6f1eb7f elementor-section-boxed elementor-section-height-default elementor-section-height-default\" data-id=\"6f1eb7f\" data-element_type=\"section\" data-settings=\"{&quot;background_background&quot;:&quot;classic&quot;,&quot;_ha_eqh_enable&quot;:false}\">\n\t\t\t\t\t\t<div class=\"elementor-container elementor-column-gap-default\">\n\t\t\t\t\t<div class=\"elementor-column elementor-col-100 elementor-inner-column elementor-element elementor-element-0453054\" data-id=\"0453054\" data-element_type=\"column\">\n\t\t\t<div class=\"elementor-widget-wrap elementor-element-populated\">\n\t\t\t\t\t\t<div class=\"elementor-element elementor-element-d6473bc elementor-widget elementor-widget-video\" data-id=\"d6473bc\" data-element_type=\"widget\" data-settings=\"{&quot;youtube_url&quot;:&quot;https:\\\/\\\/youtu.be\\\/5K3qaYNl1Ak&quot;,&quot;autoplay&quot;:&quot;yes&quot;,&quot;play_on_mobile&quot;:&quot;yes&quot;,&quot;loop&quot;:&quot;yes&quot;,&quot;yt_privacy&quot;:&quot;yes&quot;,&quot;video_type&quot;:&quot;youtube&quot;}\" data-widget_type=\"video.default\">\n\t\t\t\t\t\t\t<div class=\"elementor-wrapper elementor-open-inline\">\n\t\t\t<div class=\"elementor-video\"><\/div>\t\t<\/div>\n\t\t\t\t\t\t<\/div>\n\t\t\t\t\t<\/div>\n\t\t<\/div>\n\t\t\t\t\t<\/div>\n\t\t<\/section>\n\t\t\t\t<section class=\"elementor-section elementor-inner-section elementor-element elementor-element-41c8caa animated-slow elementor-section-boxed elementor-section-height-default elementor-section-height-default elementor-invisible\" data-id=\"41c8caa\" data-element_type=\"section\" data-settings=\"{&quot;background_background&quot;:&quot;classic&quot;,&quot;animation&quot;:&quot;fadeInRight&quot;,&quot;animation_delay&quot;:600,&quot;_ha_eqh_enable&quot;:false}\">\n\t\t\t\t\t\t<div class=\"elementor-container elementor-column-gap-default\">\n\t\t\t\t\t<div class=\"elementor-column elementor-col-100 elementor-inner-column elementor-element elementor-element-8460778\" data-id=\"8460778\" data-element_type=\"column\" data-settings=\"{&quot;background_background&quot;:&quot;classic&quot;}\">\n\t\t\t<div class=\"elementor-widget-wrap elementor-element-populated\">\n\t\t\t\t\t\t<div class=\"elementor-element elementor-element-8e7b240 elementor-widget elementor-widget-text-editor\" data-id=\"8e7b240\" data-element_type=\"widget\" data-widget_type=\"text-editor.default\">\n\t\t\t\t\t\t\t\t\t<p dir=\"ltr\"><span style=\"font-family: Helvetica;\">Vem a\u00ed a 15\u00aa edi\u00e7\u00e3o do Filmambiente !\u00a0<\/span><\/p><p dir=\"ltr\"><span style=\"font-family: Helvetica;\"><b>De 23 de setembro a 2 de Outubro, 2026, o Rio de Janeiro vai receber os melhores e mais premiados filmes brasileiros e internacionais; document\u00e1rios, anima\u00e7\u00f5es, fic\u00e7\u00f5es em exibi\u00e7\u00f5es presenciais, muitas com a presen\u00e7a de seus realizadores, para conversar com a plat\u00e9ia. E tamb\u00e9m debates, com a presen\u00e7a de especialistas, palestras, sess\u00f5es especiais para crian\u00e7as, jovens e pessoas com <\/b><\/span><span style=\"font-family: Helvetica;\"><b>defici\u00eancia e em situa\u00e7\u00e3o de vulnerabilidade. E exibi\u00e7\u00f5es online, com geo-bloqueio para o Brasil. <\/b><\/span><\/p><p dir=\"ltr\"><span style=\"font-family: Helvetica;\">NO DIA 5 DE JANEIRO as INSCRI\u00c7\u00d5ES para a 15\u00aa edi\u00e7\u00e3o do Filmambiente estar\u00e3o abertas para as categorias de longa-metragem document\u00e1rio Brasileiro (+ de 60 min), longa-metragem document\u00e1rio internacional (+ de 60 min), curtas em anima\u00e7\u00e3o e fic\u00e7\u00e3o e curtas document\u00e1rios (at\u00e9 20 min).\u00a0<\/span><\/p><p dir=\"ltr\"><span style=\"font-family: Helvetica;\">Para participar das mostras competitivas, os filmes devem ter sido produzidos nos \u00faltimos 2 anos; para as mostras n\u00e3o competitivas, os filmes podem ter qualquer dura\u00e7\u00e3o e data de produ\u00e7\u00e3o.\u00a0<\/span><\/p><p dir=\"ltr\"><span style=\"font-family: Helvetica;\">As inscri\u00e7\u00f5es est\u00e3o abertas AT\u00c9 10 DE MAIO e os filmes selecionados ser\u00e3o revelados em nossas m\u00eddias sociais \u00e0 partir de 30 de Junho.\u00a0<\/span><\/p><p dir=\"ltr\"><span style=\"font-family: Helvetica;\"><b>Ano a ano<\/b>,\u00a0<b>a quantidade de \u00f3timos filmes que recebemos \u00e9 enorme, e infelizmente n\u00e3o \u00e9 poss\u00edvel programar tantos.\u00a0<\/b><\/span><\/p><p dir=\"ltr\"><b>Mas todos ter\u00e3o retorno, na plataforma de inscri\u00e7\u00e3o e a produ\u00e7\u00e3o ir\u00e1 entrar em <\/b><b>contato<\/b><b> apenas com os filmes selecionados.\u00a0<\/b><\/p><p dir=\"ltr\"><span style=\"font-family: Helvetica;\"><b>Por favor, i<\/b><b>nscreva seu filme atrav\u00e9s do Filmfreeway &#8211; estamos ansiosos por assistir todos!<\/b><\/span><\/p>\t\t\t\t\t\t\t\t<\/div>\n\t\t\t\t<div class=\"elementor-element elementor-element-c850f96 animated-slow elementor-invisible elementor-widget elementor-widget-text-editor\" data-id=\"c850f96\" data-element_type=\"widget\" data-settings=\"{&quot;_animation&quot;:&quot;wobble&quot;}\" data-widget_type=\"text-editor.default\">\n\t\t\t\t\t\t\t\t\t<p><a title=\"Click to submit on FilmFreeway\" href=\"https:\/\/filmfreeway.com\/festivals\/1593?utm_campaign=Filmambiente+International+Film+Festival&amp;utm_medium=External&amp;utm_source=Submission+Button\" target=\"_blank\" rel=\"noopener\"><img decoding=\"async\" title=\"Click to submit on FilmFreeway\" src=\"https:\/\/public-assets.filmfreeway.com\/submission_buttons\/v2\/sm_submission_btn@2x-mint.png\" width=\"263\" height=\"49\" \/><\/a><\/p>\t\t\t\t\t\t\t\t<\/div>\n\t\t\t\t<div class=\"elementor-element elementor-element-facc599 elementor-widget elementor-widget-text-editor\" data-id=\"facc599\" data-element_type=\"widget\" data-widget_type=\"text-editor.default\">\n\t\t\t\t\t\t\t\t\tN\u00e3o deixe para \u00faltima hora ! Lembre-se, voc\u00ea s\u00f3 tem at\u00e9 10 de maio. E nos vemos em Setembro!!\t\t\t\t\t\t\t\t<\/div>\n\t\t\t\t\t<\/div>\n\t\t<\/div>\n\t\t\t\t\t<\/div>\n\t\t<\/section>\n\t\t\t\t\t<\/div>\n\t\t<\/div>\n\t\t\t\t\t<\/div>\n\t\t<\/section>\n\t\t\t\t<\/div>\n\t\t","protected":false},"excerpt":{"rendered":"<p>https:\/\/youtu.be\/5K3qaYNl1Ak Vem a\u00ed a 15\u00aa edi\u00e7\u00e3o do Filmambiente !\u00a0 De 23 de setembro a 2 de Outubro, 2026, o Rio de Janeiro vai receber os melhores e mais premiados filmes brasileiros e internacionais; document\u00e1rios, anima\u00e7\u00f5es, fic\u00e7\u00f5es em exibi\u00e7\u00f5es presenciais, muitas com a presen\u00e7a de seus realizadores, para conversar com a plat\u00e9ia. E tamb\u00e9m debates, com [&hellip;]<\/p>\n","protected":false},"author":2,"featured_media":0,"parent":0,"menu_order":0,"comment_status":"closed","ping_status":"closed","template":"elementor_header_footer","meta":{"_acf_changed":false,"footnotes":""},"class_list":["post-21251","page","type-page","status-publish","hentry"],"acf":[],"_links":{"self":[{"href":"https:\/\/filmambiente.com\/br\/wp-json\/wp\/v2\/pages\/21251","targetHints":{"allow":["GET"]}}],"collection":[{"href":"https:\/\/filmambiente.com\/br\/wp-json\/wp\/v2\/pages"}],"about":[{"href":"https:\/\/filmambiente.com\/br\/wp-json\/wp\/v2\/types\/page"}],"author":[{"embeddable":true,"href":"https:\/\/filmambiente.com\/br\/wp-json\/wp\/v2\/users\/2"}],"replies":[{"embeddable":true,"href":"https:\/\/filmambiente.com\/br\/wp-json\/wp\/v2\/comments?post=21251"}],"version-history":[{"count":50,"href":"https:\/\/filmambiente.com\/br\/wp-json\/wp\/v2\/pages\/21251\/revisions"}],"predecessor-version":[{"id":21315,"href":"https:\/\/filmambiente.com\/br\/wp-json\/wp\/v2\/pages\/21251\/revisions\/21315"}],"wp:attachment":[{"href":"https:\/\/filmambiente.com\/br\/wp-json\/wp\/v2\/media?parent=21251"}],"curies":[{"name":"wp","href":"https:\/\/api.w.org\/{rel}","templated":true}]}}