{"id":19988,"date":"2025-07-15T20:18:09","date_gmt":"2025-07-15T23:18:09","guid":{"rendered":"https:\/\/filmambiente.com\/?page_id=19988"},"modified":"2025-08-13T14:00:24","modified_gmt":"2025-08-13T17:00:24","slug":"carte-blanche-visions-du-reel","status":"publish","type":"page","link":"https:\/\/filmambiente.com\/br\/carte-blanche-visions-du-reel\/","title":{"rendered":"Carte Blanche Visions du R\u00e9el"},"content":{"rendered":"\t\t<div data-elementor-type=\"wp-page\" data-elementor-id=\"19988\" class=\"elementor elementor-19988\" data-elementor-post-type=\"page\">\n\t\t\t\t\t\t<section class=\"elementor-section elementor-top-section elementor-element elementor-element-0ec0e44 elementor-section-boxed elementor-section-height-default elementor-section-height-default\" data-id=\"0ec0e44\" data-element_type=\"section\" data-settings=\"{&quot;background_background&quot;:&quot;classic&quot;,&quot;_ha_eqh_enable&quot;:false}\">\n\t\t\t\t\t\t\t<div class=\"elementor-background-overlay\"><\/div>\n\t\t\t\t\t\t\t<div class=\"elementor-container elementor-column-gap-default\">\n\t\t\t\t\t<div class=\"elementor-column elementor-col-100 elementor-top-column elementor-element elementor-element-3333b4e\" data-id=\"3333b4e\" data-element_type=\"column\" data-settings=\"{&quot;background_background&quot;:&quot;classic&quot;}\">\n\t\t\t<div class=\"elementor-widget-wrap elementor-element-populated\">\n\t\t\t\t\t\t<div class=\"elementor-element elementor-element-66a08eb elementor-invisible elementor-widget elementor-widget-heading\" data-id=\"66a08eb\" data-element_type=\"widget\" data-settings=\"{&quot;_animation&quot;:&quot;fadeIn&quot;}\" data-widget_type=\"heading.default\">\n\t\t\t\t\t<h2 class=\"elementor-heading-title elementor-size-default\">CARTE BLANCHE VISIONS DU R\u00c9EL <\/h2>\t\t\t\t<\/div>\n\t\t\t\t<div class=\"elementor-element elementor-element-9498880 elementor-widget__width-initial animated-slow elementor-invisible elementor-widget elementor-widget-video\" data-id=\"9498880\" data-element_type=\"widget\" data-settings=\"{&quot;youtube_url&quot;:&quot;https:\\\/\\\/youtu.be\\\/oYmuvUISlwg&quot;,&quot;_animation&quot;:&quot;fadeInDown&quot;,&quot;video_type&quot;:&quot;youtube&quot;,&quot;controls&quot;:&quot;yes&quot;}\" data-widget_type=\"video.default\">\n\t\t\t\t\t\t\t<div class=\"elementor-wrapper elementor-open-inline\">\n\t\t\t<div class=\"elementor-video\"><\/div>\t\t<\/div>\n\t\t\t\t\t\t<\/div>\n\t\t\t\t<div class=\"elementor-element elementor-element-6681cdc elementor-widget__width-initial animated-slow elementor-invisible elementor-widget elementor-widget-text-editor\" data-id=\"6681cdc\" data-element_type=\"widget\" data-settings=\"{&quot;_animation&quot;:&quot;fadeInUp&quot;}\" data-widget_type=\"text-editor.default\">\n\t\t\t\t\t\t\t\t\t<p>A 14\u00aa edi\u00e7\u00e3o do Filmambiente, com o apoio do Consulado Geral da Su\u00ed\u00e7a, retoma o projeto <em>Carte Blanche<\/em>, desta vez com filmes do Visions du R\u00e9el, um dos mais importantes festivais de filmes de document\u00e1rios do mundo.<\/p><p>Desde 1969, durante dez dias, o Festival faz de Nyon, na Su\u00ed\u00e7a,\u00a0 um ponto focal onde v\u00e1rias gera\u00e7\u00f5es de cineastas e artistas do mundo todo encontram um p\u00fablico fiel e curioso. Reconhecido como um dos maiores e mais importantes festival do mundo dedicado ao cinema documental, apresenta a maioria dos filmes em estreias mundiais ou internacionais e constitui uma plataforma criativa essencial para os milhares de profissionais do cinema que ali se encontram a cada ano.<\/p><p>O Sr. Mourad Moussa, um dos curadores do festival, estar\u00e1 presente no Rio, compartilhando sua expertise em uma Master Class sobre curadoria para profissionais do setor e apresentando uma sele\u00e7\u00e3o de filmes recentes do Visions du R\u00e9el para estudantes universit\u00e1rios de cinema.<\/p>\t\t\t\t\t\t\t\t<\/div>\n\t\t\t\t<div class=\"elementor-element elementor-element-67e1890 elementor-widget__width-initial animated-slow elementor-invisible elementor-widget elementor-widget-elementskit-team\" data-id=\"67e1890\" data-element_type=\"widget\" data-settings=\"{&quot;_animation&quot;:&quot;rubberBand&quot;}\" data-widget_type=\"elementskit-team.default\">\n\t\t\t\t<div class=\"elementor-widget-container\">\n\t\t\t\t\t<div class=\"ekit-wid-con\">\t\t\t\t\t\t\t\t\n\t\t<div class=\"profile-card elementor-animation- text-center ekit-team-style-default\">\n\t\t\t\t\t\t\t<a aria-label=\"profile\" href=\"javascript:void(0)\" data-mfp-src=\"#ekit_team_modal_67e1890_19988\" class=\"ekit-team-popup\">\n\t\t\t\n\t\t\t\t<div class=\"profile-header ekit-team-img ekit-img-overlay ekit-team-img-block\"  data-toggle=\"modal\" data-target=\"ekit_team_modal_#67e1890_19988\" >\n\t\t\t\t\t<img decoding=\"async\" src=\"https:\/\/filmambiente.com\/wp-content\/uploads\/2025\/07\/Design-sem-nome-40.png\" title=\"Design sem nome (40)\" alt=\"Design sem nome (40)\" loading=\"lazy\" \/>\t\t\t\t<\/div><!-- .profile-header END -->\n\t\t\t\t\t\t\t<\/a>\n\t\t\t\n\n\t\t\t\t<div class=\"profile-body\">\n\t\t\t\t\t\n\t\t\t\t\t<h2 class=\"profile-title\">\n\t\t\t\t\t\t\t\t\t\t\t<a aria-label=\"profile\" href=\"javascript:void(0)\" data-mfp-src=\"#ekit_team_modal_67e1890_19988\" class=\"ekit-team-popup\">\n\t\t\t\t\t\tMourad Moussa\t\t\t\t\t\t<\/a>\n\t\t\t\t\t\t\t\t\t\t\t<\/h2>\n\t\t\t\t\t<p class=\"profile-designation\"><\/p>\n\t\t\t\t\t\t\t\t\t<\/div><!-- .profile-body END -->\n\n\t\t\t\t\t\t\t\t<\/div>\n\t\t\t\t\t\t\t\n\t\t\t\n\t\t\t\t\t<div class=\"zoom-anim-dialog mfp-hide elementskit-team-popup team-popup-id-67e1890\" id=\"ekit_team_modal_67e1890_19988\" tabindex=\"-1\" role=\"dialog\" aria-hidden=\"true\">\n\t\t\t\t<div class=\"modal-dialog modal-dialog-centered\" role=\"document\">\n\t\t\t\t\t<div class=\"modal-content\">\n\t\t\t\t\t\t<button type=\"button\" class=\"ekit-team-modal-close\">\n\t\t\t\t\t\t\t<svg aria-hidden=\"true\" class=\"e-font-icon-svg e-fas-times\" viewBox=\"0 0 352 512\" xmlns=\"http:\/\/www.w3.org\/2000\/svg\"><path d=\"M242.72 256l100.07-100.07c12.28-12.28 12.28-32.19 0-44.48l-22.24-22.24c-12.28-12.28-32.19-12.28-44.48 0L176 189.28 75.93 89.21c-12.28-12.28-32.19-12.28-44.48 0L9.21 111.45c-12.28 12.28-12.28 32.19 0 44.48L109.28 256 9.21 356.07c-12.28 12.28-12.28 32.19 0 44.48l22.24 22.24c12.28 12.28 32.2 12.28 44.48 0L176 322.72l100.07 100.07c12.28 12.28 32.2 12.28 44.48 0l22.24-22.24c12.28-12.28 12.28-32.19 0-44.48L242.72 256z\"><\/path><\/svg>\t\t\t\t\t\t<\/button>\n\n\t\t\t\t\t\t<div class=\"modal-body\">\n\t\t\t\t\t\t\t\t\t\t\t\t\t\t\t<div class=\"ekit-team-modal-img\">\n\t\t\t\t\t\t\t\t\t<img decoding=\"async\" src=\"https:\/\/filmambiente.com\/wp-content\/uploads\/2025\/07\/Design-sem-nome-40.png\" title=\"Design sem nome (40)\" alt=\"Design sem nome (40)\" loading=\"lazy\" \/>\t\t\t\t\t\t\t\t<\/div>\n\t\t\t\t\t\t\t\n\t\t\t\t\t\t\t<div class=\"ekit-team-modal-info has-img\">\n\t\t\t\t\t\t\t\t<h2 class=\"ekit-team-modal-title\">Mourad Moussa<\/h2>\n\t\t\t\t\t\t\t\t<p class=\"ekit-team-modal-position\"><\/p>\n\n\t\t\t\t\t\t\t\t<div class=\"ekit-team-modal-content\">\n\t\t\t\t\t\t\t\t\tMourad-Anis Moussa juntou-se \u00e0 equipe do Visions du R\u00e9el durante seus estudos em Literatura e Hist\u00f3ria da Arte, seguidos de um mestrado em Estudos Cinematogr\u00e1ficos (Filmwissenschaft) na Freie Universit\u00e4t \u2013 Berlin. Ao longo dos anos, ocupou diversos cargos no Festival, incluindo o de gerente de publica\u00e7\u00f5es e chefe do escrit\u00f3rio de programa\u00e7\u00e3o. Atualmente, \u00e9 membro do comit\u00ea de sele\u00e7\u00e3o do festival e, paralelamente, trabalha como consultor de programa\u00e7\u00e3o para Les Cin\u00e9mas du Gr\u00fctli, em Genebra.\t\t\t\t\t\t\t\t<\/div>\n\n\t\t\t\t\t\t\t\t\n\t\t\t\t\t\t\t\t\t\t\t\t\t\t\t<\/div>\n\t\t\t\t\t\t<\/div>\n\t\t\t\t\t<\/div>\n\t\t\t\t<\/div>\n\t\t\t<\/div>\n\t\t\t\t<\/div>\t\t\t\t<\/div>\n\t\t\t\t<\/div>\n\t\t\t\t\t<\/div>\n\t\t<\/div>\n\t\t\t\t\t<\/div>\n\t\t<\/section>\n\t\t\t\t<\/div>\n\t\t","protected":false},"excerpt":{"rendered":"<p>CARTE BLANCHE VISIONS DU R\u00c9EL https:\/\/youtu.be\/oYmuvUISlwg A 14\u00aa edi\u00e7\u00e3o do Filmambiente, com o apoio do Consulado Geral da Su\u00ed\u00e7a, retoma o projeto Carte Blanche, desta vez com filmes do Visions du R\u00e9el, um dos mais importantes festivais de filmes de document\u00e1rios do mundo. Desde 1969, durante dez dias, o Festival faz de Nyon, na Su\u00ed\u00e7a,\u00a0 [&hellip;]<\/p>\n","protected":false},"author":2,"featured_media":0,"parent":0,"menu_order":0,"comment_status":"closed","ping_status":"closed","template":"elementor_header_footer","meta":{"_acf_changed":false,"footnotes":""},"class_list":["post-19988","page","type-page","status-publish","hentry"],"acf":[],"_links":{"self":[{"href":"https:\/\/filmambiente.com\/br\/wp-json\/wp\/v2\/pages\/19988","targetHints":{"allow":["GET"]}}],"collection":[{"href":"https:\/\/filmambiente.com\/br\/wp-json\/wp\/v2\/pages"}],"about":[{"href":"https:\/\/filmambiente.com\/br\/wp-json\/wp\/v2\/types\/page"}],"author":[{"embeddable":true,"href":"https:\/\/filmambiente.com\/br\/wp-json\/wp\/v2\/users\/2"}],"replies":[{"embeddable":true,"href":"https:\/\/filmambiente.com\/br\/wp-json\/wp\/v2\/comments?post=19988"}],"version-history":[{"count":34,"href":"https:\/\/filmambiente.com\/br\/wp-json\/wp\/v2\/pages\/19988\/revisions"}],"predecessor-version":[{"id":20851,"href":"https:\/\/filmambiente.com\/br\/wp-json\/wp\/v2\/pages\/19988\/revisions\/20851"}],"wp:attachment":[{"href":"https:\/\/filmambiente.com\/br\/wp-json\/wp\/v2\/media?parent=19988"}],"curies":[{"name":"wp","href":"https:\/\/api.w.org\/{rel}","templated":true}]}}