{"id":19987,"date":"2025-07-15T20:17:27","date_gmt":"2025-07-15T23:17:27","guid":{"rendered":"https:\/\/filmambiente.com\/?page_id=19987"},"modified":"2025-07-23T20:59:11","modified_gmt":"2025-07-23T23:59:11","slug":"homenagem-2025","status":"publish","type":"page","link":"https:\/\/filmambiente.com\/br\/homenagem-2025\/","title":{"rendered":"Homenagem"},"content":{"rendered":"\t\t<div data-elementor-type=\"wp-page\" data-elementor-id=\"19987\" class=\"elementor elementor-19987\" data-elementor-post-type=\"page\">\n\t\t\t\t\t\t<section class=\"elementor-section elementor-top-section elementor-element elementor-element-72f5af1 elementor-section-boxed elementor-section-height-default elementor-section-height-default\" data-id=\"72f5af1\" data-element_type=\"section\" data-settings=\"{&quot;background_background&quot;:&quot;classic&quot;,&quot;_ha_eqh_enable&quot;:false}\">\n\t\t\t\t\t\t\t<div class=\"elementor-background-overlay\"><\/div>\n\t\t\t\t\t\t\t<div class=\"elementor-container elementor-column-gap-default\">\n\t\t\t\t\t<div class=\"elementor-column elementor-col-100 elementor-top-column elementor-element elementor-element-c2fabc8\" data-id=\"c2fabc8\" data-element_type=\"column\" data-settings=\"{&quot;background_background&quot;:&quot;classic&quot;}\">\n\t\t\t<div class=\"elementor-widget-wrap elementor-element-populated\">\n\t\t\t\t\t\t<div class=\"elementor-element elementor-element-47b3cbe elementor-invisible elementor-widget elementor-widget-heading\" data-id=\"47b3cbe\" data-element_type=\"widget\" data-settings=\"{&quot;_animation&quot;:&quot;fadeIn&quot;}\" data-widget_type=\"heading.default\">\n\t\t\t\t\t<h2 class=\"elementor-heading-title elementor-size-default\">HOMENAGEM<\/h2>\t\t\t\t<\/div>\n\t\t\t\t<section class=\"elementor-section elementor-inner-section elementor-element elementor-element-a16903d elementor-section-full_width elementor-section-height-default elementor-section-height-default\" data-id=\"a16903d\" data-element_type=\"section\" data-settings=\"{&quot;background_background&quot;:&quot;classic&quot;,&quot;_ha_eqh_enable&quot;:false}\">\n\t\t\t\t\t\t<div class=\"elementor-container elementor-column-gap-default\">\n\t\t\t\t\t<div data-ha-element-link=\"{&quot;url&quot;:&quot;https:\\\/\\\/filmambiente.com\\\/movie\\\/sukande-kasaka-terra-doente-2\\\/&quot;,&quot;is_external&quot;:&quot;&quot;,&quot;nofollow&quot;:&quot;&quot;}\" style=\"cursor: pointer\" class=\"elementor-column elementor-col-50 elementor-inner-column elementor-element elementor-element-6ee4632 animated-slow elementor-invisible\" data-id=\"6ee4632\" data-element_type=\"column\" data-settings=\"{&quot;background_background&quot;:&quot;classic&quot;,&quot;animation&quot;:&quot;rotateInUpRight&quot;}\">\n\t\t\t<div class=\"elementor-widget-wrap elementor-element-populated\">\n\t\t\t\t\t\t<div class=\"elementor-element elementor-element-33d87ff elementor-widget elementor-widget-spacer\" data-id=\"33d87ff\" data-element_type=\"widget\" data-widget_type=\"spacer.default\">\n\t\t\t\t\t\t\t<div class=\"elementor-spacer\">\n\t\t\t<div class=\"elementor-spacer-inner\"><\/div>\n\t\t<\/div>\n\t\t\t\t\t\t<\/div>\n\t\t\t\t\t<\/div>\n\t\t<\/div>\n\t\t\t\t<div class=\"elementor-column elementor-col-50 elementor-inner-column elementor-element elementor-element-7f77404 animated-slow elementor-invisible\" data-id=\"7f77404\" data-element_type=\"column\" data-settings=\"{&quot;background_background&quot;:&quot;classic&quot;,&quot;animation&quot;:&quot;swing&quot;}\">\n\t\t\t<div class=\"elementor-widget-wrap elementor-element-populated\">\n\t\t\t\t\t\t<div class=\"elementor-element elementor-element-e3e3023 elementor-widget elementor-widget-text-editor\" data-id=\"e3e3023\" data-element_type=\"widget\" data-widget_type=\"text-editor.default\">\n\t\t\t\t\t\t\t\t\t<p>Em meio \u00e0s permanentes amea\u00e7as \u00e0s florestas brasileiras, manguezais, matas ciliares e demais protetores de nossos biomas, o Filmambiente 2025 homenageia M\u00e1rio Moscatelli, por seu incans\u00e1vel &#8211; e muitas vezes solit\u00e1rio e perigoso &#8211; trabalho de restaura\u00e7\u00e3o de sistemas lagunares e manguezais do estado do Rio de Janeiro.<\/p><p>Bi\u00f3logo, mestre em ecologia, especialista em gest\u00e3o e recupera\u00e7\u00e3o de ecossistemas costeiros, Mario \u00e9 o respons\u00e1vel pela recupera\u00e7\u00e3o dos manguezais da Lagoa Rodrigo de Freitas &#8211; iniciada por conta pr\u00f3pria, nas horas vagas, h\u00e1 36 anos &#8211; do canal do Fund\u00e3o, aterro de Gramacho, e sistema lagunar de Jacarepagu\u00e1, que espera ainda ampliar em 22 hectares de manguezais, incrementando a biodiversidade, melhorando a qualidade da \u00e1gua e do ar da regi\u00e3o e de seus moradores humanos e n\u00e3o humanos. O Rio de Janeiro s\u00f3 tem a agradecer!<\/p>\t\t\t\t\t\t\t\t<\/div>\n\t\t\t\t\t<\/div>\n\t\t<\/div>\n\t\t\t\t\t<\/div>\n\t\t<\/section>\n\t\t\t\t\t<\/div>\n\t\t<\/div>\n\t\t\t\t\t<\/div>\n\t\t<\/section>\n\t\t\t\t<\/div>\n\t\t","protected":false},"excerpt":{"rendered":"<p>HOMENAGEM Em meio \u00e0s permanentes amea\u00e7as \u00e0s florestas brasileiras, manguezais, matas ciliares e demais protetores de nossos biomas, o Filmambiente 2025 homenageia M\u00e1rio Moscatelli, por seu incans\u00e1vel &#8211; e muitas vezes solit\u00e1rio e perigoso &#8211; trabalho de restaura\u00e7\u00e3o de sistemas lagunares e manguezais do estado do Rio de Janeiro. Bi\u00f3logo, mestre em ecologia, especialista em [&hellip;]<\/p>\n","protected":false},"author":2,"featured_media":0,"parent":0,"menu_order":0,"comment_status":"closed","ping_status":"closed","template":"elementor_header_footer","meta":{"_acf_changed":false,"footnotes":""},"class_list":["post-19987","page","type-page","status-publish","hentry"],"acf":[],"_links":{"self":[{"href":"https:\/\/filmambiente.com\/br\/wp-json\/wp\/v2\/pages\/19987","targetHints":{"allow":["GET"]}}],"collection":[{"href":"https:\/\/filmambiente.com\/br\/wp-json\/wp\/v2\/pages"}],"about":[{"href":"https:\/\/filmambiente.com\/br\/wp-json\/wp\/v2\/types\/page"}],"author":[{"embeddable":true,"href":"https:\/\/filmambiente.com\/br\/wp-json\/wp\/v2\/users\/2"}],"replies":[{"embeddable":true,"href":"https:\/\/filmambiente.com\/br\/wp-json\/wp\/v2\/comments?post=19987"}],"version-history":[{"count":7,"href":"https:\/\/filmambiente.com\/br\/wp-json\/wp\/v2\/pages\/19987\/revisions"}],"predecessor-version":[{"id":20718,"href":"https:\/\/filmambiente.com\/br\/wp-json\/wp\/v2\/pages\/19987\/revisions\/20718"}],"wp:attachment":[{"href":"https:\/\/filmambiente.com\/br\/wp-json\/wp\/v2\/media?parent=19987"}],"curies":[{"name":"wp","href":"https:\/\/api.w.org\/{rel}","templated":true}]}}