{"id":18811,"date":"2024-08-07T17:01:21","date_gmt":"2024-08-07T20:01:21","guid":{"rendered":"https:\/\/filmambiente.com\/?page_id=18811"},"modified":"2024-08-21T10:48:51","modified_gmt":"2024-08-21T13:48:51","slug":"teste-badge","status":"publish","type":"page","link":"https:\/\/filmambiente.com\/br\/teste-badge\/","title":{"rendered":"Teste Badge"},"content":{"rendered":"\t\t<div data-elementor-type=\"wp-page\" data-elementor-id=\"18811\" class=\"elementor elementor-18811\" data-elementor-post-type=\"page\">\n\t\t\t\t\t\t<section class=\"elementor-section elementor-top-section elementor-element elementor-element-5906041 elementor-section-boxed elementor-section-height-default elementor-section-height-default\" data-id=\"5906041\" data-element_type=\"section\" data-settings=\"{&quot;_ha_eqh_enable&quot;:false}\">\n\t\t\t\t\t\t<div class=\"elementor-container elementor-column-gap-default\">\n\t\t\t\t\t<div class=\"elementor-column elementor-col-100 elementor-top-column elementor-element elementor-element-3bbfd59\" data-id=\"3bbfd59\" data-element_type=\"column\">\n\t\t\t<div class=\"elementor-widget-wrap elementor-element-populated\">\n\t\t\t\t\t\t<div class=\"elementor-element elementor-element-84a439a elementor-grid-4 elementor-grid-tablet-2 elementor-grid-mobile-1 elementor-widget elementor-widget-loop-grid\" data-id=\"84a439a\" data-element_type=\"widget\" data-settings=\"{&quot;template_id&quot;:18813,&quot;columns&quot;:4,&quot;row_gap&quot;:{&quot;unit&quot;:&quot;px&quot;,&quot;size&quot;:0,&quot;sizes&quot;:[]},&quot;row_gap_mobile&quot;:{&quot;unit&quot;:&quot;px&quot;,&quot;size&quot;:20,&quot;sizes&quot;:[]},&quot;_skin&quot;:&quot;post&quot;,&quot;columns_tablet&quot;:&quot;2&quot;,&quot;columns_mobile&quot;:&quot;1&quot;,&quot;edit_handle_selector&quot;:&quot;[data-elementor-type=\\&quot;loop-item\\&quot;]&quot;,&quot;row_gap_tablet&quot;:{&quot;unit&quot;:&quot;px&quot;,&quot;size&quot;:&quot;&quot;,&quot;sizes&quot;:[]}}\" data-widget_type=\"loop-grid.post\">\n\t\t\t\t<div class=\"elementor-widget-container\">\n\t\t\t\t\t\t\t<div class=\"elementor-loop-container elementor-grid\" role=\"list\">\n\t\t<style id=\"loop-dynamic-18813\">.e-loop-item-19843 .elementor-element.elementor-element-21f6f87:not(.elementor-motion-effects-element-type-background) > .elementor-widget-wrap, .e-loop-item-19843 .elementor-element.elementor-element-21f6f87 > .elementor-widget-wrap > .elementor-motion-effects-container > .elementor-motion-effects-layer{background-image:url(\"https:\/\/filmambiente.com\/wp-content\/uploads\/2025\/07\/42-2.png\");}<\/style><style id=\"loop-18813\">.elementor-18813 .elementor-element.elementor-element-21f6f87 > .elementor-element-populated >  .elementor-background-overlay{background-color:var( --e-global-color-ace8518 );opacity:0;}.elementor-18813 .elementor-element.elementor-element-21f6f87:hover > .elementor-element-populated >  .elementor-background-overlay{background-color:var( --e-global-color-ace8518 );opacity:0.3;}.elementor-18813 .elementor-element.elementor-element-21f6f87:not(.elementor-motion-effects-element-type-background) > .elementor-widget-wrap, .elementor-18813 .elementor-element.elementor-element-21f6f87 > .elementor-widget-wrap > .elementor-motion-effects-container > .elementor-motion-effects-layer{background-position:center center;background-repeat:no-repeat;background-size:cover;}.elementor-18813 .elementor-element.elementor-element-21f6f87 > .elementor-element-populated{border-style:solid;border-width:3px 3px 3px 3px;border-color:#E63323;transition:background 0.3s, border 0.3s, border-radius 0.3s, box-shadow 0.3s;padding:65px 0px 65px 0px;}.elementor-18813 .elementor-element.elementor-element-21f6f87 > .elementor-element-populated, .elementor-18813 .elementor-element.elementor-element-21f6f87 > .elementor-element-populated > .elementor-background-overlay, .elementor-18813 .elementor-element.elementor-element-21f6f87 > .elementor-background-slideshow{border-radius:5px 5px 5px 5px;}.elementor-18813 .elementor-element.elementor-element-21f6f87 > .elementor-element-populated > .elementor-background-overlay{transition:background 0.3s, border-radius 0.3s, opacity 0.3s;}.elementor-widget-heading .elementor-heading-title{color:var( --e-global-color-primary );}.elementor-18813 .elementor-element.elementor-element-8544430{width:100%;max-width:100%;background-color:#E63323;margin:-65px 0px calc(var(--kit-widget-spacing, 0px) + 5px) 0px;padding:5px 5px 5px 5px;align-self:flex-start;border-radius:0px 0px 0px 0px;text-align:center;}.elementor-18813 .elementor-element.elementor-element-8544430.ha-has-bg-overlay > .elementor-widget-container:before{transition:background 0.3s;}.elementor-18813 .elementor-element.elementor-element-8544430 .elementor-heading-title{font-size:16px;color:#FFFFFF;}.elementor-18813 .elementor-element.elementor-element-08bda5f{margin:0px 10px calc(var(--kit-widget-spacing, 0px) + 0px) 10px;}.elementor-18813 .elementor-element.elementor-element-08bda5f .elementor-heading-title{font-size:22px;color:#FFFFFF;}.elementor-widget-icon-list .elementor-icon-list-item:not(:last-child):after{border-color:var( --e-global-color-text );}.elementor-widget-icon-list .elementor-icon-list-icon i{color:var( --e-global-color-primary );}.elementor-widget-icon-list .elementor-icon-list-icon svg{fill:var( --e-global-color-primary );}.elementor-widget-icon-list .elementor-icon-list-text{color:var( --e-global-color-secondary );}.elementor-18813 .elementor-element.elementor-element-bd14e2c{margin:-15px 10px calc(var(--kit-widget-spacing, 0px) + 0px) 10px;--e-icon-list-icon-size:14px;--icon-vertical-offset:0px;}.elementor-18813 .elementor-element.elementor-element-bd14e2c .elementor-icon-list-item:not(:last-child):after{content:\"\";height:1%;border-color:var( --e-global-color-7f1cf68 );}.elementor-18813 .elementor-element.elementor-element-bd14e2c .elementor-icon-list-items:not(.elementor-inline-items) .elementor-icon-list-item:not(:last-child):after{border-block-start-style:dotted;border-block-start-width:5px;}.elementor-18813 .elementor-element.elementor-element-bd14e2c .elementor-icon-list-items.elementor-inline-items .elementor-icon-list-item:not(:last-child):after{border-inline-start-style:dotted;}.elementor-18813 .elementor-element.elementor-element-bd14e2c .elementor-inline-items .elementor-icon-list-item:not(:last-child):after{border-inline-start-width:5px;}.elementor-18813 .elementor-element.elementor-element-bd14e2c .elementor-icon-list-icon i{color:#FFFFFF;transition:color 0.3s;}.elementor-18813 .elementor-element.elementor-element-bd14e2c .elementor-icon-list-icon svg{fill:#FFFFFF;transition:fill 0.3s;}.elementor-18813 .elementor-element.elementor-element-bd14e2c .elementor-icon-list-item > .elementor-icon-list-text, .elementor-18813 .elementor-element.elementor-element-bd14e2c .elementor-icon-list-item > a{font-size:18px;font-weight:400;}.elementor-18813 .elementor-element.elementor-element-bd14e2c .elementor-icon-list-text{color:#FFFFFF;transition:color 0.3s;}@media(min-width:1025px){.elementor-18813 .elementor-element.elementor-element-21f6f87:not(.elementor-motion-effects-element-type-background) > .elementor-widget-wrap, .elementor-18813 .elementor-element.elementor-element-21f6f87 > .elementor-widget-wrap > .elementor-motion-effects-container > .elementor-motion-effects-layer{background-attachment:scroll;}}@media(max-width:767px){.elementor-18813 .elementor-element.elementor-element-21f6f87:not(.elementor-motion-effects-element-type-background) > .elementor-widget-wrap, .elementor-18813 .elementor-element.elementor-element-21f6f87 > .elementor-widget-wrap > .elementor-motion-effects-container > .elementor-motion-effects-layer{background-position:top center;background-repeat:no-repeat;background-size:cover;}.elementor-18813 .elementor-element.elementor-element-21f6f87 > .elementor-element-populated >  .elementor-background-overlay{opacity:0;}.elementor-18813 .elementor-element.elementor-element-21f6f87:hover > .elementor-element-populated >  .elementor-background-overlay{opacity:0.3;}.elementor-18813 .elementor-element.elementor-element-21f6f87 > .elementor-element-populated{margin:0px 0px 0px 0px;--e-column-margin-right:0px;--e-column-margin-left:0px;padding:65px 0px 65px 0px;}.elementor-18813 .elementor-element.elementor-element-08bda5f{margin:0px 20px calc(var(--kit-widget-spacing, 0px) + 0px) 20px;}.elementor-18813 .elementor-element.elementor-element-bd14e2c{margin:-15px 20px calc(var(--kit-widget-spacing, 0px) + 0px) 20px;}}\/* Start custom CSS for column, class: .elementor-element-21f6f87 *\/\/* Esconde o texto inicialmente *\/\r\n.coluna-com-hover .texto-escondido {\r\n    opacity: 0; \r\n    transition: opacity 0.3s ease;\r\n    pointer-events: none; \/* Impede que o texto seja clic\u00e1vel enquanto escondido *\/\r\n}\r\n\r\n\/* Mostra o texto no hover da coluna *\/\r\n.coluna-com-hover:hover .texto-escondido {\r\n    opacity: 1;\r\n    pointer-events: auto; \/* Permite que o texto seja clic\u00e1vel quando vis\u00edvel *\/\r\n}\/* End custom CSS *\/<\/style>\t\t<div data-elementor-type=\"loop-item\" data-elementor-id=\"18813\" class=\"elementor elementor-18813 e-loop-item e-loop-item-19843 post-19843 movie type-movie status-publish has-post-thumbnail hentry movie_genre-competicao-documentario-de-longa-metragem-brasileiro\" data-elementor-post-type=\"elementor_library\" data-custom-edit-handle=\"1\">\n\t\t\t\t\t<section class=\"elementor-section elementor-top-section elementor-element elementor-element-8b61b4b elementor-section-boxed elementor-section-height-default elementor-section-height-default\" data-id=\"8b61b4b\" data-element_type=\"section\" data-settings=\"{&quot;_ha_eqh_enable&quot;:false}\">\n\t\t\t\t\t\t<div class=\"elementor-container elementor-column-gap-default\">\n\t\t\t\t\t<div data-ha-element-link=\"{&quot;url&quot;:&quot;https:\\\/\\\/filmambiente.com\\\/br\\\/movie\\\/saudades-do-rio-doce\\\/&quot;,&quot;is_external&quot;:&quot;&quot;,&quot;nofollow&quot;:&quot;&quot;}\" style=\"cursor: pointer\" class=\"elementor-column elementor-col-100 elementor-top-column elementor-element elementor-element-21f6f87 coluna-com-hover\" data-id=\"21f6f87\" data-element_type=\"column\" data-settings=\"{&quot;background_background&quot;:&quot;classic&quot;}\">\n\t\t\t<div class=\"elementor-widget-wrap elementor-element-populated\">\n\t\t\t\t\t<div class=\"elementor-background-overlay\"><\/div>\n\t\t\t\t\t\t<div class=\"elementor-element elementor-element-8544430 texto-escondido elementor-widget__width-inherit elementor-widget elementor-widget-heading\" data-id=\"8544430\" data-element_type=\"widget\" data-widget_type=\"heading.default\">\n\t\t\t\t\t<h2 class=\"elementor-heading-title elementor-size-default\">Data de exibi\u00e7\u00e3o 30 de agosto, 18:30, Esta\u00e7\u00e3o NetRio. <\/h2>\t\t\t\t<\/div>\n\t\t\t\t<div class=\"elementor-element elementor-element-08bda5f texto-escondido elementor-widget elementor-widget-heading\" data-id=\"08bda5f\" data-element_type=\"widget\" data-widget_type=\"heading.default\">\n\t\t\t\t\t<h2 class=\"elementor-heading-title elementor-size-default\">SAUDADES DO RIO DOCE<\/h2>\t\t\t\t<\/div>\n\t\t\t\t<div class=\"elementor-element elementor-element-bd14e2c elementor-icon-list--layout-inline texto-escondido elementor-list-item-link-full_width elementor-widget elementor-widget-icon-list\" data-id=\"bd14e2c\" data-element_type=\"widget\" data-widget_type=\"icon-list.default\">\n\t\t\t\t\t\t\t<ul class=\"elementor-icon-list-items elementor-inline-items\">\n\t\t\t\t\t\t\t<li class=\"elementor-icon-list-item elementor-inline-item\">\n\t\t\t\t\t\t\t\t\t\t<span class=\"elementor-icon-list-text\">2024<\/span>\n\t\t\t\t\t\t\t\t\t<\/li>\n\t\t\t\t\t\t\t\t<li class=\"elementor-icon-list-item elementor-inline-item\">\n\t\t\t\t\t\t\t\t\t\t\t<span class=\"elementor-icon-list-icon\">\n\t\t\t\t\t\t\t<svg aria-hidden=\"true\" class=\"e-font-icon-svg e-fas-clock\" viewBox=\"0 0 512 512\" xmlns=\"http:\/\/www.w3.org\/2000\/svg\"><path d=\"M256,8C119,8,8,119,8,256S119,504,256,504,504,393,504,256,393,8,256,8Zm92.49,313h0l-20,25a16,16,0,0,1-22.49,2.5h0l-67-49.72a40,40,0,0,1-15-31.23V112a16,16,0,0,1,16-16h32a16,16,0,0,1,16,16V256l58,42.5A16,16,0,0,1,348.49,321Z\"><\/path><\/svg>\t\t\t\t\t\t<\/span>\n\t\t\t\t\t\t\t\t\t\t<span class=\"elementor-icon-list-text\">75min <\/span>\n\t\t\t\t\t\t\t\t\t<\/li>\n\t\t\t\t\t\t<\/ul>\n\t\t\t\t\t\t<\/div>\n\t\t\t\t\t<\/div>\n\t\t<\/div>\n\t\t\t\t\t<\/div>\n\t\t<\/section>\n\t\t\t\t<\/div>\n\t\t<style id=\"loop-dynamic-18813\">.e-loop-item-19842 .elementor-element.elementor-element-21f6f87:not(.elementor-motion-effects-element-type-background) > .elementor-widget-wrap, .e-loop-item-19842 .elementor-element.elementor-element-21f6f87 > .elementor-widget-wrap > .elementor-motion-effects-container > .elementor-motion-effects-layer{background-image:url(\"https:\/\/filmambiente.com\/wp-content\/uploads\/2025\/07\/Design-sem-nome-22.png\");}<\/style>\t\t<div data-elementor-type=\"loop-item\" data-elementor-id=\"18813\" class=\"elementor elementor-18813 e-loop-item e-loop-item-19842 post-19842 movie type-movie status-publish has-post-thumbnail hentry movie_genre-competicao-documentario-de-longa-metragem-brasileiro\" data-elementor-post-type=\"elementor_library\" data-custom-edit-handle=\"1\">\n\t\t\t\t\t<section class=\"elementor-section elementor-top-section elementor-element elementor-element-8b61b4b elementor-section-boxed elementor-section-height-default elementor-section-height-default\" data-id=\"8b61b4b\" data-element_type=\"section\" data-settings=\"{&quot;_ha_eqh_enable&quot;:false}\">\n\t\t\t\t\t\t<div class=\"elementor-container elementor-column-gap-default\">\n\t\t\t\t\t<div data-ha-element-link=\"{&quot;url&quot;:&quot;https:\\\/\\\/filmambiente.com\\\/br\\\/movie\\\/pele-de-vidro\\\/&quot;,&quot;is_external&quot;:&quot;&quot;,&quot;nofollow&quot;:&quot;&quot;}\" style=\"cursor: pointer\" class=\"elementor-column elementor-col-100 elementor-top-column elementor-element elementor-element-21f6f87 coluna-com-hover\" data-id=\"21f6f87\" data-element_type=\"column\" data-settings=\"{&quot;background_background&quot;:&quot;classic&quot;}\">\n\t\t\t<div class=\"elementor-widget-wrap elementor-element-populated\">\n\t\t\t\t\t<div class=\"elementor-background-overlay\"><\/div>\n\t\t\t\t\t\t<div class=\"elementor-element elementor-element-8544430 texto-escondido elementor-widget__width-inherit elementor-widget elementor-widget-heading\" data-id=\"8544430\" data-element_type=\"widget\" data-widget_type=\"heading.default\">\n\t\t\t\t\t<h2 class=\"elementor-heading-title elementor-size-default\">Data de exibi\u00e7\u00e3o: 2 de setembro, 20:30, Esta\u00e7\u00e3o NetRio, seguida de debate<\/h2>\t\t\t\t<\/div>\n\t\t\t\t<div class=\"elementor-element elementor-element-08bda5f texto-escondido elementor-widget elementor-widget-heading\" data-id=\"08bda5f\" data-element_type=\"widget\" data-widget_type=\"heading.default\">\n\t\t\t\t\t<h2 class=\"elementor-heading-title elementor-size-default\">PELE DE VIDRO<\/h2>\t\t\t\t<\/div>\n\t\t\t\t<div class=\"elementor-element elementor-element-bd14e2c elementor-icon-list--layout-inline texto-escondido elementor-list-item-link-full_width elementor-widget elementor-widget-icon-list\" data-id=\"bd14e2c\" data-element_type=\"widget\" data-widget_type=\"icon-list.default\">\n\t\t\t\t\t\t\t<ul class=\"elementor-icon-list-items elementor-inline-items\">\n\t\t\t\t\t\t\t<li class=\"elementor-icon-list-item elementor-inline-item\">\n\t\t\t\t\t\t\t\t\t\t<span class=\"elementor-icon-list-text\">2023<\/span>\n\t\t\t\t\t\t\t\t\t<\/li>\n\t\t\t\t\t\t\t\t<li class=\"elementor-icon-list-item elementor-inline-item\">\n\t\t\t\t\t\t\t\t\t\t\t<span class=\"elementor-icon-list-icon\">\n\t\t\t\t\t\t\t<svg aria-hidden=\"true\" class=\"e-font-icon-svg e-fas-clock\" viewBox=\"0 0 512 512\" xmlns=\"http:\/\/www.w3.org\/2000\/svg\"><path d=\"M256,8C119,8,8,119,8,256S119,504,256,504,504,393,504,256,393,8,256,8Zm92.49,313h0l-20,25a16,16,0,0,1-22.49,2.5h0l-67-49.72a40,40,0,0,1-15-31.23V112a16,16,0,0,1,16-16h32a16,16,0,0,1,16,16V256l58,42.5A16,16,0,0,1,348.49,321Z\"><\/path><\/svg>\t\t\t\t\t\t<\/span>\n\t\t\t\t\t\t\t\t\t\t<span class=\"elementor-icon-list-text\">90min <\/span>\n\t\t\t\t\t\t\t\t\t<\/li>\n\t\t\t\t\t\t<\/ul>\n\t\t\t\t\t\t<\/div>\n\t\t\t\t\t<\/div>\n\t\t<\/div>\n\t\t\t\t\t<\/div>\n\t\t<\/section>\n\t\t\t\t<\/div>\n\t\t<style id=\"loop-dynamic-18813\">.e-loop-item-19841 .elementor-element.elementor-element-21f6f87:not(.elementor-motion-effects-element-type-background) > .elementor-widget-wrap, .e-loop-item-19841 .elementor-element.elementor-element-21f6f87 > .elementor-widget-wrap > .elementor-motion-effects-container > .elementor-motion-effects-layer{background-image:url(\"https:\/\/filmambiente.com\/wp-content\/uploads\/2025\/07\/Design-sem-nome-17.png\");}<\/style>\t\t<div data-elementor-type=\"loop-item\" data-elementor-id=\"18813\" class=\"elementor elementor-18813 e-loop-item e-loop-item-19841 post-19841 movie type-movie status-publish has-post-thumbnail hentry movie_genre-competicao-documentario-de-longa-metragem-brasileiro\" data-elementor-post-type=\"elementor_library\" data-custom-edit-handle=\"1\">\n\t\t\t\t\t<section class=\"elementor-section elementor-top-section elementor-element elementor-element-8b61b4b elementor-section-boxed elementor-section-height-default elementor-section-height-default\" data-id=\"8b61b4b\" data-element_type=\"section\" data-settings=\"{&quot;_ha_eqh_enable&quot;:false}\">\n\t\t\t\t\t\t<div class=\"elementor-container elementor-column-gap-default\">\n\t\t\t\t\t<div data-ha-element-link=\"{&quot;url&quot;:&quot;https:\\\/\\\/filmambiente.com\\\/br\\\/movie\\\/mundurukuyu-a-floresta-das-mulheres-peixe\\\/&quot;,&quot;is_external&quot;:&quot;&quot;,&quot;nofollow&quot;:&quot;&quot;}\" style=\"cursor: pointer\" class=\"elementor-column elementor-col-100 elementor-top-column elementor-element elementor-element-21f6f87 coluna-com-hover\" data-id=\"21f6f87\" data-element_type=\"column\" data-settings=\"{&quot;background_background&quot;:&quot;classic&quot;}\">\n\t\t\t<div class=\"elementor-widget-wrap elementor-element-populated\">\n\t\t\t\t\t<div class=\"elementor-background-overlay\"><\/div>\n\t\t\t\t\t\t<div class=\"elementor-element elementor-element-8544430 texto-escondido elementor-widget__width-inherit elementor-widget elementor-widget-heading\" data-id=\"8544430\" data-element_type=\"widget\" data-widget_type=\"heading.default\">\n\t\t\t\t\t<h2 class=\"elementor-heading-title elementor-size-default\">Data da exibi\u00e7\u00e3o 1 de setembro, 18:30, Esta\u00e7\u00e3o NetRio<\/h2>\t\t\t\t<\/div>\n\t\t\t\t<div class=\"elementor-element elementor-element-08bda5f texto-escondido elementor-widget elementor-widget-heading\" data-id=\"08bda5f\" data-element_type=\"widget\" data-widget_type=\"heading.default\">\n\t\t\t\t\t<h2 class=\"elementor-heading-title elementor-size-default\">MUNDURUKUY\u00dc &#8211; A FLORESTA DAS MULHERES-PEIXE<\/h2>\t\t\t\t<\/div>\n\t\t\t\t<div class=\"elementor-element elementor-element-bd14e2c elementor-icon-list--layout-inline texto-escondido elementor-list-item-link-full_width elementor-widget elementor-widget-icon-list\" data-id=\"bd14e2c\" data-element_type=\"widget\" data-widget_type=\"icon-list.default\">\n\t\t\t\t\t\t\t<ul class=\"elementor-icon-list-items elementor-inline-items\">\n\t\t\t\t\t\t\t<li class=\"elementor-icon-list-item elementor-inline-item\">\n\t\t\t\t\t\t\t\t\t\t<span class=\"elementor-icon-list-text\">2025<\/span>\n\t\t\t\t\t\t\t\t\t<\/li>\n\t\t\t\t\t\t\t\t<li class=\"elementor-icon-list-item elementor-inline-item\">\n\t\t\t\t\t\t\t\t\t\t\t<span class=\"elementor-icon-list-icon\">\n\t\t\t\t\t\t\t<svg aria-hidden=\"true\" class=\"e-font-icon-svg e-fas-clock\" viewBox=\"0 0 512 512\" xmlns=\"http:\/\/www.w3.org\/2000\/svg\"><path d=\"M256,8C119,8,8,119,8,256S119,504,256,504,504,393,504,256,393,8,256,8Zm92.49,313h0l-20,25a16,16,0,0,1-22.49,2.5h0l-67-49.72a40,40,0,0,1-15-31.23V112a16,16,0,0,1,16-16h32a16,16,0,0,1,16,16V256l58,42.5A16,16,0,0,1,348.49,321Z\"><\/path><\/svg>\t\t\t\t\t\t<\/span>\n\t\t\t\t\t\t\t\t\t\t<span class=\"elementor-icon-list-text\">75min <\/span>\n\t\t\t\t\t\t\t\t\t<\/li>\n\t\t\t\t\t\t<\/ul>\n\t\t\t\t\t\t<\/div>\n\t\t\t\t\t<\/div>\n\t\t<\/div>\n\t\t\t\t\t<\/div>\n\t\t<\/section>\n\t\t\t\t<\/div>\n\t\t<style id=\"loop-dynamic-18813\">.e-loop-item-19840 .elementor-element.elementor-element-21f6f87:not(.elementor-motion-effects-element-type-background) > .elementor-widget-wrap, .e-loop-item-19840 .elementor-element.elementor-element-21f6f87 > .elementor-widget-wrap > .elementor-motion-effects-container > .elementor-motion-effects-layer{background-image:url(\"https:\/\/filmambiente.com\/wp-content\/uploads\/2025\/07\/41-2.png\");}<\/style>\t\t<div data-elementor-type=\"loop-item\" data-elementor-id=\"18813\" class=\"elementor elementor-18813 e-loop-item e-loop-item-19840 post-19840 movie type-movie status-publish has-post-thumbnail hentry movie_genre-competicao-documentario-de-longa-metragem-brasileiro\" data-elementor-post-type=\"elementor_library\" data-custom-edit-handle=\"1\">\n\t\t\t\t\t<section class=\"elementor-section elementor-top-section elementor-element elementor-element-8b61b4b elementor-section-boxed elementor-section-height-default elementor-section-height-default\" data-id=\"8b61b4b\" data-element_type=\"section\" data-settings=\"{&quot;_ha_eqh_enable&quot;:false}\">\n\t\t\t\t\t\t<div class=\"elementor-container elementor-column-gap-default\">\n\t\t\t\t\t<div data-ha-element-link=\"{&quot;url&quot;:&quot;https:\\\/\\\/filmambiente.com\\\/br\\\/movie\\\/maos-a-terra\\\/&quot;,&quot;is_external&quot;:&quot;&quot;,&quot;nofollow&quot;:&quot;&quot;}\" style=\"cursor: pointer\" class=\"elementor-column elementor-col-100 elementor-top-column elementor-element elementor-element-21f6f87 coluna-com-hover\" data-id=\"21f6f87\" data-element_type=\"column\" data-settings=\"{&quot;background_background&quot;:&quot;classic&quot;}\">\n\t\t\t<div class=\"elementor-widget-wrap elementor-element-populated\">\n\t\t\t\t\t<div class=\"elementor-background-overlay\"><\/div>\n\t\t\t\t\t\t<div class=\"elementor-element elementor-element-8544430 texto-escondido elementor-widget__width-inherit elementor-widget elementor-widget-heading\" data-id=\"8544430\" data-element_type=\"widget\" data-widget_type=\"heading.default\">\n\t\t\t\t\t<h2 class=\"elementor-heading-title elementor-size-default\">Data de exibi\u00e7\u00e3o 29 de agosto, 20:30, Esta\u00e7\u00e3o NetRio. seguida de debate<\/h2>\t\t\t\t<\/div>\n\t\t\t\t<div class=\"elementor-element elementor-element-08bda5f texto-escondido elementor-widget elementor-widget-heading\" data-id=\"08bda5f\" data-element_type=\"widget\" data-widget_type=\"heading.default\">\n\t\t\t\t\t<h2 class=\"elementor-heading-title elementor-size-default\">M\u00c3OS \u00c0 TERRA<\/h2>\t\t\t\t<\/div>\n\t\t\t\t<div class=\"elementor-element elementor-element-bd14e2c elementor-icon-list--layout-inline texto-escondido elementor-list-item-link-full_width elementor-widget elementor-widget-icon-list\" data-id=\"bd14e2c\" data-element_type=\"widget\" data-widget_type=\"icon-list.default\">\n\t\t\t\t\t\t\t<ul class=\"elementor-icon-list-items elementor-inline-items\">\n\t\t\t\t\t\t\t<li class=\"elementor-icon-list-item elementor-inline-item\">\n\t\t\t\t\t\t\t\t\t\t<span class=\"elementor-icon-list-text\">2025<\/span>\n\t\t\t\t\t\t\t\t\t<\/li>\n\t\t\t\t\t\t\t\t<li class=\"elementor-icon-list-item elementor-inline-item\">\n\t\t\t\t\t\t\t\t\t\t\t<span class=\"elementor-icon-list-icon\">\n\t\t\t\t\t\t\t<svg aria-hidden=\"true\" class=\"e-font-icon-svg e-fas-clock\" viewBox=\"0 0 512 512\" xmlns=\"http:\/\/www.w3.org\/2000\/svg\"><path d=\"M256,8C119,8,8,119,8,256S119,504,256,504,504,393,504,256,393,8,256,8Zm92.49,313h0l-20,25a16,16,0,0,1-22.49,2.5h0l-67-49.72a40,40,0,0,1-15-31.23V112a16,16,0,0,1,16-16h32a16,16,0,0,1,16,16V256l58,42.5A16,16,0,0,1,348.49,321Z\"><\/path><\/svg>\t\t\t\t\t\t<\/span>\n\t\t\t\t\t\t\t\t\t\t<span class=\"elementor-icon-list-text\">90min <\/span>\n\t\t\t\t\t\t\t\t\t<\/li>\n\t\t\t\t\t\t<\/ul>\n\t\t\t\t\t\t<\/div>\n\t\t\t\t\t<\/div>\n\t\t<\/div>\n\t\t\t\t\t<\/div>\n\t\t<\/section>\n\t\t\t\t<\/div>\n\t\t\t\t<\/div>\n\t\t\n\t\t\t\t\t\t<\/div>\n\t\t\t\t<\/div>\n\t\t\t\t\t<\/div>\n\t\t<\/div>\n\t\t\t\t\t<\/div>\n\t\t<\/section>\n\t\t\t\t<\/div>\n\t\t","protected":false},"excerpt":{"rendered":"","protected":false},"author":2,"featured_media":0,"parent":0,"menu_order":0,"comment_status":"closed","ping_status":"closed","template":"elementor_header_footer","meta":{"_acf_changed":false,"footnotes":""},"class_list":["post-18811","page","type-page","status-publish","hentry"],"acf":[],"_links":{"self":[{"href":"https:\/\/filmambiente.com\/br\/wp-json\/wp\/v2\/pages\/18811","targetHints":{"allow":["GET"]}}],"collection":[{"href":"https:\/\/filmambiente.com\/br\/wp-json\/wp\/v2\/pages"}],"about":[{"href":"https:\/\/filmambiente.com\/br\/wp-json\/wp\/v2\/types\/page"}],"author":[{"embeddable":true,"href":"https:\/\/filmambiente.com\/br\/wp-json\/wp\/v2\/users\/2"}],"replies":[{"embeddable":true,"href":"https:\/\/filmambiente.com\/br\/wp-json\/wp\/v2\/comments?post=18811"}],"version-history":[{"count":13,"href":"https:\/\/filmambiente.com\/br\/wp-json\/wp\/v2\/pages\/18811\/revisions"}],"predecessor-version":[{"id":19433,"href":"https:\/\/filmambiente.com\/br\/wp-json\/wp\/v2\/pages\/18811\/revisions\/19433"}],"wp:attachment":[{"href":"https:\/\/filmambiente.com\/br\/wp-json\/wp\/v2\/media?parent=18811"}],"curies":[{"name":"wp","href":"https:\/\/api.w.org\/{rel}","templated":true}]}}