{"id":18646,"date":"2024-08-06T18:47:47","date_gmt":"2024-08-06T21:47:47","guid":{"rendered":"https:\/\/filmambiente.com\/?page_id=18646"},"modified":"2024-08-13T10:48:37","modified_gmt":"2024-08-13T13:48:37","slug":"painel-o-papel-do-audiovisual-no-ativismo-ambiental","status":"publish","type":"page","link":"https:\/\/filmambiente.com\/br\/painel-o-papel-do-audiovisual-no-ativismo-ambiental\/","title":{"rendered":"Painel O Papel do Audiovisual no Ativismo Ambiental"},"content":{"rendered":"\t\t<div data-elementor-type=\"wp-page\" data-elementor-id=\"18646\" class=\"elementor elementor-18646\" data-elementor-post-type=\"page\">\n\t\t\t\t\t\t<section class=\"elementor-section elementor-top-section elementor-element elementor-element-f335f29 elementor-section-boxed elementor-section-height-default elementor-section-height-default\" data-id=\"f335f29\" data-element_type=\"section\" data-settings=\"{&quot;background_background&quot;:&quot;classic&quot;,&quot;_ha_eqh_enable&quot;:false}\">\n\t\t\t\t\t\t\t<div class=\"elementor-background-overlay\"><\/div>\n\t\t\t\t\t\t\t<div class=\"elementor-container elementor-column-gap-default\">\n\t\t\t\t\t<div class=\"elementor-column elementor-col-100 elementor-top-column elementor-element elementor-element-523b04e\" data-id=\"523b04e\" data-element_type=\"column\" data-settings=\"{&quot;background_background&quot;:&quot;classic&quot;}\">\n\t\t\t<div class=\"elementor-widget-wrap elementor-element-populated\">\n\t\t\t\t\t\t<div class=\"elementor-element elementor-element-02ee2d4 elementor-invisible elementor-widget elementor-widget-heading\" data-id=\"02ee2d4\" data-element_type=\"widget\" data-settings=\"{&quot;_animation&quot;:&quot;fadeIn&quot;}\" data-widget_type=\"heading.default\">\n\t\t\t\t\t<h2 class=\"elementor-heading-title elementor-size-default\">PAINEL<\/h2>\t\t\t\t<\/div>\n\t\t\t\t<div data-ha-element-link=\"{&quot;url&quot;:&quot;#elementor-action%3Aaction%3Dlightbox%26settings%3DeyJ0eXBlIjoidmlkZW8iLCJ2aWRlb1R5cGUiOiJ5b3V0dWJlIiwidXJsIjoiaHR0cHM6XC9cL3d3dy55b3V0dWJlLmNvbVwvZW1iZWRcL2pyeXZ1T1l4WUd3P2ZlYXR1cmU9b2VtYmVkIn0%3D&quot;,&quot;is_external&quot;:&quot;&quot;,&quot;nofollow&quot;:&quot;&quot;}\" style=\"cursor: pointer\" class=\"elementor-element elementor-element-757d464 elementor-invisible elementor-widget elementor-widget-text-editor\" data-id=\"757d464\" data-element_type=\"widget\" data-settings=\"{&quot;_animation&quot;:&quot;fadeInLeft&quot;}\" data-widget_type=\"text-editor.default\">\n\t\t\t\t\t\t\t\t\tO Papel do Audiovisual no Ativismo Ambiental \t\t\t\t\t\t\t\t<\/div>\n\t\t\t\t<section class=\"elementor-section elementor-inner-section elementor-element elementor-element-6125c22 elementor-section-full_width elementor-section-height-default elementor-section-height-default\" data-id=\"6125c22\" data-element_type=\"section\" data-settings=\"{&quot;background_background&quot;:&quot;classic&quot;,&quot;_ha_eqh_enable&quot;:false}\">\n\t\t\t\t\t\t<div class=\"elementor-container elementor-column-gap-default\">\n\t\t\t\t\t<div class=\"elementor-column elementor-col-100 elementor-inner-column elementor-element elementor-element-e7e877e\" data-id=\"e7e877e\" data-element_type=\"column\" data-settings=\"{&quot;background_background&quot;:&quot;classic&quot;}\">\n\t\t\t<div class=\"elementor-widget-wrap elementor-element-populated\">\n\t\t\t\t\t\t<div class=\"elementor-element elementor-element-b3a1f66 animated-slow elementor-invisible elementor-widget elementor-widget-text-editor\" data-id=\"b3a1f66\" data-element_type=\"widget\" data-settings=\"{&quot;_animation&quot;:&quot;fadeInRight&quot;}\" data-widget_type=\"text-editor.default\">\n\t\t\t\t\t\t\t\t\t<strong>O que \u00e9:<\/strong> : O painel re\u00fane realizadores para explorar como as produ\u00e7\u00f5es audiovisuais podem catalisar mudan\u00e7as sociais e ambientais. De que maneira o audiovisual pode ser utilizado como uma ferramenta poderosa para o ativismo ambiental, sensibilizando e mobilizando diferentes p\u00fablicos em prol da sustentabilidade? A conversa tamb\u00e9m incluir\u00e1 os desafios de produzir conte\u00fado impactante e formas de engajar diferentes p\u00fablicos, destacando a import\u00e2ncia da colabora\u00e7\u00e3o entre artistas e ativistas para promover a sustentabilidade e a conscientiza\u00e7\u00e3o ecol\u00f3gica.\t\t\t\t\t\t\t\t<\/div>\n\t\t\t\t<div class=\"elementor-element elementor-element-e5ec4d6 elementor-align-left elementor-mobile-align-left elementor-icon-list--layout-traditional elementor-list-item-link-full_width elementor-invisible elementor-widget elementor-widget-icon-list\" data-id=\"e5ec4d6\" data-element_type=\"widget\" data-settings=\"{&quot;_animation&quot;:&quot;fadeInUp&quot;}\" data-widget_type=\"icon-list.default\">\n\t\t\t\t\t\t\t<ul class=\"elementor-icon-list-items\">\n\t\t\t\t\t\t\t<li class=\"elementor-icon-list-item\">\n\t\t\t\t\t\t\t\t\t\t\t<span class=\"elementor-icon-list-icon\">\n\t\t\t\t\t\t\t<svg aria-hidden=\"true\" class=\"e-font-icon-svg e-far-calendar-alt\" viewBox=\"0 0 448 512\" xmlns=\"http:\/\/www.w3.org\/2000\/svg\"><path d=\"M148 288h-40c-6.6 0-12-5.4-12-12v-40c0-6.6 5.4-12 12-12h40c6.6 0 12 5.4 12 12v40c0 6.6-5.4 12-12 12zm108-12v-40c0-6.6-5.4-12-12-12h-40c-6.6 0-12 5.4-12 12v40c0 6.6 5.4 12 12 12h40c6.6 0 12-5.4 12-12zm96 0v-40c0-6.6-5.4-12-12-12h-40c-6.6 0-12 5.4-12 12v40c0 6.6 5.4 12 12 12h40c6.6 0 12-5.4 12-12zm-96 96v-40c0-6.6-5.4-12-12-12h-40c-6.6 0-12 5.4-12 12v40c0 6.6 5.4 12 12 12h40c6.6 0 12-5.4 12-12zm-96 0v-40c0-6.6-5.4-12-12-12h-40c-6.6 0-12 5.4-12 12v40c0 6.6 5.4 12 12 12h40c6.6 0 12-5.4 12-12zm192 0v-40c0-6.6-5.4-12-12-12h-40c-6.6 0-12 5.4-12 12v40c0 6.6 5.4 12 12 12h40c6.6 0 12-5.4 12-12zm96-260v352c0 26.5-21.5 48-48 48H48c-26.5 0-48-21.5-48-48V112c0-26.5 21.5-48 48-48h48V12c0-6.6 5.4-12 12-12h40c6.6 0 12 5.4 12 12v52h128V12c0-6.6 5.4-12 12-12h40c6.6 0 12 5.4 12 12v52h48c26.5 0 48 21.5 48 48zm-48 346V160H48v298c0 3.3 2.7 6 6 6h340c3.3 0 6-2.7 6-6z\"><\/path><\/svg>\t\t\t\t\t\t<\/span>\n\t\t\t\t\t\t\t\t\t\t<span class=\"elementor-icon-list-text\"><b>Quando:<\/b> 23 de agosto<\/span>\n\t\t\t\t\t\t\t\t\t<\/li>\n\t\t\t\t\t\t\t\t<li class=\"elementor-icon-list-item\">\n\t\t\t\t\t\t\t\t\t\t\t<span class=\"elementor-icon-list-icon\">\n\t\t\t\t\t\t\t<svg aria-hidden=\"true\" class=\"e-font-icon-svg e-far-clock\" viewBox=\"0 0 512 512\" xmlns=\"http:\/\/www.w3.org\/2000\/svg\"><path d=\"M256 8C119 8 8 119 8 256s111 248 248 248 248-111 248-248S393 8 256 8zm0 448c-110.5 0-200-89.5-200-200S145.5 56 256 56s200 89.5 200 200-89.5 200-200 200zm61.8-104.4l-84.9-61.7c-3.1-2.3-4.9-5.9-4.9-9.7V116c0-6.6 5.4-12 12-12h32c6.6 0 12 5.4 12 12v141.7l66.8 48.6c5.4 3.9 6.5 11.4 2.6 16.8L334.6 349c-3.9 5.3-11.4 6.5-16.8 2.6z\"><\/path><\/svg>\t\t\t\t\t\t<\/span>\n\t\t\t\t\t\t\t\t\t\t<span class=\"elementor-icon-list-text\"><b>Hor\u00e1rio:<\/b> 14:00 horas<\/span>\n\t\t\t\t\t\t\t\t\t<\/li>\n\t\t\t\t\t\t\t\t<li class=\"elementor-icon-list-item\">\n\t\t\t\t\t\t\t\t\t\t\t<span class=\"elementor-icon-list-icon\">\n\t\t\t\t\t\t\t<svg aria-hidden=\"true\" class=\"e-font-icon-svg e-far-map\" viewBox=\"0 0 576 512\" xmlns=\"http:\/\/www.w3.org\/2000\/svg\"><path d=\"M560.02 32c-1.96 0-3.98.37-5.96 1.16L384.01 96H384L212 35.28A64.252 64.252 0 0 0 191.76 32c-6.69 0-13.37 1.05-19.81 3.14L20.12 87.95A32.006 32.006 0 0 0 0 117.66v346.32C0 473.17 7.53 480 15.99 480c1.96 0 3.97-.37 5.96-1.16L192 416l172 60.71a63.98 63.98 0 0 0 40.05.15l151.83-52.81A31.996 31.996 0 0 0 576 394.34V48.02c0-9.19-7.53-16.02-15.98-16.02zM224 90.42l128 45.19v285.97l-128-45.19V90.42zM48 418.05V129.07l128-44.53v286.2l-.64.23L48 418.05zm480-35.13l-128 44.53V141.26l.64-.24L528 93.95v288.97z\"><\/path><\/svg>\t\t\t\t\t\t<\/span>\n\t\t\t\t\t\t\t\t\t\t<span class=\"elementor-icon-list-text\"><b>Onde:<\/b> Centro Cultural Justi\u00e7a Federal - Av Rio Branco, 241 - na sala de cinema <\/span>\n\t\t\t\t\t\t\t\t\t<\/li>\n\t\t\t\t\t\t<\/ul>\n\t\t\t\t\t\t<\/div>\n\t\t\t\t<div data-ha-element-link=\"{&quot;url&quot;:&quot;#elementor-action%3Aaction%3Dlightbox%26settings%3DeyJ0eXBlIjoidmlkZW8iLCJ2aWRlb1R5cGUiOiJ5b3V0dWJlIiwidXJsIjoiaHR0cHM6XC9cL3d3dy55b3V0dWJlLmNvbVwvZW1iZWRcL2pyeXZ1T1l4WUd3P2ZlYXR1cmU9b2VtYmVkIn0%3D&quot;,&quot;is_external&quot;:&quot;&quot;,&quot;nofollow&quot;:&quot;&quot;}\" style=\"cursor: pointer\" class=\"elementor-element elementor-element-43fefa2 elementor-invisible elementor-widget elementor-widget-text-editor\" data-id=\"43fefa2\" data-element_type=\"widget\" data-settings=\"{&quot;_animation&quot;:&quot;fadeInLeft&quot;}\" data-widget_type=\"text-editor.default\">\n\t\t\t\t\t\t\t\t\tCuradoria e Media\u00e7\u00e3o\t\t\t\t\t\t\t\t<\/div>\n\t\t\t\t\t<\/div>\n\t\t<\/div>\n\t\t\t\t\t<\/div>\n\t\t<\/section>\n\t\t\t\t<section class=\"elementor-section elementor-inner-section elementor-element elementor-element-75a1e3a elementor-section-full_width elementor-section-height-default elementor-section-height-default\" data-id=\"75a1e3a\" data-element_type=\"section\" data-settings=\"{&quot;background_background&quot;:&quot;classic&quot;,&quot;_ha_eqh_enable&quot;:false}\">\n\t\t\t\t\t\t<div class=\"elementor-container elementor-column-gap-default\">\n\t\t\t\t\t<div class=\"elementor-column elementor-col-50 elementor-inner-column elementor-element elementor-element-6ba27cb elementor-invisible\" data-id=\"6ba27cb\" data-element_type=\"column\" data-settings=\"{&quot;background_background&quot;:&quot;classic&quot;,&quot;animation&quot;:&quot;fadeInLeft&quot;}\">\n\t\t\t<div class=\"elementor-widget-wrap elementor-element-populated\">\n\t\t\t\t\t\t<div class=\"elementor-element elementor-element-d805278 elementor-widget elementor-widget-image\" data-id=\"d805278\" data-element_type=\"widget\" data-widget_type=\"image.default\">\n\t\t\t\t\t\t\t\t\t\t\t\t\t\t\t<img fetchpriority=\"high\" decoding=\"async\" width=\"600\" height=\"425\" src=\"https:\/\/filmambiente.com\/wp-content\/uploads\/2024\/08\/Design-sem-nome-54.png\" class=\"attachment-full size-full wp-image-18767\" alt=\"\" srcset=\"https:\/\/filmambiente.com\/wp-content\/uploads\/2024\/08\/Design-sem-nome-54.png 600w, https:\/\/filmambiente.com\/wp-content\/uploads\/2024\/08\/Design-sem-nome-54-300x213.png 300w, https:\/\/filmambiente.com\/wp-content\/uploads\/2024\/08\/Design-sem-nome-54-18x12.png 18w\" sizes=\"(max-width: 600px) 100vw, 600px\" \/>\t\t\t\t\t\t\t\t\t\t\t\t\t\t\t<\/div>\n\t\t\t\t\t<\/div>\n\t\t<\/div>\n\t\t\t\t<div class=\"elementor-column elementor-col-50 elementor-inner-column elementor-element elementor-element-2bfb5b3 elementor-invisible\" data-id=\"2bfb5b3\" data-element_type=\"column\" data-settings=\"{&quot;background_background&quot;:&quot;classic&quot;,&quot;animation&quot;:&quot;fadeInUp&quot;}\">\n\t\t\t<div class=\"elementor-widget-wrap elementor-element-populated\">\n\t\t\t\t\t\t<div class=\"elementor-element elementor-element-f9db921 elementor-widget elementor-widget-heading\" data-id=\"f9db921\" data-element_type=\"widget\" data-widget_type=\"heading.default\">\n\t\t\t\t\t<h2 class=\"elementor-heading-title elementor-size-default\">Marcio Isensee e S\u00e1<\/h2>\t\t\t\t<\/div>\n\t\t\t\t<div class=\"elementor-element elementor-element-f347de4 elementor-widget elementor-widget-text-editor\" data-id=\"f347de4\" data-element_type=\"widget\" data-widget_type=\"text-editor.default\">\n\t\t\t\t\t\t\t\t\tM\u00e1rcio \u00e9 fot\u00f3grafo, videomaker e comunicador cujos filmes e atividades jornal\u00edsticas focam principalmente na cobertura de quest\u00f5es ambientais no Brasil. Atualmente \u00e9 diretor de conte\u00fado do site de jornalismo ambiental ((o))eco, onde coordena projetos, equipe jornal\u00edstica e prospec\u00e7\u00e3o filantr\u00f3pica. Marcio formou-se em Ci\u00eancias Sociais pela Universidade Federal Fluminense (UFF) do Rio de Janeiro e integra a equipe do Filmambiente  como curador de pain\u00e9is tem\u00e1ticos e palestras. \t\t\t\t\t\t\t\t<\/div>\n\t\t\t\t\t<\/div>\n\t\t<\/div>\n\t\t\t\t\t<\/div>\n\t\t<\/section>\n\t\t\t\t<div data-ha-element-link=\"{&quot;url&quot;:&quot;#elementor-action%3Aaction%3Dlightbox%26settings%3DeyJ0eXBlIjoidmlkZW8iLCJ2aWRlb1R5cGUiOiJ5b3V0dWJlIiwidXJsIjoiaHR0cHM6XC9cL3d3dy55b3V0dWJlLmNvbVwvZW1iZWRcL2pyeXZ1T1l4WUd3P2ZlYXR1cmU9b2VtYmVkIn0%3D&quot;,&quot;is_external&quot;:&quot;&quot;,&quot;nofollow&quot;:&quot;&quot;}\" style=\"cursor: pointer\" class=\"elementor-element elementor-element-781292e elementor-invisible elementor-widget elementor-widget-text-editor\" data-id=\"781292e\" data-element_type=\"widget\" data-settings=\"{&quot;_animation&quot;:&quot;fadeInLeft&quot;}\" data-widget_type=\"text-editor.default\">\n\t\t\t\t\t\t\t\t\tQuem participa\t\t\t\t\t\t\t\t<\/div>\n\t\t\t\t<section class=\"elementor-section elementor-inner-section elementor-element elementor-element-827afa1 elementor-section-full_width elementor-section-height-default elementor-section-height-default\" data-id=\"827afa1\" data-element_type=\"section\" data-settings=\"{&quot;background_background&quot;:&quot;classic&quot;,&quot;_ha_eqh_enable&quot;:false}\">\n\t\t\t\t\t\t<div class=\"elementor-container elementor-column-gap-default\">\n\t\t\t\t\t<div class=\"elementor-column elementor-col-33 elementor-inner-column elementor-element elementor-element-b055da9 elementor-invisible\" data-id=\"b055da9\" data-element_type=\"column\" data-settings=\"{&quot;background_background&quot;:&quot;classic&quot;,&quot;animation&quot;:&quot;fadeInLeft&quot;}\">\n\t\t\t<div class=\"elementor-widget-wrap elementor-element-populated\">\n\t\t\t\t\t\t<div class=\"elementor-element elementor-element-cb54d1f elementor-widget elementor-widget-image\" data-id=\"cb54d1f\" data-element_type=\"widget\" data-widget_type=\"image.default\">\n\t\t\t\t\t\t\t\t\t\t\t\t\t\t\t<img decoding=\"async\" width=\"600\" height=\"425\" src=\"https:\/\/filmambiente.com\/wp-content\/uploads\/2024\/08\/17-1.png\" class=\"attachment-full size-full wp-image-18786\" alt=\"\" srcset=\"https:\/\/filmambiente.com\/wp-content\/uploads\/2024\/08\/17-1.png 600w, https:\/\/filmambiente.com\/wp-content\/uploads\/2024\/08\/17-1-300x213.png 300w, https:\/\/filmambiente.com\/wp-content\/uploads\/2024\/08\/17-1-18x12.png 18w\" sizes=\"(max-width: 600px) 100vw, 600px\" \/>\t\t\t\t\t\t\t\t\t\t\t\t\t\t\t<\/div>\n\t\t\t\t<div class=\"elementor-element elementor-element-0a76bee elementor-widget elementor-widget-heading\" data-id=\"0a76bee\" data-element_type=\"widget\" data-widget_type=\"heading.default\">\n\t\t\t\t\t<h2 class=\"elementor-heading-title elementor-size-default\">Priscilla Brasil<\/h2>\t\t\t\t<\/div>\n\t\t\t\t<div class=\"elementor-element elementor-element-a223d8c elementor-widget elementor-widget-text-editor\" data-id=\"a223d8c\" data-element_type=\"widget\" data-widget_type=\"text-editor.default\">\n\t\t\t\t\t\t\t\t\tPhd Candidata, (P\u00f3s-Colonialismos e Cidadania Global), Universidade de Coimbra; Mestre em Comunica\u00e7\u00e3o, PUC-Rio; BA em Film and Television Business, FGV; Gradua\u00e7\u00e3o em Comunica\u00e7\u00e3o, Unama; Gradua\u00e7\u00e3o em Arquitetura e Urbanismo, Universidade Federal do Par\u00e1. Nascida em Bel\u00e9m, Par\u00e1, dirigiu v\u00e1rios document\u00e1rios e DVDs na Amaz\u00f4nia brasileira, e \u00e9 produtora executiva do mercado musical, premiada internacionalmente por trabalhos como o \u00e1lbum &#8220;Treme&#8221;, que lan\u00e7ou Gaby Amarantos. Produtora executiva da Companhia Amaz\u00f4nica de Filmes e coordenadora da Escola Livre de Cinema da Amaz\u00f4nia. \t\t\t\t\t\t\t\t<\/div>\n\t\t\t\t\t<\/div>\n\t\t<\/div>\n\t\t\t\t<div class=\"elementor-column elementor-col-33 elementor-inner-column elementor-element elementor-element-5136dff elementor-invisible\" data-id=\"5136dff\" data-element_type=\"column\" data-settings=\"{&quot;background_background&quot;:&quot;classic&quot;,&quot;animation&quot;:&quot;fadeInUp&quot;}\">\n\t\t\t<div class=\"elementor-widget-wrap elementor-element-populated\">\n\t\t\t\t\t\t<div class=\"elementor-element elementor-element-572d754 elementor-widget elementor-widget-image\" data-id=\"572d754\" data-element_type=\"widget\" data-widget_type=\"image.default\">\n\t\t\t\t\t\t\t\t\t\t\t\t\t\t\t<img decoding=\"async\" width=\"600\" height=\"425\" src=\"https:\/\/filmambiente.com\/wp-content\/uploads\/2024\/08\/16-1.png\" class=\"attachment-full size-full wp-image-18785\" alt=\"\" srcset=\"https:\/\/filmambiente.com\/wp-content\/uploads\/2024\/08\/16-1.png 600w, https:\/\/filmambiente.com\/wp-content\/uploads\/2024\/08\/16-1-300x213.png 300w, https:\/\/filmambiente.com\/wp-content\/uploads\/2024\/08\/16-1-18x12.png 18w\" sizes=\"(max-width: 600px) 100vw, 600px\" \/>\t\t\t\t\t\t\t\t\t\t\t\t\t\t\t<\/div>\n\t\t\t\t<div class=\"elementor-element elementor-element-cdfe899 elementor-widget elementor-widget-heading\" data-id=\"cdfe899\" data-element_type=\"widget\" data-widget_type=\"heading.default\">\n\t\t\t\t\t<h2 class=\"elementor-heading-title elementor-size-default\">Tiago Carvalho<\/h2>\t\t\t\t<\/div>\n\t\t\t\t<div class=\"elementor-element elementor-element-89152a2 elementor-widget elementor-widget-text-editor\" data-id=\"89152a2\" data-element_type=\"widget\" data-widget_type=\"text-editor.default\">\n\t\t\t\t\t\t\t\t\tDocumentarista, roteirista e pesquisador, Tiago Carvalho \u00e9 mestre em Mem\u00f3ria Social pela UNIRIO. Dirigiu curtas metragens, s\u00e9ries documentais de televis\u00e3o e o longa metragem &#8220;O \u00edndio cor de rosa contra a fera invis\u00edvel &#8211; a peleja de Noel Nutels&#8221;, premiado em festivais nacionais e internacionais. Atua na forma\u00e7\u00e3o em audiovisual de jovens das comunidades apanhadoras de flores Sempre-Vivas da Serra do Espinha\u00e7o (MG) e do povo Kaiabi no Territ\u00f3rio Ind\u00edgena do Xingu.\t\t\t\t\t\t\t\t<\/div>\n\t\t\t\t\t<\/div>\n\t\t<\/div>\n\t\t\t\t<div class=\"elementor-column elementor-col-33 elementor-inner-column elementor-element elementor-element-26d2e6c elementor-invisible\" data-id=\"26d2e6c\" data-element_type=\"column\" data-settings=\"{&quot;background_background&quot;:&quot;classic&quot;,&quot;animation&quot;:&quot;fadeInRight&quot;}\">\n\t\t\t<div class=\"elementor-widget-wrap elementor-element-populated\">\n\t\t\t\t\t\t<div class=\"elementor-element elementor-element-370b793 elementor-widget elementor-widget-image\" data-id=\"370b793\" data-element_type=\"widget\" data-widget_type=\"image.default\">\n\t\t\t\t\t\t\t\t\t\t\t\t\t\t\t<img loading=\"lazy\" decoding=\"async\" width=\"600\" height=\"425\" src=\"https:\/\/filmambiente.com\/wp-content\/uploads\/2024\/08\/18-1.png\" class=\"attachment-full size-full wp-image-18787\" alt=\"\" srcset=\"https:\/\/filmambiente.com\/wp-content\/uploads\/2024\/08\/18-1.png 600w, https:\/\/filmambiente.com\/wp-content\/uploads\/2024\/08\/18-1-300x213.png 300w, https:\/\/filmambiente.com\/wp-content\/uploads\/2024\/08\/18-1-18x12.png 18w\" sizes=\"(max-width: 600px) 100vw, 600px\" \/>\t\t\t\t\t\t\t\t\t\t\t\t\t\t\t<\/div>\n\t\t\t\t<div class=\"elementor-element elementor-element-192d781 elementor-widget elementor-widget-heading\" data-id=\"192d781\" data-element_type=\"widget\" data-widget_type=\"heading.default\">\n\t\t\t\t\t<h2 class=\"elementor-heading-title elementor-size-default\">Jo\u00e3o Amorim<\/h2>\t\t\t\t<\/div>\n\t\t\t\t<div class=\"elementor-element elementor-element-8d21394 elementor-widget elementor-widget-text-editor\" data-id=\"8d21394\" data-element_type=\"widget\" data-widget_type=\"text-editor.default\">\n\t\t\t\t\t\t\t\t\tDiretor de cinema com foco em conte\u00fado infantil e document\u00e1rios. Trabalhou como diretor de anima\u00e7\u00e3o em Nova Iorque em diversos t\u00edtulos, sendo nomeado ao Emmy em 2009, e foi professor dos Mestrandos em Anima\u00e7\u00e3o na New York University, na Parsons e Academy of Art College. Lan\u00e7ou seu primeiro longa-metragem document\u00e1rio em 2010, e desde ent\u00e3o dirigiu s\u00e9ries exibidas nos Canais Futura, TV Cultura, TV Brasil, Max, GloboPlay, Ita\u00fa Play, Amazon Prime, entre outros, e document\u00e1rios premiados em festivais dentro e fora do pa\u00eds. \t\t\t\t\t\t\t\t<\/div>\n\t\t\t\t\t<\/div>\n\t\t<\/div>\n\t\t\t\t\t<\/div>\n\t\t<\/section>\n\t\t\t\t\t<\/div>\n\t\t<\/div>\n\t\t\t\t\t<\/div>\n\t\t<\/section>\n\t\t\t\t<\/div>\n\t\t","protected":false},"excerpt":{"rendered":"<p>PAINEL O Papel do Audiovisual no Ativismo Ambiental O que \u00e9: : O painel re\u00fane realizadores para explorar como as produ\u00e7\u00f5es audiovisuais podem catalisar mudan\u00e7as sociais e ambientais. De que maneira o audiovisual pode ser utilizado como uma ferramenta poderosa para o ativismo ambiental, sensibilizando e mobilizando diferentes p\u00fablicos em prol da sustentabilidade? A conversa [&hellip;]<\/p>\n","protected":false},"author":2,"featured_media":0,"parent":0,"menu_order":0,"comment_status":"closed","ping_status":"closed","template":"elementor_header_footer","meta":{"_acf_changed":false,"footnotes":""},"class_list":["post-18646","page","type-page","status-publish","hentry"],"acf":[],"_links":{"self":[{"href":"https:\/\/filmambiente.com\/br\/wp-json\/wp\/v2\/pages\/18646","targetHints":{"allow":["GET"]}}],"collection":[{"href":"https:\/\/filmambiente.com\/br\/wp-json\/wp\/v2\/pages"}],"about":[{"href":"https:\/\/filmambiente.com\/br\/wp-json\/wp\/v2\/types\/page"}],"author":[{"embeddable":true,"href":"https:\/\/filmambiente.com\/br\/wp-json\/wp\/v2\/users\/2"}],"replies":[{"embeddable":true,"href":"https:\/\/filmambiente.com\/br\/wp-json\/wp\/v2\/comments?post=18646"}],"version-history":[{"count":13,"href":"https:\/\/filmambiente.com\/br\/wp-json\/wp\/v2\/pages\/18646\/revisions"}],"predecessor-version":[{"id":19336,"href":"https:\/\/filmambiente.com\/br\/wp-json\/wp\/v2\/pages\/18646\/revisions\/19336"}],"wp:attachment":[{"href":"https:\/\/filmambiente.com\/br\/wp-json\/wp\/v2\/media?parent=18646"}],"curies":[{"name":"wp","href":"https:\/\/api.w.org\/{rel}","templated":true}]}}