{"id":18644,"date":"2024-08-06T18:47:09","date_gmt":"2024-08-06T21:47:09","guid":{"rendered":"https:\/\/filmambiente.com\/?page_id=18644"},"modified":"2024-08-07T15:52:02","modified_gmt":"2024-08-07T18:52:02","slug":"painel-justica-climatica","status":"publish","type":"page","link":"https:\/\/filmambiente.com\/br\/painel-justica-climatica\/","title":{"rendered":"Painel Justi\u00e7a Clim\u00e1tica"},"content":{"rendered":"\t\t<div data-elementor-type=\"wp-page\" data-elementor-id=\"18644\" class=\"elementor elementor-18644\" data-elementor-post-type=\"page\">\n\t\t\t\t\t\t<section class=\"elementor-section elementor-top-section elementor-element elementor-element-02ddee4 elementor-section-boxed elementor-section-height-default elementor-section-height-default\" data-id=\"02ddee4\" data-element_type=\"section\" data-settings=\"{&quot;background_background&quot;:&quot;classic&quot;,&quot;_ha_eqh_enable&quot;:false}\">\n\t\t\t\t\t\t\t<div class=\"elementor-background-overlay\"><\/div>\n\t\t\t\t\t\t\t<div class=\"elementor-container elementor-column-gap-default\">\n\t\t\t\t\t<div class=\"elementor-column elementor-col-100 elementor-top-column elementor-element elementor-element-4a8f34b\" data-id=\"4a8f34b\" data-element_type=\"column\" data-settings=\"{&quot;background_background&quot;:&quot;classic&quot;}\">\n\t\t\t<div class=\"elementor-widget-wrap elementor-element-populated\">\n\t\t\t\t\t\t<div class=\"elementor-element elementor-element-0734949 elementor-invisible elementor-widget elementor-widget-heading\" data-id=\"0734949\" data-element_type=\"widget\" data-settings=\"{&quot;_animation&quot;:&quot;fadeIn&quot;}\" data-widget_type=\"heading.default\">\n\t\t\t\t\t<h2 class=\"elementor-heading-title elementor-size-default\">PAINEL<\/h2>\t\t\t\t<\/div>\n\t\t\t\t<div data-ha-element-link=\"{&quot;url&quot;:&quot;#elementor-action%3Aaction%3Dlightbox%26settings%3DeyJ0eXBlIjoidmlkZW8iLCJ2aWRlb1R5cGUiOiJ5b3V0dWJlIiwidXJsIjoiaHR0cHM6XC9cL3d3dy55b3V0dWJlLmNvbVwvZW1iZWRcL2pyeXZ1T1l4WUd3P2ZlYXR1cmU9b2VtYmVkIn0%3D&quot;,&quot;is_external&quot;:&quot;&quot;,&quot;nofollow&quot;:&quot;&quot;}\" style=\"cursor: pointer\" class=\"elementor-element elementor-element-b8e98de elementor-invisible elementor-widget elementor-widget-text-editor\" data-id=\"b8e98de\" data-element_type=\"widget\" data-settings=\"{&quot;_animation&quot;:&quot;fadeInLeft&quot;}\" data-widget_type=\"text-editor.default\">\n\t\t\t\t\t\t\t\t\tRio de Janeiro e justi\u00e7a clim\u00e1tica: precisamos trocar essa id\u00e9ia!\t\t\t\t\t\t\t\t<\/div>\n\t\t\t\t<section class=\"elementor-section elementor-inner-section elementor-element elementor-element-025e3b7 elementor-section-full_width elementor-section-height-default elementor-section-height-default\" data-id=\"025e3b7\" data-element_type=\"section\" data-settings=\"{&quot;background_background&quot;:&quot;classic&quot;,&quot;_ha_eqh_enable&quot;:false}\">\n\t\t\t\t\t\t<div class=\"elementor-container elementor-column-gap-default\">\n\t\t\t\t\t<div class=\"elementor-column elementor-col-100 elementor-inner-column elementor-element elementor-element-dc4d28c\" data-id=\"dc4d28c\" data-element_type=\"column\" data-settings=\"{&quot;background_background&quot;:&quot;classic&quot;}\">\n\t\t\t<div class=\"elementor-widget-wrap elementor-element-populated\">\n\t\t\t\t\t\t<div class=\"elementor-element elementor-element-794c454 animated-slow elementor-invisible elementor-widget elementor-widget-text-editor\" data-id=\"794c454\" data-element_type=\"widget\" data-settings=\"{&quot;_animation&quot;:&quot;fadeInRight&quot;}\" data-widget_type=\"text-editor.default\">\n\t\t\t\t\t\t\t\t\t<strong>O que \u00e9:<\/strong> Pretende discutir as interse\u00e7\u00f5es entre mudan\u00e7as clim\u00e1ticas e justi\u00e7a social na cidade. Entendendo que os efeitos dos extremos clim\u00e1ticos atingem especialmente as popula\u00e7\u00f5es vulner\u00e1veis e historicamente marginalizadas, como o Rio de Janeiro pode promover a justi\u00e7a clim\u00e1tica e garantir as solu\u00e7\u00f5es para as mudan\u00e7as necess\u00e1rias? Qual o papel das pol\u00edticas p\u00fablicas, dos movimentos socioambientais, das comunidades e da mobiliza\u00e7\u00e3o social para promover a resili\u00eancia necess\u00e1ria aos novos tempos?\t\t\t\t\t\t\t\t<\/div>\n\t\t\t\t<div class=\"elementor-element elementor-element-af2e8a1 elementor-align-left elementor-mobile-align-left elementor-icon-list--layout-traditional elementor-list-item-link-full_width elementor-invisible elementor-widget elementor-widget-icon-list\" data-id=\"af2e8a1\" data-element_type=\"widget\" data-settings=\"{&quot;_animation&quot;:&quot;fadeInUp&quot;}\" data-widget_type=\"icon-list.default\">\n\t\t\t\t\t\t\t<ul class=\"elementor-icon-list-items\">\n\t\t\t\t\t\t\t<li class=\"elementor-icon-list-item\">\n\t\t\t\t\t\t\t\t\t\t\t<span class=\"elementor-icon-list-icon\">\n\t\t\t\t\t\t\t<svg aria-hidden=\"true\" class=\"e-font-icon-svg e-far-calendar-alt\" viewBox=\"0 0 448 512\" xmlns=\"http:\/\/www.w3.org\/2000\/svg\"><path d=\"M148 288h-40c-6.6 0-12-5.4-12-12v-40c0-6.6 5.4-12 12-12h40c6.6 0 12 5.4 12 12v40c0 6.6-5.4 12-12 12zm108-12v-40c0-6.6-5.4-12-12-12h-40c-6.6 0-12 5.4-12 12v40c0 6.6 5.4 12 12 12h40c6.6 0 12-5.4 12-12zm96 0v-40c0-6.6-5.4-12-12-12h-40c-6.6 0-12 5.4-12 12v40c0 6.6 5.4 12 12 12h40c6.6 0 12-5.4 12-12zm-96 96v-40c0-6.6-5.4-12-12-12h-40c-6.6 0-12 5.4-12 12v40c0 6.6 5.4 12 12 12h40c6.6 0 12-5.4 12-12zm-96 0v-40c0-6.6-5.4-12-12-12h-40c-6.6 0-12 5.4-12 12v40c0 6.6 5.4 12 12 12h40c6.6 0 12-5.4 12-12zm192 0v-40c0-6.6-5.4-12-12-12h-40c-6.6 0-12 5.4-12 12v40c0 6.6 5.4 12 12 12h40c6.6 0 12-5.4 12-12zm96-260v352c0 26.5-21.5 48-48 48H48c-26.5 0-48-21.5-48-48V112c0-26.5 21.5-48 48-48h48V12c0-6.6 5.4-12 12-12h40c6.6 0 12 5.4 12 12v52h128V12c0-6.6 5.4-12 12-12h40c6.6 0 12 5.4 12 12v52h48c26.5 0 48 21.5 48 48zm-48 346V160H48v298c0 3.3 2.7 6 6 6h340c3.3 0 6-2.7 6-6z\"><\/path><\/svg>\t\t\t\t\t\t<\/span>\n\t\t\t\t\t\t\t\t\t\t<span class=\"elementor-icon-list-text\"><b>Quando:<\/b> 27 de agosto<\/span>\n\t\t\t\t\t\t\t\t\t<\/li>\n\t\t\t\t\t\t\t\t<li class=\"elementor-icon-list-item\">\n\t\t\t\t\t\t\t\t\t\t\t<span class=\"elementor-icon-list-icon\">\n\t\t\t\t\t\t\t<svg aria-hidden=\"true\" class=\"e-font-icon-svg e-far-clock\" viewBox=\"0 0 512 512\" xmlns=\"http:\/\/www.w3.org\/2000\/svg\"><path d=\"M256 8C119 8 8 119 8 256s111 248 248 248 248-111 248-248S393 8 256 8zm0 448c-110.5 0-200-89.5-200-200S145.5 56 256 56s200 89.5 200 200-89.5 200-200 200zm61.8-104.4l-84.9-61.7c-3.1-2.3-4.9-5.9-4.9-9.7V116c0-6.6 5.4-12 12-12h32c6.6 0 12 5.4 12 12v141.7l66.8 48.6c5.4 3.9 6.5 11.4 2.6 16.8L334.6 349c-3.9 5.3-11.4 6.5-16.8 2.6z\"><\/path><\/svg>\t\t\t\t\t\t<\/span>\n\t\t\t\t\t\t\t\t\t\t<span class=\"elementor-icon-list-text\"><b>Hor\u00e1rio:<\/b> 14:30 horas<\/span>\n\t\t\t\t\t\t\t\t\t<\/li>\n\t\t\t\t\t\t\t\t<li class=\"elementor-icon-list-item\">\n\t\t\t\t\t\t\t\t\t\t\t<span class=\"elementor-icon-list-icon\">\n\t\t\t\t\t\t\t<svg aria-hidden=\"true\" class=\"e-font-icon-svg e-far-map\" viewBox=\"0 0 576 512\" xmlns=\"http:\/\/www.w3.org\/2000\/svg\"><path d=\"M560.02 32c-1.96 0-3.98.37-5.96 1.16L384.01 96H384L212 35.28A64.252 64.252 0 0 0 191.76 32c-6.69 0-13.37 1.05-19.81 3.14L20.12 87.95A32.006 32.006 0 0 0 0 117.66v346.32C0 473.17 7.53 480 15.99 480c1.96 0 3.97-.37 5.96-1.16L192 416l172 60.71a63.98 63.98 0 0 0 40.05.15l151.83-52.81A31.996 31.996 0 0 0 576 394.34V48.02c0-9.19-7.53-16.02-15.98-16.02zM224 90.42l128 45.19v285.97l-128-45.19V90.42zM48 418.05V129.07l128-44.53v286.2l-.64.23L48 418.05zm480-35.13l-128 44.53V141.26l.64-.24L528 93.95v288.97z\"><\/path><\/svg>\t\t\t\t\t\t<\/span>\n\t\t\t\t\t\t\t\t\t\t<span class=\"elementor-icon-list-text\"><b>Onde:<\/b> Centro Cultural Justi\u00e7a Federal - Av Rio Branco, 241 - na sala de sess\u00f5es<\/span>\n\t\t\t\t\t\t\t\t\t<\/li>\n\t\t\t\t\t\t<\/ul>\n\t\t\t\t\t\t<\/div>\n\t\t\t\t<div data-ha-element-link=\"{&quot;url&quot;:&quot;#elementor-action%3Aaction%3Dlightbox%26settings%3DeyJ0eXBlIjoidmlkZW8iLCJ2aWRlb1R5cGUiOiJ5b3V0dWJlIiwidXJsIjoiaHR0cHM6XC9cL3d3dy55b3V0dWJlLmNvbVwvZW1iZWRcL2pyeXZ1T1l4WUd3P2ZlYXR1cmU9b2VtYmVkIn0%3D&quot;,&quot;is_external&quot;:&quot;&quot;,&quot;nofollow&quot;:&quot;&quot;}\" style=\"cursor: pointer\" class=\"elementor-element elementor-element-66205f1 elementor-invisible elementor-widget elementor-widget-text-editor\" data-id=\"66205f1\" data-element_type=\"widget\" data-settings=\"{&quot;_animation&quot;:&quot;fadeInLeft&quot;}\" data-widget_type=\"text-editor.default\">\n\t\t\t\t\t\t\t\t\tCuradoria e Media\u00e7\u00e3o\t\t\t\t\t\t\t\t<\/div>\n\t\t\t\t\t<\/div>\n\t\t<\/div>\n\t\t\t\t\t<\/div>\n\t\t<\/section>\n\t\t\t\t<section class=\"elementor-section elementor-inner-section elementor-element elementor-element-d9cfb4d elementor-section-full_width elementor-section-height-default elementor-section-height-default\" data-id=\"d9cfb4d\" data-element_type=\"section\" data-settings=\"{&quot;background_background&quot;:&quot;classic&quot;,&quot;_ha_eqh_enable&quot;:false}\">\n\t\t\t\t\t\t<div class=\"elementor-container elementor-column-gap-default\">\n\t\t\t\t\t<div class=\"elementor-column elementor-col-50 elementor-inner-column elementor-element elementor-element-26984ae elementor-invisible\" data-id=\"26984ae\" data-element_type=\"column\" data-settings=\"{&quot;background_background&quot;:&quot;classic&quot;,&quot;animation&quot;:&quot;fadeInLeft&quot;}\">\n\t\t\t<div class=\"elementor-widget-wrap elementor-element-populated\">\n\t\t\t\t\t\t<div class=\"elementor-element elementor-element-3e01c18 elementor-widget elementor-widget-image\" data-id=\"3e01c18\" data-element_type=\"widget\" data-widget_type=\"image.default\">\n\t\t\t\t\t\t\t\t\t\t\t\t\t\t\t<img fetchpriority=\"high\" decoding=\"async\" width=\"600\" height=\"425\" src=\"https:\/\/filmambiente.com\/wp-content\/uploads\/2024\/08\/Design-sem-nome-54.png\" class=\"attachment-full size-full wp-image-18767\" alt=\"\" srcset=\"https:\/\/filmambiente.com\/wp-content\/uploads\/2024\/08\/Design-sem-nome-54.png 600w, https:\/\/filmambiente.com\/wp-content\/uploads\/2024\/08\/Design-sem-nome-54-300x213.png 300w, https:\/\/filmambiente.com\/wp-content\/uploads\/2024\/08\/Design-sem-nome-54-18x12.png 18w\" sizes=\"(max-width: 600px) 100vw, 600px\" \/>\t\t\t\t\t\t\t\t\t\t\t\t\t\t\t<\/div>\n\t\t\t\t\t<\/div>\n\t\t<\/div>\n\t\t\t\t<div class=\"elementor-column elementor-col-50 elementor-inner-column elementor-element elementor-element-6fef97f elementor-invisible\" data-id=\"6fef97f\" data-element_type=\"column\" data-settings=\"{&quot;background_background&quot;:&quot;classic&quot;,&quot;animation&quot;:&quot;fadeInUp&quot;}\">\n\t\t\t<div class=\"elementor-widget-wrap elementor-element-populated\">\n\t\t\t\t\t\t<div class=\"elementor-element elementor-element-50af148 elementor-widget elementor-widget-heading\" data-id=\"50af148\" data-element_type=\"widget\" data-widget_type=\"heading.default\">\n\t\t\t\t\t<h2 class=\"elementor-heading-title elementor-size-default\">Marcio Isensee e S\u00e1<\/h2>\t\t\t\t<\/div>\n\t\t\t\t<div class=\"elementor-element elementor-element-469d9fd elementor-widget elementor-widget-text-editor\" data-id=\"469d9fd\" data-element_type=\"widget\" data-widget_type=\"text-editor.default\">\n\t\t\t\t\t\t\t\t\tM\u00e1rcio \u00e9 fot\u00f3grafo, videomaker e comunicador cujos filmes e atividades jornal\u00edsticas focam principalmente na cobertura de quest\u00f5es ambientais no Brasil. Atualmente \u00e9 diretor de conte\u00fado do site de jornalismo ambiental ((o))eco, onde coordena projetos, equipe jornal\u00edstica e prospec\u00e7\u00e3o filantr\u00f3pica. Marcio formou-se em Ci\u00eancias Sociais pela Universidade Federal Fluminense (UFF) do Rio de Janeiro e integra a equipe do Filmambiente  como curador de pain\u00e9is tem\u00e1ticos e palestras. \t\t\t\t\t\t\t\t<\/div>\n\t\t\t\t\t<\/div>\n\t\t<\/div>\n\t\t\t\t\t<\/div>\n\t\t<\/section>\n\t\t\t\t<div data-ha-element-link=\"{&quot;url&quot;:&quot;#elementor-action%3Aaction%3Dlightbox%26settings%3DeyJ0eXBlIjoidmlkZW8iLCJ2aWRlb1R5cGUiOiJ5b3V0dWJlIiwidXJsIjoiaHR0cHM6XC9cL3d3dy55b3V0dWJlLmNvbVwvZW1iZWRcL2pyeXZ1T1l4WUd3P2ZlYXR1cmU9b2VtYmVkIn0%3D&quot;,&quot;is_external&quot;:&quot;&quot;,&quot;nofollow&quot;:&quot;&quot;}\" style=\"cursor: pointer\" class=\"elementor-element elementor-element-053d5a4 elementor-invisible elementor-widget elementor-widget-text-editor\" data-id=\"053d5a4\" data-element_type=\"widget\" data-settings=\"{&quot;_animation&quot;:&quot;fadeInLeft&quot;}\" data-widget_type=\"text-editor.default\">\n\t\t\t\t\t\t\t\t\tQuem participa\t\t\t\t\t\t\t\t<\/div>\n\t\t\t\t<section class=\"elementor-section elementor-inner-section elementor-element elementor-element-4bbbe5b elementor-section-full_width elementor-section-height-default elementor-section-height-default\" data-id=\"4bbbe5b\" data-element_type=\"section\" data-settings=\"{&quot;background_background&quot;:&quot;classic&quot;,&quot;_ha_eqh_enable&quot;:false}\">\n\t\t\t\t\t\t<div class=\"elementor-container elementor-column-gap-default\">\n\t\t\t\t\t<div class=\"elementor-column elementor-col-33 elementor-inner-column elementor-element elementor-element-b5610c1 elementor-invisible\" data-id=\"b5610c1\" data-element_type=\"column\" data-settings=\"{&quot;background_background&quot;:&quot;classic&quot;,&quot;animation&quot;:&quot;fadeInLeft&quot;}\">\n\t\t\t<div class=\"elementor-widget-wrap elementor-element-populated\">\n\t\t\t\t\t\t<div class=\"elementor-element elementor-element-6c098b2 elementor-widget elementor-widget-image\" data-id=\"6c098b2\" data-element_type=\"widget\" data-widget_type=\"image.default\">\n\t\t\t\t\t\t\t\t\t\t\t\t\t\t\t<img decoding=\"async\" width=\"600\" height=\"425\" src=\"https:\/\/filmambiente.com\/wp-content\/uploads\/2024\/08\/13-1.png\" class=\"attachment-full size-full wp-image-18770\" alt=\"\" srcset=\"https:\/\/filmambiente.com\/wp-content\/uploads\/2024\/08\/13-1.png 600w, https:\/\/filmambiente.com\/wp-content\/uploads\/2024\/08\/13-1-300x213.png 300w, https:\/\/filmambiente.com\/wp-content\/uploads\/2024\/08\/13-1-18x12.png 18w\" sizes=\"(max-width: 600px) 100vw, 600px\" \/>\t\t\t\t\t\t\t\t\t\t\t\t\t\t\t<\/div>\n\t\t\t\t<div class=\"elementor-element elementor-element-3bde89c elementor-widget elementor-widget-heading\" data-id=\"3bde89c\" data-element_type=\"widget\" data-widget_type=\"heading.default\">\n\t\t\t\t\t<h2 class=\"elementor-heading-title elementor-size-default\"> Fabr\u00edcia Sterce<\/h2>\t\t\t\t<\/div>\n\t\t\t\t<div class=\"elementor-element elementor-element-334246c elementor-widget elementor-widget-text-editor\" data-id=\"334246c\" data-element_type=\"widget\" data-widget_type=\"text-editor.default\">\n\t\t\t\t\t\t\t\t\tArtista, gestora e jornalista, p\u00f3s-graduada pela PUC-Rio com pesquisas sobre mem\u00f3ria na Baixada Fluminense, e p\u00f3s-graduanda em Gest\u00e3o do Conhecimento na UFRJ. Liderou por 3 anos um mutir\u00e3o de mapeamento de enchentes e socorro a v\u00edtimas das emerg\u00eancias clim\u00e1ticas. \u00c9 fundadora e presidente da Vis\u00e3o Coop, onde trabalha na democratiza\u00e7\u00e3o de tecnologias, apresentando tend\u00eancias criativas, fortalecendo narrativas e mobilizando artistas perif\u00e9ricos. Dirigiu o document\u00e1rio Como Sobreviver ao Racismo Ambiental, que documentou vulnerabilidades clim\u00e1ticas e solu\u00e7\u00f5es pensadas por moradores em 4 cidades da Regi\u00e3o Metropolitana do Rio de Janeiro. Atualmente \u00e9 lideran\u00e7a da Regenera.AI, uma acelera\u00e7\u00e3o de tecnologias para regenera\u00e7\u00e3o de biomas em parceria com o Governo do Reino Unido.\t\t\t\t\t\t\t\t<\/div>\n\t\t\t\t\t<\/div>\n\t\t<\/div>\n\t\t\t\t<div class=\"elementor-column elementor-col-33 elementor-inner-column elementor-element elementor-element-d5e49db elementor-invisible\" data-id=\"d5e49db\" data-element_type=\"column\" data-settings=\"{&quot;background_background&quot;:&quot;classic&quot;,&quot;animation&quot;:&quot;fadeInUp&quot;}\">\n\t\t\t<div class=\"elementor-widget-wrap elementor-element-populated\">\n\t\t\t\t\t\t<div class=\"elementor-element elementor-element-155987e elementor-widget elementor-widget-image\" data-id=\"155987e\" data-element_type=\"widget\" data-widget_type=\"image.default\">\n\t\t\t\t\t\t\t\t\t\t\t\t\t\t\t<img decoding=\"async\" width=\"600\" height=\"425\" src=\"https:\/\/filmambiente.com\/wp-content\/uploads\/2024\/08\/11-1.png\" class=\"attachment-full size-full wp-image-18768\" alt=\"\" srcset=\"https:\/\/filmambiente.com\/wp-content\/uploads\/2024\/08\/11-1.png 600w, https:\/\/filmambiente.com\/wp-content\/uploads\/2024\/08\/11-1-300x213.png 300w, https:\/\/filmambiente.com\/wp-content\/uploads\/2024\/08\/11-1-18x12.png 18w\" sizes=\"(max-width: 600px) 100vw, 600px\" \/>\t\t\t\t\t\t\t\t\t\t\t\t\t\t\t<\/div>\n\t\t\t\t<div class=\"elementor-element elementor-element-e207324 elementor-widget elementor-widget-heading\" data-id=\"e207324\" data-element_type=\"widget\" data-widget_type=\"heading.default\">\n\t\t\t\t\t<h2 class=\"elementor-heading-title elementor-size-default\">Bruno Ara\u00fajo<\/h2>\t\t\t\t<\/div>\n\t\t\t\t<div class=\"elementor-element elementor-element-bcf0829 elementor-widget elementor-widget-text-editor\" data-id=\"bcf0829\" data-element_type=\"widget\" data-widget_type=\"text-editor.default\">\n\t\t\t\t\t\t\t\t\tGe\u00f3grafo, mestrando em Planejamento Urbano com foco em Clima, especialista em Clima e Pol\u00edticas P\u00fablicas, assessor para Justi\u00e7a Clim\u00e1tica no mandato do Deputado Fl\u00e1vio Serafini (RJ) e comunicador socioambiental no @brunopeloclima\t\t\t\t\t\t\t\t<\/div>\n\t\t\t\t\t<\/div>\n\t\t<\/div>\n\t\t\t\t<div class=\"elementor-column elementor-col-33 elementor-inner-column elementor-element elementor-element-1f422a8 elementor-invisible\" data-id=\"1f422a8\" data-element_type=\"column\" data-settings=\"{&quot;background_background&quot;:&quot;classic&quot;,&quot;animation&quot;:&quot;fadeInRight&quot;}\">\n\t\t\t<div class=\"elementor-widget-wrap elementor-element-populated\">\n\t\t\t\t\t\t<div class=\"elementor-element elementor-element-6e7a379 elementor-widget elementor-widget-image\" data-id=\"6e7a379\" data-element_type=\"widget\" data-widget_type=\"image.default\">\n\t\t\t\t\t\t\t\t\t\t\t\t\t\t\t<img loading=\"lazy\" decoding=\"async\" width=\"600\" height=\"425\" src=\"https:\/\/filmambiente.com\/wp-content\/uploads\/2024\/08\/12-1.png\" class=\"attachment-full size-full wp-image-18769\" alt=\"\" srcset=\"https:\/\/filmambiente.com\/wp-content\/uploads\/2024\/08\/12-1.png 600w, https:\/\/filmambiente.com\/wp-content\/uploads\/2024\/08\/12-1-300x213.png 300w, https:\/\/filmambiente.com\/wp-content\/uploads\/2024\/08\/12-1-18x12.png 18w\" sizes=\"(max-width: 600px) 100vw, 600px\" \/>\t\t\t\t\t\t\t\t\t\t\t\t\t\t\t<\/div>\n\t\t\t\t<div class=\"elementor-element elementor-element-83b1bfe elementor-widget elementor-widget-heading\" data-id=\"83b1bfe\" data-element_type=\"widget\" data-widget_type=\"heading.default\">\n\t\t\t\t\t<h2 class=\"elementor-heading-title elementor-size-default\">Paola Lima<\/h2>\t\t\t\t<\/div>\n\t\t\t\t<div class=\"elementor-element elementor-element-29d6b38 elementor-widget elementor-widget-text-editor\" data-id=\"29d6b38\" data-element_type=\"widget\" data-widget_type=\"text-editor.default\">\n\t\t\t\t\t\t\t\t\tCria de S\u00e3o Gon\u00e7alo e coordenadora de mobiliza\u00e7\u00e3o da Casa Fluminense, um espa\u00e7o permanente para a constru\u00e7\u00e3o coletiva de pol\u00edticas e a\u00e7\u00f5es p\u00fablicas para o Rio de Janeiro, com foco na promo\u00e7\u00e3o de igualdade, no aprofundamento democr\u00e1tico e no desenvolvimento sustent\u00e1vel no Rio, alcan\u00e7ando por inteiro a \u201ccidade metropolitana\u201d comum e as demais regi\u00f5es do estado.\t\t\t\t\t\t\t\t<\/div>\n\t\t\t\t\t<\/div>\n\t\t<\/div>\n\t\t\t\t\t<\/div>\n\t\t<\/section>\n\t\t\t\t\t<\/div>\n\t\t<\/div>\n\t\t\t\t\t<\/div>\n\t\t<\/section>\n\t\t\t\t<\/div>\n\t\t","protected":false},"excerpt":{"rendered":"<p>PAINEL Rio de Janeiro e justi\u00e7a clim\u00e1tica: precisamos trocar essa id\u00e9ia!O que \u00e9: Pretende discutir as interse\u00e7\u00f5es entre mudan\u00e7as clim\u00e1ticas e justi\u00e7a social na cidade. Entendendo que os efeitos dos extremos clim\u00e1ticos atingem especialmente as popula\u00e7\u00f5es vulner\u00e1veis e historicamente marginalizadas, como o Rio de Janeiro pode promover a justi\u00e7a clim\u00e1tica e garantir as solu\u00e7\u00f5es para [&hellip;]<\/p>\n","protected":false},"author":2,"featured_media":0,"parent":0,"menu_order":0,"comment_status":"closed","ping_status":"closed","template":"elementor_header_footer","meta":{"_acf_changed":false,"footnotes":""},"class_list":["post-18644","page","type-page","status-publish","hentry"],"acf":[],"_links":{"self":[{"href":"https:\/\/filmambiente.com\/br\/wp-json\/wp\/v2\/pages\/18644","targetHints":{"allow":["GET"]}}],"collection":[{"href":"https:\/\/filmambiente.com\/br\/wp-json\/wp\/v2\/pages"}],"about":[{"href":"https:\/\/filmambiente.com\/br\/wp-json\/wp\/v2\/types\/page"}],"author":[{"embeddable":true,"href":"https:\/\/filmambiente.com\/br\/wp-json\/wp\/v2\/users\/2"}],"replies":[{"embeddable":true,"href":"https:\/\/filmambiente.com\/br\/wp-json\/wp\/v2\/comments?post=18644"}],"version-history":[{"count":16,"href":"https:\/\/filmambiente.com\/br\/wp-json\/wp\/v2\/pages\/18644\/revisions"}],"predecessor-version":[{"id":18796,"href":"https:\/\/filmambiente.com\/br\/wp-json\/wp\/v2\/pages\/18644\/revisions\/18796"}],"wp:attachment":[{"href":"https:\/\/filmambiente.com\/br\/wp-json\/wp\/v2\/media?parent=18644"}],"curies":[{"name":"wp","href":"https:\/\/api.w.org\/{rel}","templated":true}]}}