{"id":13700,"date":"2021-09-28T19:43:48","date_gmt":"2021-09-28T22:43:48","guid":{"rendered":"https:\/\/filmambiente.com\/?page_id=13700"},"modified":"2021-12-13T10:03:03","modified_gmt":"2021-12-13T13:03:03","slug":"palestra-a-importancia-do-oceano-na-vida-do-planeta","status":"publish","type":"page","link":"https:\/\/filmambiente.com\/br\/palestra-a-importancia-do-oceano-na-vida-do-planeta\/","title":{"rendered":"Palestra A Import\u00e2ncia do Oceano na Vida do Planeta"},"content":{"rendered":"\t\t<div data-elementor-type=\"wp-page\" data-elementor-id=\"13700\" class=\"elementor elementor-13700\" data-elementor-post-type=\"page\">\n\t\t\t\t\t\t<section class=\"elementor-section elementor-top-section elementor-element elementor-element-edebd19 elementor-section-boxed elementor-section-height-default elementor-section-height-default\" data-id=\"edebd19\" data-element_type=\"section\" data-settings=\"{&quot;_ha_eqh_enable&quot;:false}\">\n\t\t\t\t\t\t<div class=\"elementor-container elementor-column-gap-default\">\n\t\t\t\t\t<div class=\"elementor-column elementor-col-50 elementor-top-column elementor-element elementor-element-eb45546 animated-slow elementor-invisible\" data-id=\"eb45546\" data-element_type=\"column\" data-settings=\"{&quot;background_background&quot;:&quot;classic&quot;,&quot;animation&quot;:&quot;slideInUp&quot;,&quot;animation_delay&quot;:600}\">\n\t\t\t<div class=\"elementor-widget-wrap elementor-element-populated\">\n\t\t\t\t\t\t<div class=\"elementor-element elementor-element-80e765c elementor-widget elementor-widget-heading\" data-id=\"80e765c\" data-element_type=\"widget\" data-widget_type=\"heading.default\">\n\t\t\t\t\t<h2 class=\"elementor-heading-title elementor-size-default\">Palestra<br>A Import\u00e2ncia do Oceano na Vida do Planeta<\/h2>\t\t\t\t<\/div>\n\t\t\t\t<div class=\"elementor-element elementor-element-46284c8 elementor-widget elementor-widget-text-editor\" data-id=\"46284c8\" data-element_type=\"widget\" data-widget_type=\"text-editor.default\">\n\t\t\t\t\t\t\t\t\t<p>Como conserv\u00e1-lo saud\u00e1vel para garantir a perman\u00eancia da vida.<\/p><p>Esta atividade est\u00e1 dispon\u00edvel apenas para escolas brasileiras.<\/p><p>Duas palestras, gratuitas e exclusivas, ministradas pelo bi\u00f3logo e documentarista Ricardo Gomes, para professores e alunos da rede p\u00fablica estadual e municipais de ensino de todo o Brasil, de forma a despertar seu interesse em a\u00e7\u00f5es de conserva\u00e7\u00e3o ambiental.<\/p>\t\t\t\t\t\t\t\t<\/div>\n\t\t\t\t<div class=\"elementor-element elementor-element-99867a5 elementor-mobile-align-center elementor-hidden-desktop elementor-hidden-tablet elementor-hidden-mobile elementor-widget elementor-widget-button\" data-id=\"99867a5\" data-element_type=\"widget\" data-widget_type=\"button.default\">\n\t\t\t\t\t\t\t\t\t\t<a class=\"elementor-button elementor-button-link elementor-size-sm\" href=\"#elementor-action%3Aaction%3Dpopup%3Aopen%26settings%3DeyJpZCI6IjEzOTg5IiwidG9nZ2xlIjpmYWxzZX0%3D\">\n\t\t\t\t\t\t<span class=\"elementor-button-content-wrapper\">\n\t\t\t\t\t\t\t\t\t<span class=\"elementor-button-text\">Inscreva-se aqui<\/span>\n\t\t\t\t\t<\/span>\n\t\t\t\t\t<\/a>\n\t\t\t\t\t\t\t\t<\/div>\n\t\t\t\t<div class=\"elementor-element elementor-element-629084f elementor-widget elementor-widget-heading\" data-id=\"629084f\" data-element_type=\"widget\" data-widget_type=\"heading.default\">\n\t\t\t\t\t<h2 class=\"elementor-heading-title elementor-size-default\">Palestra realizada em parceria com<\/h2>\t\t\t\t<\/div>\n\t\t\t\t<div class=\"elementor-element elementor-element-fa8e10f elementor-widget elementor-widget-image\" data-id=\"fa8e10f\" data-element_type=\"widget\" data-widget_type=\"image.default\">\n\t\t\t\t\t\t\t\t\t\t\t\t\t\t\t<img fetchpriority=\"high\" decoding=\"async\" width=\"1280\" height=\"298\" src=\"https:\/\/filmambiente.com\/wp-content\/uploads\/2021\/09\/WhatsApp-Image-2021-09-29-at-19.48.19.jpeg\" class=\"attachment-full size-full wp-image-13912\" alt=\"\" srcset=\"https:\/\/filmambiente.com\/wp-content\/uploads\/2021\/09\/WhatsApp-Image-2021-09-29-at-19.48.19.jpeg 1280w, https:\/\/filmambiente.com\/wp-content\/uploads\/2021\/09\/WhatsApp-Image-2021-09-29-at-19.48.19-300x70.jpeg 300w, https:\/\/filmambiente.com\/wp-content\/uploads\/2021\/09\/WhatsApp-Image-2021-09-29-at-19.48.19-1024x238.jpeg 1024w, https:\/\/filmambiente.com\/wp-content\/uploads\/2021\/09\/WhatsApp-Image-2021-09-29-at-19.48.19-768x179.jpeg 768w, https:\/\/filmambiente.com\/wp-content\/uploads\/2021\/09\/WhatsApp-Image-2021-09-29-at-19.48.19-16x4.jpeg 16w\" sizes=\"(max-width: 1280px) 100vw, 1280px\" \/>\t\t\t\t\t\t\t\t\t\t\t\t\t\t\t<\/div>\n\t\t\t\t\t<\/div>\n\t\t<\/div>\n\t\t\t\t<div class=\"elementor-column elementor-col-50 elementor-top-column elementor-element elementor-element-2fc2910 animated-slow elementor-invisible\" data-id=\"2fc2910\" data-element_type=\"column\" data-settings=\"{&quot;animation&quot;:&quot;slideInUp&quot;,&quot;animation_delay&quot;:600}\">\n\t\t\t<div class=\"elementor-widget-wrap elementor-element-populated\">\n\t\t\t\t\t\t<div class=\"elementor-element elementor-element-7d7f4c4 elementor-hidden-desktop elementor-hidden-tablet elementor-hidden-mobile elementor-widget elementor-widget-heading\" data-id=\"7d7f4c4\" data-element_type=\"widget\" data-widget_type=\"heading.default\">\n\t\t\t\t\t<h2 class=\"elementor-heading-title elementor-size-default\">Dias 04 e 05 de Novembro<BR> 11 horas <br>(Hor\u00e1rio do Brasil | GMT -3) <\/h2>\t\t\t\t<\/div>\n\t\t\t\t<div class=\"elementor-element elementor-element-6630b4c elementor-align-center elementor-hidden-desktop elementor-hidden-tablet elementor-hidden-mobile elementor-widget elementor-widget-button\" data-id=\"6630b4c\" data-element_type=\"widget\" data-widget_type=\"button.default\">\n\t\t\t\t\t\t\t\t\t\t<a class=\"elementor-button elementor-button-link elementor-size-sm elementor-animation-grow\" href=\"#elementor-action%3Aaction%3Dpopup%3Aopen%26settings%3DeyJpZCI6IjEzOTg5IiwidG9nZ2xlIjpmYWxzZX0%3D\">\n\t\t\t\t\t\t<span class=\"elementor-button-content-wrapper\">\n\t\t\t\t\t\t\t\t\t<span class=\"elementor-button-text\">INSCREVA-SE<\/span>\n\t\t\t\t\t<\/span>\n\t\t\t\t\t<\/a>\n\t\t\t\t\t\t\t\t<\/div>\n\t\t\t\t<div class=\"elementor-element elementor-element-3c3127c elementor-widget elementor-widget-elementskit-team\" data-id=\"3c3127c\" data-element_type=\"widget\" data-widget_type=\"elementskit-team.default\">\n\t\t\t\t<div class=\"elementor-widget-container\">\n\t\t\t\t\t<div class=\"ekit-wid-con\">\t\t\t\t\t\t\t\t\n\t\t<div class=\"profile-card elementor-animation- text-center ekit-team-style-default\">\n\t\t\t\t\t\t\t<a aria-label=\"profile\" href=\"javascript:void(0)\" data-mfp-src=\"#ekit_team_modal_3c3127c_13700\" class=\"ekit-team-popup\">\n\t\t\t\n\t\t\t\t<div class=\"profile-header ekit-team-img ekit-img-overlay ekit-team-img-block\"  data-toggle=\"modal\" data-target=\"ekit_team_modal_#3c3127c_13700\" >\n\t\t\t\t\t<img decoding=\"async\" src=\"https:\/\/filmambiente.com\/wp-content\/uploads\/elementor\/thumbs\/Design-sem-nome-8-pdufg7vivbj22qm3ct0h0bufzosmm3omi7kdhs7eyw.jpg\" title=\"Design sem nome (8)\" alt=\"Design sem nome (8)\" loading=\"lazy\" \/>\t\t\t\t<\/div><!-- .profile-header END -->\n\t\t\t\t\t\t\t<\/a>\n\t\t\t\n\n\t\t\t\t<div class=\"profile-body\">\n\t\t\t\t\t\n\t\t\t\t\t<h2 class=\"profile-title\">\n\t\t\t\t\t\t\t\t\t\t\t<a aria-label=\"profile\" href=\"javascript:void(0)\" data-mfp-src=\"#ekit_team_modal_3c3127c_13700\" class=\"ekit-team-popup\">\n\t\t\t\t\t\tRICARDO GOMES\t\t\t\t\t\t<\/a>\n\t\t\t\t\t\t\t\t\t\t\t<\/h2>\n\t\t\t\t\t<p class=\"profile-designation\"><\/p>\n\t\t\t\t\t\t\t\t\t<\/div><!-- .profile-body END -->\n\n\t\t\t\t\t\t\t\t<\/div>\n\t\t\t\t\t\t\t\n\t\t\t\n\t\t\t\t\t<div class=\"zoom-anim-dialog mfp-hide elementskit-team-popup team-popup-id-3c3127c\" id=\"ekit_team_modal_3c3127c_13700\" tabindex=\"-1\" role=\"dialog\" aria-hidden=\"true\">\n\t\t\t\t<div class=\"modal-dialog modal-dialog-centered\" role=\"document\">\n\t\t\t\t\t<div class=\"modal-content\">\n\t\t\t\t\t\t<button type=\"button\" class=\"ekit-team-modal-close\">\n\t\t\t\t\t\t\t<svg aria-hidden=\"true\" class=\"e-font-icon-svg e-fas-times\" viewBox=\"0 0 352 512\" xmlns=\"http:\/\/www.w3.org\/2000\/svg\"><path d=\"M242.72 256l100.07-100.07c12.28-12.28 12.28-32.19 0-44.48l-22.24-22.24c-12.28-12.28-32.19-12.28-44.48 0L176 189.28 75.93 89.21c-12.28-12.28-32.19-12.28-44.48 0L9.21 111.45c-12.28 12.28-12.28 32.19 0 44.48L109.28 256 9.21 356.07c-12.28 12.28-12.28 32.19 0 44.48l22.24 22.24c12.28 12.28 32.2 12.28 44.48 0L176 322.72l100.07 100.07c12.28 12.28 32.2 12.28 44.48 0l22.24-22.24c12.28-12.28 12.28-32.19 0-44.48L242.72 256z\"><\/path><\/svg>\t\t\t\t\t\t<\/button>\n\n\t\t\t\t\t\t<div class=\"modal-body\">\n\t\t\t\t\t\t\t\t\t\t\t\t\t\t\t<div class=\"ekit-team-modal-img\">\n\t\t\t\t\t\t\t\t\t<img decoding=\"async\" src=\"https:\/\/filmambiente.com\/wp-content\/uploads\/elementor\/thumbs\/Design-sem-nome-8-pdufg7vivbj22qm3ct0h0bufzosmm3omi7kdhs7eyw.jpg\" title=\"Design sem nome (8)\" alt=\"Design sem nome (8)\" loading=\"lazy\" \/>\t\t\t\t\t\t\t\t<\/div>\n\t\t\t\t\t\t\t\n\t\t\t\t\t\t\t<div class=\"ekit-team-modal-info has-img\">\n\t\t\t\t\t\t\t\t<h2 class=\"ekit-team-modal-title\">RICARDO GOMES<\/h2>\n\t\t\t\t\t\t\t\t<p class=\"ekit-team-modal-position\"><\/p>\n\n\t\t\t\t\t\t\t\t<div class=\"ekit-team-modal-content\">\n\t\t\t\t\t\t\t\t\tBi\u00f3logo e documentarista, licenciado em Ci\u00eancias Biol\u00f3gicas e Bacharel em Biologia Marinha pela UFRJ. Desde junho de 2017 vem realizando palestras sobre a biodiversidade marinha da Ba\u00eda de Guanabara em dezenas de locais tais como Museu do Amanh\u00e3 3X; UFF 3x (com duas delas sendo aulas inaugurais do curso de ci\u00eancia ambiental da Geoci\u00eancia); Instituto de Economia da UFRJ; UERJ 3x; USP, aula inaugural do curso de mar\u00e7o de 2018; Firjan; Consulado Fran\u00e7a; CEDAE; APA Guapimirim; Projeto Grael; AquaRio; Eletronuclear; Filmambiente 2018, em Bras\u00edlia, para alunos da rede p\u00fablica, no Cine Bras\u00edlia, durante o F\u00f3rum Mundial da \u00c1gua. Este seu trabalho \u00e9 reconhecido pela ONU, que lan\u00e7ou seu \u00faltimo document\u00e1rio, Ba\u00eda Urbana, na Confer\u00eancia do Oceano realizada em Nova Iorque em 2017. Com 20 anos de experi\u00eancia na produ\u00e7\u00e3o de conte\u00fado audiovisual, produz atualmente 2 filmes, um sobre o consumo sustent\u00e1vel de peixes, com foco nas raias da Ba\u00eda de Guanabara, patrocinado pela OceanPact, e outro sobre os Rios Tejo e Sado em Portugal, com patroc\u00ednio da ONU.\t\t\t\t\t\t\t\t<\/div>\n\n\t\t\t\t\t\t\t\t\n\t\t\t\t\t\t\t\t\t\t\t\t\t\t\t<\/div>\n\t\t\t\t\t\t<\/div>\n\t\t\t\t\t<\/div>\n\t\t\t\t<\/div>\n\t\t\t<\/div>\n\t\t\t\t<\/div>\t\t\t\t<\/div>\n\t\t\t\t<\/div>\n\t\t\t\t\t<\/div>\n\t\t<\/div>\n\t\t\t\t\t<\/div>\n\t\t<\/section>\n\t\t\t\t<\/div>\n\t\t","protected":false},"excerpt":{"rendered":"<p>PalestraA Import\u00e2ncia do Oceano na Vida do Planeta Como conserv\u00e1-lo saud\u00e1vel para garantir a perman\u00eancia da vida. Esta atividade est\u00e1 dispon\u00edvel apenas para escolas brasileiras. Duas palestras, gratuitas e exclusivas, ministradas pelo bi\u00f3logo e documentarista Ricardo Gomes, para professores e alunos da rede p\u00fablica estadual e municipais de ensino de todo o Brasil, de forma [&hellip;]<\/p>\n","protected":false},"author":2,"featured_media":0,"parent":0,"menu_order":0,"comment_status":"closed","ping_status":"closed","template":"elementor_header_footer","meta":{"_acf_changed":false,"footnotes":""},"class_list":["post-13700","page","type-page","status-publish","hentry"],"acf":[],"_links":{"self":[{"href":"https:\/\/filmambiente.com\/br\/wp-json\/wp\/v2\/pages\/13700","targetHints":{"allow":["GET"]}}],"collection":[{"href":"https:\/\/filmambiente.com\/br\/wp-json\/wp\/v2\/pages"}],"about":[{"href":"https:\/\/filmambiente.com\/br\/wp-json\/wp\/v2\/types\/page"}],"author":[{"embeddable":true,"href":"https:\/\/filmambiente.com\/br\/wp-json\/wp\/v2\/users\/2"}],"replies":[{"embeddable":true,"href":"https:\/\/filmambiente.com\/br\/wp-json\/wp\/v2\/comments?post=13700"}],"version-history":[{"count":111,"href":"https:\/\/filmambiente.com\/br\/wp-json\/wp\/v2\/pages\/13700\/revisions"}],"predecessor-version":[{"id":14810,"href":"https:\/\/filmambiente.com\/br\/wp-json\/wp\/v2\/pages\/13700\/revisions\/14810"}],"wp:attachment":[{"href":"https:\/\/filmambiente.com\/br\/wp-json\/wp\/v2\/media?parent=13700"}],"curies":[{"name":"wp","href":"https:\/\/api.w.org\/{rel}","templated":true}]}}