{"id":11977,"date":"2021-08-05T13:02:17","date_gmt":"2021-08-05T16:02:17","guid":{"rendered":"https:\/\/filmambiente.com\/?page_id=11977"},"modified":"2021-12-13T10:00:24","modified_gmt":"2021-12-13T13:00:24","slug":"palestra-perdas-e-luto-desafios-da-pandemia","status":"publish","type":"page","link":"https:\/\/filmambiente.com\/br\/palestra-perdas-e-luto-desafios-da-pandemia\/","title":{"rendered":"Palestra Perdas e Luto &#8211; Desafios da Pandemia"},"content":{"rendered":"\t\t<div data-elementor-type=\"wp-page\" data-elementor-id=\"11977\" class=\"elementor elementor-11977\" data-elementor-post-type=\"page\">\n\t\t\t\t\t\t<section class=\"elementor-section elementor-top-section elementor-element elementor-element-eaf8dcd elementor-section-boxed elementor-section-height-default elementor-section-height-default\" data-id=\"eaf8dcd\" data-element_type=\"section\" data-settings=\"{&quot;_ha_eqh_enable&quot;:false}\">\n\t\t\t\t\t\t<div class=\"elementor-container elementor-column-gap-default\">\n\t\t\t\t\t<div class=\"elementor-column elementor-col-50 elementor-top-column elementor-element elementor-element-59e23bf animated-slow elementor-invisible\" data-id=\"59e23bf\" data-element_type=\"column\" data-settings=\"{&quot;background_background&quot;:&quot;classic&quot;,&quot;animation&quot;:&quot;slideInUp&quot;,&quot;animation_delay&quot;:600}\">\n\t\t\t<div class=\"elementor-widget-wrap elementor-element-populated\">\n\t\t\t\t\t\t<div class=\"elementor-element elementor-element-aadca9f elementor-widget elementor-widget-heading\" data-id=\"aadca9f\" data-element_type=\"widget\" data-widget_type=\"heading.default\">\n\t\t\t\t\t<h2 class=\"elementor-heading-title elementor-size-default\">Palestra<br>Perdas e Luto - Desafios da Pandemia\n<\/h2>\t\t\t\t<\/div>\n\t\t\t\t<div class=\"elementor-element elementor-element-135f37b elementor-widget elementor-widget-text-editor\" data-id=\"135f37b\" data-element_type=\"widget\" data-widget_type=\"text-editor.default\">\n\t\t\t\t\t\t\t\t\tNeste segundo semestre de 2021, dezenove meses depois do in\u00edcio da pandemia causada pelo SARS-CoV 2, acreditamos que \u00e9 preciso falar sobre o luto coletivo que estamos vivendo. Para abrir sua 11a edi\u00e7\u00e3o, o Filmambiente chamou a psic\u00f3loga, especialista em perdas e luto, Mariana Clark, para nos ajudar a entender como lidar com este luto que atinge a todos n\u00f3s, coletivamente, e a melhor forma de super\u00e1-lo.\t\t\t\t\t\t\t\t<\/div>\n\t\t\t\t<div class=\"elementor-element elementor-element-5aed6ef elementor-widget elementor-widget-text-editor\" data-id=\"5aed6ef\" data-element_type=\"widget\" data-widget_type=\"text-editor.default\">\n\t\t\t\t\t\t\t\t\t<p>\u201c<em>Estamos vivendo h\u00e1 um ano e meio um luto coletivo que traz muitas implica\u00e7\u00f5es e desdobramentos para a nossa rotina, assim como para a nossa sociedade.<\/em><\/p><p><em>Todos n\u00f3s vivemos ou conhecemos algu\u00e9m muito pr\u00f3ximo que viveu as maiores ang\u00fastias com essa pandemia.<\/em><\/p><p><em>N\u00e3o s\u00f3 porque perdemos pessoas que amamos, mas porque mudou drasticamente nossas vidas, e sobretudo porque potencializou aspectos importantes que sempre viveram dentro da gente. O nosso lado mais \u00edntimo, profundo e mais desorganizador &#8211; quando experimentamos emo\u00e7\u00f5es como raiva, medo, culpa, arrependimentos, desamparo dentre outras.<\/em><\/p><p><em>O contexto \u00e9 extremamente amea\u00e7ador e mobilizador e se caracteriza por 3 aspectos: Mortes em massa \/ Sobreposi\u00e7\u00e3o de perdas \/ Fim do mundo conhecido.<\/em><\/p><p><em>Cen\u00e1rio ainda \u00e9 muito perturbador embora tenhamos um respiro importante de esperan\u00e7a com a vacina\u00e7\u00e3o em massa ainda que de forma lenta.<\/em><\/p><p><em>Falar sobre morte de fato \u00e9 muito angustiante mas nos afasta de processos de adoecimento. Pensar em perder pessoas que amamos ou pensar na nossa pr\u00f3pria morte e deixar pessoas que a gente ama, \u00e9 algo muito assustador.<\/em><\/p><p><em>Por\u00e9m, a cada dia se faz mais necess\u00e1rio e imprescind\u00edvel falarmos sobre os imperativos e amea\u00e7as que essa doen\u00e7a nos imp\u00f4s.<\/em><\/p><p><em>Para que possamos nos afastar dos processos de adoecimentos mentais, \u00e9 muito importante encontrarmos espa\u00e7os seguros e afetuosos para ventilar as nossas dores. O copo est\u00e1 cheio, estamos todos sobrecarregados, mas neste momento \u00e9 importante buscarmos sa\u00eddas, dentro do que for poss\u00edvel para cada um de n\u00f3s, de conseguirmos resgatar a confian\u00e7a e esperan\u00e7a na nossa sociedade, nos pr\u00f3ximos meses e no nosso futuro.<\/em>\u201d<\/p><p><em>Mariana Clark<\/em><\/p>\t\t\t\t\t\t\t\t<\/div>\n\t\t\t\t\t<\/div>\n\t\t<\/div>\n\t\t\t\t<div class=\"elementor-column elementor-col-50 elementor-top-column elementor-element elementor-element-144bf20 animated-slow elementor-invisible\" data-id=\"144bf20\" data-element_type=\"column\" data-settings=\"{&quot;animation&quot;:&quot;slideInUp&quot;,&quot;animation_delay&quot;:600}\">\n\t\t\t<div class=\"elementor-widget-wrap elementor-element-populated\">\n\t\t\t\t\t\t<div class=\"elementor-element elementor-element-41d4162 elementor-hidden-desktop elementor-hidden-tablet elementor-hidden-mobile elementor-widget elementor-widget-heading\" data-id=\"41d4162\" data-element_type=\"widget\" data-widget_type=\"heading.default\">\n\t\t\t\t\t<h2 class=\"elementor-heading-title elementor-size-default\">Dia 28 de Outubro <BR> 11 horas <br>(Hor\u00e1rio do Brasil | GMT -3) <\/h2>\t\t\t\t<\/div>\n\t\t\t\t<div class=\"elementor-element elementor-element-64febef elementor-align-center elementor-hidden-desktop elementor-hidden-tablet elementor-hidden-mobile elementor-widget elementor-widget-button\" data-id=\"64febef\" data-element_type=\"widget\" data-widget_type=\"button.default\">\n\t\t\t\t\t\t\t\t\t\t<a class=\"elementor-button elementor-button-link elementor-size-sm elementor-animation-grow\" href=\"https:\/\/us06web.zoom.us\/webinar\/register\/WN_Y9ZJS_69Qxu4FTEVpjAn9Q\" target=\"_blank\">\n\t\t\t\t\t\t<span class=\"elementor-button-content-wrapper\">\n\t\t\t\t\t\t\t\t\t<span class=\"elementor-button-text\">INSCREVA-SE<\/span>\n\t\t\t\t\t<\/span>\n\t\t\t\t\t<\/a>\n\t\t\t\t\t\t\t\t<\/div>\n\t\t\t\t<div class=\"elementor-element elementor-element-d24ca6a elementor-hidden-desktop elementor-hidden-tablet elementor-hidden-mobile elementor-widget elementor-widget-heading\" data-id=\"d24ca6a\" data-element_type=\"widget\" data-widget_type=\"heading.default\">\n\t\t\t\t\t<h2 class=\"elementor-heading-title elementor-size-default\">Dispon\u00edvel para todo o mundo<\/h2>\t\t\t\t<\/div>\n\t\t\t\t<div class=\"elementor-element elementor-element-a029444 elementor-widget elementor-widget-elementskit-team\" data-id=\"a029444\" data-element_type=\"widget\" data-widget_type=\"elementskit-team.default\">\n\t\t\t\t<div class=\"elementor-widget-container\">\n\t\t\t\t\t<div class=\"ekit-wid-con\">\t\t\t\t\t\t\t\t\n\t\t<div class=\"profile-card elementor-animation- text-center ekit-team-style-default\">\n\t\t\t\t\t\t\t<a aria-label=\"profile\" href=\"javascript:void(0)\" data-mfp-src=\"#ekit_team_modal_a029444_11977\" class=\"ekit-team-popup\">\n\t\t\t\n\t\t\t\t<div class=\"profile-header ekit-team-img ekit-img-overlay ekit-team-img-block\"  data-toggle=\"modal\" data-target=\"ekit_team_modal_#a029444_11977\" >\n\t\t\t\t\t<img decoding=\"async\" src=\"https:\/\/filmambiente.com\/wp-content\/uploads\/elementor\/thumbs\/Mariana-Clark-pdcxyl59c9gpwnwbd6vn2wuz2t3azakthjrbk0tz7s.jpeg\" title=\"Mariana Clark\" alt=\"Mariana Clark\" loading=\"lazy\" \/>\t\t\t\t<\/div><!-- .profile-header END -->\n\t\t\t\t\t\t\t<\/a>\n\t\t\t\n\n\t\t\t\t<div class=\"profile-body\">\n\t\t\t\t\t\n\t\t\t\t\t<h2 class=\"profile-title\">\n\t\t\t\t\t\t\t\t\t\t\t<a aria-label=\"profile\" href=\"javascript:void(0)\" data-mfp-src=\"#ekit_team_modal_a029444_11977\" class=\"ekit-team-popup\">\n\t\t\t\t\t\tMARIANA CLARK\t\t\t\t\t\t<\/a>\n\t\t\t\t\t\t\t\t\t\t\t<\/h2>\n\t\t\t\t\t<p class=\"profile-designation\"><\/p>\n\t\t\t\t\t\t\t\t\t<\/div><!-- .profile-body END -->\n\n\t\t\t\t\t\t\t\t<\/div>\n\t\t\t\t\t\t\t\n\t\t\t\n\t\t\t\t\t<div class=\"zoom-anim-dialog mfp-hide elementskit-team-popup team-popup-id-a029444\" id=\"ekit_team_modal_a029444_11977\" tabindex=\"-1\" role=\"dialog\" aria-hidden=\"true\">\n\t\t\t\t<div class=\"modal-dialog modal-dialog-centered\" role=\"document\">\n\t\t\t\t\t<div class=\"modal-content\">\n\t\t\t\t\t\t<button type=\"button\" class=\"ekit-team-modal-close\">\n\t\t\t\t\t\t\t<svg aria-hidden=\"true\" class=\"e-font-icon-svg e-fas-times\" viewBox=\"0 0 352 512\" xmlns=\"http:\/\/www.w3.org\/2000\/svg\"><path d=\"M242.72 256l100.07-100.07c12.28-12.28 12.28-32.19 0-44.48l-22.24-22.24c-12.28-12.28-32.19-12.28-44.48 0L176 189.28 75.93 89.21c-12.28-12.28-32.19-12.28-44.48 0L9.21 111.45c-12.28 12.28-12.28 32.19 0 44.48L109.28 256 9.21 356.07c-12.28 12.28-12.28 32.19 0 44.48l22.24 22.24c12.28 12.28 32.2 12.28 44.48 0L176 322.72l100.07 100.07c12.28 12.28 32.2 12.28 44.48 0l22.24-22.24c12.28-12.28 12.28-32.19 0-44.48L242.72 256z\"><\/path><\/svg>\t\t\t\t\t\t<\/button>\n\n\t\t\t\t\t\t<div class=\"modal-body\">\n\t\t\t\t\t\t\t\t\t\t\t\t\t\t\t<div class=\"ekit-team-modal-img\">\n\t\t\t\t\t\t\t\t\t<img decoding=\"async\" src=\"https:\/\/filmambiente.com\/wp-content\/uploads\/elementor\/thumbs\/Mariana-Clark-pdcxyl59c9gpwnwbd6vn2wuz2t3azakthjrbk0tz7s.jpeg\" title=\"Mariana Clark\" alt=\"Mariana Clark\" loading=\"lazy\" \/>\t\t\t\t\t\t\t\t<\/div>\n\t\t\t\t\t\t\t\n\t\t\t\t\t\t\t<div class=\"ekit-team-modal-info has-img\">\n\t\t\t\t\t\t\t\t<h2 class=\"ekit-team-modal-title\">MARIANA CLARK<\/h2>\n\t\t\t\t\t\t\t\t<p class=\"ekit-team-modal-position\"><\/p>\n\n\t\t\t\t\t\t\t\t<div class=\"ekit-team-modal-content\">\n\t\t\t\t\t\t\t\t\tPsic\u00f3loga, com MBA em Gest\u00e3o de Pessoas, formada em Psicologia Positiva e Especialista em Perdas e Luto.\nDepois de 18 anos no mundo corporativo (Oi, Natura e TV Globo) como executiva de RH cuidando de gente, incrementou o desafio e resolveu cuidar de gente no auge do seu sofrimento.\nSe especializou em Perdas no contexto organizacional e escolar, e leva para esses ambientes o di\u00e1logo sobre a express\u00e3o e valida\u00e7\u00e3o das nossas dores, atrav\u00e9s de processos de acolhimento e de preven\u00e7\u00e3o de adoecimentos mentais.\nMentora de sa\u00fade mental na Top2You - plataforma de mentoria online que inspira, conecta e desenvolve pessoas.\nFez parte da equipe de Psic\u00f3logos em Brumadinho cujo escopo do trabalho foi o Crescimento P\u00f3s Trauma\n\t\t\t\t\t\t\t\t<\/div>\n\n\t\t\t\t\t\t\t\t\n\t\t\t\t\t\t\t\t\t\t\t\t\t\t\t<\/div>\n\t\t\t\t\t\t<\/div>\n\t\t\t\t\t<\/div>\n\t\t\t\t<\/div>\n\t\t\t<\/div>\n\t\t\t\t<\/div>\t\t\t\t<\/div>\n\t\t\t\t<\/div>\n\t\t\t\t\t<\/div>\n\t\t<\/div>\n\t\t\t\t\t<\/div>\n\t\t<\/section>\n\t\t\t\t<\/div>\n\t\t","protected":false},"excerpt":{"rendered":"<p>PalestraPerdas e Luto &#8211; Desafios da Pandemia Neste segundo semestre de 2021, dezenove meses depois do in\u00edcio da pandemia causada pelo SARS-CoV 2, acreditamos que \u00e9 preciso falar sobre o luto coletivo que estamos vivendo. Para abrir sua 11a edi\u00e7\u00e3o, o Filmambiente chamou a psic\u00f3loga, especialista em perdas e luto, Mariana Clark, para nos ajudar [&hellip;]<\/p>\n","protected":false},"author":2,"featured_media":0,"parent":0,"menu_order":0,"comment_status":"closed","ping_status":"closed","template":"elementor_header_footer","meta":{"_acf_changed":false,"footnotes":""},"class_list":["post-11977","page","type-page","status-publish","hentry"],"acf":[],"_links":{"self":[{"href":"https:\/\/filmambiente.com\/br\/wp-json\/wp\/v2\/pages\/11977","targetHints":{"allow":["GET"]}}],"collection":[{"href":"https:\/\/filmambiente.com\/br\/wp-json\/wp\/v2\/pages"}],"about":[{"href":"https:\/\/filmambiente.com\/br\/wp-json\/wp\/v2\/types\/page"}],"author":[{"embeddable":true,"href":"https:\/\/filmambiente.com\/br\/wp-json\/wp\/v2\/users\/2"}],"replies":[{"embeddable":true,"href":"https:\/\/filmambiente.com\/br\/wp-json\/wp\/v2\/comments?post=11977"}],"version-history":[{"count":99,"href":"https:\/\/filmambiente.com\/br\/wp-json\/wp\/v2\/pages\/11977\/revisions"}],"predecessor-version":[{"id":14801,"href":"https:\/\/filmambiente.com\/br\/wp-json\/wp\/v2\/pages\/11977\/revisions\/14801"}],"wp:attachment":[{"href":"https:\/\/filmambiente.com\/br\/wp-json\/wp\/v2\/media?parent=11977"}],"curies":[{"name":"wp","href":"https:\/\/api.w.org\/{rel}","templated":true}]}}