{"id":11322,"date":"2021-07-16T16:13:38","date_gmt":"2021-07-16T19:13:38","guid":{"rendered":"http:\/\/filmambiente.com\/?page_id=11322"},"modified":"2023-09-01T09:07:16","modified_gmt":"2023-09-01T12:07:16","slug":"filmambiente-3","status":"publish","type":"page","link":"https:\/\/filmambiente.com\/br\/filmambiente-3\/","title":{"rendered":"Filmambiente 3"},"content":{"rendered":"\t\t<div data-elementor-type=\"wp-page\" data-elementor-id=\"11322\" class=\"elementor elementor-11322\" data-elementor-post-type=\"page\">\n\t\t\t\t\t\t<section class=\"elementor-section elementor-top-section elementor-element elementor-element-510cfa0 elementor-section-boxed elementor-section-height-default elementor-section-height-default\" data-id=\"510cfa0\" data-element_type=\"section\" data-settings=\"{&quot;_ha_eqh_enable&quot;:false}\">\n\t\t\t\t\t\t<div class=\"elementor-container elementor-column-gap-default\">\n\t\t\t\t\t<div class=\"elementor-column elementor-col-100 elementor-top-column elementor-element elementor-element-829b3c7\" data-id=\"829b3c7\" data-element_type=\"column\">\n\t\t\t<div class=\"elementor-widget-wrap elementor-element-populated\">\n\t\t\t\t\t\t<div class=\"elementor-element elementor-element-5cf4f51 elementor-widget elementor-widget-heading\" data-id=\"5cf4f51\" data-element_type=\"widget\" data-widget_type=\"heading.default\">\n\t\t\t\t\t<h2 class=\"elementor-heading-title elementor-size-default\">Filmambiente 2013 | 30 Agosto - 5 Setembro | Rio de Janeiro<\/h2>\t\t\t\t<\/div>\n\t\t\t\t\t<\/div>\n\t\t<\/div>\n\t\t\t\t\t<\/div>\n\t\t<\/section>\n\t\t\t\t<section class=\"elementor-section elementor-top-section elementor-element elementor-element-2921f16 elementor-section-boxed elementor-section-height-default elementor-section-height-default\" data-id=\"2921f16\" data-element_type=\"section\" data-settings=\"{&quot;_ha_eqh_enable&quot;:false}\">\n\t\t\t\t\t\t<div class=\"elementor-container elementor-column-gap-default\">\n\t\t\t\t\t<div class=\"elementor-column elementor-col-100 elementor-top-column elementor-element elementor-element-ce38064\" data-id=\"ce38064\" data-element_type=\"column\">\n\t\t\t<div class=\"elementor-widget-wrap elementor-element-populated\">\n\t\t\t\t\t\t<div class=\"elementor-element elementor-element-98f3c0a elementor-widget elementor-widget-video\" data-id=\"98f3c0a\" data-element_type=\"widget\" data-settings=\"{&quot;youtube_url&quot;:&quot;https:\\\/\\\/www.youtube.com\\\/watch?v=sE4_f7OBseA&quot;,&quot;autoplay&quot;:&quot;yes&quot;,&quot;play_on_mobile&quot;:&quot;yes&quot;,&quot;loop&quot;:&quot;yes&quot;,&quot;yt_privacy&quot;:&quot;yes&quot;,&quot;video_type&quot;:&quot;youtube&quot;}\" data-widget_type=\"video.default\">\n\t\t\t\t\t\t\t<div class=\"elementor-wrapper elementor-open-inline\">\n\t\t\t<div class=\"elementor-video\"><\/div>\t\t<\/div>\n\t\t\t\t\t\t<\/div>\n\t\t\t\t\t<\/div>\n\t\t<\/div>\n\t\t\t\t\t<\/div>\n\t\t<\/section>\n\t\t\t\t<section class=\"elementor-section elementor-top-section elementor-element elementor-element-151c813 elementor-section-boxed elementor-section-height-default elementor-section-height-default\" data-id=\"151c813\" data-element_type=\"section\" data-settings=\"{&quot;_ha_eqh_enable&quot;:false}\">\n\t\t\t\t\t\t<div class=\"elementor-container elementor-column-gap-default\">\n\t\t\t\t\t<div class=\"elementor-column elementor-col-100 elementor-top-column elementor-element elementor-element-0fedf38\" data-id=\"0fedf38\" data-element_type=\"column\" data-settings=\"{&quot;background_background&quot;:&quot;classic&quot;}\">\n\t\t\t<div class=\"elementor-widget-wrap elementor-element-populated\">\n\t\t\t\t\t\t<div class=\"elementor-element elementor-element-e820433 elementor-widget elementor-widget-heading\" data-id=\"e820433\" data-element_type=\"widget\" data-widget_type=\"heading.default\">\n\t\t\t\t\t<h2 class=\"elementor-heading-title elementor-size-default\">Filmes Premiados<\/h2>\t\t\t\t<\/div>\n\t\t\t\t<div class=\"elementor-element elementor-element-8e44563 elementor-widget elementor-widget-text-editor\" data-id=\"8e44563\" data-element_type=\"widget\" data-widget_type=\"text-editor.default\">\n\t\t\t\t\t\t\t\t\tPR\u00caMIO DO P\u00daBLICO foi para o filme <strong>Os Chef\u00f5es Piraram <\/strong>(Big Boys Gone Bananas, Fredrik Gertten | Canad\u00e1) com a vota\u00e7\u00e3o de 83,78% dos votos para \u00d3timo Filme.<br><\/br>\n\nMELHOR LONGA-METRAGEM, <strong>Vila no Fim do Mundo <\/strong>(Village at the End of the World, David Katznelson | Reino Unido), foi escolhido porque, com uma perspectiva otimista, faz uma cr\u00f4nica do dia a dia de um vilarejo amea\u00e7ado de extin\u00e7\u00e3o, deixando \u00e0 mostra muitas quest\u00f5es relacionadas ao meio ambiente, mas sem impor uma maneira de pensar ao espectador.<br><\/br>\n\nMELHOR CURTA-METRAGEM, <strong>Mob\u00edlia Irlandesa<\/strong> (Irish Folk Furniture, Tony Donoghue | Ireland) pelo tema original e inventividade na forma ao escolher a t\u00e9cnica de stop motion para dar vida ao processo de reciclagem.<br><\/br>\n\nPR\u00caMIO ESPECIAL de curta-metragem para <strong>Faces <\/strong>(Faces, Said Najmi | Jord\u00e2nia) pela maneira sens\u00edvel como retrata as escolhas humanas.<br><\/br>\n\nPR\u00caMIO ESPECIAL de longa-metragem para <strong>Pedacinho de Terra<\/strong> (<strong>Little Land, <\/strong>Nikos Dayandas | Gr\u00e9cia) que, com sensibilidade, mostra como uma nova gera\u00e7\u00e3o est\u00e1 procurando uma sa\u00edda sustent\u00e1vel para a crise europeia.<br><\/br>\n\nE para <strong>Mais que Mel<\/strong>, (More than Honey, Markus Imhoof | Su\u00ed\u00e7a, Alemanha e \u00c1ustria) que, com originalidade, transforma abelhas em personagens, leva o espectador para dentro de uma colmeia e discorre sobre dois mundos: o das abelhas e o dos homens.<br><\/br>\n\nPR\u00caMIO DA REDE BRASILEIRA DE JORNALISMO AMBIENTAL foi para o document\u00e1rio <strong>Limites Inaceit\u00e1veis<\/strong> (Unacceptable Levels, Ed Brown | EUA) &#8211; men\u00e7\u00e3o especial, por sua relev\u00e2ncia jornal\u00edstica &#8211; e para o document\u00e1rio <strong>Vida engarrafada: o Neg\u00f3cio da Nestl\u00e9 com a \u00c1gua<\/strong> (Bottled LIfe: Nestle\u2019s Business With Water, Urs Schnell | Su\u00ed\u00e7a), por retratar o cen\u00e1rio de um neg\u00f3cio internacional que amea\u00e7a o livre acesso a um recurso essencial para a vida no planeta. Sim, existe \u00e1gua fora da garrafa. Ela \u00e9 pura, limpa, refrescante e cristalina e suas nascentes devem se manter acess\u00edveis a todos os seres vivos do planeta.\t\t\t\t\t\t\t\t<\/div>\n\t\t\t\t<div class=\"elementor-element elementor-element-6b73fe1 elementor-widget elementor-widget-heading\" data-id=\"6b73fe1\" data-element_type=\"widget\" data-widget_type=\"heading.default\">\n\t\t\t\t\t<h2 class=\"elementor-heading-title elementor-size-default\">Programa\u00e7\u00e3o <\/h2>\t\t\t\t<\/div>\n\t\t\t\t<div class=\"elementor-element elementor-element-5f8b437 elementor-widget elementor-widget-text-editor\" data-id=\"5f8b437\" data-element_type=\"widget\" data-widget_type=\"text-editor.default\">\n\t\t\t\t\t\t\t\t\t<strong>68 filmes, <\/strong>sendo 12 longas e 20 curtas em competi\u00e7\u00e3o e as Mostras:<br>\n\n<strong>Do DDT e Horm\u00f4nios \u00e0 seguran\u00e7a alimentar<\/strong><br>\n\n<strong>Ser\u00e1 mesmo s\u00f3 fic\u00e7\u00e3o?<\/strong><br>\n\n<strong>Planeta Ultrajado<\/strong><br>\n\n<strong>Agir e Mudar<\/strong><br>\n\n<strong>Carta Branca ao National Film Board do Canad\u00e1<\/strong><br>\n\n<strong>Hist\u00f3rias legais para quando o planeta ficar quente<\/strong>\t\t\t\t\t\t\t\t<\/div>\n\t\t\t\t<div class=\"elementor-element elementor-element-f4f60f8 elementor-widget elementor-widget-heading\" data-id=\"f4f60f8\" data-element_type=\"widget\" data-widget_type=\"heading.default\">\n\t\t\t\t\t<h2 class=\"elementor-heading-title elementor-size-default\">Atividades Paralelas<\/h2>\t\t\t\t<\/div>\n\t\t\t\t<div class=\"elementor-element elementor-element-9d6fb46 elementor-widget elementor-widget-text-editor\" data-id=\"9d6fb46\" data-element_type=\"widget\" data-widget_type=\"text-editor.default\">\n\t\t\t\t\t\t\t\t\tExibi\u00e7\u00e3o no Espa\u00e7o Comuna dos filmes <strong>Sobrevivendo ao Progresso<\/strong> (Surviving Progress), de Mathieu Roy e Harold Crooks (Canad\u00e1) e <strong>Tecl\u00f3polis<\/strong> (Teclopolis), de Anuk Obeid (Argentina), exibidos no Filmambiente 2012.<br><\/br>\n\nExibi\u00e7\u00e3o na Casa Soul do filme <strong>Brasil Org\u00e2nico<\/strong> (Brasil), de L\u00edcia Brancher e K\u00e1tia Klock, seguida da oficina de culin\u00e1ria raw food \u201cEcozinha\u201d ministrada pelo Chef Bernardo Mota.<br><\/br>\n\nBernardo, 29 anos, concluiu o curso de gastronomia na UNIRIO (2006) e fez especializa\u00e7\u00f5es no Dra. Ann Wigmore Natural Health Institute, (Porto Rico, 2009), no Natural Gourmet Institute (Nova Iorque, 2010), e no Matthew Kenney Raw Food Academy (Oklahoma, 2010), entre outras.<br><\/br>\n\nExibi\u00e7\u00e3o das s\u00e9ries de videoarte <strong>Hist\u00f3rias Legais Para Quando o Planeta Ficar Quente I, II <\/strong>e <strong>III<\/strong>. As tr\u00eas s\u00e9ries foram exibidas pela primeira vez na Art Basel, importante feira de arte da Su\u00ed\u00e7a &#8211; com a presen\u00e7a da curadora Anne-Marie Melster.<br><\/br>\n\nDebate com o tema: \u201cO Audiovisual como Ferramenta de Transforma\u00e7\u00e3o\u201d. Mediador: Silvio Da-Rin, cineasta; Debatedores: Chris Paine, americano, diretor; Lu\u00edz Felipe Guanaes, coordenador do NIMA (N\u00facleo Interdisciplinar de Meio Ambiente da PUC-RJ); Jos\u00e9 Solla, diplomata, foi Secret\u00e1rio Nacional Adjunto da Rio+20 e organizador da mostra de cinema no MAM: \u201cRio+20: Sustentabilidade em 24 quadros\u201d; Anne-Marie Melster, alem\u00e3, co-fundadora e diretora da ArtPort making waves.<br><\/br>\n\nExibi\u00e7\u00e3o na Arena Carioca Chacrinha do filme <strong>Muito al\u00e9m do Peso<\/strong>, de Estela Renner (Brasil),\u00a0 seguido de debate com o produtor e co-autor Marcos Nisti. A atividade teve a participa\u00e7\u00e3o de alunos das escolas municipais do entorno da Arena.<br><\/br>\n\nExibi\u00e7\u00e3o na Nave do Conhecimento, no Pqe. Ecol\u00f3gico de Madureira, do filme <strong>Muito al\u00e9m do Peso<\/strong>, de Estela Renner (Brasil).<br><\/br>\n\nMaratona de Filmes: o espectador que mais filmes assistiu ganhou uma bicicleta dobr\u00e1vel.\t\t\t\t\t\t\t\t<\/div>\n\t\t\t\t<div class=\"elementor-element elementor-element-97003df elementor-widget elementor-widget-heading\" data-id=\"97003df\" data-element_type=\"widget\" data-widget_type=\"heading.default\">\n\t\t\t\t\t<h2 class=\"elementor-heading-title elementor-size-default\">Exibi\u00e7\u00e3o<\/h2>\t\t\t\t<\/div>\n\t\t\t\t<div class=\"elementor-element elementor-element-0609341 elementor-widget elementor-widget-text-editor\" data-id=\"0609341\" data-element_type=\"widget\" data-widget_type=\"text-editor.default\">\n\t\t\t\t\t\t\t\t\tEspa\u00e7o Ita\u00fa de Cinemas<br>\nInstituto Moreira Salles<br>\nCasa Soul<br>\nEspa\u00e7o Comuna<br>\nArena Chacrinha<br>\nNave do Conhecimento Madureira\t\t\t\t\t\t\t\t<\/div>\n\t\t\t\t<div class=\"elementor-element elementor-element-4bd3f5b elementor-widget elementor-widget-heading\" data-id=\"4bd3f5b\" data-element_type=\"widget\" data-widget_type=\"heading.default\">\n\t\t\t\t\t<h2 class=\"elementor-heading-title elementor-size-default\">Download do Cat\u00e1logo<\/h2>\t\t\t\t<\/div>\n\t\t\t\t<div class=\"elementor-element elementor-element-c74dc11 elementor-align-left elementor-widget-mobile__width-auto elementor-widget elementor-widget-button\" data-id=\"c74dc11\" data-element_type=\"widget\" data-widget_type=\"button.default\">\n\t\t\t\t\t\t\t\t\t\t<a class=\"elementor-button elementor-button-link elementor-size-sm elementor-animation-shrink\" href=\"http:\/\/filmambiente.com\/wp-content\/uploads\/2021\/07\/Catalogo_filmambiente_2013-web.pdf\" target=\"_blank\">\n\t\t\t\t\t\t<span class=\"elementor-button-content-wrapper\">\n\t\t\t\t\t\t\t\t\t<span class=\"elementor-button-text\">Download<\/span>\n\t\t\t\t\t<\/span>\n\t\t\t\t\t<\/a>\n\t\t\t\t\t\t\t\t<\/div>\n\t\t\t\t\t<\/div>\n\t\t<\/div>\n\t\t\t\t\t<\/div>\n\t\t<\/section>\n\t\t\t\t<section class=\"elementor-section elementor-top-section elementor-element elementor-element-4589a1a elementor-section-full_width elementor-section-stretched elementor-hidden-desktop elementor-hidden-tablet elementor-section-height-default elementor-section-height-default\" data-id=\"4589a1a\" data-element_type=\"section\" data-settings=\"{&quot;stretch_section&quot;:&quot;section-stretched&quot;,&quot;_ha_eqh_enable&quot;:false}\">\n\t\t\t\t\t\t<div class=\"elementor-container elementor-column-gap-default\">\n\t\t\t\t\t<div class=\"elementor-column elementor-col-100 elementor-top-column elementor-element elementor-element-0575ed2\" data-id=\"0575ed2\" data-element_type=\"column\">\n\t\t\t<div class=\"elementor-widget-wrap\">\n\t\t\t\t\t\t\t<\/div>\n\t\t<\/div>\n\t\t\t\t\t<\/div>\n\t\t<\/section>\n\t\t\t\t<section class=\"elementor-section elementor-top-section elementor-element elementor-element-74b6656 elementor-section-boxed elementor-section-height-default elementor-section-height-default\" data-id=\"74b6656\" data-element_type=\"section\" data-settings=\"{&quot;_ha_eqh_enable&quot;:false}\">\n\t\t\t\t\t\t<div class=\"elementor-container elementor-column-gap-default\">\n\t\t\t\t\t<div class=\"elementor-column elementor-col-100 elementor-top-column elementor-element elementor-element-7bf5f36\" data-id=\"7bf5f36\" data-element_type=\"column\" data-settings=\"{&quot;background_background&quot;:&quot;classic&quot;}\">\n\t\t\t<div class=\"elementor-widget-wrap elementor-element-populated\">\n\t\t\t\t\t\t<div class=\"elementor-element elementor-element-edb6679 elementor-widget elementor-widget-heading\" data-id=\"edb6679\" data-element_type=\"widget\" data-widget_type=\"heading.default\">\n\t\t\t\t\t<h2 class=\"elementor-heading-title elementor-size-default\">Patroc\u00ednio  e Apoio <\/h2>\t\t\t\t<\/div>\n\t\t\t\t<div class=\"elementor-element elementor-element-bd475a6 elementor-widget elementor-widget-image\" data-id=\"bd475a6\" data-element_type=\"widget\" data-widget_type=\"image.default\">\n\t\t\t\t\t\t\t\t\t\t\t\t\t\t\t<img fetchpriority=\"high\" decoding=\"async\" width=\"870\" height=\"687\" src=\"https:\/\/filmambiente.com\/wp-content\/uploads\/2021\/07\/2013.jpeg\" class=\"attachment-full size-full wp-image-11567\" alt=\"\" srcset=\"https:\/\/filmambiente.com\/wp-content\/uploads\/2021\/07\/2013.jpeg 870w, https:\/\/filmambiente.com\/wp-content\/uploads\/2021\/07\/2013-300x237.jpeg 300w, https:\/\/filmambiente.com\/wp-content\/uploads\/2021\/07\/2013-768x606.jpeg 768w, https:\/\/filmambiente.com\/wp-content\/uploads\/2021\/07\/2013-16x12.jpeg 16w\" sizes=\"(max-width: 870px) 100vw, 870px\" \/>\t\t\t\t\t\t\t\t\t\t\t\t\t\t\t<\/div>\n\t\t\t\t\t<\/div>\n\t\t<\/div>\n\t\t\t\t\t<\/div>\n\t\t<\/section>\n\t\t\t\t<\/div>\n\t\t","protected":false},"excerpt":{"rendered":"<p>Filmambiente 2013 | 30 Agosto &#8211; 5 Setembro | Rio de Janeiro Filmes Premiados PR\u00caMIO DO P\u00daBLICO foi para o filme Os Chef\u00f5es Piraram (Big Boys Gone Bananas, Fredrik Gertten | Canad\u00e1) com a vota\u00e7\u00e3o de 83,78% dos votos para \u00d3timo Filme. MELHOR LONGA-METRAGEM, Vila no Fim do Mundo (Village at the End of the [&hellip;]<\/p>\n","protected":false},"author":2,"featured_media":0,"parent":0,"menu_order":0,"comment_status":"closed","ping_status":"closed","template":"elementor_header_footer","meta":{"_acf_changed":false,"footnotes":""},"class_list":["post-11322","page","type-page","status-publish","hentry"],"acf":[],"_links":{"self":[{"href":"https:\/\/filmambiente.com\/br\/wp-json\/wp\/v2\/pages\/11322","targetHints":{"allow":["GET"]}}],"collection":[{"href":"https:\/\/filmambiente.com\/br\/wp-json\/wp\/v2\/pages"}],"about":[{"href":"https:\/\/filmambiente.com\/br\/wp-json\/wp\/v2\/types\/page"}],"author":[{"embeddable":true,"href":"https:\/\/filmambiente.com\/br\/wp-json\/wp\/v2\/users\/2"}],"replies":[{"embeddable":true,"href":"https:\/\/filmambiente.com\/br\/wp-json\/wp\/v2\/comments?post=11322"}],"version-history":[{"count":26,"href":"https:\/\/filmambiente.com\/br\/wp-json\/wp\/v2\/pages\/11322\/revisions"}],"predecessor-version":[{"id":17351,"href":"https:\/\/filmambiente.com\/br\/wp-json\/wp\/v2\/pages\/11322\/revisions\/17351"}],"wp:attachment":[{"href":"https:\/\/filmambiente.com\/br\/wp-json\/wp\/v2\/media?parent=11322"}],"curies":[{"name":"wp","href":"https:\/\/api.w.org\/{rel}","templated":true}]}}